{"id":28194,"date":"2022-11-30T10:09:07","date_gmt":"2022-11-30T10:09:07","guid":{"rendered":"http:\/\/www.sakababeauty.com\/?post_type=product&#038;p=28194"},"modified":"2022-11-30T10:09:22","modified_gmt":"2022-11-30T10:09:22","slug":"tommy-bahama-coffret-eau-de-cologne-spray","status":"publish","type":"product","link":"https:\/\/sakaba.mghosteur.com\/en\/product\/tommy-bahama-coffret-eau-de-cologne-spray\/","title":{"rendered":"TOMMY BAHAMA COFFRET EAU DE COLOGNE SPRAY"},"content":{"rendered":"","protected":false},"excerpt":{"rendered":"","protected":false},"featured_media":0,"comment_status":"closed","ping_status":"closed","template":"","meta":[],"product_brand":[],"product_cat":[375,283],"product_tag":[],"class_list":{"0":"post-28194","1":"product","2":"type-product","3":"status-publish","5":"product_cat-parfum-homme","6":"product_cat-aah-parfums","8":"first","9":"instock","10":"shipping-taxable","11":"product-type-simple"},"jetpack-related-posts":[{"id":28163,"url":"https:\/\/sakaba.mghosteur.com\/en\/product\/kenneth-cole-coffret-eau-de-toilette-spray\/","url_meta":{"origin":28194,"position":0},"title":"KENNETH COLE COFFRET EAU DE TOILETTE SPRAY","author":"admin","date":"November 30, 2022","format":false,"excerpt":"","rel":"","context":"Similar post","block_context":{"text":"Similar post","link":""},"img":{"alt_text":"","src":"","width":0,"height":0},"classes":[]},{"id":28393,"url":"https:\/\/sakaba.mghosteur.com\/en\/product\/vince-camuto-homme-coffret-eau-de-toilette-spray\/","url_meta":{"origin":28194,"position":1},"title":"VINCE CAMUTO HOMME COFFRET EAU DE TOILETTE SPRAY","author":"admin","date":"November 30, 2022","format":false,"excerpt":"","rel":"","context":"Similar post","block_context":{"text":"Similar post","link":""},"img":{"alt_text":"","src":"","width":0,"height":0},"classes":[]},{"id":28390,"url":"https:\/\/sakaba.mghosteur.com\/en\/product\/diesel-only-the-brave-coffret-eau-de-toilette-spray\/","url_meta":{"origin":28194,"position":2},"title":"DIESEL ONLY THE BRAVE COFFRET EAU DE TOILETTE SPRAY","author":"admin","date":"November 30, 2022","format":false,"excerpt":"","rel":"","context":"Similar post","block_context":{"text":"Similar post","link":""},"img":{"alt_text":"","src":"","width":0,"height":0},"classes":[]},{"id":28399,"url":"https:\/\/sakaba.mghosteur.com\/en\/product\/kenneth-cole-vintage-black-eau-de-toilette-spray\/","url_meta":{"origin":28194,"position":3},"title":"KENNETH COLE VINTAGE BLACK EAU DE TOILETTE SPRAY","author":"admin","date":"November 30, 2022","format":false,"excerpt":"","rel":"","context":"Similar post","block_context":{"text":"Similar post","link":""},"img":{"alt_text":"","src":"","width":0,"height":0},"classes":[]},{"id":25578,"url":"https:\/\/sakaba.mghosteur.com\/en\/product\/neutrogena-ultra-sheer-body-mist-sunscreen-spf-70\/","url_meta":{"origin":28194,"position":4},"title":"Neutrogena Ultra Sheer Body Mist Sunscreen SPF 70","author":"admin","date":"November 14, 2022","format":false,"excerpt":"Le Spray Solaire L\u00e9ger Neutrogena Ultra Sheer, SPF 70 est un \u00e9cran solaire haute protection con\u00e7u pour vous prot\u00e9ger efficacement des rayons UVA\/UVB. Sa formule non grasse, l\u00e9g\u00e8re et facile \u00e0 appliquer laisse un fini transparent et ultral\u00e9ger. Gr\u00e2ce \u00e0 la technologie HELIOPLEX\u00ae, ce spray solaire offre une protection solaire\u2026","rel":"","context":"Similar post","block_context":{"text":"Similar post","link":""},"img":{"alt_text":"","src":"","width":0,"height":0},"classes":[]},{"id":31719,"url":"https:\/\/sakaba.mghosteur.com\/en\/product\/byoma-coffret-hydrating-trio\/","url_meta":{"origin":28194,"position":5},"title":"BYOMA COFFRET HYDRATING TRIO","author":"admin","date":"May 10, 2024","format":false,"excerpt":"MINI NETTOYANT, MINI GEL CR\u00c8ME ET MINI S\u00c9RUM HYDRATANT 30 ML, 15 ML ET 15 ML D\u00e9couvrez ce trio d\u2019essentiels hydratants, approuv\u00e9s par les dermatologues pour chaque visage, chaque jour. Avec le COMPLEXE TRI-CERAMIDE (c\u00e9ramides, cholest\u00e9rol, acides gras), ce coffret offre les \u00e9l\u00e9ments constitutifs d'une routine de soin ultime, donnant\u2026","rel":"","context":"Similar post","block_context":{"text":"Similar post","link":""},"img":{"alt_text":"","src":"","width":0,"height":0},"classes":[]}],"_links":{"self":[{"href":"https:\/\/sakaba.mghosteur.com\/en\/wp-json\/wp\/v2\/product\/28194","targetHints":{"allow":["GET"]}}],"collection":[{"href":"https:\/\/sakaba.mghosteur.com\/en\/wp-json\/wp\/v2\/product"}],"about":[{"href":"https:\/\/sakaba.mghosteur.com\/en\/wp-json\/wp\/v2\/types\/product"}],"replies":[{"embeddable":true,"href":"https:\/\/sakaba.mghosteur.com\/en\/wp-json\/wp\/v2\/comments?post=28194"}],"version-history":[{"count":0,"href":"https:\/\/sakaba.mghosteur.com\/en\/wp-json\/wp\/v2\/product\/28194\/revisions"}],"wp:attachment":[{"href":"https:\/\/sakaba.mghosteur.com\/en\/wp-json\/wp\/v2\/media?parent=28194"}],"wp:term":[{"taxonomy":"product_brand","embeddable":true,"href":"https:\/\/sakaba.mghosteur.com\/en\/wp-json\/wp\/v2\/product_brand?post=28194"},{"taxonomy":"product_cat","embeddable":true,"href":"https:\/\/sakaba.mghosteur.com\/en\/wp-json\/wp\/v2\/product_cat?post=28194"},{"taxonomy":"product_tag","embeddable":true,"href":"https:\/\/sakaba.mghosteur.com\/en\/wp-json\/wp\/v2\/product_tag?post=28194"}],"curies":[{"name":"wp","href":"https:\/\/api.w.org\/{rel}","templated":true}]}}