{"id":28239,"date":"2022-11-30T10:18:49","date_gmt":"2022-11-30T10:18:49","guid":{"rendered":"http:\/\/www.sakababeauty.com\/?post_type=product&#038;p=28239"},"modified":"2024-08-15T01:26:51","modified_gmt":"2024-08-15T01:26:51","slug":"the-ordinary-100-niacinamide-poudre","status":"publish","type":"product","link":"https:\/\/sakaba.mghosteur.com\/en\/product\/the-ordinary-100-niacinamide-poudre\/","title":{"rendered":"THE ORDINARY 100% NIACINAMIDE POUDRE"},"content":{"rendered":"<p>La poudre de Niacinamide \u00e0 100 % de la marque The Ordinary est une solution personnalisable pour une peau plus lumineuse et \u00e9clatante. Compos\u00e9e enti\u00e8rement de vitamine B3, cette poudre ultra-fine aide \u00e0 lisser les irr\u00e9gularit\u00e9s de texture, \u00e0 matifier la peau et \u00e0 minimiser les s\u00e9bums.<\/p>\n<p>Vous pouvez facilement personnaliser votre routine de soins de la peau en m\u00e9langeant cette poudre avec d&#8217;autres produits \u00e0 base d&#8217;eau. La poudre se dissout facilement dans les produits \u00e0 base d&#8217;eau, tels que les s\u00e9rums et les cr\u00e8mes, pour un traitement personnalis\u00e9.<\/p>\n<p>Le guide de m\u00e9lange vous indique comment utiliser la poudre de Niacinamide \u00e0 100 % avec les produits The Ordinary. Vous pouvez m\u00e9langer cette poudre avec n&#8217;importe quel traitement \u00e0 base d&#8217;eau non conflictuel, \u00e0 condition que le pH de la base soit compris entre 5,0 et 7,0.<\/p>\n<p>Pour une utilisation optimale, il est recommand\u00e9 de m\u00e9langer un quart de cuill\u00e8re de la poudre avec un soin \u00e0 base d&#8217;eau dans le creux de la main et d&#8217;appliquer sur le visage matin et\/ou soir. \u00c9vitez tout contact avec les yeux et rincez abondamment \u00e0 l&#8217;eau en cas de contact. Lavez-vous les mains apr\u00e8s manipulation et ne m\u00e9langez pas avec des formulations ayant un pH de 5 ou moins.<\/p>\n<p>Il est \u00e9galement recommand\u00e9 de tester les patchs avant utilisation et de cesser l&#8217;utilisation en cas d&#8217;irritation. Ce produit est \u00e0 utiliser uniquement selon les instructions sur une peau intacte et doit \u00eatre tenu hors de port\u00e9e des enfants.<\/p>","protected":false},"excerpt":{"rendered":"<p>La poudre de Niacinamide \u00e0 100 % de la marque The Ordinary est une solution personnalisable pour une peau plus lumineuse et \u00e9clatante. Compos\u00e9e enti\u00e8rement de vitamine B3, cette poudre ultra-fine aide \u00e0 lisser les irr\u00e9gularit\u00e9s de texture, \u00e0 matifier la peau et \u00e0 minimiser les s\u00e9bums. Vous pouvez facilement personnaliser votre routine de soins<span class=\"read-more-faq\"><a href=\"https:\/\/sakaba.mghosteur.com\/en\/product\/the-ordinary-100-niacinamide-poudre\/\">Read More<\/a><\/span><\/p>","protected":false},"featured_media":0,"comment_status":"closed","ping_status":"closed","template":"","meta":[],"product_brand":[],"product_cat":[384,451,334],"product_tag":[],"class_list":{"0":"post-28239","1":"product","2":"type-product","3":"status-publish","5":"product_cat-peaux-grasses","6":"product_cat-aab-soin-du-visage","7":"product_cat-traitement-serum","9":"first","10":"instock","11":"shipping-taxable","12":"product-type-simple"},"jetpack-related-posts":[{"id":27502,"url":"https:\/\/sakaba.mghosteur.com\/en\/product\/the-ordinary-vitamin-c-suspension-23-ha-spheres-2\/","url_meta":{"origin":28239,"position":0},"title":"The Ordinary VITAMIN C SUSPENSION 23% +HA SPHERES 2%","author":"admin","date":"November 29, 2022","format":false,"excerpt":"La Suspension Vitamine C 23% + Sph\u00e8res HA 2% de la marque The Ordinary est une formule efficace qui utilise directement de la vitamine C et de l'acide hyaluronique pour aider \u00e0 r\u00e9duire visiblement les signes du vieillissement en \u00e9claircissant et en \u00e9quilibrant le teint irr\u00e9gulier. Cette formule sans eau\u2026","rel":"","context":"Similar post","block_context":{"text":"Similar post","link":""},"img":{"alt_text":"","src":"","width":0,"height":0},"classes":[]},{"id":29997,"url":"https:\/\/sakaba.mghosteur.com\/en\/product\/neocell-super-collagen-type-1-3-powder\/","url_meta":{"origin":28239,"position":1},"title":"NeoCell Super Collagen Type 1 &amp; 3 Powder","author":"admin","date":"May 1, 2023","format":false,"excerpt":"D\u00e9couvrez notre Poudre de Peptides de Super Collag\u00e8ne NeoCell, pr\u00e9f\u00e9r\u00e9e de nos clients pour son efficacit\u00e9 \u00e0 faire ressortir votre \u00e9clat int\u00e9rieur. Avec 10 grammes de collag\u00e8ne de types 1 et 3 facilement absorb\u00e9 et hydrolys\u00e9, notre poudre favorise une peau, des cheveux et des ongles sains et radieux. Notre\u2026","rel":"","context":"Similar post","block_context":{"text":"Similar post","link":""},"img":{"alt_text":"","src":"","width":0,"height":0},"classes":[]},{"id":27484,"url":"https:\/\/sakaba.mghosteur.com\/en\/product\/the-ordinary-niacinamide-10-zinc-1\/","url_meta":{"origin":28239,"position":2},"title":"The Ordinary NIACINAMIDE 10% +ZINC 1%","author":"admin","date":"November 29, 2022","format":false,"excerpt":"Si vous cherchez un moyen efficace pour am\u00e9liorer l'\u00e9clat et la douceur de votre peau, alors le s\u00e9rum Niacinamide 10% + Zinc 1% de The Ordinary est le produit parfait pour vous. Cette formule \u00e0 base d'eau contient une concentration \u00e9lev\u00e9e de 10 % de niacinamide (vitamine b3) et de\u2026","rel":"","context":"Similar post","block_context":{"text":"Similar post","link":""},"img":{"alt_text":"","src":"","width":0,"height":0},"classes":[]},{"id":28981,"url":"https:\/\/sakaba.mghosteur.com\/en\/product\/the-ordinary-multi-peptide-eye-serum\/","url_meta":{"origin":28239,"position":3},"title":"THE ORDINARY Multi-Peptide Eye Serum","author":"admin","date":"March 8, 2023","format":false,"excerpt":"Le S\u00e9rum Yeux Multi-Peptides de la marque The Ordinary est une solution pour lutter contre les signes de vieillissement autour des yeux, gr\u00e2ce \u00e0 une formule \u00e0 base d'eau contenant plusieurs technologies peptidiques, de la niacinamide et de l'extrait d'\u00e9corce de fraxinus excelsior. Ce s\u00e9rum offre des r\u00e9sultats cliniques incroyables\u2026","rel":"","context":"Similar post","block_context":{"text":"Similar post","link":""},"img":{"alt_text":"","src":"","width":0,"height":0},"classes":[]},{"id":27471,"url":"https:\/\/sakaba.mghosteur.com\/en\/product\/the-ordinary-amino-acids-b5\/","url_meta":{"origin":28239,"position":4},"title":"The Ordinary Amino Acids + B5","author":"admin","date":"November 29, 2022","format":false,"excerpt":"Le s\u00e9rum Amino Acids + B5 de la marque The Ordinary est un produit ultra-fin qui aide votre peau \u00e0 maintenir sa barri\u00e8re d'hydratation naturelle. La formule de ce s\u00e9rum \u00e0 base d'eau contient une solution concentr\u00e9e \u00e0 17% (en poids) d'acides amin\u00e9s et de d\u00e9riv\u00e9s d'acides amin\u00e9s qui imitent\u2026","rel":"","context":"Similar post","block_context":{"text":"Similar post","link":""},"img":{"alt_text":"","src":"","width":0,"height":0},"classes":[]},{"id":27327,"url":"https:\/\/sakaba.mghosteur.com\/en\/product\/good-molecules-pineapple-exfoliating-powder\/","url_meta":{"origin":28239,"position":5},"title":"GOOD MOLECULES PINEAPPLE EXFOLIATING POWDER","author":"admin","date":"November 29, 2022","format":false,"excerpt":"La poudre exfoliante ananas de la marque Good Molecules est une solution douce et efficace pour exfolier votre peau. Formul\u00e9e avec des enzymes de fruits, de la vitamine C et de la poudre de riz, elle \u00e9claircit, adoucit et exfolie en douceur votre peau pour r\u00e9v\u00e9ler une peau plus lumineuse\u2026","rel":"","context":"Similar post","block_context":{"text":"Similar post","link":""},"img":{"alt_text":"","src":"","width":0,"height":0},"classes":[]}],"_links":{"self":[{"href":"https:\/\/sakaba.mghosteur.com\/en\/wp-json\/wp\/v2\/product\/28239","targetHints":{"allow":["GET"]}}],"collection":[{"href":"https:\/\/sakaba.mghosteur.com\/en\/wp-json\/wp\/v2\/product"}],"about":[{"href":"https:\/\/sakaba.mghosteur.com\/en\/wp-json\/wp\/v2\/types\/product"}],"replies":[{"embeddable":true,"href":"https:\/\/sakaba.mghosteur.com\/en\/wp-json\/wp\/v2\/comments?post=28239"}],"version-history":[{"count":0,"href":"https:\/\/sakaba.mghosteur.com\/en\/wp-json\/wp\/v2\/product\/28239\/revisions"}],"wp:attachment":[{"href":"https:\/\/sakaba.mghosteur.com\/en\/wp-json\/wp\/v2\/media?parent=28239"}],"wp:term":[{"taxonomy":"product_brand","embeddable":true,"href":"https:\/\/sakaba.mghosteur.com\/en\/wp-json\/wp\/v2\/product_brand?post=28239"},{"taxonomy":"product_cat","embeddable":true,"href":"https:\/\/sakaba.mghosteur.com\/en\/wp-json\/wp\/v2\/product_cat?post=28239"},{"taxonomy":"product_tag","embeddable":true,"href":"https:\/\/sakaba.mghosteur.com\/en\/wp-json\/wp\/v2\/product_tag?post=28239"}],"curies":[{"name":"wp","href":"https:\/\/api.w.org\/{rel}","templated":true}]}}