{"id":28241,"date":"2022-11-30T10:20:11","date_gmt":"2022-11-30T10:20:11","guid":{"rendered":"http:\/\/www.sakababeauty.com\/?post_type=product&#038;p=28241"},"modified":"2024-08-15T01:30:59","modified_gmt":"2024-08-15T01:30:59","slug":"the-ordinary-ascorbic-acid-8-alpha-arbutin-2","status":"publish","type":"product","link":"https:\/\/sakaba.mghosteur.com\/en\/product\/the-ordinary-ascorbic-acid-8-alpha-arbutin-2\/","title":{"rendered":"THE ORDINARY ASCORBIC ACID 8% ALPHA ARBUTIN 2%"},"content":{"rendered":"<p>Le s\u00e9rum Acide Ascorbique 8% + Alpha Arbutine 2% de la marque The Ordinary est un produit hautement efficace pour am\u00e9liorer la pigmentation et l&#8217;\u00e9clat de votre peau. Sa formule unique et sans eau combine deux agents \u00e9claircissants puissants : la vitamine C directe \u00e0 8% et l&#8217;alpha arbutine \u00e0 2%. Cette combinaison aide \u00e0 \u00e9quilibrer le teint irr\u00e9gulier et \u00e0 prot\u00e9ger votre peau contre les dommages environnementaux, gr\u00e2ce \u00e0 ses propri\u00e9t\u00e9s antioxydantes avanc\u00e9es.<\/p>\n<p>Cette formule est hautement stable et ne contient pas d&#8217;huile, bien qu&#8217;elle puisse sembler l\u00e9g\u00e8rement huileuse pendant quelques secondes apr\u00e8s l&#8217;application. Pour l&#8217;utiliser, il vous suffit d&#8217;appliquer quelques gouttes du produit sur votre visage matin et soir, en \u00e9vitant le contour des yeux et le contact avec les yeux. Nous vous recommandons \u00e9galement d&#8217;utiliser une protection solaire pendant la journ\u00e9e pour une protection suppl\u00e9mentaire contre les dommages environnementaux.<\/p>\n<p>Si vous ressentez une irritation lors de l&#8217;utilisation du produit, veuillez rincer imm\u00e9diatement votre visage et cesser son utilisation. Nous vous conseillons \u00e9galement de tester le produit sur une petite zone de votre peau avant de l&#8217;utiliser sur l&#8217;ensemble de votre visage. Veuillez \u00e9galement garder le produit hors de port\u00e9e des enfants.<\/p>\n<p>Offrez \u00e0 votre peau un traitement de qualit\u00e9 professionnelle avec le s\u00e9rum Acide Ascorbique 8% + Alpha Arbutine 2% de The Ordinary. Commandez d\u00e8s maintenant et d\u00e9couvrez une peau plus lumineuse et plus \u00e9clatante en un rien de temps !<\/p>","protected":false},"excerpt":{"rendered":"<p>Le s\u00e9rum Acide Ascorbique 8% + Alpha Arbutine 2% de la marque The Ordinary est un produit hautement efficace pour am\u00e9liorer la pigmentation et l&#8217;\u00e9clat de votre peau. Sa formule unique et sans eau combine deux agents \u00e9claircissants puissants : la vitamine C directe \u00e0 8% et l&#8217;alpha arbutine \u00e0 2%. Cette combinaison aide \u00e0<span class=\"read-more-faq\"><a href=\"https:\/\/sakaba.mghosteur.com\/en\/product\/the-ordinary-ascorbic-acid-8-alpha-arbutin-2\/\">Read More<\/a><\/span><\/p>","protected":false},"featured_media":0,"comment_status":"closed","ping_status":"closed","template":"","meta":[],"product_brand":[],"product_cat":[293,291,451,334],"product_tag":[],"class_list":{"0":"post-28241","1":"product","2":"type-product","3":"status-publish","5":"product_cat-anti-taches","6":"product_cat-eclaircissant","7":"product_cat-aab-soin-du-visage","8":"product_cat-traitement-serum","10":"first","11":"instock","12":"shipping-taxable","13":"product-type-simple"},"jetpack-related-posts":[{"id":28919,"url":"https:\/\/sakaba.mghosteur.com\/en\/product\/the-ordinary-alpha-arbutin-2-ha\/","url_meta":{"origin":28241,"position":0},"title":"THE ORDINARY ALPHA ARBUTIN 2% + HA","author":"admin","date":"March 8, 2023","format":false,"excerpt":"Le s\u00e9rum Alpha Arbutine 2% + HA de The Ordinary est un produit de soin de la peau \u00e0 base d'eau, con\u00e7u pour am\u00e9liorer visiblement la pigmentation et cibler les probl\u00e8mes de teint irr\u00e9gulier. Ce produit contient une concentration \u00e9lev\u00e9e d'alpha arbutine purifi\u00e9e, un ingr\u00e9dient \u00e9claircissant bien connu, qui agit\u2026","rel":"","context":"Similar post","block_context":{"text":"Similar post","link":""},"img":{"alt_text":"","src":"","width":0,"height":0},"classes":[]},{"id":27402,"url":"https:\/\/sakaba.mghosteur.com\/en\/product\/the-inkey-list-alpha-arbutin-2\/","url_meta":{"origin":28241,"position":1},"title":"THE INKEY LIST ALPHA ARBUTIN","author":"admin","date":"November 29, 2022","format":false,"excerpt":"Le s\u00e9rum Alpha Arbutine de la marque The Inkey List est un v\u00e9ritable concentr\u00e9 d'efficacit\u00e9 pour retrouver une peau \u00e9clatante et un teint uniforme. Avec sa formule concentr\u00e9e \u00e0 2% d'alpha arbutine, ce s\u00e9rum est sp\u00e9cialement con\u00e7u pour r\u00e9duire l'apparence de l'hyperpigmentation et des taches brunes sur la peau. Gr\u00e2ce\u2026","rel":"","context":"Similar post","block_context":{"text":"Similar post","link":""},"img":{"alt_text":"","src":"","width":0,"height":0},"classes":[]},{"id":27477,"url":"https:\/\/sakaba.mghosteur.com\/en\/product\/the-ordinary-mandelic-acid-10-ha\/","url_meta":{"origin":28241,"position":2},"title":"The Ordinary MANDELIC ACID 10% +HA","author":"admin","date":"November 29, 2022","format":false,"excerpt":"Le s\u00e9rum Acide Mand\u00e9lique 10% + HA de la marque The Ordinary est un produit de soin de la peau tr\u00e8s efficace pour am\u00e9liorer la clart\u00e9 et l'\u00e9clat de votre teint. Ce s\u00e9rum contient un acide alpha-hydroxy de poids mol\u00e9culaire \u00e9lev\u00e9 qui aide \u00e0 \u00e9quilibrer le teint et \u00e0 corriger\u2026","rel":"","context":"Similar post","block_context":{"text":"Similar post","link":""},"img":{"alt_text":"","src":"","width":0,"height":0},"classes":[]},{"id":56158,"url":"https:\/\/sakaba.mghosteur.com\/en\/product\/cosrx-the-alpha-arbutin-2-discoloration-care-serum\/","url_meta":{"origin":28241,"position":3},"title":"COSRX The Alpha Arbutin 2 Discoloration Care Serum","author":"Sope DIA","date":"January 2, 2026","format":false,"excerpt":"Le\u00a0COSRX The Alpha-Arbutin 2% Discoloration Care Serum\u00a0est votre nouveau secret pour une peau lisse et \u00e9clatante ! Ce s\u00e9rum puissant est enrichi de 2 % d'alpha-arbutine, un ingr\u00e9dient \u00e9prouv\u00e9 qui aide \u00e0 r\u00e9duire les taches pigmentaires et les d\u00e9colorations cutan\u00e9es. Il agit efficacement pour att\u00e9nuer les taches brunes, uniformiser le\u2026","rel":"","context":"Similar post","block_context":{"text":"Similar post","link":""},"img":{"alt_text":"","src":"","width":0,"height":0},"classes":[]},{"id":31367,"url":"https:\/\/sakaba.mghosteur.com\/en\/product\/beauty-of-joseon-glow-deep-serum-rice-alpha-arbutin\/","url_meta":{"origin":28241,"position":4},"title":"BEAUTY OF JOSEON GLOW DEEP SERUM RICE + ALPHA ARBUTIN","author":"admin","date":"May 10, 2024","format":false,"excerpt":"Glow Deep Serum : Rice + Alpha-Arbutin Description : Le S\u00e9rum Glow Deep : Rice + Alpha-Arbutin est sp\u00e9cialement formul\u00e9 pour les personnes souffrant de probl\u00e8mes de pigmentation et de teint irr\u00e9gulier. Enrichi avec 68 % d'eau de son de riz et 2 % d'alpha-arbutine, ce s\u00e9rum agit efficacement pour\u2026","rel":"","context":"Similar post","block_context":{"text":"Similar post","link":""},"img":{"alt_text":"","src":"","width":0,"height":0},"classes":[]},{"id":27447,"url":"https:\/\/sakaba.mghosteur.com\/en\/product\/the-ordinary-lactic-acid-10-ha\/","url_meta":{"origin":28241,"position":5},"title":"The Ordinary Lactic Acid 10% + HA","author":"admin","date":"November 29, 2022","format":false,"excerpt":"Le s\u00e9rum The Ordinary Lactic Acid 10% + HA est un produit de soin de la peau de qualit\u00e9 sup\u00e9rieure qui offre une exfoliation cibl\u00e9e \u00e0 la surface de la peau. Ce produit contient de l'acide lactique, un alpha-hydroxyacide qui est soutenu par de l'extrait purifi\u00e9 de poivre de Tasmanie\u2026","rel":"","context":"Similar post","block_context":{"text":"Similar post","link":""},"img":{"alt_text":"","src":"","width":0,"height":0},"classes":[]}],"_links":{"self":[{"href":"https:\/\/sakaba.mghosteur.com\/en\/wp-json\/wp\/v2\/product\/28241","targetHints":{"allow":["GET"]}}],"collection":[{"href":"https:\/\/sakaba.mghosteur.com\/en\/wp-json\/wp\/v2\/product"}],"about":[{"href":"https:\/\/sakaba.mghosteur.com\/en\/wp-json\/wp\/v2\/types\/product"}],"replies":[{"embeddable":true,"href":"https:\/\/sakaba.mghosteur.com\/en\/wp-json\/wp\/v2\/comments?post=28241"}],"version-history":[{"count":0,"href":"https:\/\/sakaba.mghosteur.com\/en\/wp-json\/wp\/v2\/product\/28241\/revisions"}],"wp:attachment":[{"href":"https:\/\/sakaba.mghosteur.com\/en\/wp-json\/wp\/v2\/media?parent=28241"}],"wp:term":[{"taxonomy":"product_brand","embeddable":true,"href":"https:\/\/sakaba.mghosteur.com\/en\/wp-json\/wp\/v2\/product_brand?post=28241"},{"taxonomy":"product_cat","embeddable":true,"href":"https:\/\/sakaba.mghosteur.com\/en\/wp-json\/wp\/v2\/product_cat?post=28241"},{"taxonomy":"product_tag","embeddable":true,"href":"https:\/\/sakaba.mghosteur.com\/en\/wp-json\/wp\/v2\/product_tag?post=28241"}],"curies":[{"name":"wp","href":"https:\/\/api.w.org\/{rel}","templated":true}]}}