{"id":28274,"date":"2022-11-30T10:51:26","date_gmt":"2022-11-30T10:51:26","guid":{"rendered":"http:\/\/www.sakababeauty.com\/?post_type=product&#038;p=28274"},"modified":"2024-08-14T00:48:38","modified_gmt":"2024-08-14T00:48:38","slug":"aveeno-baby-lotion-532ml-gm","status":"publish","type":"product","link":"https:\/\/sakaba.mghosteur.com\/en\/product\/aveeno-baby-lotion-532ml-gm\/","title":{"rendered":"AVEENO baby lotion 532ML"},"content":{"rendered":"<ul class=\"a-unordered-list a-vertical a-spacing-mini\">\n<li class=\"a-spacing-mini\"><span class=\"a-list-item\">Un flacon de 532 ml de lotion hydratante quotidienne apaisante et nourrissante Aveeno Baby<\/span><\/li>\n<li class=\"a-spacing-mini\"><span class=\"a-list-item\">La lotion nourrissante pour b\u00e9b\u00e9 est cliniquement prouv\u00e9e pour hydrater et prot\u00e9ger la peau de b\u00e9b\u00e9 pendant 24 heures<\/span><\/li>\n<li class=\"a-spacing-mini\"><span class=\"a-list-item\">L&#8217;hydratant \u00e0 l&#8217;avoine collo\u00efdale aide \u00e0 gu\u00e9rir et \u00e0 prot\u00e9ger la peau s\u00e8che, rugueuse, irrit\u00e9e et craquel\u00e9e<\/span><\/li>\n<li class=\"a-spacing-mini\"><span class=\"a-list-item\">Formule non grasse qui p\u00e9n\u00e8tre rapidement pour aider \u00e0 maintenir la barri\u00e8re d&#8217;hydratation naturelle de la peau<\/span><\/li>\n<li class=\"a-spacing-mini\"><span class=\"a-list-item\">Hypoallerg\u00e9nique, pH \u00e9quilibr\u00e9 et non parfum\u00e9, doux pour un usage quotidien sur la peau de b\u00e9b\u00e9. Contient de la farine de noyau d&#8217;avoine apaisante, de la dim\u00e9thicone et de la glyc\u00e9rine revitalisantes pour la peau<\/span><\/li>\n<li class=\"a-spacing-mini\"><span class=\"a-list-item\">100 % sans st\u00e9ro\u00efdes, parfums, ph\u00e9noxy\u00e9thanol, parab\u00e8nes, phtalates et colorants<\/span><\/li>\n<\/ul>","protected":false},"excerpt":{"rendered":"<p>Un flacon de 532 ml de lotion hydratante quotidienne apaisante et nourrissante Aveeno Baby La lotion nourrissante pour b\u00e9b\u00e9 est cliniquement prouv\u00e9e pour hydrater et prot\u00e9ger la peau de b\u00e9b\u00e9 pendant 24 heures L&#8217;hydratant \u00e0 l&#8217;avoine collo\u00efdale aide \u00e0 gu\u00e9rir et \u00e0 prot\u00e9ger la peau s\u00e8che, rugueuse, irrit\u00e9e et craquel\u00e9e Formule non grasse qui p\u00e9n\u00e8tre<span class=\"read-more-faq\"><a href=\"https:\/\/sakaba.mghosteur.com\/en\/product\/aveeno-baby-lotion-532ml-gm\/\">Read More<\/a><\/span><\/p>","protected":false},"featured_media":0,"comment_status":"closed","ping_status":"closed","template":"","meta":[],"product_brand":[],"product_cat":[374,287],"product_tag":[],"class_list":{"0":"post-28274","1":"product","2":"type-product","3":"status-publish","5":"product_cat-corps-enfant","6":"product_cat-aag-bebe-enfant","8":"first","9":"instock","10":"shipping-taxable","11":"product-type-simple"},"jetpack-related-posts":[{"id":33510,"url":"https:\/\/sakaba.mghosteur.com\/en\/product\/aveeno-baby-lotion-532ml-gm-2\/","url_meta":{"origin":28274,"position":0},"title":"AVEENO baby lotion 532ML","author":"admin","date":"May 22, 2024","format":false,"excerpt":"La lotion nourrissante pour b\u00e9b\u00e9 est cliniquement prouv\u00e9e pour hydrater et prot\u00e9ger la peau de b\u00e9b\u00e9 pendant 24 heures L'hydratant \u00e0 l'avoine collo\u00efdale aide \u00e0 gu\u00e9rir et \u00e0 prot\u00e9ger la peau s\u00e8che, rugueuse, irrit\u00e9e et craquel\u00e9e Formule non grasse qui p\u00e9n\u00e8tre rapidement pour aider \u00e0 maintenir la barri\u00e8re d'hydratation naturelle\u2026","rel":"","context":"Similar post","block_context":{"text":"Similar post","link":""},"img":{"alt_text":"","src":"","width":0,"height":0},"classes":[]},{"id":33507,"url":"https:\/\/sakaba.mghosteur.com\/en\/product\/aveeno-baby-eczema-therapy-nighttime-balm\/","url_meta":{"origin":28274,"position":1},"title":"Aveeno Baby Eczema Therapy NIGHTTIME BALM","author":"admin","date":"May 22, 2024","format":false,"excerpt":"Le baume de nuit Aveeno Baby Eczema Therapy aide \u00e0 apaiser la peau s\u00e8che et qui d\u00e9mange de votre tout-petit pour un soulagement efficace de l'ecz\u00e9ma du b\u00e9b\u00e9 et une hydratation longue dur\u00e9e pendant la nuit. Suffisamment doux pour une utilisation quotidienne sur la peau sensible des b\u00e9b\u00e9s, ce baume\u2026","rel":"","context":"Similar post","block_context":{"text":"Similar post","link":""},"img":{"alt_text":"","src":"","width":0,"height":0},"classes":[]},{"id":28103,"url":"https:\/\/sakaba.mghosteur.com\/en\/product\/cerave-baby-moisturizing-lotion\/","url_meta":{"origin":28274,"position":2},"title":"CERAVE BABY MOISTURIZING LOTION","author":"admin","date":"November 30, 2022","format":false,"excerpt":"La lotion hydratante pour b\u00e9b\u00e9 de la marque CeraVe est un choix id\u00e9al pour les parents \u00e0 la recherche d'une formule douce et efficace pour hydrater la peau de leur b\u00e9b\u00e9 tout en prot\u00e9geant sa barri\u00e8re cutan\u00e9e d\u00e9licate. D\u00e9velopp\u00e9e avec des dermatologues p\u00e9diatriques, cette lotion pour b\u00e9b\u00e9 est exempte de\u2026","rel":"","context":"Similar post","block_context":{"text":"Similar post","link":""},"img":{"alt_text":"","src":"","width":0,"height":0},"classes":[]},{"id":31906,"url":"https:\/\/sakaba.mghosteur.com\/en\/product\/aveeno-baby-wash-shampoo-532-ml\/","url_meta":{"origin":28274,"position":3},"title":"AVEENO BABY WASH &amp; SHAMPOO 532 ML","author":"admin","date":"May 10, 2024","format":false,"excerpt":"Flacon de 18 onces liquides de nettoyant doux Aveeno Baby Daily Moisture 2-en-1 pour le bain et le shampooing capillaire avec extrait d'avoine naturel pour nettoyer les cheveux et la peau d\u00e9licats de b\u00e9b\u00e9 La formule riche et moussante du nettoyant pour le corps et du shampoing pour b\u00e9b\u00e9 contient\u2026","rel":"","context":"Similar post","block_context":{"text":"Similar post","link":""},"img":{"alt_text":"","src":"","width":0,"height":0},"classes":[]},{"id":33516,"url":"https:\/\/sakaba.mghosteur.com\/en\/product\/aveeno-daily-moisturizing-body-lotion-for-dry-skin-18oz\/","url_meta":{"origin":28274,"position":4},"title":"Aveeno Daily Moisturizing Body Lotion For Dry Skin, 18oz.","author":"admin","date":"May 22, 2024","format":false,"excerpt":"Nourrissez intens\u00e9ment la peau s\u00e8che avec une formule \u00e0 base d'avoine pr\u00e9biotique. La lotion quotidienne douce nourrit et aide \u00e0 reconstituer la barri\u00e8re d'hydratation naturelle de la peau et offre une hydratation cliniquement prouv\u00e9e qui dure 24 heures. Hydratation 24 heures cliniquement prouv\u00e9e La lotion quotidienne nourrit la peau s\u00e8che\u2026","rel":"","context":"Similar post","block_context":{"text":"Similar post","link":""},"img":{"alt_text":"","src":"","width":0,"height":0},"classes":[]},{"id":24031,"url":"https:\/\/sakaba.mghosteur.com\/en\/product\/aveeno-daily-moisturizing-lotion-nourishes-dry-skin-12-oz\/","url_meta":{"origin":28274,"position":5},"title":"Aveeno Daily Moisturizing Lotion Nourishes Dry Skin 12 oz","author":"admin","date":"November 9, 2022","format":false,"excerpt":"Nourrissez intens\u00e9ment la peau s\u00e8che avec une formule \u00e0 base d'avoine pr\u00e9biotique. La lotion quotidienne douce nourrit et aide \u00e0 reconstituer la barri\u00e8re d'hydratation naturelle de la peau et offre une hydratation cliniquement prouv\u00e9e qui dure 24 heures. Hydratation 24 heures cliniquement prouv\u00e9e La lotion quotidienne nourrit la peau s\u00e8che\u2026","rel":"","context":"Similar post","block_context":{"text":"Similar post","link":""},"img":{"alt_text":"","src":"","width":0,"height":0},"classes":[]}],"_links":{"self":[{"href":"https:\/\/sakaba.mghosteur.com\/en\/wp-json\/wp\/v2\/product\/28274","targetHints":{"allow":["GET"]}}],"collection":[{"href":"https:\/\/sakaba.mghosteur.com\/en\/wp-json\/wp\/v2\/product"}],"about":[{"href":"https:\/\/sakaba.mghosteur.com\/en\/wp-json\/wp\/v2\/types\/product"}],"replies":[{"embeddable":true,"href":"https:\/\/sakaba.mghosteur.com\/en\/wp-json\/wp\/v2\/comments?post=28274"}],"version-history":[{"count":0,"href":"https:\/\/sakaba.mghosteur.com\/en\/wp-json\/wp\/v2\/product\/28274\/revisions"}],"wp:attachment":[{"href":"https:\/\/sakaba.mghosteur.com\/en\/wp-json\/wp\/v2\/media?parent=28274"}],"wp:term":[{"taxonomy":"product_brand","embeddable":true,"href":"https:\/\/sakaba.mghosteur.com\/en\/wp-json\/wp\/v2\/product_brand?post=28274"},{"taxonomy":"product_cat","embeddable":true,"href":"https:\/\/sakaba.mghosteur.com\/en\/wp-json\/wp\/v2\/product_cat?post=28274"},{"taxonomy":"product_tag","embeddable":true,"href":"https:\/\/sakaba.mghosteur.com\/en\/wp-json\/wp\/v2\/product_tag?post=28274"}],"curies":[{"name":"wp","href":"https:\/\/api.w.org\/{rel}","templated":true}]}}