{"id":28278,"date":"2022-11-30T10:54:35","date_gmt":"2022-11-30T10:54:35","guid":{"rendered":"http:\/\/www.sakababeauty.com\/?post_type=product&#038;p=28278"},"modified":"2022-11-30T10:54:36","modified_gmt":"2022-11-30T10:54:36","slug":"sheamoisture-baby-healing-lotion","status":"publish","type":"product","link":"https:\/\/sakaba.mghosteur.com\/en\/product\/sheamoisture-baby-healing-lotion\/","title":{"rendered":"SheaMoisture Baby Healing Lotion"},"content":{"rendered":"","protected":false},"excerpt":{"rendered":"","protected":false},"featured_media":0,"comment_status":"closed","ping_status":"closed","template":"","meta":[],"product_brand":[],"product_cat":[410],"product_tag":[],"class_list":{"0":"post-28278","1":"product","2":"type-product","3":"status-publish","5":"product_cat-fragrance","7":"first","8":"instock","9":"shipping-taxable","10":"product-type-simple"},"jetpack-related-posts":[{"id":28265,"url":"https:\/\/sakaba.mghosteur.com\/en\/product\/baby-sweet-baby-lotion\/","url_meta":{"origin":28278,"position":0},"title":"Baby Sweet Baby Lotion","author":"admin","date":"November 30, 2022","format":false,"excerpt":"","rel":"","context":"Similar post","block_context":{"text":"Similar post","link":""},"img":{"alt_text":"","src":"","width":0,"height":0},"classes":[]},{"id":28374,"url":"https:\/\/sakaba.mghosteur.com\/en\/product\/pipette-baby-lotion\/","url_meta":{"origin":28278,"position":1},"title":"PIPETTE BABY LOTION","author":"admin","date":"November 30, 2022","format":false,"excerpt":"","rel":"","context":"Similar post","block_context":{"text":"Similar post","link":""},"img":{"alt_text":"","src":"","width":0,"height":0},"classes":[]},{"id":28112,"url":"https:\/\/sakaba.mghosteur.com\/en\/product\/baby-ultra-soothing-lotion\/","url_meta":{"origin":28278,"position":2},"title":"BABY ULTRA SOOTHING LOTION","author":"admin","date":"November 30, 2022","format":false,"excerpt":"","rel":"","context":"Similar post","block_context":{"text":"Similar post","link":""},"img":{"alt_text":"","src":"","width":0,"height":0},"classes":[]},{"id":25566,"url":"https:\/\/sakaba.mghosteur.com\/en\/product\/gold-bond-ultimate-healing-skin-therapy-lotion-14-oz-2\/","url_meta":{"origin":28278,"position":3},"title":"Gold Bond Ultimate Healing Skin Therapy Lotion, 14 oz","author":"admin","date":"November 14, 2022","format":false,"excerpt":"La cr\u00e8me\/lotion hydratante r\u00e9paratrice Gold Bond de la marque Gold Bond est le produit parfait pour hydrater, gu\u00e9rir et lisser la peau s\u00e8che. Cette cr\u00e8me\/lotion offre une hydratation imm\u00e9diate qui dure toute la journ\u00e9e et r\u00e9v\u00e8le une peau visiblement plus saine. Contenant 7 hydratants essentiels et 3 vitamines nourrissantes, cette\u2026","rel":"","context":"Similar post","block_context":{"text":"Similar post","link":""},"img":{"alt_text":"","src":"","width":0,"height":0},"classes":[]},{"id":33777,"url":"https:\/\/sakaba.mghosteur.com\/en\/product\/johnsons-head-to-toe-moisturizing-baby-body-lotion\/","url_meta":{"origin":28278,"position":4},"title":"Johnson&#8217;s Head-to-Toe Moisturizing Baby Body Lotion","author":"admin","date":"May 23, 2024","format":false,"excerpt":"","rel":"","context":"Similar post","block_context":{"text":"Similar post","link":""},"img":{"alt_text":"","src":"","width":0,"height":0},"classes":[]},{"id":28100,"url":"https:\/\/sakaba.mghosteur.com\/en\/product\/baby-daily-lotion-with-organic-calendula\/","url_meta":{"origin":28278,"position":5},"title":"BABY DAILY LOTION WITH ORGANIC CALENDULA","author":"admin","date":"November 30, 2022","format":false,"excerpt":"","rel":"","context":"Similar post","block_context":{"text":"Similar post","link":""},"img":{"alt_text":"","src":"","width":0,"height":0},"classes":[]}],"_links":{"self":[{"href":"https:\/\/sakaba.mghosteur.com\/en\/wp-json\/wp\/v2\/product\/28278","targetHints":{"allow":["GET"]}}],"collection":[{"href":"https:\/\/sakaba.mghosteur.com\/en\/wp-json\/wp\/v2\/product"}],"about":[{"href":"https:\/\/sakaba.mghosteur.com\/en\/wp-json\/wp\/v2\/types\/product"}],"replies":[{"embeddable":true,"href":"https:\/\/sakaba.mghosteur.com\/en\/wp-json\/wp\/v2\/comments?post=28278"}],"version-history":[{"count":0,"href":"https:\/\/sakaba.mghosteur.com\/en\/wp-json\/wp\/v2\/product\/28278\/revisions"}],"wp:attachment":[{"href":"https:\/\/sakaba.mghosteur.com\/en\/wp-json\/wp\/v2\/media?parent=28278"}],"wp:term":[{"taxonomy":"product_brand","embeddable":true,"href":"https:\/\/sakaba.mghosteur.com\/en\/wp-json\/wp\/v2\/product_brand?post=28278"},{"taxonomy":"product_cat","embeddable":true,"href":"https:\/\/sakaba.mghosteur.com\/en\/wp-json\/wp\/v2\/product_cat?post=28278"},{"taxonomy":"product_tag","embeddable":true,"href":"https:\/\/sakaba.mghosteur.com\/en\/wp-json\/wp\/v2\/product_tag?post=28278"}],"curies":[{"name":"wp","href":"https:\/\/api.w.org\/{rel}","templated":true}]}}