{"id":28300,"date":"2022-11-30T11:05:43","date_gmt":"2022-11-30T11:05:43","guid":{"rendered":"http:\/\/www.sakababeauty.com\/?post_type=product&#038;p=28300"},"modified":"2022-11-30T11:05:43","modified_gmt":"2022-11-30T11:05:43","slug":"african-pride-dream-kids-olive-miracle-detangling-moisturizing-shampoo","status":"publish","type":"product","link":"https:\/\/sakaba.mghosteur.com\/en\/product\/african-pride-dream-kids-olive-miracle-detangling-moisturizing-shampoo\/","title":{"rendered":"African Pride Dream Kids Olive miracle Detangling Moisturizing Shampoo"},"content":{"rendered":"","protected":false},"excerpt":{"rendered":"","protected":false},"featured_media":0,"comment_status":"closed","ping_status":"closed","template":"","meta":[],"product_brand":[],"product_cat":[284,373],"product_tag":[],"class_list":{"0":"post-28300","1":"product","2":"type-product","3":"status-publish","5":"product_cat-aad-cheveux","6":"product_cat-cheveux-enfant","8":"first","9":"instock","10":"shipping-taxable","11":"product-type-simple"},"jetpack-related-posts":[{"id":33942,"url":"https:\/\/sakaba.mghosteur.com\/en\/product\/african-pride-dream-kids-olive-miracle-detangling-moisturizing-conditioner\/","url_meta":{"origin":28300,"position":0},"title":"African Pride Dream Kids Olive miracle Detangling Moisturizing CONDITIONER","author":"admin","date":"May 24, 2024","format":false,"excerpt":"L'apr\u00e8s-shampoing d\u00e9m\u00ealant hydratant Dream Kids Olive Miracle d'African Pride est une formule unisexe qui contient de l'huile d'olive et hydrate et nourrit les boucles et les boucles des cheveux. Il peut \u00eatre utilis\u00e9 comme apr\u00e8s-shampoing sans rin\u00e7age quotidien et est excellent pour tous les styles. L'apr\u00e8s-shampoing peut \u00eatre appliqu\u00e9 sur\u2026","rel":"","context":"Similar post","block_context":{"text":"Similar post","link":""},"img":{"alt_text":"","src":"","width":0,"height":0},"classes":[]},{"id":33945,"url":"https:\/\/sakaba.mghosteur.com\/en\/product\/african-pride-dream-kids-olive-miracle-instant-moistirizing-detangler\/","url_meta":{"origin":28300,"position":1},"title":"African Pride Dream Kids Olive miracle Instant Moistirizing Detangler","author":"admin","date":"May 24, 2024","format":false,"excerpt":"Formul\u00e9 exclusivement pour les cheveux d\u00e9licats et le cuir chevelu sensible des enfants, l'huile hydratante d\u00e9m\u00ealante aide \u00e0 r\u00e9duire la casse tout en laissant les cheveux doux, hydrat\u00e9s et faciles \u00e0 coiffer.","rel":"","context":"Similar post","block_context":{"text":"Similar post","link":""},"img":{"alt_text":"","src":"","width":0,"height":0},"classes":[]},{"id":28094,"url":"https:\/\/sakaba.mghosteur.com\/en\/product\/african-pride-dream-kids-childrens-regular\/","url_meta":{"origin":28300,"position":2},"title":"African Pride Dream Kids Children&#8217;s Regular","author":"admin","date":"November 30, 2022","format":false,"excerpt":"","rel":"","context":"Similar post","block_context":{"text":"Similar post","link":""},"img":{"alt_text":"","src":"","width":0,"height":0},"classes":[]},{"id":28097,"url":"https:\/\/sakaba.mghosteur.com\/en\/product\/african-pride-dream-kids-childrens-coarse\/","url_meta":{"origin":28300,"position":3},"title":"African Pride Dream Kids Children&#8217;s Coarse","author":"admin","date":"November 30, 2022","format":false,"excerpt":"","rel":"","context":"Similar post","block_context":{"text":"Similar post","link":""},"img":{"alt_text":"","src":"","width":0,"height":0},"classes":[]},{"id":33936,"url":"https:\/\/sakaba.mghosteur.com\/en\/product\/african-pride-black-castor-miracle-hair-scalp-sealing-oil\/","url_meta":{"origin":28300,"position":4},"title":"African Pride Black Castor Miracle Hair &amp; Scalp Sealing Oil","author":"admin","date":"May 24, 2024","format":false,"excerpt":"","rel":"","context":"Similar post","block_context":{"text":"Similar post","link":""},"img":{"alt_text":"","src":"","width":0,"height":0},"classes":[]},{"id":33939,"url":"https:\/\/sakaba.mghosteur.com\/en\/product\/african-pride-black-castor-miracle-prep-leave-in-moisture-butter\/","url_meta":{"origin":28300,"position":5},"title":"African Pride Black Castor Miracle Prep &amp; Leave-In Moisture Butter","author":"admin","date":"May 24, 2024","format":false,"excerpt":"","rel":"","context":"Similar post","block_context":{"text":"Similar post","link":""},"img":{"alt_text":"","src":"","width":0,"height":0},"classes":[]}],"_links":{"self":[{"href":"https:\/\/sakaba.mghosteur.com\/en\/wp-json\/wp\/v2\/product\/28300","targetHints":{"allow":["GET"]}}],"collection":[{"href":"https:\/\/sakaba.mghosteur.com\/en\/wp-json\/wp\/v2\/product"}],"about":[{"href":"https:\/\/sakaba.mghosteur.com\/en\/wp-json\/wp\/v2\/types\/product"}],"replies":[{"embeddable":true,"href":"https:\/\/sakaba.mghosteur.com\/en\/wp-json\/wp\/v2\/comments?post=28300"}],"version-history":[{"count":0,"href":"https:\/\/sakaba.mghosteur.com\/en\/wp-json\/wp\/v2\/product\/28300\/revisions"}],"wp:attachment":[{"href":"https:\/\/sakaba.mghosteur.com\/en\/wp-json\/wp\/v2\/media?parent=28300"}],"wp:term":[{"taxonomy":"product_brand","embeddable":true,"href":"https:\/\/sakaba.mghosteur.com\/en\/wp-json\/wp\/v2\/product_brand?post=28300"},{"taxonomy":"product_cat","embeddable":true,"href":"https:\/\/sakaba.mghosteur.com\/en\/wp-json\/wp\/v2\/product_cat?post=28300"},{"taxonomy":"product_tag","embeddable":true,"href":"https:\/\/sakaba.mghosteur.com\/en\/wp-json\/wp\/v2\/product_tag?post=28300"}],"curies":[{"name":"wp","href":"https:\/\/api.w.org\/{rel}","templated":true}]}}