{"id":28305,"date":"2022-11-30T11:07:16","date_gmt":"2022-11-30T11:07:16","guid":{"rendered":"http:\/\/www.sakababeauty.com\/?post_type=product&#038;p=28305"},"modified":"2022-11-30T11:07:17","modified_gmt":"2022-11-30T11:07:17","slug":"love-my-baby-naturals-no-more-crying-detangling-spray","status":"publish","type":"product","link":"https:\/\/sakaba.mghosteur.com\/en\/product\/love-my-baby-naturals-no-more-crying-detangling-spray\/","title":{"rendered":"Love my baby Naturals No More Crying Detangling Spray"},"content":{"rendered":"","protected":false},"excerpt":{"rendered":"","protected":false},"featured_media":0,"comment_status":"closed","ping_status":"closed","template":"","meta":[],"product_brand":[],"product_cat":[284,373],"product_tag":[],"class_list":{"0":"post-28305","1":"product","2":"type-product","3":"status-publish","5":"product_cat-aad-cheveux","6":"product_cat-cheveux-enfant","8":"first","9":"instock","10":"shipping-taxable","11":"product-type-simple"},"jetpack-related-posts":[{"id":28296,"url":"https:\/\/sakaba.mghosteur.com\/en\/product\/love-my-baby-naturals-brush-me-gentle\/","url_meta":{"origin":28305,"position":0},"title":"Love my baby Naturals Brush Me Gentle","author":"admin","date":"November 30, 2022","format":false,"excerpt":"","rel":"","context":"Similar post","block_context":{"text":"Similar post","link":""},"img":{"alt_text":"","src":"","width":0,"height":0},"classes":[]},{"id":25694,"url":"https:\/\/sakaba.mghosteur.com\/en\/product\/aunt-jackies-knot-on-my-watch-instant-leave-in-detangling-therapy\/","url_meta":{"origin":28305,"position":1},"title":"Aunt Jackie&#8217;s Knot On My Watch, Instant Leave-in Detangling Therapy","author":"admin","date":"November 22, 2022","format":false,"excerpt":"","rel":"","context":"Similar post","block_context":{"text":"Similar post","link":""},"img":{"alt_text":"","src":"","width":0,"height":0},"classes":[]},{"id":25639,"url":"https:\/\/sakaba.mghosteur.com\/en\/product\/girls-with-curls-curl-boost-spray-spray-bouclant\/","url_meta":{"origin":28305,"position":2},"title":"GIRLS WITH CURLS CURL BOOST SPRAY SPRAY BOUCLANT","author":"admin","date":"November 14, 2022","format":false,"excerpt":"","rel":"","context":"Similar post","block_context":{"text":"Similar post","link":""},"img":{"alt_text":"","src":"","width":0,"height":0},"classes":[]},{"id":25612,"url":"https:\/\/sakaba.mghosteur.com\/en\/product\/got2b-glued-blasting-freeze-spray\/","url_meta":{"origin":28305,"position":3},"title":"Got2b Glued Blasting Freeze Spray","author":"admin","date":"November 14, 2022","format":false,"excerpt":"Le spray fixateur Got2b Glued Blasting Freeze est un produit de coiffage indispensable pour tous ceux qui cherchent \u00e0 cr\u00e9er une coiffure longue tenue et \u00e0 tenue forte. Ce spray est con\u00e7u pour offrir une tenue forte qui ne vous laissera pas tomber, m\u00eame dans les conditions les plus extr\u00eames.\u2026","rel":"","context":"Similar post","block_context":{"text":"Similar post","link":""},"img":{"alt_text":"","src":"","width":0,"height":0},"classes":[]},{"id":25646,"url":"https:\/\/sakaba.mghosteur.com\/en\/product\/tresemme-total-volume-hair-spray\/","url_meta":{"origin":28305,"position":4},"title":"TRESEMME TOTAL VOLUME HAIR SPRAY","author":"admin","date":"November 14, 2022","format":false,"excerpt":"","rel":"","context":"Similar post","block_context":{"text":"Similar post","link":""},"img":{"alt_text":"","src":"","width":0,"height":0},"classes":[]},{"id":25760,"url":"https:\/\/sakaba.mghosteur.com\/en\/product\/africa-best-instant-detangling-conditioner\/","url_meta":{"origin":28305,"position":5},"title":"AFRICA BEST instant detangling conditioner","author":"admin","date":"November 22, 2022","format":false,"excerpt":"","rel":"","context":"Similar post","block_context":{"text":"Similar post","link":""},"img":{"alt_text":"","src":"","width":0,"height":0},"classes":[]}],"_links":{"self":[{"href":"https:\/\/sakaba.mghosteur.com\/en\/wp-json\/wp\/v2\/product\/28305","targetHints":{"allow":["GET"]}}],"collection":[{"href":"https:\/\/sakaba.mghosteur.com\/en\/wp-json\/wp\/v2\/product"}],"about":[{"href":"https:\/\/sakaba.mghosteur.com\/en\/wp-json\/wp\/v2\/types\/product"}],"replies":[{"embeddable":true,"href":"https:\/\/sakaba.mghosteur.com\/en\/wp-json\/wp\/v2\/comments?post=28305"}],"version-history":[{"count":0,"href":"https:\/\/sakaba.mghosteur.com\/en\/wp-json\/wp\/v2\/product\/28305\/revisions"}],"wp:attachment":[{"href":"https:\/\/sakaba.mghosteur.com\/en\/wp-json\/wp\/v2\/media?parent=28305"}],"wp:term":[{"taxonomy":"product_brand","embeddable":true,"href":"https:\/\/sakaba.mghosteur.com\/en\/wp-json\/wp\/v2\/product_brand?post=28305"},{"taxonomy":"product_cat","embeddable":true,"href":"https:\/\/sakaba.mghosteur.com\/en\/wp-json\/wp\/v2\/product_cat?post=28305"},{"taxonomy":"product_tag","embeddable":true,"href":"https:\/\/sakaba.mghosteur.com\/en\/wp-json\/wp\/v2\/product_tag?post=28305"}],"curies":[{"name":"wp","href":"https:\/\/api.w.org\/{rel}","templated":true}]}}