{"id":28307,"date":"2022-11-30T11:08:29","date_gmt":"2022-11-30T11:08:29","guid":{"rendered":"http:\/\/www.sakababeauty.com\/?post_type=product&#038;p=28307"},"modified":"2022-11-30T11:08:30","modified_gmt":"2022-11-30T11:08:30","slug":"bayer-ad-prevent","status":"publish","type":"product","link":"https:\/\/sakaba.mghosteur.com\/en\/product\/bayer-ad-prevent\/","title":{"rendered":"BAYER A+D PREVENT"},"content":{"rendered":"","protected":false},"excerpt":{"rendered":"","protected":false},"featured_media":0,"comment_status":"closed","ping_status":"closed","template":"","meta":[],"product_brand":[],"product_cat":[381],"product_tag":[],"class_list":{"0":"post-28307","1":"product","2":"type-product","3":"status-publish","5":"product_cat-vitamine-et-complements","7":"first","8":"instock","9":"shipping-taxable","10":"product-type-simple"},"jetpack-related-posts":[{"id":24952,"url":"https:\/\/sakaba.mghosteur.com\/en\/product\/bayer-aspirin-low-dose\/","url_meta":{"origin":28307,"position":0},"title":"BAYER ASPIRIN LOW DOSE","author":"admin","date":"November 11, 2022","format":false,"excerpt":"","rel":"","context":"Similar post","block_context":{"text":"Similar post","link":""},"img":{"alt_text":"","src":"","width":0,"height":0},"classes":[]},{"id":34402,"url":"https:\/\/sakaba.mghosteur.com\/en\/product\/one-a-day-mens-300tablets\/","url_meta":{"origin":28307,"position":1},"title":"ONE A DAY MEN&#8217;S 300TABLETS","author":"admin","date":"May 28, 2024","format":false,"excerpt":"","rel":"","context":"Similar post","block_context":{"text":"Similar post","link":""},"img":{"alt_text":"","src":"","width":0,"height":0},"classes":[]},{"id":34405,"url":"https:\/\/sakaba.mghosteur.com\/en\/product\/one-a-day-multivitamin-mens-50-100-tablets\/","url_meta":{"origin":28307,"position":2},"title":"ONE A DAY MULTIVITAMIN MEN&#8217;S 50+ 100 TABLETS","author":"admin","date":"May 28, 2024","format":false,"excerpt":"","rel":"","context":"Similar post","block_context":{"text":"Similar post","link":""},"img":{"alt_text":"","src":"","width":0,"height":0},"classes":[]},{"id":34307,"url":"https:\/\/sakaba.mghosteur.com\/en\/product\/aleve-220mg-50c\/","url_meta":{"origin":28307,"position":3},"title":"ALEVE 220MG 50C","author":"admin","date":"May 28, 2024","format":false,"excerpt":"","rel":"","context":"Similar post","block_context":{"text":"Similar post","link":""},"img":{"alt_text":"","src":"","width":0,"height":0},"classes":[]},{"id":34310,"url":"https:\/\/sakaba.mghosteur.com\/en\/product\/aleve-liquid-gels\/","url_meta":{"origin":28307,"position":4},"title":"ALEVE LIQUID GELS","author":"admin","date":"May 28, 2024","format":false,"excerpt":"","rel":"","context":"Similar post","block_context":{"text":"Similar post","link":""},"img":{"alt_text":"","src":"","width":0,"height":0},"classes":[]},{"id":31633,"url":"https:\/\/sakaba.mghosteur.com\/en\/product\/the-inkey-list-tranexamic-acid-serum\/","url_meta":{"origin":28307,"position":5},"title":"THE INKEY LIST TRANEXAMIC ACID SERUM","author":"admin","date":"May 10, 2024","format":false,"excerpt":"Ce gel de traitement cible l'hyperpigmentation, les taches in\u00e9gales et les taches brunes, illuminant ainsi le teint de la peau et aidant \u00e0 r\u00e9duire les taches brunes et l'irr\u00e9gularit\u00e9 du teint. Formul\u00e9 avec 2 % d'acide tranexamique, un acide amin\u00e9 puissant, 2 % d'extrait de baie d'a\u00e7a\u00ef pour favoriser un\u2026","rel":"","context":"Similar post","block_context":{"text":"Similar post","link":""},"img":{"alt_text":"","src":"","width":0,"height":0},"classes":[]}],"_links":{"self":[{"href":"https:\/\/sakaba.mghosteur.com\/en\/wp-json\/wp\/v2\/product\/28307","targetHints":{"allow":["GET"]}}],"collection":[{"href":"https:\/\/sakaba.mghosteur.com\/en\/wp-json\/wp\/v2\/product"}],"about":[{"href":"https:\/\/sakaba.mghosteur.com\/en\/wp-json\/wp\/v2\/types\/product"}],"replies":[{"embeddable":true,"href":"https:\/\/sakaba.mghosteur.com\/en\/wp-json\/wp\/v2\/comments?post=28307"}],"version-history":[{"count":0,"href":"https:\/\/sakaba.mghosteur.com\/en\/wp-json\/wp\/v2\/product\/28307\/revisions"}],"wp:attachment":[{"href":"https:\/\/sakaba.mghosteur.com\/en\/wp-json\/wp\/v2\/media?parent=28307"}],"wp:term":[{"taxonomy":"product_brand","embeddable":true,"href":"https:\/\/sakaba.mghosteur.com\/en\/wp-json\/wp\/v2\/product_brand?post=28307"},{"taxonomy":"product_cat","embeddable":true,"href":"https:\/\/sakaba.mghosteur.com\/en\/wp-json\/wp\/v2\/product_cat?post=28307"},{"taxonomy":"product_tag","embeddable":true,"href":"https:\/\/sakaba.mghosteur.com\/en\/wp-json\/wp\/v2\/product_tag?post=28307"}],"curies":[{"name":"wp","href":"https:\/\/api.w.org\/{rel}","templated":true}]}}