{"id":28309,"date":"2022-11-30T11:10:13","date_gmt":"2022-11-30T11:10:13","guid":{"rendered":"http:\/\/www.sakababeauty.com\/?post_type=product&#038;p=28309"},"modified":"2022-11-30T11:10:13","modified_gmt":"2022-11-30T11:10:13","slug":"organic-daily-multi-90-gummies","status":"publish","type":"product","link":"https:\/\/sakaba.mghosteur.com\/en\/product\/organic-daily-multi-90-gummies\/","title":{"rendered":"ORGANIC DAILY MULTI 90 GUMMIES"},"content":{"rendered":"","protected":false},"excerpt":{"rendered":"","protected":false},"featured_media":0,"comment_status":"closed","ping_status":"closed","template":"","meta":[],"product_brand":[],"product_cat":[287,381],"product_tag":[],"class_list":{"0":"post-28309","1":"product","2":"type-product","3":"status-publish","5":"product_cat-aag-bebe-enfant","6":"product_cat-vitamine-et-complements","8":"first","9":"instock","10":"shipping-taxable","11":"product-type-simple"},"jetpack-related-posts":[{"id":34888,"url":"https:\/\/sakaba.mghosteur.com\/en\/product\/goli-nutrition-women-s-complete-multi-gummies\/","url_meta":{"origin":28309,"position":0},"title":"GOLI NUTRITION WOMEN S COMPLETE MULTI GUMMIES","author":"admin","date":"June 3, 2024","format":false,"excerpt":"","rel":"","context":"Similar post","block_context":{"text":"Similar post","link":""},"img":{"alt_text":"","src":"","width":0,"height":0},"classes":[]},{"id":28100,"url":"https:\/\/sakaba.mghosteur.com\/en\/product\/baby-daily-lotion-with-organic-calendula\/","url_meta":{"origin":28309,"position":1},"title":"BABY DAILY LOTION WITH ORGANIC CALENDULA","author":"admin","date":"November 30, 2022","format":false,"excerpt":"","rel":"","context":"Similar post","block_context":{"text":"Similar post","link":""},"img":{"alt_text":"","src":"","width":0,"height":0},"classes":[]},{"id":56202,"url":"https:\/\/sakaba.mghosteur.com\/en\/product\/5-daily-multi-vitamin-cream\/","url_meta":{"origin":28309,"position":2},"title":"5 Daily Multi-Vitamin Cream","author":"Sope DIA","date":"January 2, 2026","format":false,"excerpt":"Numbuzin propose des soins personnalis\u00e9s pour r\u00e9pondre \u00e0 diff\u00e9rents besoins cutan\u00e9s. Des ingr\u00e9dients efficaces et de qualit\u00e9 sup\u00e9rieure pour r\u00e9soudre votre probl\u00e8me. Simplifiez votre routine de soins.","rel":"","context":"Similar post","block_context":{"text":"Similar post","link":""},"img":{"alt_text":"","src":"","width":0,"height":0},"classes":[]},{"id":25032,"url":"https:\/\/sakaba.mghosteur.com\/en\/product\/goli-nutrition-supergreens-gummies\/","url_meta":{"origin":28309,"position":3},"title":"GOLI NUTRITION SUPERGREENS GUMMIES","author":"admin","date":"November 11, 2022","format":false,"excerpt":"","rel":"","context":"Similar post","block_context":{"text":"Similar post","link":""},"img":{"alt_text":"","src":"","width":0,"height":0},"classes":[]},{"id":34881,"url":"https:\/\/sakaba.mghosteur.com\/en\/product\/goli-nutrition-superfruits-gummies\/","url_meta":{"origin":28309,"position":4},"title":"GOLI NUTRITION SUPERFRUITS GUMMIES","author":"admin","date":"June 3, 2024","format":false,"excerpt":"","rel":"","context":"Similar post","block_context":{"text":"Similar post","link":""},"img":{"alt_text":"","src":"","width":0,"height":0},"classes":[]},{"id":25000,"url":"https:\/\/sakaba.mghosteur.com\/en\/product\/goli-ashwagandha-gummies-relax-restore-unwind\/","url_meta":{"origin":28309,"position":5},"title":"GOLI ASHWAGANDHA GUMMIES RELAX RESTORE UNWIND","author":"admin","date":"November 11, 2022","format":false,"excerpt":"","rel":"","context":"Similar post","block_context":{"text":"Similar post","link":""},"img":{"alt_text":"","src":"","width":0,"height":0},"classes":[]}],"_links":{"self":[{"href":"https:\/\/sakaba.mghosteur.com\/en\/wp-json\/wp\/v2\/product\/28309","targetHints":{"allow":["GET"]}}],"collection":[{"href":"https:\/\/sakaba.mghosteur.com\/en\/wp-json\/wp\/v2\/product"}],"about":[{"href":"https:\/\/sakaba.mghosteur.com\/en\/wp-json\/wp\/v2\/types\/product"}],"replies":[{"embeddable":true,"href":"https:\/\/sakaba.mghosteur.com\/en\/wp-json\/wp\/v2\/comments?post=28309"}],"version-history":[{"count":0,"href":"https:\/\/sakaba.mghosteur.com\/en\/wp-json\/wp\/v2\/product\/28309\/revisions"}],"wp:attachment":[{"href":"https:\/\/sakaba.mghosteur.com\/en\/wp-json\/wp\/v2\/media?parent=28309"}],"wp:term":[{"taxonomy":"product_brand","embeddable":true,"href":"https:\/\/sakaba.mghosteur.com\/en\/wp-json\/wp\/v2\/product_brand?post=28309"},{"taxonomy":"product_cat","embeddable":true,"href":"https:\/\/sakaba.mghosteur.com\/en\/wp-json\/wp\/v2\/product_cat?post=28309"},{"taxonomy":"product_tag","embeddable":true,"href":"https:\/\/sakaba.mghosteur.com\/en\/wp-json\/wp\/v2\/product_tag?post=28309"}],"curies":[{"name":"wp","href":"https:\/\/api.w.org\/{rel}","templated":true}]}}