{"id":28312,"date":"2022-11-30T11:12:47","date_gmt":"2022-11-30T11:12:47","guid":{"rendered":"http:\/\/www.sakababeauty.com\/?post_type=product&#038;p=28312"},"modified":"2022-11-30T11:12:48","modified_gmt":"2022-11-30T11:12:48","slug":"lanolin-nipple-cream","status":"publish","type":"product","link":"https:\/\/sakaba.mghosteur.com\/en\/product\/lanolin-nipple-cream\/","title":{"rendered":"LANOLIN NIPPLE CREAM"},"content":{"rendered":"","protected":false},"excerpt":{"rendered":"","protected":false},"featured_media":0,"comment_status":"closed","ping_status":"closed","template":"","meta":[],"product_brand":[],"product_cat":[286,374,287],"product_tag":[],"class_list":{"0":"post-28312","1":"product","2":"type-product","3":"status-publish","5":"product_cat-corps","6":"product_cat-corps-enfant","7":"product_cat-aag-bebe-enfant","9":"first","10":"instock","11":"shipping-taxable","12":"product-type-simple"},"jetpack-related-posts":[{"id":24185,"url":"https:\/\/sakaba.mghosteur.com\/en\/product\/cerave-healing-ointment-10g\/","url_meta":{"origin":28312,"position":0},"title":"CERAVE HEALING OINTMENT 10G","author":"admin","date":"November 9, 2022","format":false,"excerpt":"La pommade cicatrisante CeraVe est une solution efficace pour les personnes ayant une peau extr\u00eamement s\u00e8che, craquel\u00e9e ou irrit\u00e9e. Cette formule unique, d\u00e9velopp\u00e9e avec des dermatologues, contient de l'acide hyaluronique pour une hydratation suppl\u00e9mentaire. Elle est formul\u00e9e avec trois c\u00e9ramides essentiels (1, 3, 6-II) pour aider \u00e0 restaurer et \u00e0\u2026","rel":"","context":"Similar post","block_context":{"text":"Similar post","link":""},"img":{"alt_text":"","src":"","width":0,"height":0},"classes":[]},{"id":31661,"url":"https:\/\/sakaba.mghosteur.com\/en\/product\/sulfur-soap-azufre\/","url_meta":{"origin":28312,"position":1},"title":"SULFUR SOAP AZUFRE","author":"admin","date":"May 10, 2024","format":false,"excerpt":"D\u00e9couvrez ce savon \u00e0 base de soufre, une solution efficace pour traiter l'acn\u00e9. Sa formule puissante combat efficacement les imperfections les plus tenaces, \u00e9liminant les huiles accumul\u00e9es, la crasse et la salet\u00e9. En seulement 1 \u00e0 8 semaines, vous constaterez des r\u00e9sultats visibles. Enrichi en lanoline, ce savon vous aidera\u2026","rel":"","context":"Similar post","block_context":{"text":"Similar post","link":""},"img":{"alt_text":"","src":"","width":0,"height":0},"classes":[]},{"id":30434,"url":"https:\/\/sakaba.mghosteur.com\/en\/product\/gold-bond-diabetic-s-dry-skin-relief\/","url_meta":{"origin":28312,"position":2},"title":"GOLD BOND DIABETIC S DRY SKIN RELIEF","author":"admin","date":"May 11, 2023","format":false,"excerpt":"Nom du Produit : Lait Corporel pour Peau S\u00e8che des Diab\u00e9tiques de Gold Bond Le Lait Corporel pour Peau S\u00e8che des Diab\u00e9tiques de Gold Bond est la marque de lotion num\u00e9ro 1 sp\u00e9cialement con\u00e7ue pour hydrater la peau s\u00e8che des diab\u00e9tiques. Cette lotion procure un soulagement imm\u00e9diat et une hydratation\u2026","rel":"","context":"Similar post","block_context":{"text":"Similar post","link":""},"img":{"alt_text":"","src":"","width":0,"height":0},"classes":[]},{"id":26556,"url":"https:\/\/sakaba.mghosteur.com\/en\/product\/hydroquinone-cream-usp-melalite-forte-cream\/","url_meta":{"origin":28312,"position":3},"title":"HYDROQUINONE CREAM USP MELALITE FORTE CREAM","author":"admin","date":"November 25, 2022","format":false,"excerpt":"","rel":"","context":"Similar post","block_context":{"text":"Similar post","link":""},"img":{"alt_text":"","src":"","width":0,"height":0},"classes":[]},{"id":26543,"url":"https:\/\/sakaba.mghosteur.com\/en\/product\/foaming-cream-cleanser\/","url_meta":{"origin":28312,"position":4},"title":"FOAMING CREAM CLEANSER","author":"admin","date":"November 25, 2022","format":false,"excerpt":"","rel":"","context":"Similar post","block_context":{"text":"Similar post","link":""},"img":{"alt_text":"","src":"","width":0,"height":0},"classes":[]},{"id":26625,"url":"https:\/\/sakaba.mghosteur.com\/en\/product\/premium-brightening-cream\/","url_meta":{"origin":28312,"position":5},"title":"PREMIUM BRIGHTENING CREAM","author":"admin","date":"November 28, 2022","format":false,"excerpt":"","rel":"","context":"Similar post","block_context":{"text":"Similar post","link":""},"img":{"alt_text":"","src":"","width":0,"height":0},"classes":[]}],"_links":{"self":[{"href":"https:\/\/sakaba.mghosteur.com\/en\/wp-json\/wp\/v2\/product\/28312","targetHints":{"allow":["GET"]}}],"collection":[{"href":"https:\/\/sakaba.mghosteur.com\/en\/wp-json\/wp\/v2\/product"}],"about":[{"href":"https:\/\/sakaba.mghosteur.com\/en\/wp-json\/wp\/v2\/types\/product"}],"replies":[{"embeddable":true,"href":"https:\/\/sakaba.mghosteur.com\/en\/wp-json\/wp\/v2\/comments?post=28312"}],"version-history":[{"count":0,"href":"https:\/\/sakaba.mghosteur.com\/en\/wp-json\/wp\/v2\/product\/28312\/revisions"}],"wp:attachment":[{"href":"https:\/\/sakaba.mghosteur.com\/en\/wp-json\/wp\/v2\/media?parent=28312"}],"wp:term":[{"taxonomy":"product_brand","embeddable":true,"href":"https:\/\/sakaba.mghosteur.com\/en\/wp-json\/wp\/v2\/product_brand?post=28312"},{"taxonomy":"product_cat","embeddable":true,"href":"https:\/\/sakaba.mghosteur.com\/en\/wp-json\/wp\/v2\/product_cat?post=28312"},{"taxonomy":"product_tag","embeddable":true,"href":"https:\/\/sakaba.mghosteur.com\/en\/wp-json\/wp\/v2\/product_tag?post=28312"}],"curies":[{"name":"wp","href":"https:\/\/api.w.org\/{rel}","templated":true}]}}