{"id":28327,"date":"2022-11-30T11:15:25","date_gmt":"2022-11-30T11:15:25","guid":{"rendered":"http:\/\/www.sakababeauty.com\/?post_type=product&#038;p=28327"},"modified":"2024-09-01T15:05:54","modified_gmt":"2024-09-01T15:05:54","slug":"harry-s-freshening-face-toner","status":"publish","type":"product","link":"https:\/\/sakaba.mghosteur.com\/en\/product\/harry-s-freshening-face-toner\/","title":{"rendered":"HARRY\u2019S FRESHENING FACE TONER"},"content":{"rendered":"<p>Lotion tonique pour le visage Harry&#8217;s pour hommes pour hydrater et rafra\u00eechir l\u00e9g\u00e8rement le visage<\/p>\n<p>Fabriqu\u00e9 avec des ingr\u00e9dients r\u00e9fl\u00e9chis<\/p>\n<p>Tonique l\u00e9g\u00e8rement hydratant pour le visage formul\u00e9 sans alcool \u2013 Laisse la peau \u00e9quilibr\u00e9e, non collante ni s\u00e8che<\/p>\n<p>Rafra\u00eechit imm\u00e9diatement \u2013 Laisse la peau propre et hydrat\u00e9e<\/p>\n<p>Parfum frais d&#8217;eucalyptus<\/p>\n<p>Comble le foss\u00e9 entre un nettoyant pour le visage et une lotion hydratante<\/p>\n<p>Appliquez quelques gouttes sur un visage propre et sec avec un coton ou vos mains \u2013 Appliquez avant d&#8217;utiliser une cr\u00e8me hydratante, matin ou soir<\/p>","protected":false},"excerpt":{"rendered":"<p>Lotion tonique pour le visage Harry&#8217;s pour hommes pour hydrater et rafra\u00eechir l\u00e9g\u00e8rement le visage Fabriqu\u00e9 avec des ingr\u00e9dients r\u00e9fl\u00e9chis Tonique l\u00e9g\u00e8rement hydratant pour le visage formul\u00e9 sans alcool \u2013 Laisse la peau \u00e9quilibr\u00e9e, non collante ni s\u00e8che Rafra\u00eechit imm\u00e9diatement \u2013 Laisse la peau propre et hydrat\u00e9e Parfum frais d&#8217;eucalyptus Comble le foss\u00e9 entre un<span class=\"read-more-faq\"><a href=\"https:\/\/sakaba.mghosteur.com\/en\/product\/harry-s-freshening-face-toner\/\">Read More<\/a><\/span><\/p>","protected":false},"featured_media":0,"comment_status":"closed","ping_status":"closed","template":"","meta":[],"product_brand":[],"product_cat":[377,369,288],"product_tag":[],"class_list":{"0":"post-28327","1":"product","2":"type-product","3":"status-publish","5":"product_cat-bath-body-works","6":"product_cat-corps-homme","7":"product_cat-aaf-homme","9":"first","10":"instock","11":"shipping-taxable","12":"product-type-simple"},"jetpack-related-posts":[{"id":56144,"url":"https:\/\/sakaba.mghosteur.com\/en\/product\/anua-rice-70-glow-milky-toner\/","url_meta":{"origin":28327,"position":0},"title":"Anua Rice 70 Glow Milky Toner","author":"Sope DIA","date":"January 2, 2026","format":false,"excerpt":"LOTION TONIQUE LAIT\u00c9E L\u00c9G\u00c8RE POUR UNE PEAU DE VERRE : Offre une hydratation intense gr\u00e2ce \u00e0 un m\u00e9lange d'eau de riz, de niacinamide et de c\u00e9ramides, tout en laissant un fini rafra\u00eechissant et non collant pour une peau de verre. EAU DE RIZ ET NIACINAMIDE POUR HYDRATER : Contient 70\u2026","rel":"","context":"Similar post","block_context":{"text":"Similar post","link":""},"img":{"alt_text":"","src":"","width":0,"height":0},"classes":[]},{"id":34961,"url":"https:\/\/sakaba.mghosteur.com\/en\/product\/innisfreecoffret-hydration-heros-with-green-tea\/","url_meta":{"origin":28327,"position":1},"title":"INNISFREE COFFRET HYDRATION HEROS WITH GREEN TEA","author":"admin","date":"June 3, 2024","format":false,"excerpt":"L'ensemble comprend\u00a0: 1. S\u00e9rum hydratant intensif aux graines de th\u00e9 vert, 80\u00a0ml Hydratez-vous d\u00e8s la premi\u00e8re goutte gr\u00e2ce \u00e0 notre m\u00e9lange parfaitement \u00e9quilibr\u00e9 d'extrait de th\u00e9 vert et d'huile de graines de th\u00e9 vert. Riche en acides amin\u00e9s et en min\u00e9raux, ce s\u00e9rum l\u00e9ger mais nourrissant aide \u00e0 reconstituer le\u2026","rel":"","context":"Similar post","block_context":{"text":"Similar post","link":""},"img":{"alt_text":"","src":"","width":0,"height":0},"classes":[]},{"id":29453,"url":"https:\/\/sakaba.mghosteur.com\/en\/product\/cosrx-galactomyces-95-tone-balancing-essence\/","url_meta":{"origin":28327,"position":2},"title":"COSRX GALACTOMYCES 95 TONE BALANCING ESSENCE","author":"admin","date":"April 4, 2023","format":false,"excerpt":"D\u00e9couvrez l'essence \u00e9quilibrante de ton Galactomyces 95 de la marque COSRX ! Cette essence multi-action est con\u00e7ue pour les peaux ternes et rugueuses. Elle contient 95% de filtrat de ferment de Galactomyces pour nourrir et hydrater la peau, tout en la rendant plus \u00e9clatante et plus claire. Gr\u00e2ce \u00e0 l'acide\u2026","rel":"","context":"Similar post","block_context":{"text":"Similar post","link":""},"img":{"alt_text":"","src":"","width":0,"height":0},"classes":[]},{"id":24526,"url":"https:\/\/sakaba.mghosteur.com\/en\/product\/cerave-hydrating-toner\/","url_meta":{"origin":28327,"position":3},"title":"CERAVE HYDRATING TONER","author":"admin","date":"November 10, 2022","format":false,"excerpt":"Le tonique hydratant de CeraVe est un produit incontournable pour une peau saine et bien hydrat\u00e9e. Avec sa formule douce et non dess\u00e9chante, ce toner \u00e9quilibre le pH de la peau et aide \u00e0 \u00e9liminer les r\u00e9sidus laiss\u00e9s apr\u00e8s le nettoyage du visage. Gr\u00e2ce \u00e0 sa composition riche en c\u00e9ramides,\u2026","rel":"","context":"Similar post","block_context":{"text":"Similar post","link":""},"img":{"alt_text":"","src":"","width":0,"height":0},"classes":[]},{"id":30254,"url":"https:\/\/sakaba.mghosteur.com\/en\/product\/hydro-boost-exfolianting-cleanser\/","url_meta":{"origin":28327,"position":4},"title":"HYDRO BOOST EXFOLIATING CLEANSER","author":"admin","date":"May 5, 2023","format":false,"excerpt":"Le gel-cr\u00e8me exfoliant nettoyant quotidien Hydro Boost avec acide hyaluronique de Neutrogena est le choix parfait pour une peau instantan\u00e9ment douce et rafra\u00eechie. Sa formule l\u00e9g\u00e8re \u00e9limine efficacement la salet\u00e9, l'huile et les cellules mortes de la peau, tout en stimulant l'hydratation gr\u00e2ce \u00e0 l'acide hyaluronique, un ingr\u00e9dient cliniquement prouv\u00e9\u2026","rel":"","context":"Similar post","block_context":{"text":"Similar post","link":""},"img":{"alt_text":"","src":"","width":0,"height":0},"classes":[]},{"id":31596,"url":"https:\/\/sakaba.mghosteur.com\/en\/product\/laneige-water-bank-hydro-essence-serum-hydratant\/","url_meta":{"origin":28327,"position":5},"title":"LANEIGE WATER BANK HYDRO ESSENCE SERUM HYDRATANT","author":"admin","date":"May 10, 2024","format":false,"excerpt":"D\u00e9couvrez le s\u00e9rum hydratant \"Hydro Essence\" de la marque LANEIGE, un indispensable pour r\u00e9hydrater et lisser votre peau en profondeur. Sp\u00e9cialement con\u00e7u pour les peaux normales \u00e0 mixtes, ce s\u00e9rum contient de l'Eau Min\u00e9rale Verte impr\u00e9gn\u00e9e d'extraits de l\u00e9gumes, fournissant \u00e0 votre peau six min\u00e9raux essentiels pour une sensation de\u2026","rel":"","context":"Similar post","block_context":{"text":"Similar post","link":""},"img":{"alt_text":"","src":"","width":0,"height":0},"classes":[]}],"_links":{"self":[{"href":"https:\/\/sakaba.mghosteur.com\/en\/wp-json\/wp\/v2\/product\/28327","targetHints":{"allow":["GET"]}}],"collection":[{"href":"https:\/\/sakaba.mghosteur.com\/en\/wp-json\/wp\/v2\/product"}],"about":[{"href":"https:\/\/sakaba.mghosteur.com\/en\/wp-json\/wp\/v2\/types\/product"}],"replies":[{"embeddable":true,"href":"https:\/\/sakaba.mghosteur.com\/en\/wp-json\/wp\/v2\/comments?post=28327"}],"version-history":[{"count":0,"href":"https:\/\/sakaba.mghosteur.com\/en\/wp-json\/wp\/v2\/product\/28327\/revisions"}],"wp:attachment":[{"href":"https:\/\/sakaba.mghosteur.com\/en\/wp-json\/wp\/v2\/media?parent=28327"}],"wp:term":[{"taxonomy":"product_brand","embeddable":true,"href":"https:\/\/sakaba.mghosteur.com\/en\/wp-json\/wp\/v2\/product_brand?post=28327"},{"taxonomy":"product_cat","embeddable":true,"href":"https:\/\/sakaba.mghosteur.com\/en\/wp-json\/wp\/v2\/product_cat?post=28327"},{"taxonomy":"product_tag","embeddable":true,"href":"https:\/\/sakaba.mghosteur.com\/en\/wp-json\/wp\/v2\/product_tag?post=28327"}],"curies":[{"name":"wp","href":"https:\/\/api.w.org\/{rel}","templated":true}]}}