{"id":28328,"date":"2022-11-30T11:16:36","date_gmt":"2022-11-30T11:16:36","guid":{"rendered":"http:\/\/www.sakababeauty.com\/?post_type=product&#038;p=28328"},"modified":"2022-11-30T11:16:36","modified_gmt":"2022-11-30T11:16:36","slug":"brosse-a-dent-enfant-ryans-world-garcon","status":"publish","type":"product","link":"https:\/\/sakaba.mghosteur.com\/en\/product\/brosse-a-dent-enfant-ryans-world-garcon\/","title":{"rendered":"BROSSE A DENT ENFANT RYANS WORLD GARCON"},"content":{"rendered":"","protected":false},"excerpt":{"rendered":"","protected":false},"featured_media":0,"comment_status":"closed","ping_status":"closed","template":"","meta":[],"product_brand":[],"product_cat":[749,287],"product_tag":[],"class_list":{"0":"post-28328","1":"product","2":"type-product","3":"status-publish","5":"product_cat-brosse-a-dent-pour-enfants","6":"product_cat-aag-bebe-enfant","8":"first","9":"instock","10":"shipping-taxable","11":"product-type-simple"},"jetpack-related-posts":[{"id":28338,"url":"https:\/\/sakaba.mghosteur.com\/en\/product\/brosse-a-dent-jojo-siwa\/","url_meta":{"origin":28328,"position":0},"title":"BROSSE A DENT JOJO SIWA","author":"admin","date":"November 30, 2022","format":false,"excerpt":"","rel":"","context":"Similar post","block_context":{"text":"Similar post","link":""},"img":{"alt_text":"","src":"","width":0,"height":0},"classes":[]},{"id":28349,"url":"https:\/\/sakaba.mghosteur.com\/en\/product\/oral-b-sparkle-fun\/","url_meta":{"origin":28328,"position":1},"title":"ORAL B SPARKLE FUN","author":"admin","date":"November 30, 2022","format":false,"excerpt":"","rel":"","context":"Similar post","block_context":{"text":"Similar post","link":""},"img":{"alt_text":"","src":"","width":0,"height":0},"classes":[]},{"id":28344,"url":"https:\/\/sakaba.mghosteur.com\/en\/product\/dr-seuss-top-care\/","url_meta":{"origin":28328,"position":2},"title":"DR SEUSS TOP CARE","author":"admin","date":"November 30, 2022","format":false,"excerpt":"","rel":"","context":"Similar post","block_context":{"text":"Similar post","link":""},"img":{"alt_text":"","src":"","width":0,"height":0},"classes":[]},{"id":29854,"url":"https:\/\/sakaba.mghosteur.com\/en\/product\/kojie-san-exfoliating-face-brush-for-perfect-skin\/","url_meta":{"origin":28328,"position":3},"title":"Kojie San Exfoliating Face Brush for Perfect Skin","author":"admin","date":"April 26, 2023","format":false,"excerpt":"D\u00e9couvrez la nouvelle brosse exfoliante pour le visage de Kojie San pour obtenir une peau parfaite. Fabriqu\u00e9e \u00e0 partir de silicone de qualit\u00e9 alimentaire et respectueuse de l'environnement, cette brosse exfoliante pour le visage est ultra-douce et efficace pour exfolier votre peau sans l'ab\u00eemer. Cette brosse nettoie, \u00e9limine l'apparence des\u2026","rel":"","context":"Similar post","block_context":{"text":"Similar post","link":""},"img":{"alt_text":"","src":"","width":0,"height":0},"classes":[]},{"id":29814,"url":"https:\/\/sakaba.mghosteur.com\/en\/product\/solgar-vitamin-d3-125mcg-5000-iu\/","url_meta":{"origin":28328,"position":4},"title":"SOLGAR VITAMIN D3 125MCG 5000 IU","author":"admin","date":"April 25, 2023","format":false,"excerpt":"D\u00e9couvrez les g\u00e9lules de vitamine D3 (chol\u00e9calcif\u00e9rol) de la marque Solgar pour maintenir une bonne sant\u00e9. Vivre dans l'h\u00e9misph\u00e8re nord ou utiliser beaucoup de cr\u00e8me solaire peut emp\u00eacher votre corps de produire suffisamment de cette \"vitamine solaire\" par lui-m\u00eame. De plus, la vitamine D est rare dans la plupart des\u2026","rel":"","context":"Similar post","block_context":{"text":"Similar post","link":""},"img":{"alt_text":"","src":"","width":0,"height":0},"classes":[]},{"id":33555,"url":"https:\/\/sakaba.mghosteur.com\/en\/product\/cala-facial-scrubber-2-pc\/","url_meta":{"origin":28328,"position":5},"title":"CALA FACIAL SCRUBBER 2 PC","author":"admin","date":"May 22, 2024","format":false,"excerpt":"","rel":"","context":"Similar post","block_context":{"text":"Similar post","link":""},"img":{"alt_text":"","src":"","width":0,"height":0},"classes":[]}],"_links":{"self":[{"href":"https:\/\/sakaba.mghosteur.com\/en\/wp-json\/wp\/v2\/product\/28328","targetHints":{"allow":["GET"]}}],"collection":[{"href":"https:\/\/sakaba.mghosteur.com\/en\/wp-json\/wp\/v2\/product"}],"about":[{"href":"https:\/\/sakaba.mghosteur.com\/en\/wp-json\/wp\/v2\/types\/product"}],"replies":[{"embeddable":true,"href":"https:\/\/sakaba.mghosteur.com\/en\/wp-json\/wp\/v2\/comments?post=28328"}],"version-history":[{"count":0,"href":"https:\/\/sakaba.mghosteur.com\/en\/wp-json\/wp\/v2\/product\/28328\/revisions"}],"wp:attachment":[{"href":"https:\/\/sakaba.mghosteur.com\/en\/wp-json\/wp\/v2\/media?parent=28328"}],"wp:term":[{"taxonomy":"product_brand","embeddable":true,"href":"https:\/\/sakaba.mghosteur.com\/en\/wp-json\/wp\/v2\/product_brand?post=28328"},{"taxonomy":"product_cat","embeddable":true,"href":"https:\/\/sakaba.mghosteur.com\/en\/wp-json\/wp\/v2\/product_cat?post=28328"},{"taxonomy":"product_tag","embeddable":true,"href":"https:\/\/sakaba.mghosteur.com\/en\/wp-json\/wp\/v2\/product_tag?post=28328"}],"curies":[{"name":"wp","href":"https:\/\/api.w.org\/{rel}","templated":true}]}}