{"id":28338,"date":"2022-11-30T11:17:56","date_gmt":"2022-11-30T11:17:56","guid":{"rendered":"http:\/\/www.sakababeauty.com\/?post_type=product&#038;p=28338"},"modified":"2022-11-30T11:17:56","modified_gmt":"2022-11-30T11:17:56","slug":"brosse-a-dent-jojo-siwa","status":"publish","type":"product","link":"https:\/\/sakaba.mghosteur.com\/en\/product\/brosse-a-dent-jojo-siwa\/","title":{"rendered":"BROSSE A DENT JOJO SIWA"},"content":{"rendered":"","protected":false},"excerpt":{"rendered":"","protected":false},"featured_media":0,"comment_status":"closed","ping_status":"closed","template":"","meta":[],"product_brand":[],"product_cat":[749,287],"product_tag":[],"class_list":{"0":"post-28338","1":"product","2":"type-product","3":"status-publish","5":"product_cat-brosse-a-dent-pour-enfants","6":"product_cat-aag-bebe-enfant","8":"first","9":"instock","10":"shipping-taxable","11":"product-type-simple"},"jetpack-related-posts":[{"id":28328,"url":"https:\/\/sakaba.mghosteur.com\/en\/product\/brosse-a-dent-enfant-ryans-world-garcon\/","url_meta":{"origin":28338,"position":0},"title":"BROSSE A DENT ENFANT RYANS WORLD GARCON","author":"admin","date":"November 30, 2022","format":false,"excerpt":"","rel":"","context":"Similar post","block_context":{"text":"Similar post","link":""},"img":{"alt_text":"","src":"","width":0,"height":0},"classes":[]},{"id":28344,"url":"https:\/\/sakaba.mghosteur.com\/en\/product\/dr-seuss-top-care\/","url_meta":{"origin":28338,"position":1},"title":"DR SEUSS TOP CARE","author":"admin","date":"November 30, 2022","format":false,"excerpt":"","rel":"","context":"Similar post","block_context":{"text":"Similar post","link":""},"img":{"alt_text":"","src":"","width":0,"height":0},"classes":[]},{"id":28349,"url":"https:\/\/sakaba.mghosteur.com\/en\/product\/oral-b-sparkle-fun\/","url_meta":{"origin":28338,"position":2},"title":"ORAL B SPARKLE FUN","author":"admin","date":"November 30, 2022","format":false,"excerpt":"","rel":"","context":"Similar post","block_context":{"text":"Similar post","link":""},"img":{"alt_text":"","src":"","width":0,"height":0},"classes":[]},{"id":29854,"url":"https:\/\/sakaba.mghosteur.com\/en\/product\/kojie-san-exfoliating-face-brush-for-perfect-skin\/","url_meta":{"origin":28338,"position":3},"title":"Kojie San Exfoliating Face Brush for Perfect Skin","author":"admin","date":"April 26, 2023","format":false,"excerpt":"D\u00e9couvrez la nouvelle brosse exfoliante pour le visage de Kojie San pour obtenir une peau parfaite. Fabriqu\u00e9e \u00e0 partir de silicone de qualit\u00e9 alimentaire et respectueuse de l'environnement, cette brosse exfoliante pour le visage est ultra-douce et efficace pour exfolier votre peau sans l'ab\u00eemer. Cette brosse nettoie, \u00e9limine l'apparence des\u2026","rel":"","context":"Similar post","block_context":{"text":"Similar post","link":""},"img":{"alt_text":"","src":"","width":0,"height":0},"classes":[]},{"id":33555,"url":"https:\/\/sakaba.mghosteur.com\/en\/product\/cala-facial-scrubber-2-pc\/","url_meta":{"origin":28338,"position":4},"title":"CALA FACIAL SCRUBBER 2 PC","author":"admin","date":"May 22, 2024","format":false,"excerpt":"","rel":"","context":"Similar post","block_context":{"text":"Similar post","link":""},"img":{"alt_text":"","src":"","width":0,"height":0},"classes":[]},{"id":33637,"url":"https:\/\/sakaba.mghosteur.com\/en\/product\/scala-beauty-body-slimmer-brush\/","url_meta":{"origin":28338,"position":5},"title":"Scala Beauty Body Slimmer Brush","author":"admin","date":"May 22, 2024","format":false,"excerpt":"","rel":"","context":"Similar post","block_context":{"text":"Similar post","link":""},"img":{"alt_text":"","src":"","width":0,"height":0},"classes":[]}],"_links":{"self":[{"href":"https:\/\/sakaba.mghosteur.com\/en\/wp-json\/wp\/v2\/product\/28338","targetHints":{"allow":["GET"]}}],"collection":[{"href":"https:\/\/sakaba.mghosteur.com\/en\/wp-json\/wp\/v2\/product"}],"about":[{"href":"https:\/\/sakaba.mghosteur.com\/en\/wp-json\/wp\/v2\/types\/product"}],"replies":[{"embeddable":true,"href":"https:\/\/sakaba.mghosteur.com\/en\/wp-json\/wp\/v2\/comments?post=28338"}],"version-history":[{"count":0,"href":"https:\/\/sakaba.mghosteur.com\/en\/wp-json\/wp\/v2\/product\/28338\/revisions"}],"wp:attachment":[{"href":"https:\/\/sakaba.mghosteur.com\/en\/wp-json\/wp\/v2\/media?parent=28338"}],"wp:term":[{"taxonomy":"product_brand","embeddable":true,"href":"https:\/\/sakaba.mghosteur.com\/en\/wp-json\/wp\/v2\/product_brand?post=28338"},{"taxonomy":"product_cat","embeddable":true,"href":"https:\/\/sakaba.mghosteur.com\/en\/wp-json\/wp\/v2\/product_cat?post=28338"},{"taxonomy":"product_tag","embeddable":true,"href":"https:\/\/sakaba.mghosteur.com\/en\/wp-json\/wp\/v2\/product_tag?post=28338"}],"curies":[{"name":"wp","href":"https:\/\/api.w.org\/{rel}","templated":true}]}}