{"id":28349,"date":"2022-11-30T11:20:49","date_gmt":"2022-11-30T11:20:49","guid":{"rendered":"http:\/\/www.sakababeauty.com\/?post_type=product&#038;p=28349"},"modified":"2022-11-30T11:20:50","modified_gmt":"2022-11-30T11:20:50","slug":"oral-b-sparkle-fun","status":"publish","type":"product","link":"https:\/\/sakaba.mghosteur.com\/en\/product\/oral-b-sparkle-fun\/","title":{"rendered":"ORAL B SPARKLE FUN"},"content":{"rendered":"","protected":false},"excerpt":{"rendered":"","protected":false},"featured_media":0,"comment_status":"closed","ping_status":"closed","template":"","meta":[],"product_brand":[],"product_cat":[749,287],"product_tag":[],"class_list":{"0":"post-28349","1":"product","2":"type-product","3":"status-publish","5":"product_cat-brosse-a-dent-pour-enfants","6":"product_cat-aag-bebe-enfant","8":"first","9":"instock","10":"shipping-taxable","11":"product-type-simple"},"jetpack-related-posts":[{"id":34408,"url":"https:\/\/sakaba.mghosteur.com\/en\/product\/oral-glutathione-placenta-maximum-strength\/","url_meta":{"origin":28349,"position":0},"title":"ORAL GLUTATHIONE &amp; PLACENTA MAXIMUM STRENGTH","author":"admin","date":"May 28, 2024","format":false,"excerpt":"","rel":"","context":"Similar post","block_context":{"text":"Similar post","link":""},"img":{"alt_text":"","src":"","width":0,"height":0},"classes":[]},{"id":34411,"url":"https:\/\/sakaba.mghosteur.com\/en\/product\/oral-vials-15000-advanced-glutathione-tangerine\/","url_meta":{"origin":28349,"position":1},"title":"ORAL VIALS 15000 ADVANCED GLUTATHIONE TANGERINE","author":"admin","date":"May 28, 2024","format":false,"excerpt":"","rel":"","context":"Similar post","block_context":{"text":"Similar post","link":""},"img":{"alt_text":"","src":"","width":0,"height":0},"classes":[]},{"id":29795,"url":"https:\/\/sakaba.mghosteur.com\/en\/product\/solgar-b-complex-100\/","url_meta":{"origin":28349,"position":2},"title":"SOLGAR B COMPLEX 100","author":"admin","date":"April 25, 2023","format":false,"excerpt":"D\u00e9couvrez les comprim\u00e9s \"100\" du complexe B de la marque Solgar pour vous aider \u00e0 maintenir un m\u00e9tabolisme \u00e9quilibr\u00e9 et une bonne sant\u00e9 globale. Chaque comprim\u00e9 contient une combinaison de vitamines B essentielles pour transformer les glucides, les lipides et les prot\u00e9ines en \u00e9nergie. Ce compl\u00e9ment alimentaire est destin\u00e9 aux\u2026","rel":"","context":"Similar post","block_context":{"text":"Similar post","link":""},"img":{"alt_text":"","src":"","width":0,"height":0},"classes":[]},{"id":34872,"url":"https:\/\/sakaba.mghosteur.com\/en\/product\/glow-recipe-watermelon-glow-p-h-a-b-h-a-pore-150ml\/","url_meta":{"origin":28349,"position":3},"title":"GLOW RECIPE WATERMELON GLOW P H A + B H A PORE 150ml","author":"admin","date":"June 3, 2024","format":false,"excerpt":"","rel":"","context":"Similar post","block_context":{"text":"Similar post","link":""},"img":{"alt_text":"","src":"","width":0,"height":0},"classes":[]},{"id":30014,"url":"https:\/\/sakaba.mghosteur.com\/en\/product\/satin-skinz-b-beau-vitamin-c-plus-capsule\/","url_meta":{"origin":28349,"position":4},"title":"SATIN SKINZ B BEAU VITAMIN C PLUS CAPSULE","author":"admin","date":"May 2, 2023","format":false,"excerpt":"D\u00e9couvrez la vitamine C Plus B'BEAU de Satin Skin pour une peau rayonnante et en sant\u00e9. Pour consommer, prenez 2 g\u00e9lules le matin en combinaison avec 1 g\u00e9lule de L-Glutathion B'BEAU. Pour des r\u00e9sultats optimaux, \u00e9vitez les boissons caf\u00e9in\u00e9es, gazeuses et alcoolis\u00e9es, ainsi que la cigarette, et optez plut\u00f4t pour\u2026","rel":"","context":"Similar post","block_context":{"text":"Similar post","link":""},"img":{"alt_text":"","src":"","width":0,"height":0},"classes":[]},{"id":30010,"url":"https:\/\/sakaba.mghosteur.com\/en\/product\/satin-skinz-b-beau-l-glutathione-500mg-capsule\/","url_meta":{"origin":28349,"position":5},"title":"SATIN SKINZ B BEAU L GLUTATHIONE 500MG CAPSULE","author":"admin","date":"May 2, 2023","format":false,"excerpt":"D\u00e9couvrez le B'beau L-Glutathion de Satin Skin, une g\u00e9lule qui aide \u00e0 am\u00e9liorer l'\u00e9tat de votre peau. Associ\u00e9 \u00e0 2 g\u00e9lules de B'beau Vitamine C Plus, ce compl\u00e9ment alimentaire est id\u00e9al pour votre routine matinale. Pour des r\u00e9sultats optimaux, \u00e9vitez la caf\u00e9ine, les boissons gazeuses, l'alcool, les cigarettes et adoptez\u2026","rel":"","context":"Similar post","block_context":{"text":"Similar post","link":""},"img":{"alt_text":"","src":"","width":0,"height":0},"classes":[]}],"_links":{"self":[{"href":"https:\/\/sakaba.mghosteur.com\/en\/wp-json\/wp\/v2\/product\/28349","targetHints":{"allow":["GET"]}}],"collection":[{"href":"https:\/\/sakaba.mghosteur.com\/en\/wp-json\/wp\/v2\/product"}],"about":[{"href":"https:\/\/sakaba.mghosteur.com\/en\/wp-json\/wp\/v2\/types\/product"}],"replies":[{"embeddable":true,"href":"https:\/\/sakaba.mghosteur.com\/en\/wp-json\/wp\/v2\/comments?post=28349"}],"version-history":[{"count":0,"href":"https:\/\/sakaba.mghosteur.com\/en\/wp-json\/wp\/v2\/product\/28349\/revisions"}],"wp:attachment":[{"href":"https:\/\/sakaba.mghosteur.com\/en\/wp-json\/wp\/v2\/media?parent=28349"}],"wp:term":[{"taxonomy":"product_brand","embeddable":true,"href":"https:\/\/sakaba.mghosteur.com\/en\/wp-json\/wp\/v2\/product_brand?post=28349"},{"taxonomy":"product_cat","embeddable":true,"href":"https:\/\/sakaba.mghosteur.com\/en\/wp-json\/wp\/v2\/product_cat?post=28349"},{"taxonomy":"product_tag","embeddable":true,"href":"https:\/\/sakaba.mghosteur.com\/en\/wp-json\/wp\/v2\/product_tag?post=28349"}],"curies":[{"name":"wp","href":"https:\/\/api.w.org\/{rel}","templated":true}]}}