{"id":28359,"date":"2022-11-30T11:26:00","date_gmt":"2022-11-30T11:26:00","guid":{"rendered":"http:\/\/www.sakababeauty.com\/?post_type=product&#038;p=28359"},"modified":"2022-11-30T11:26:01","modified_gmt":"2022-11-30T11:26:01","slug":"johnsons-head-to-toe","status":"publish","type":"product","link":"https:\/\/sakaba.mghosteur.com\/en\/product\/johnsons-head-to-toe\/","title":{"rendered":"JOHNSON&#8217;S Head-To-Toe"},"content":{"rendered":"","protected":false},"excerpt":{"rendered":"","protected":false},"featured_media":0,"comment_status":"closed","ping_status":"closed","template":"","meta":[],"product_brand":[],"product_cat":[447,374,287],"product_tag":[],"class_list":{"0":"post-28359","1":"product","2":"type-product","3":"status-publish","5":"product_cat-aac-bain-et-corps","6":"product_cat-corps-enfant","7":"product_cat-aag-bebe-enfant","9":"first","10":"instock","11":"shipping-taxable","12":"product-type-simple"},"jetpack-related-posts":[{"id":33777,"url":"https:\/\/sakaba.mghosteur.com\/en\/product\/johnsons-head-to-toe-moisturizing-baby-body-lotion\/","url_meta":{"origin":28359,"position":0},"title":"Johnson&#8217;s Head-to-Toe Moisturizing Baby Body Lotion","author":"admin","date":"May 23, 2024","format":false,"excerpt":"","rel":"","context":"Similar post","block_context":{"text":"Similar post","link":""},"img":{"alt_text":"","src":"","width":0,"height":0},"classes":[]},{"id":28385,"url":"https:\/\/sakaba.mghosteur.com\/en\/product\/baby-johnsons-head-to-toe-baby-wash-and-shampoo\/","url_meta":{"origin":28359,"position":1},"title":"Baby Johnson&#8217;s Head-To-Toe Baby Wash and Shampoo","author":"admin","date":"November 30, 2022","format":false,"excerpt":"","rel":"","context":"Similar post","block_context":{"text":"Similar post","link":""},"img":{"alt_text":"","src":"","width":0,"height":0},"classes":[]},{"id":33844,"url":"https:\/\/sakaba.mghosteur.com\/en\/product\/johnsons-head-to-toe-moisturizing-baby-body-lotion-2\/","url_meta":{"origin":28359,"position":2},"title":"Johnson&#8217;s Head-to-Toe Moisturizing Baby Body Lotion","author":"admin","date":"May 23, 2024","format":false,"excerpt":"","rel":"","context":"Similar post","block_context":{"text":"Similar post","link":""},"img":{"alt_text":"","src":"","width":0,"height":0},"classes":[]},{"id":33826,"url":"https:\/\/sakaba.mghosteur.com\/en\/product\/shampoo-and-conditioner-fresh-citrus\/","url_meta":{"origin":28359,"position":3},"title":"HEAD &amp; SHOULDERS SHAMPOO AND CONDITIONER FRESH CITRUS","author":"admin","date":"May 23, 2024","format":false,"excerpt":"Shampooing antipelliculaire 2 en 1 Head & Shoulders Citrus Fresh pour cheveux gras qui agit m\u00eame contre les pellicules persistantes. Un shampooing \u00e0 usage quotidien pour hommes et femmes, avec une formule Microbiome Balance qui cible la cause profonde des pellicules, maintenant un microbiome du cuir chevelu \u00e9quilibr\u00e9. Agit \u00e0\u2026","rel":"","context":"Similar post","block_context":{"text":"Similar post","link":""},"img":{"alt_text":"","src":"","width":0,"height":0},"classes":[]},{"id":34787,"url":"https:\/\/sakaba.mghosteur.com\/en\/product\/baby-cream-to-powder\/","url_meta":{"origin":28359,"position":4},"title":"BABY CREAM TO POWDER","author":"admin","date":"May 31, 2024","format":false,"excerpt":"","rel":"","context":"Similar post","block_context":{"text":"Similar post","link":""},"img":{"alt_text":"","src":"","width":0,"height":0},"classes":[]},{"id":34030,"url":"https:\/\/sakaba.mghosteur.com\/en\/product\/water-to-foam-shampoo\/","url_meta":{"origin":28359,"position":5},"title":"WATER TO FOAM SHAMPOO","author":"admin","date":"May 24, 2024","format":false,"excerpt":"","rel":"","context":"Similar post","block_context":{"text":"Similar post","link":""},"img":{"alt_text":"","src":"","width":0,"height":0},"classes":[]}],"_links":{"self":[{"href":"https:\/\/sakaba.mghosteur.com\/en\/wp-json\/wp\/v2\/product\/28359","targetHints":{"allow":["GET"]}}],"collection":[{"href":"https:\/\/sakaba.mghosteur.com\/en\/wp-json\/wp\/v2\/product"}],"about":[{"href":"https:\/\/sakaba.mghosteur.com\/en\/wp-json\/wp\/v2\/types\/product"}],"replies":[{"embeddable":true,"href":"https:\/\/sakaba.mghosteur.com\/en\/wp-json\/wp\/v2\/comments?post=28359"}],"version-history":[{"count":0,"href":"https:\/\/sakaba.mghosteur.com\/en\/wp-json\/wp\/v2\/product\/28359\/revisions"}],"wp:attachment":[{"href":"https:\/\/sakaba.mghosteur.com\/en\/wp-json\/wp\/v2\/media?parent=28359"}],"wp:term":[{"taxonomy":"product_brand","embeddable":true,"href":"https:\/\/sakaba.mghosteur.com\/en\/wp-json\/wp\/v2\/product_brand?post=28359"},{"taxonomy":"product_cat","embeddable":true,"href":"https:\/\/sakaba.mghosteur.com\/en\/wp-json\/wp\/v2\/product_cat?post=28359"},{"taxonomy":"product_tag","embeddable":true,"href":"https:\/\/sakaba.mghosteur.com\/en\/wp-json\/wp\/v2\/product_tag?post=28359"}],"curies":[{"name":"wp","href":"https:\/\/api.w.org\/{rel}","templated":true}]}}