{"id":28364,"date":"2022-11-30T11:27:53","date_gmt":"2022-11-30T11:27:53","guid":{"rendered":"http:\/\/www.sakababeauty.com\/?post_type=product&#038;p=28364"},"modified":"2022-11-30T11:27:53","modified_gmt":"2022-11-30T11:27:53","slug":"johnsons-baby-oil-shea-butter","status":"publish","type":"product","link":"https:\/\/sakaba.mghosteur.com\/en\/product\/johnsons-baby-oil-shea-butter\/","title":{"rendered":"JOHNSONS BABY OIL shea butter"},"content":{"rendered":"","protected":false},"excerpt":{"rendered":"","protected":false},"featured_media":0,"comment_status":"closed","ping_status":"closed","template":"","meta":[],"product_brand":[],"product_cat":[447,374,287],"product_tag":[],"class_list":{"0":"post-28364","1":"product","2":"type-product","3":"status-publish","5":"product_cat-aac-bain-et-corps","6":"product_cat-corps-enfant","7":"product_cat-aag-bebe-enfant","9":"first","10":"instock","11":"shipping-taxable","12":"product-type-simple"},"jetpack-related-posts":[{"id":26785,"url":"https:\/\/sakaba.mghosteur.com\/en\/product\/cantu-shea-butter-beard-oil\/","url_meta":{"origin":28364,"position":0},"title":"Cantu shea butter beard oil","author":"admin","date":"November 28, 2022","format":false,"excerpt":"","rel":"","context":"Similar post","block_context":{"text":"Similar post","link":""},"img":{"alt_text":"","src":"","width":0,"height":0},"classes":[]},{"id":25806,"url":"https:\/\/sakaba.mghosteur.com\/en\/product\/cantu-shea-butter-tea-tree-jojoba-hair-scalp-oil\/","url_meta":{"origin":28364,"position":1},"title":"Cantu Shea Butter Tea Tree &#038; Jojoba Hair &#038; Scalp Oil","author":"admin","date":"November 22, 2022","format":false,"excerpt":"","rel":"","context":"Similar post","block_context":{"text":"Similar post","link":""},"img":{"alt_text":"","src":"","width":0,"height":0},"classes":[]},{"id":31415,"url":"https:\/\/sakaba.mghosteur.com\/en\/product\/jergens-shea-butter-oil-infused-21-oz\/","url_meta":{"origin":28364,"position":2},"title":"JERGENS Shea butter Oil infused 21 oz","author":"admin","date":"May 10, 2024","format":false,"excerpt":"Am\u00e9liorant le teint, la texture et la luminosit\u00e9 de la peau, ce produit contient un m\u00e9lange \u00e9clairant unique. Il traite la s\u00e9cheresse \u00e0 la source tout en absorbant rapidement l\u2019humidit\u00e9. Infus\u00e9 d\u2019huile de beurre de karit\u00e9 africaine pure, sa formule r\u00e9v\u00e8le une peau visiblement douce et hydrat\u00e9e. Il gu\u00e9rit et\u2026","rel":"","context":"Similar post","block_context":{"text":"Similar post","link":""},"img":{"alt_text":"","src":"","width":0,"height":0},"classes":[]},{"id":33774,"url":"https:\/\/sakaba.mghosteur.com\/en\/product\/johnson-s-baby-cologne\/","url_meta":{"origin":28364,"position":3},"title":"JOHNSON S BABY COLOGNE","author":"admin","date":"May 23, 2024","format":false,"excerpt":"","rel":"","context":"Similar post","block_context":{"text":"Similar post","link":""},"img":{"alt_text":"","src":"","width":0,"height":0},"classes":[]},{"id":28260,"url":"https:\/\/sakaba.mghosteur.com\/en\/product\/johnsons-baby-soap-bar\/","url_meta":{"origin":28364,"position":4},"title":"JOHNSONS BABY SOAP BAR","author":"admin","date":"November 30, 2022","format":false,"excerpt":"","rel":"","context":"Similar post","block_context":{"text":"Similar post","link":""},"img":{"alt_text":"","src":"","width":0,"height":0},"classes":[]},{"id":33777,"url":"https:\/\/sakaba.mghosteur.com\/en\/product\/johnsons-head-to-toe-moisturizing-baby-body-lotion\/","url_meta":{"origin":28364,"position":5},"title":"Johnson&#8217;s Head-to-Toe Moisturizing Baby Body Lotion","author":"admin","date":"May 23, 2024","format":false,"excerpt":"","rel":"","context":"Similar post","block_context":{"text":"Similar post","link":""},"img":{"alt_text":"","src":"","width":0,"height":0},"classes":[]}],"_links":{"self":[{"href":"https:\/\/sakaba.mghosteur.com\/en\/wp-json\/wp\/v2\/product\/28364","targetHints":{"allow":["GET"]}}],"collection":[{"href":"https:\/\/sakaba.mghosteur.com\/en\/wp-json\/wp\/v2\/product"}],"about":[{"href":"https:\/\/sakaba.mghosteur.com\/en\/wp-json\/wp\/v2\/types\/product"}],"replies":[{"embeddable":true,"href":"https:\/\/sakaba.mghosteur.com\/en\/wp-json\/wp\/v2\/comments?post=28364"}],"version-history":[{"count":0,"href":"https:\/\/sakaba.mghosteur.com\/en\/wp-json\/wp\/v2\/product\/28364\/revisions"}],"wp:attachment":[{"href":"https:\/\/sakaba.mghosteur.com\/en\/wp-json\/wp\/v2\/media?parent=28364"}],"wp:term":[{"taxonomy":"product_brand","embeddable":true,"href":"https:\/\/sakaba.mghosteur.com\/en\/wp-json\/wp\/v2\/product_brand?post=28364"},{"taxonomy":"product_cat","embeddable":true,"href":"https:\/\/sakaba.mghosteur.com\/en\/wp-json\/wp\/v2\/product_cat?post=28364"},{"taxonomy":"product_tag","embeddable":true,"href":"https:\/\/sakaba.mghosteur.com\/en\/wp-json\/wp\/v2\/product_tag?post=28364"}],"curies":[{"name":"wp","href":"https:\/\/api.w.org\/{rel}","templated":true}]}}