{"id":28366,"date":"2022-11-30T11:29:07","date_gmt":"2022-11-30T11:29:07","guid":{"rendered":"http:\/\/www.sakababeauty.com\/?post_type=product&#038;p=28366"},"modified":"2023-04-12T12:28:11","modified_gmt":"2023-04-12T12:28:11","slug":"palmers-cocoa-butter-formula-baby-butter-with-cocao-butter-aloe","status":"publish","type":"product","link":"https:\/\/sakaba.mghosteur.com\/en\/product\/palmers-cocoa-butter-formula-baby-butter-with-cocao-butter-aloe\/","title":{"rendered":"Palmers Cocoa Butter Formula Baby Butter with cocao butter &#038; aloe"},"content":{"rendered":"<p>D\u00e9couvrez le Palmer&#8217;s Cocoa Butter Formula Baby Butter, une lotion douce quotidienne con\u00e7ue pour hydrater, adoucir et apaiser la peau d\u00e9licate de b\u00e9b\u00e9. Cette formule unique associe le beurre de cacao pur, la vitamine E, l&#8217;alo\u00e8s et des \u00e9mollients riches pour offrir une hydratation sup\u00e9rieure et aider \u00e0 pr\u00e9server la peau de b\u00e9b\u00e9 douce et lisse.<\/p>\n<p>Le beurre de cacao offre des propri\u00e9t\u00e9s apaisantes exceptionnelles, tandis que la vitamine E est un antioxydant naturel qui aide \u00e0 hydrater la peau. Cette lotion est \u00e9galement hypoallerg\u00e9nique et a \u00e9t\u00e9 test\u00e9e dermatologiquement pour assurer la s\u00e9curit\u00e9 de votre b\u00e9b\u00e9. En outre, elle ne contient ni paraben ni phtalate, pour une utilisation en toute s\u00e9curit\u00e9.<\/p>\n<p>Le Palmer&#8217;s Cocoa Butter Formula Baby Butter est con\u00e7u pour une absorption rapide, laissant la peau douce et lisse. Alors, prenez soin de la peau de votre b\u00e9b\u00e9 avec la lotion au beurre de cacao et \u00e0 l&#8217;alo\u00e8s Palmer&#8217;s Cocoa Butter Formula Baby Butter.<\/p>","protected":false},"excerpt":{"rendered":"<p>D\u00e9couvrez le Palmer&#8217;s Cocoa Butter Formula Baby Butter, une lotion douce quotidienne con\u00e7ue pour hydrater, adoucir et apaiser la peau d\u00e9licate de b\u00e9b\u00e9. Cette formule unique associe le beurre de cacao pur, la vitamine E, l&#8217;alo\u00e8s et des \u00e9mollients riches pour offrir une hydratation sup\u00e9rieure et aider \u00e0 pr\u00e9server la peau de b\u00e9b\u00e9 douce et<span class=\"read-more-faq\"><a href=\"https:\/\/sakaba.mghosteur.com\/en\/product\/palmers-cocoa-butter-formula-baby-butter-with-cocao-butter-aloe\/\">Read More<\/a><\/span><\/p>","protected":false},"featured_media":0,"comment_status":"closed","ping_status":"closed","template":"","meta":[],"product_brand":[],"product_cat":[374,287],"product_tag":[],"class_list":{"0":"post-28366","1":"product","2":"type-product","3":"status-publish","5":"product_cat-corps-enfant","6":"product_cat-aag-bebe-enfant","8":"first","9":"instock","10":"shipping-taxable","11":"product-type-simple"},"jetpack-related-posts":[{"id":28127,"url":"https:\/\/sakaba.mghosteur.com\/en\/product\/palmers-cocoa-butter-formula-with-vitamin-e-heals-softens-2\/","url_meta":{"origin":28366,"position":0},"title":"Palmers Cocoa Butter Body Lotion, Fragrance Free","author":"admin","date":"November 30, 2022","format":false,"excerpt":"D\u00e9couvrez la lotion corporelle sans parfum de la marque Palmer's, une solution efficace pour gu\u00e9rir et adoucir votre peau s\u00e8che et rugueuse. Cette lotion contient du beurre de cacao naturel et de la vitamine E, qui hydratent intens\u00e9ment votre peau pour une apparence plus saine. Avec une hydratation durable jusqu'\u00e0\u2026","rel":"","context":"Similar post","block_context":{"text":"Similar post","link":""},"img":{"alt_text":"","src":"","width":0,"height":0},"classes":[]},{"id":24414,"url":"https:\/\/sakaba.mghosteur.com\/en\/product\/palmers-cocoa-butter-formula-with-vitamin-e-heals-softens\/","url_meta":{"origin":28366,"position":1},"title":"Palmers Cocoa Butter Daily Skin Therapy","author":"admin","date":"November 10, 2022","format":false,"excerpt":"La lotion corporelle Daily Skin Therapy de Palmer's est le produit parfait pour prendre soin de votre peau s\u00e8che et rugueuse. Elle contient du beurre de cacao naturel et de la vitamine E, deux ingr\u00e9dients intens\u00e9ment hydratants qui gu\u00e9rissent et adoucissent votre peau pour lui donner une apparence plus saine.\u2026","rel":"","context":"Similar post","block_context":{"text":"Similar post","link":""},"img":{"alt_text":"","src":"","width":0,"height":0},"classes":[]},{"id":29644,"url":"https:\/\/sakaba.mghosteur.com\/en\/product\/palmers-cocoa-butter-formula-swivel-stick\/","url_meta":{"origin":28366,"position":2},"title":"Palmer&#8217;s Cocoa Butter Formula Swivel stick","author":"admin","date":"April 11, 2023","format":false,"excerpt":"D\u00e9couvrez le Swivel Stick de Palmer's, un b\u00e2ton hydratant multi-usage con\u00e7u pour adoucir et lisser les l\u00e8vres, les cuticules et la peau craquel\u00e9e. Infus\u00e9 avec du beurre de cacao naturel et de la vitamine E, ce produit offre une hydratation intense et une protection contre les ger\u00e7ures pendant 48 heures.\u2026","rel":"","context":"Similar post","block_context":{"text":"Similar post","link":""},"img":{"alt_text":"","src":"","width":0,"height":0},"classes":[]},{"id":29659,"url":"https:\/\/sakaba.mghosteur.com\/en\/product\/palmers-cocoa-butter-formula-cream-soap-bar\/","url_meta":{"origin":28366,"position":3},"title":"Palmers Cocoa Butter Formula Cream Soap Bar","author":"admin","date":"April 12, 2023","format":false,"excerpt":"D\u00e9couvrez le savon cr\u00e8me Palmer's, un produit exceptionnel pour prendre soin de votre peau en profondeur. Ce savon en barre hydratant est parfait pour une utilisation quotidienne sur tout le corps et le visage. Sa formule au beurre de cacao riche et moussante nettoie efficacement la peau sans la d\u00e9caper,\u2026","rel":"","context":"Similar post","block_context":{"text":"Similar post","link":""},"img":{"alt_text":"","src":"","width":0,"height":0},"classes":[]},{"id":24390,"url":"https:\/\/sakaba.mghosteur.com\/en\/product\/palmers-cocoa-butter-skin-therapy-oil\/","url_meta":{"origin":28366,"position":4},"title":"Palmers Cocoa Butter Skin Therapy Oil","author":"admin","date":"November 10, 2022","format":false,"excerpt":"D\u00e9couvrez l'huile de soin pour la peau au beurre de cacao avec vitamine E de Palmer's, un produit parfait pour tous les types de peau. Cette huile de beaut\u00e9 polyvalente pour le corps et le visage est formul\u00e9e pour aider \u00e0 am\u00e9liorer l'apparence des cicatrices, des vergetures, de la peau\u2026","rel":"","context":"Similar post","block_context":{"text":"Similar post","link":""},"img":{"alt_text":"","src":"","width":0,"height":0},"classes":[]},{"id":29721,"url":"https:\/\/sakaba.mghosteur.com\/en\/product\/palmers-moisturizes-softens-body-oil\/","url_meta":{"origin":28366,"position":5},"title":"PALMERS MOISTURIZES SOFTENS BODY OIL","author":"admin","date":"April 17, 2023","format":false,"excerpt":"D\u00e9couvrez l'huile corporelle hydratante de la marque Palmer's, formul\u00e9e pour adoucir et hydrater votre peau rugueuse et s\u00e8che. Avec des ingr\u00e9dients naturels tels que du beurre de cacao et de la vitamine E, cette huile vous offre jusqu'\u00e0 48 heures d'humidit\u00e9 pour une peau plus saine et radieuse. De plus,\u2026","rel":"","context":"Similar post","block_context":{"text":"Similar post","link":""},"img":{"alt_text":"","src":"","width":0,"height":0},"classes":[]}],"_links":{"self":[{"href":"https:\/\/sakaba.mghosteur.com\/en\/wp-json\/wp\/v2\/product\/28366","targetHints":{"allow":["GET"]}}],"collection":[{"href":"https:\/\/sakaba.mghosteur.com\/en\/wp-json\/wp\/v2\/product"}],"about":[{"href":"https:\/\/sakaba.mghosteur.com\/en\/wp-json\/wp\/v2\/types\/product"}],"replies":[{"embeddable":true,"href":"https:\/\/sakaba.mghosteur.com\/en\/wp-json\/wp\/v2\/comments?post=28366"}],"version-history":[{"count":0,"href":"https:\/\/sakaba.mghosteur.com\/en\/wp-json\/wp\/v2\/product\/28366\/revisions"}],"wp:attachment":[{"href":"https:\/\/sakaba.mghosteur.com\/en\/wp-json\/wp\/v2\/media?parent=28366"}],"wp:term":[{"taxonomy":"product_brand","embeddable":true,"href":"https:\/\/sakaba.mghosteur.com\/en\/wp-json\/wp\/v2\/product_brand?post=28366"},{"taxonomy":"product_cat","embeddable":true,"href":"https:\/\/sakaba.mghosteur.com\/en\/wp-json\/wp\/v2\/product_cat?post=28366"},{"taxonomy":"product_tag","embeddable":true,"href":"https:\/\/sakaba.mghosteur.com\/en\/wp-json\/wp\/v2\/product_tag?post=28366"}],"curies":[{"name":"wp","href":"https:\/\/api.w.org\/{rel}","templated":true}]}}