{"id":28377,"date":"2022-11-30T11:38:10","date_gmt":"2022-11-30T11:38:10","guid":{"rendered":"http:\/\/www.sakababeauty.com\/?post_type=product&#038;p=28377"},"modified":"2022-11-30T11:38:11","modified_gmt":"2022-11-30T11:38:11","slug":"pipette-eczema-lotion","status":"publish","type":"product","link":"https:\/\/sakaba.mghosteur.com\/en\/product\/pipette-eczema-lotion\/","title":{"rendered":"PIPETTE ECZEMA LOTION"},"content":{"rendered":"","protected":false},"excerpt":{"rendered":"","protected":false},"featured_media":0,"comment_status":"closed","ping_status":"closed","template":"","meta":[],"product_brand":[],"product_cat":[374,287],"product_tag":[],"class_list":{"0":"post-28377","1":"product","2":"type-product","3":"status-publish","5":"product_cat-corps-enfant","6":"product_cat-aag-bebe-enfant","8":"first","9":"instock","10":"shipping-taxable","11":"product-type-simple"},"jetpack-related-posts":[{"id":28374,"url":"https:\/\/sakaba.mghosteur.com\/en\/product\/pipette-baby-lotion\/","url_meta":{"origin":28377,"position":0},"title":"PIPETTE BABY LOTION","author":"admin","date":"November 30, 2022","format":false,"excerpt":"","rel":"","context":"Similar post","block_context":{"text":"Similar post","link":""},"img":{"alt_text":"","src":"","width":0,"height":0},"classes":[]},{"id":25507,"url":"https:\/\/sakaba.mghosteur.com\/en\/product\/gold-bond-eczema-relief-2-colloidal-oatmeal\/","url_meta":{"origin":28377,"position":1},"title":"GOLD BOND ECZEMA RELIEF 2% COLLOIDAL OATMEAL","author":"admin","date":"November 14, 2022","format":false,"excerpt":"D\u00e9couvrez la lotion m\u00e9dicamenteuse Gold Bond Anti-Ecz\u00e9ma, le choix num\u00e9ro un pour soulager les sympt\u00f4mes de l'ecz\u00e9ma. Cette lotion contient 2% d'avoine collo\u00efdale pour aider \u00e0 soulager les irritations et les d\u00e9mangeaisons mineures de la peau. La formule est enrichie de 7 hydratants nourrissants et de 3 vitamines, dont la\u2026","rel":"","context":"Similar post","block_context":{"text":"Similar post","link":""},"img":{"alt_text":"","src":"","width":0,"height":0},"classes":[]},{"id":28141,"url":"https:\/\/sakaba.mghosteur.com\/en\/product\/gold-bond-ultimate-healing-skin-therapy-lotion-14-oz-3\/","url_meta":{"origin":28377,"position":2},"title":"Gold Bond Ultimate Eczema relief, 14 oz","author":"admin","date":"November 30, 2022","format":false,"excerpt":"La cr\u00e8me\/lotion m\u00e9dicamenteuse Gold Bond Anti-ecz\u00e9ma est la solution id\u00e9ale pour soulager les sympt\u00f4mes de l'ecz\u00e9ma. Elle contient 2% d'avoine collo\u00efdale qui prot\u00e8ge et soulage temporairement les irritations cutan\u00e9es mineures et les d\u00e9mangeaisons caus\u00e9es par l'ecz\u00e9ma. La formule est enrichie de 7 hydratants nourrissants et 3 vitamines, dont la vitamine\u2026","rel":"","context":"Similar post","block_context":{"text":"Similar post","link":""},"img":{"alt_text":"","src":"","width":0,"height":0},"classes":[]},{"id":28103,"url":"https:\/\/sakaba.mghosteur.com\/en\/product\/cerave-baby-moisturizing-lotion\/","url_meta":{"origin":28377,"position":3},"title":"CERAVE BABY MOISTURIZING LOTION","author":"admin","date":"November 30, 2022","format":false,"excerpt":"La lotion hydratante pour b\u00e9b\u00e9 de la marque CeraVe est un choix id\u00e9al pour les parents \u00e0 la recherche d'une formule douce et efficace pour hydrater la peau de leur b\u00e9b\u00e9 tout en prot\u00e9geant sa barri\u00e8re cutan\u00e9e d\u00e9licate. D\u00e9velopp\u00e9e avec des dermatologues p\u00e9diatriques, cette lotion pour b\u00e9b\u00e9 est exempte de\u2026","rel":"","context":"Similar post","block_context":{"text":"Similar post","link":""},"img":{"alt_text":"","src":"","width":0,"height":0},"classes":[]},{"id":28119,"url":"https:\/\/sakaba.mghosteur.com\/en\/product\/cerave-baby-wash-shampoo\/","url_meta":{"origin":28377,"position":4},"title":"CERAVE BABY WASH &#038; shampoo","author":"admin","date":"November 30, 2022","format":false,"excerpt":"La lotion hydratante pour b\u00e9b\u00e9 de la marque CeraVe est sp\u00e9cialement con\u00e7ue pour la peau d\u00e9licate de votre tout-petit. Cette lotion est id\u00e9ale pour hydrater et nourrir la peau de b\u00e9b\u00e9 tout en maintenant une barri\u00e8re protectrice naturelle. Formul\u00e9e avec trois c\u00e9ramides essentiels, de l'acide hyaluronique et de la vitamine\u2026","rel":"","context":"Similar post","block_context":{"text":"Similar post","link":""},"img":{"alt_text":"","src":"","width":0,"height":0},"classes":[]},{"id":28127,"url":"https:\/\/sakaba.mghosteur.com\/en\/product\/palmers-cocoa-butter-formula-with-vitamin-e-heals-softens-2\/","url_meta":{"origin":28377,"position":5},"title":"Palmers Cocoa Butter Body Lotion, Fragrance Free","author":"admin","date":"November 30, 2022","format":false,"excerpt":"D\u00e9couvrez la lotion corporelle sans parfum de la marque Palmer's, une solution efficace pour gu\u00e9rir et adoucir votre peau s\u00e8che et rugueuse. Cette lotion contient du beurre de cacao naturel et de la vitamine E, qui hydratent intens\u00e9ment votre peau pour une apparence plus saine. Avec une hydratation durable jusqu'\u00e0\u2026","rel":"","context":"Similar post","block_context":{"text":"Similar post","link":""},"img":{"alt_text":"","src":"","width":0,"height":0},"classes":[]}],"_links":{"self":[{"href":"https:\/\/sakaba.mghosteur.com\/en\/wp-json\/wp\/v2\/product\/28377","targetHints":{"allow":["GET"]}}],"collection":[{"href":"https:\/\/sakaba.mghosteur.com\/en\/wp-json\/wp\/v2\/product"}],"about":[{"href":"https:\/\/sakaba.mghosteur.com\/en\/wp-json\/wp\/v2\/types\/product"}],"replies":[{"embeddable":true,"href":"https:\/\/sakaba.mghosteur.com\/en\/wp-json\/wp\/v2\/comments?post=28377"}],"version-history":[{"count":0,"href":"https:\/\/sakaba.mghosteur.com\/en\/wp-json\/wp\/v2\/product\/28377\/revisions"}],"wp:attachment":[{"href":"https:\/\/sakaba.mghosteur.com\/en\/wp-json\/wp\/v2\/media?parent=28377"}],"wp:term":[{"taxonomy":"product_brand","embeddable":true,"href":"https:\/\/sakaba.mghosteur.com\/en\/wp-json\/wp\/v2\/product_brand?post=28377"},{"taxonomy":"product_cat","embeddable":true,"href":"https:\/\/sakaba.mghosteur.com\/en\/wp-json\/wp\/v2\/product_cat?post=28377"},{"taxonomy":"product_tag","embeddable":true,"href":"https:\/\/sakaba.mghosteur.com\/en\/wp-json\/wp\/v2\/product_tag?post=28377"}],"curies":[{"name":"wp","href":"https:\/\/api.w.org\/{rel}","templated":true}]}}