{"id":28379,"date":"2022-11-30T11:42:26","date_gmt":"2022-11-30T11:42:26","guid":{"rendered":"http:\/\/www.sakababeauty.com\/?post_type=product&#038;p=28379"},"modified":"2022-11-30T11:42:26","modified_gmt":"2022-11-30T11:42:26","slug":"pipette-lave-in-detangler-sans-rincage","status":"publish","type":"product","link":"https:\/\/sakaba.mghosteur.com\/en\/product\/pipette-lave-in-detangler-sans-rincage\/","title":{"rendered":"PIPETTE LAVE IN DETANGLER SANS RINCAGE"},"content":{"rendered":"","protected":false},"excerpt":{"rendered":"","protected":false},"featured_media":0,"comment_status":"closed","ping_status":"closed","template":"","meta":[],"product_brand":[],"product_cat":[373,287],"product_tag":[],"class_list":{"0":"post-28379","1":"product","2":"type-product","3":"status-publish","5":"product_cat-cheveux-enfant","6":"product_cat-aag-bebe-enfant","8":"first","9":"instock","10":"shipping-taxable","11":"product-type-simple"},"jetpack-related-posts":[{"id":34322,"url":"https:\/\/sakaba.mghosteur.com\/en\/product\/as-i-am-born-curly-argan-leave-in-conditioner-detangler\/","url_meta":{"origin":28379,"position":0},"title":"AS I AM BORN CURLY  ARGAN LEAVE IN CONDITIONER &amp; DETANGLER","author":"admin","date":"May 28, 2024","format":false,"excerpt":"","rel":"","context":"Similar post","block_context":{"text":"Similar post","link":""},"img":{"alt_text":"","src":"","width":0,"height":0},"classes":[]},{"id":28293,"url":"https:\/\/sakaba.mghosteur.com\/en\/product\/cantu-care-for-kids-conditionner-detangler\/","url_meta":{"origin":28379,"position":1},"title":"Cantu Care For Kids Conditionner Detangler","author":"admin","date":"November 30, 2022","format":false,"excerpt":"","rel":"","context":"Similar post","block_context":{"text":"Similar post","link":""},"img":{"alt_text":"","src":"","width":0,"height":0},"classes":[]},{"id":33945,"url":"https:\/\/sakaba.mghosteur.com\/en\/product\/african-pride-dream-kids-olive-miracle-instant-moistirizing-detangler\/","url_meta":{"origin":28379,"position":2},"title":"African Pride Dream Kids Olive miracle Instant Moistirizing Detangler","author":"admin","date":"May 24, 2024","format":false,"excerpt":"Formul\u00e9 exclusivement pour les cheveux d\u00e9licats et le cuir chevelu sensible des enfants, l'huile hydratante d\u00e9m\u00ealante aide \u00e0 r\u00e9duire la casse tout en laissant les cheveux doux, hydrat\u00e9s et faciles \u00e0 coiffer.","rel":"","context":"Similar post","block_context":{"text":"Similar post","link":""},"img":{"alt_text":"","src":"","width":0,"height":0},"classes":[]},{"id":26110,"url":"https:\/\/sakaba.mghosteur.com\/en\/product\/mielle-white-peony-leave-in-conditioner\/","url_meta":{"origin":28379,"position":3},"title":"MIELLE WHITE PEONY LEAVE IN CONDITIONER","author":"admin","date":"November 24, 2022","format":false,"excerpt":"Ce revitalisant sans rin\u00e7age ultra hydratant \u00e0 la pivoine blanche est l\u00e9ger et contient des ingr\u00e9dients naturels et biologiques pour donner \u00e0 vos cheveux l'hydratation et la protection dont ils ont besoin. Il retient l'hydratation, lisse la tige capillaire, dompte les frisottis et les cheveux rebelles. Un excellent produit lorsqu'il\u2026","rel":"","context":"Similar post","block_context":{"text":"Similar post","link":""},"img":{"alt_text":"","src":"","width":0,"height":0},"classes":[]},{"id":28374,"url":"https:\/\/sakaba.mghosteur.com\/en\/product\/pipette-baby-lotion\/","url_meta":{"origin":28379,"position":4},"title":"PIPETTE BABY LOTION","author":"admin","date":"November 30, 2022","format":false,"excerpt":"","rel":"","context":"Similar post","block_context":{"text":"Similar post","link":""},"img":{"alt_text":"","src":"","width":0,"height":0},"classes":[]},{"id":28377,"url":"https:\/\/sakaba.mghosteur.com\/en\/product\/pipette-eczema-lotion\/","url_meta":{"origin":28379,"position":5},"title":"PIPETTE ECZEMA LOTION","author":"admin","date":"November 30, 2022","format":false,"excerpt":"","rel":"","context":"Similar post","block_context":{"text":"Similar post","link":""},"img":{"alt_text":"","src":"","width":0,"height":0},"classes":[]}],"_links":{"self":[{"href":"https:\/\/sakaba.mghosteur.com\/en\/wp-json\/wp\/v2\/product\/28379","targetHints":{"allow":["GET"]}}],"collection":[{"href":"https:\/\/sakaba.mghosteur.com\/en\/wp-json\/wp\/v2\/product"}],"about":[{"href":"https:\/\/sakaba.mghosteur.com\/en\/wp-json\/wp\/v2\/types\/product"}],"replies":[{"embeddable":true,"href":"https:\/\/sakaba.mghosteur.com\/en\/wp-json\/wp\/v2\/comments?post=28379"}],"version-history":[{"count":0,"href":"https:\/\/sakaba.mghosteur.com\/en\/wp-json\/wp\/v2\/product\/28379\/revisions"}],"wp:attachment":[{"href":"https:\/\/sakaba.mghosteur.com\/en\/wp-json\/wp\/v2\/media?parent=28379"}],"wp:term":[{"taxonomy":"product_brand","embeddable":true,"href":"https:\/\/sakaba.mghosteur.com\/en\/wp-json\/wp\/v2\/product_brand?post=28379"},{"taxonomy":"product_cat","embeddable":true,"href":"https:\/\/sakaba.mghosteur.com\/en\/wp-json\/wp\/v2\/product_cat?post=28379"},{"taxonomy":"product_tag","embeddable":true,"href":"https:\/\/sakaba.mghosteur.com\/en\/wp-json\/wp\/v2\/product_tag?post=28379"}],"curies":[{"name":"wp","href":"https:\/\/api.w.org\/{rel}","templated":true}]}}