{"id":28383,"date":"2022-11-30T11:45:10","date_gmt":"2022-11-30T11:45:10","guid":{"rendered":"http:\/\/www.sakababeauty.com\/?post_type=product&#038;p=28383"},"modified":"2022-11-30T11:45:10","modified_gmt":"2022-11-30T11:45:10","slug":"pipette-baby-balm","status":"publish","type":"product","link":"https:\/\/sakaba.mghosteur.com\/en\/product\/pipette-baby-balm\/","title":{"rendered":"PIPETTE BABY BALM"},"content":{"rendered":"","protected":false},"excerpt":{"rendered":"","protected":false},"featured_media":0,"comment_status":"closed","ping_status":"closed","template":"","meta":[],"product_brand":[],"product_cat":[391,374,287],"product_tag":[],"class_list":{"0":"post-28383","1":"product","2":"type-product","3":"status-publish","5":"product_cat-aae-bien-etre","6":"product_cat-corps-enfant","7":"product_cat-aag-bebe-enfant","9":"first","10":"instock","11":"shipping-taxable","12":"product-type-simple"},"jetpack-related-posts":[{"id":28374,"url":"https:\/\/sakaba.mghosteur.com\/en\/product\/pipette-baby-lotion\/","url_meta":{"origin":28383,"position":0},"title":"PIPETTE BABY LOTION","author":"admin","date":"November 30, 2022","format":false,"excerpt":"","rel":"","context":"Similar post","block_context":{"text":"Similar post","link":""},"img":{"alt_text":"","src":"","width":0,"height":0},"classes":[]},{"id":28368,"url":"https:\/\/sakaba.mghosteur.com\/en\/product\/pipette-baby-shampoowash\/","url_meta":{"origin":28383,"position":1},"title":"PIPETTE BABY SHAMPOO+WASH","author":"admin","date":"November 30, 2022","format":false,"excerpt":"","rel":"","context":"Similar post","block_context":{"text":"Similar post","link":""},"img":{"alt_text":"","src":"","width":0,"height":0},"classes":[]},{"id":28370,"url":"https:\/\/sakaba.mghosteur.com\/en\/product\/pipette-baby-wipes-lingettes-bebes\/","url_meta":{"origin":28383,"position":2},"title":"PIPETTE BABY WIPES LINGETTES BEBES","author":"admin","date":"November 30, 2022","format":false,"excerpt":"","rel":"","context":"Similar post","block_context":{"text":"Similar post","link":""},"img":{"alt_text":"","src":"","width":0,"height":0},"classes":[]},{"id":34787,"url":"https:\/\/sakaba.mghosteur.com\/en\/product\/baby-cream-to-powder\/","url_meta":{"origin":28383,"position":3},"title":"BABY CREAM TO POWDER","author":"admin","date":"May 31, 2024","format":false,"excerpt":"","rel":"","context":"Similar post","block_context":{"text":"Similar post","link":""},"img":{"alt_text":"","src":"","width":0,"height":0},"classes":[]},{"id":33507,"url":"https:\/\/sakaba.mghosteur.com\/en\/product\/aveeno-baby-eczema-therapy-nighttime-balm\/","url_meta":{"origin":28383,"position":4},"title":"Aveeno Baby Eczema Therapy NIGHTTIME BALM","author":"admin","date":"May 22, 2024","format":false,"excerpt":"Le baume de nuit Aveeno Baby Eczema Therapy aide \u00e0 apaiser la peau s\u00e8che et qui d\u00e9mange de votre tout-petit pour un soulagement efficace de l'ecz\u00e9ma du b\u00e9b\u00e9 et une hydratation longue dur\u00e9e pendant la nuit. Suffisamment doux pour une utilisation quotidienne sur la peau sensible des b\u00e9b\u00e9s, ce baume\u2026","rel":"","context":"Similar post","block_context":{"text":"Similar post","link":""},"img":{"alt_text":"","src":"","width":0,"height":0},"classes":[]},{"id":28377,"url":"https:\/\/sakaba.mghosteur.com\/en\/product\/pipette-eczema-lotion\/","url_meta":{"origin":28383,"position":5},"title":"PIPETTE ECZEMA LOTION","author":"admin","date":"November 30, 2022","format":false,"excerpt":"","rel":"","context":"Similar post","block_context":{"text":"Similar post","link":""},"img":{"alt_text":"","src":"","width":0,"height":0},"classes":[]}],"_links":{"self":[{"href":"https:\/\/sakaba.mghosteur.com\/en\/wp-json\/wp\/v2\/product\/28383","targetHints":{"allow":["GET"]}}],"collection":[{"href":"https:\/\/sakaba.mghosteur.com\/en\/wp-json\/wp\/v2\/product"}],"about":[{"href":"https:\/\/sakaba.mghosteur.com\/en\/wp-json\/wp\/v2\/types\/product"}],"replies":[{"embeddable":true,"href":"https:\/\/sakaba.mghosteur.com\/en\/wp-json\/wp\/v2\/comments?post=28383"}],"version-history":[{"count":0,"href":"https:\/\/sakaba.mghosteur.com\/en\/wp-json\/wp\/v2\/product\/28383\/revisions"}],"wp:attachment":[{"href":"https:\/\/sakaba.mghosteur.com\/en\/wp-json\/wp\/v2\/media?parent=28383"}],"wp:term":[{"taxonomy":"product_brand","embeddable":true,"href":"https:\/\/sakaba.mghosteur.com\/en\/wp-json\/wp\/v2\/product_brand?post=28383"},{"taxonomy":"product_cat","embeddable":true,"href":"https:\/\/sakaba.mghosteur.com\/en\/wp-json\/wp\/v2\/product_cat?post=28383"},{"taxonomy":"product_tag","embeddable":true,"href":"https:\/\/sakaba.mghosteur.com\/en\/wp-json\/wp\/v2\/product_tag?post=28383"}],"curies":[{"name":"wp","href":"https:\/\/api.w.org\/{rel}","templated":true}]}}