{"id":28385,"date":"2022-11-30T11:46:48","date_gmt":"2022-11-30T11:46:48","guid":{"rendered":"http:\/\/www.sakababeauty.com\/?post_type=product&#038;p=28385"},"modified":"2024-09-02T04:25:16","modified_gmt":"2024-09-02T04:25:16","slug":"baby-johnsons-head-to-toe-baby-wash-and-shampoo","status":"publish","type":"product","link":"https:\/\/sakaba.mghosteur.com\/en\/product\/baby-johnsons-head-to-toe-baby-wash-and-shampoo\/","title":{"rendered":"Baby Johnson&#8217;s Head-To-Toe Baby Wash and Shampoo"},"content":{"rendered":"","protected":false},"excerpt":{"rendered":"","protected":false},"featured_media":0,"comment_status":"closed","ping_status":"closed","template":"","meta":[],"product_brand":[],"product_cat":[374,287],"product_tag":[],"class_list":{"0":"post-28385","1":"product","2":"type-product","3":"status-publish","5":"product_cat-corps-enfant","6":"product_cat-aag-bebe-enfant","8":"first","9":"instock","10":"shipping-taxable","11":"product-type-simple"},"jetpack-related-posts":[{"id":33777,"url":"https:\/\/sakaba.mghosteur.com\/en\/product\/johnsons-head-to-toe-moisturizing-baby-body-lotion\/","url_meta":{"origin":28385,"position":0},"title":"Johnson&#8217;s Head-to-Toe Moisturizing Baby Body Lotion","author":"admin","date":"May 23, 2024","format":false,"excerpt":"","rel":"","context":"Similar post","block_context":{"text":"Similar post","link":""},"img":{"alt_text":"","src":"","width":0,"height":0},"classes":[]},{"id":33844,"url":"https:\/\/sakaba.mghosteur.com\/en\/product\/johnsons-head-to-toe-moisturizing-baby-body-lotion-2\/","url_meta":{"origin":28385,"position":1},"title":"Johnson&#8217;s Head-to-Toe Moisturizing Baby Body Lotion","author":"admin","date":"May 23, 2024","format":false,"excerpt":"","rel":"","context":"Similar post","block_context":{"text":"Similar post","link":""},"img":{"alt_text":"","src":"","width":0,"height":0},"classes":[]},{"id":28109,"url":"https:\/\/sakaba.mghosteur.com\/en\/product\/cetaphil-baby-wash-shampoo\/","url_meta":{"origin":28385,"position":2},"title":"CETAPHIL baby wash &#038; shampoo","author":"admin","date":"November 30, 2022","format":false,"excerpt":"","rel":"","context":"Similar post","block_context":{"text":"Similar post","link":""},"img":{"alt_text":"","src":"","width":0,"height":0},"classes":[]},{"id":28083,"url":"https:\/\/sakaba.mghosteur.com\/en\/product\/eucerin-baby-wash-shampoo\/","url_meta":{"origin":28385,"position":3},"title":"EUCERIN BABY WASH &amp; SHAMPOO","author":"admin","date":"November 30, 2022","format":false,"excerpt":"La formule est enrichie en provitamine B5 et en beurre de karit\u00e9 naturel pour aider \u00e0 nourrir et apaiser la peau et les cheveux d\u00e9licats de b\u00e9b\u00e9. Eucerin Baby Wash & Shampoo est une formule 2 en 1 qui peut \u00eatre utilis\u00e9e sur la peau et les cheveux de b\u00e9b\u00e9\u2026","rel":"","context":"Similar post","block_context":{"text":"Similar post","link":""},"img":{"alt_text":"","src":"","width":0,"height":0},"classes":[]},{"id":33513,"url":"https:\/\/sakaba.mghosteur.com\/en\/product\/aveeno-baby-wash-shampoo-gm-976ml\/","url_meta":{"origin":28385,"position":4},"title":"AVEENO baby wash &amp; shampoo 976ml","author":"admin","date":"May 22, 2024","format":false,"excerpt":"Aveeno Baby Wash & Shampoo est un bain et shampooing 2 en 1 qui nettoie en douceur la peau et les cheveux des b\u00e9b\u00e9s sans les dess\u00e9cher. Il est fabriqu\u00e9 \u00e0 partir d'extrait d'avoine naturel pour apaiser et nourrir la peau d\u00e9licate. Ce shampooing est recommand\u00e9 par les p\u00e9diatres et\u2026","rel":"","context":"Similar post","block_context":{"text":"Similar post","link":""},"img":{"alt_text":"","src":"","width":0,"height":0},"classes":[]},{"id":28281,"url":"https:\/\/sakaba.mghosteur.com\/en\/product\/aveeno-baby-washshampoo-pm-352ml\/","url_meta":{"origin":28385,"position":5},"title":"AVEENO baby wash &amp; shampoo 352ml","author":"admin","date":"November 30, 2022","format":false,"excerpt":"Aveeno Baby Wash & Shampoo est un bain et shampooing 2 en 1 qui nettoie en douceur la peau et les cheveux des b\u00e9b\u00e9s sans les dess\u00e9cher. Il est fabriqu\u00e9 \u00e0 partir d'extrait d'avoine naturel pour apaiser et nourrir la peau d\u00e9licate. Ce shampooing est recommand\u00e9 par les p\u00e9diatres et\u2026","rel":"","context":"Similar post","block_context":{"text":"Similar post","link":""},"img":{"alt_text":"","src":"","width":0,"height":0},"classes":[]}],"_links":{"self":[{"href":"https:\/\/sakaba.mghosteur.com\/en\/wp-json\/wp\/v2\/product\/28385","targetHints":{"allow":["GET"]}}],"collection":[{"href":"https:\/\/sakaba.mghosteur.com\/en\/wp-json\/wp\/v2\/product"}],"about":[{"href":"https:\/\/sakaba.mghosteur.com\/en\/wp-json\/wp\/v2\/types\/product"}],"replies":[{"embeddable":true,"href":"https:\/\/sakaba.mghosteur.com\/en\/wp-json\/wp\/v2\/comments?post=28385"}],"version-history":[{"count":0,"href":"https:\/\/sakaba.mghosteur.com\/en\/wp-json\/wp\/v2\/product\/28385\/revisions"}],"wp:attachment":[{"href":"https:\/\/sakaba.mghosteur.com\/en\/wp-json\/wp\/v2\/media?parent=28385"}],"wp:term":[{"taxonomy":"product_brand","embeddable":true,"href":"https:\/\/sakaba.mghosteur.com\/en\/wp-json\/wp\/v2\/product_brand?post=28385"},{"taxonomy":"product_cat","embeddable":true,"href":"https:\/\/sakaba.mghosteur.com\/en\/wp-json\/wp\/v2\/product_cat?post=28385"},{"taxonomy":"product_tag","embeddable":true,"href":"https:\/\/sakaba.mghosteur.com\/en\/wp-json\/wp\/v2\/product_tag?post=28385"}],"curies":[{"name":"wp","href":"https:\/\/api.w.org\/{rel}","templated":true}]}}