{"id":28387,"date":"2022-11-30T11:51:41","date_gmt":"2022-11-30T11:51:41","guid":{"rendered":"http:\/\/www.sakababeauty.com\/?post_type=product&#038;p=28387"},"modified":"2024-06-07T00:10:26","modified_gmt":"2024-06-07T00:10:26","slug":"aquaphor-healing-ointment-advanced-therapy-2","status":"publish","type":"product","link":"https:\/\/sakaba.mghosteur.com\/en\/product\/aquaphor-healing-ointment-advanced-therapy-2\/","title":{"rendered":"AQUAPHOR HEALING OINTMENT ADVANCED THERAPY"},"content":{"rendered":"","protected":false},"excerpt":{"rendered":"","protected":false},"featured_media":0,"comment_status":"closed","ping_status":"closed","template":"","meta":[],"product_brand":[],"product_cat":[374,287],"product_tag":[],"class_list":{"0":"post-28387","1":"product","2":"type-product","3":"status-publish","5":"product_cat-corps-enfant","6":"product_cat-aag-bebe-enfant","8":"first","9":"instock","10":"shipping-taxable","11":"product-type-simple"},"jetpack-related-posts":[{"id":24216,"url":"https:\/\/sakaba.mghosteur.com\/en\/product\/aquaphor-healing-ointment-advanced-therapy\/","url_meta":{"origin":28387,"position":0},"title":"AQUAPHOR HEALING OINTMENT ADVANCED THERAPY","author":"admin","date":"November 9, 2022","format":false,"excerpt":"","rel":"","context":"Similar post","block_context":{"text":"Similar post","link":""},"img":{"alt_text":"","src":"","width":0,"height":0},"classes":[]},{"id":23887,"url":"https:\/\/sakaba.mghosteur.com\/en\/product\/cerave-healing-ointment\/","url_meta":{"origin":28387,"position":1},"title":"CERAVE  HEALING OINTMENT","author":"admin","date":"November 9, 2022","format":false,"excerpt":"","rel":"","context":"Similar post","block_context":{"text":"Similar post","link":""},"img":{"alt_text":"","src":"","width":0,"height":0},"classes":[]},{"id":23899,"url":"https:\/\/sakaba.mghosteur.com\/en\/product\/cerave-healing-ointment-2\/","url_meta":{"origin":28387,"position":2},"title":"CERAVE HEALING OINTMENT","author":"admin","date":"November 9, 2022","format":false,"excerpt":"","rel":"","context":"Similar post","block_context":{"text":"Similar post","link":""},"img":{"alt_text":"","src":"","width":0,"height":0},"classes":[]},{"id":24185,"url":"https:\/\/sakaba.mghosteur.com\/en\/product\/cerave-healing-ointment-10g\/","url_meta":{"origin":28387,"position":3},"title":"CERAVE HEALING OINTMENT 10G","author":"admin","date":"November 9, 2022","format":false,"excerpt":"La pommade cicatrisante CeraVe est une solution efficace pour les personnes ayant une peau extr\u00eamement s\u00e8che, craquel\u00e9e ou irrit\u00e9e. Cette formule unique, d\u00e9velopp\u00e9e avec des dermatologues, contient de l'acide hyaluronique pour une hydratation suppl\u00e9mentaire. Elle est formul\u00e9e avec trois c\u00e9ramides essentiels (1, 3, 6-II) pour aider \u00e0 restaurer et \u00e0\u2026","rel":"","context":"Similar post","block_context":{"text":"Similar post","link":""},"img":{"alt_text":"","src":"","width":0,"height":0},"classes":[]},{"id":24041,"url":"https:\/\/sakaba.mghosteur.com\/en\/product\/lubriderm-advanced-therapy-moisturizing-lotion\/","url_meta":{"origin":28387,"position":4},"title":"Lubriderm Advanced Therapy Moisturizing Lotion","author":"admin","date":"November 9, 2022","format":false,"excerpt":"","rel":"","context":"Similar post","block_context":{"text":"Similar post","link":""},"img":{"alt_text":"","src":"","width":0,"height":0},"classes":[]},{"id":27065,"url":"https:\/\/sakaba.mghosteur.com\/en\/product\/sugar-lip-wonder-drops-advanced-therapy\/","url_meta":{"origin":28387,"position":5},"title":"SUGAR LIP WONDER DROPS ADVANCED THERAPY","author":"admin","date":"November 28, 2022","format":false,"excerpt":"","rel":"","context":"Similar post","block_context":{"text":"Similar post","link":""},"img":{"alt_text":"","src":"","width":0,"height":0},"classes":[]}],"_links":{"self":[{"href":"https:\/\/sakaba.mghosteur.com\/en\/wp-json\/wp\/v2\/product\/28387","targetHints":{"allow":["GET"]}}],"collection":[{"href":"https:\/\/sakaba.mghosteur.com\/en\/wp-json\/wp\/v2\/product"}],"about":[{"href":"https:\/\/sakaba.mghosteur.com\/en\/wp-json\/wp\/v2\/types\/product"}],"replies":[{"embeddable":true,"href":"https:\/\/sakaba.mghosteur.com\/en\/wp-json\/wp\/v2\/comments?post=28387"}],"version-history":[{"count":0,"href":"https:\/\/sakaba.mghosteur.com\/en\/wp-json\/wp\/v2\/product\/28387\/revisions"}],"wp:attachment":[{"href":"https:\/\/sakaba.mghosteur.com\/en\/wp-json\/wp\/v2\/media?parent=28387"}],"wp:term":[{"taxonomy":"product_brand","embeddable":true,"href":"https:\/\/sakaba.mghosteur.com\/en\/wp-json\/wp\/v2\/product_brand?post=28387"},{"taxonomy":"product_cat","embeddable":true,"href":"https:\/\/sakaba.mghosteur.com\/en\/wp-json\/wp\/v2\/product_cat?post=28387"},{"taxonomy":"product_tag","embeddable":true,"href":"https:\/\/sakaba.mghosteur.com\/en\/wp-json\/wp\/v2\/product_tag?post=28387"}],"curies":[{"name":"wp","href":"https:\/\/api.w.org\/{rel}","templated":true}]}}