{"id":28390,"date":"2022-11-30T13:11:26","date_gmt":"2022-11-30T13:11:26","guid":{"rendered":"http:\/\/www.sakababeauty.com\/?post_type=product&#038;p=28390"},"modified":"2022-11-30T13:11:27","modified_gmt":"2022-11-30T13:11:27","slug":"diesel-only-the-brave-coffret-eau-de-toilette-spray","status":"publish","type":"product","link":"https:\/\/sakaba.mghosteur.com\/en\/product\/diesel-only-the-brave-coffret-eau-de-toilette-spray\/","title":{"rendered":"DIESEL ONLY THE BRAVE COFFRET EAU DE TOILETTE SPRAY"},"content":{"rendered":"","protected":false},"excerpt":{"rendered":"","protected":false},"featured_media":0,"comment_status":"closed","ping_status":"closed","template":"","meta":[],"product_brand":[],"product_cat":[288,375,283],"product_tag":[],"class_list":{"0":"post-28390","1":"product","2":"type-product","3":"status-publish","5":"product_cat-aaf-homme","6":"product_cat-parfum-homme","7":"product_cat-aah-parfums","9":"first","10":"instock","11":"shipping-taxable","12":"product-type-simple"},"jetpack-related-posts":[{"id":28163,"url":"https:\/\/sakaba.mghosteur.com\/en\/product\/kenneth-cole-coffret-eau-de-toilette-spray\/","url_meta":{"origin":28390,"position":0},"title":"KENNETH COLE COFFRET EAU DE TOILETTE SPRAY","author":"admin","date":"November 30, 2022","format":false,"excerpt":"","rel":"","context":"Similar post","block_context":{"text":"Similar post","link":""},"img":{"alt_text":"","src":"","width":0,"height":0},"classes":[]},{"id":28393,"url":"https:\/\/sakaba.mghosteur.com\/en\/product\/vince-camuto-homme-coffret-eau-de-toilette-spray\/","url_meta":{"origin":28390,"position":1},"title":"VINCE CAMUTO HOMME COFFRET EAU DE TOILETTE SPRAY","author":"admin","date":"November 30, 2022","format":false,"excerpt":"","rel":"","context":"Similar post","block_context":{"text":"Similar post","link":""},"img":{"alt_text":"","src":"","width":0,"height":0},"classes":[]},{"id":28399,"url":"https:\/\/sakaba.mghosteur.com\/en\/product\/kenneth-cole-vintage-black-eau-de-toilette-spray\/","url_meta":{"origin":28390,"position":2},"title":"KENNETH COLE VINTAGE BLACK EAU DE TOILETTE SPRAY","author":"admin","date":"November 30, 2022","format":false,"excerpt":"","rel":"","context":"Similar post","block_context":{"text":"Similar post","link":""},"img":{"alt_text":"","src":"","width":0,"height":0},"classes":[]},{"id":28194,"url":"https:\/\/sakaba.mghosteur.com\/en\/product\/tommy-bahama-coffret-eau-de-cologne-spray\/","url_meta":{"origin":28390,"position":3},"title":"TOMMY BAHAMA COFFRET EAU DE COLOGNE SPRAY","author":"admin","date":"November 30, 2022","format":false,"excerpt":"","rel":"","context":"Similar post","block_context":{"text":"Similar post","link":""},"img":{"alt_text":"","src":"","width":0,"height":0},"classes":[]},{"id":28402,"url":"https:\/\/sakaba.mghosteur.com\/en\/product\/chrome-azzaro-eau-de-toilette\/","url_meta":{"origin":28390,"position":4},"title":"CHROME AZZARO EAU DE TOILETTE","author":"admin","date":"November 30, 2022","format":false,"excerpt":"","rel":"","context":"Similar post","block_context":{"text":"Similar post","link":""},"img":{"alt_text":"","src":"","width":0,"height":0},"classes":[]},{"id":29139,"url":"https:\/\/sakaba.mghosteur.com\/en\/product\/the-inkey-list-coffret-winter-skin-101\/","url_meta":{"origin":28390,"position":5},"title":"THE INKEY LIST COFFRET WINTER SKIN 101","author":"admin","date":"March 15, 2023","format":false,"excerpt":"L'ensemble INKEY List Winter Skin 101 de la marque THE INKEY LIST est la solution parfaite pour les peaux s\u00e8ches et hivernales qui ont besoin d'\u00eatre chouchout\u00e9es. Ce kit complet en 4 \u00e9tapes vous offre des produits en taille r\u00e9elle pour une peau renouvel\u00e9e et hydrat\u00e9e. Le Baume nettoyant \u00e0\u2026","rel":"","context":"Similar post","block_context":{"text":"Similar post","link":""},"img":{"alt_text":"","src":"","width":0,"height":0},"classes":[]}],"_links":{"self":[{"href":"https:\/\/sakaba.mghosteur.com\/en\/wp-json\/wp\/v2\/product\/28390","targetHints":{"allow":["GET"]}}],"collection":[{"href":"https:\/\/sakaba.mghosteur.com\/en\/wp-json\/wp\/v2\/product"}],"about":[{"href":"https:\/\/sakaba.mghosteur.com\/en\/wp-json\/wp\/v2\/types\/product"}],"replies":[{"embeddable":true,"href":"https:\/\/sakaba.mghosteur.com\/en\/wp-json\/wp\/v2\/comments?post=28390"}],"version-history":[{"count":0,"href":"https:\/\/sakaba.mghosteur.com\/en\/wp-json\/wp\/v2\/product\/28390\/revisions"}],"wp:attachment":[{"href":"https:\/\/sakaba.mghosteur.com\/en\/wp-json\/wp\/v2\/media?parent=28390"}],"wp:term":[{"taxonomy":"product_brand","embeddable":true,"href":"https:\/\/sakaba.mghosteur.com\/en\/wp-json\/wp\/v2\/product_brand?post=28390"},{"taxonomy":"product_cat","embeddable":true,"href":"https:\/\/sakaba.mghosteur.com\/en\/wp-json\/wp\/v2\/product_cat?post=28390"},{"taxonomy":"product_tag","embeddable":true,"href":"https:\/\/sakaba.mghosteur.com\/en\/wp-json\/wp\/v2\/product_tag?post=28390"}],"curies":[{"name":"wp","href":"https:\/\/api.w.org\/{rel}","templated":true}]}}