{"id":28396,"date":"2022-11-30T13:14:16","date_gmt":"2022-11-30T13:14:16","guid":{"rendered":"http:\/\/www.sakababeauty.com\/?post_type=product&#038;p=28396"},"modified":"2022-11-30T13:14:16","modified_gmt":"2022-11-30T13:14:16","slug":"jean-paul-gaultier-eau-de-parfum-intense","status":"publish","type":"product","link":"https:\/\/sakaba.mghosteur.com\/en\/product\/jean-paul-gaultier-eau-de-parfum-intense\/","title":{"rendered":"JEAN PAUL GAULTIER EAU DE PARFUM INTENSE"},"content":{"rendered":"","protected":false},"excerpt":{"rendered":"","protected":false},"featured_media":0,"comment_status":"closed","ping_status":"closed","template":"","meta":[],"product_brand":[],"product_cat":[288,375,283],"product_tag":[],"class_list":{"0":"post-28396","1":"product","2":"type-product","3":"status-publish","5":"product_cat-aaf-homme","6":"product_cat-parfum-homme","7":"product_cat-aah-parfums","9":"first","10":"instock","11":"shipping-taxable","12":"product-type-simple"},"jetpack-related-posts":[{"id":28166,"url":"https:\/\/sakaba.mghosteur.com\/en\/product\/azzaro-the-most-wanted-eau-de-parfum-intense\/","url_meta":{"origin":28396,"position":0},"title":"AZZARO THE MOST WANTED EAU DE PARFUM INTENSE","author":"admin","date":"November 30, 2022","format":false,"excerpt":"","rel":"","context":"Similar post","block_context":{"text":"Similar post","link":""},"img":{"alt_text":"","src":"","width":0,"height":0},"classes":[]},{"id":26627,"url":"https:\/\/sakaba.mghosteur.com\/en\/product\/alpha-intensive-renewal-serum-14-glycolic-aha\/","url_meta":{"origin":28396,"position":1},"title":"ALPHA INTENSIVE RENEWAL SERUM 14% GLYCOLIC AHA","author":"admin","date":"November 28, 2022","format":false,"excerpt":"Le s\u00e9rum r\u00e9g\u00e9n\u00e9rant intensif Alpha Skin Care 14 % Glycolic AHA est un traitement liquide \u00e0 usage hebdomadaire tr\u00e8s puissant qui contient un m\u00e9lange unique d'acide glycolique et d'antioxydants pour une exfoliation intensive. Il s'agit d'un liquide l\u00e9ger comme de l'eau qui convient \u00e0 tous les types de peau et\u2026","rel":"","context":"Similar post","block_context":{"text":"Similar post","link":""},"img":{"alt_text":"","src":"","width":0,"height":0},"classes":[]},{"id":56144,"url":"https:\/\/sakaba.mghosteur.com\/en\/product\/anua-rice-70-glow-milky-toner\/","url_meta":{"origin":28396,"position":2},"title":"Anua Rice 70 Glow Milky Toner","author":"Sope DIA","date":"January 2, 2026","format":false,"excerpt":"LOTION TONIQUE LAIT\u00c9E L\u00c9G\u00c8RE POUR UNE PEAU DE VERRE : Offre une hydratation intense gr\u00e2ce \u00e0 un m\u00e9lange d'eau de riz, de niacinamide et de c\u00e9ramides, tout en laissant un fini rafra\u00eechissant et non collant pour une peau de verre. EAU DE RIZ ET NIACINAMIDE POUR HYDRATER : Contient 70\u2026","rel":"","context":"Similar post","block_context":{"text":"Similar post","link":""},"img":{"alt_text":"","src":"","width":0,"height":0},"classes":[]},{"id":24134,"url":"https:\/\/sakaba.mghosteur.com\/en\/product\/jergens-hydrating-coconut\/","url_meta":{"origin":28396,"position":3},"title":"JERGENS HYDRATING COCONUT","author":"admin","date":"November 9, 2022","format":false,"excerpt":"D\u00e9couvrez la lotion hydratante pour les mains et le corps \u00e0 la noix de coco de Jergens de la marque Satin Skin ! Cette lotion est impr\u00e9gn\u00e9e d'huile pour une hydratation instantan\u00e9e et intense de votre peau. Gr\u00e2ce \u00e0 la combinaison unique d'eau de coco et d'huile de coco, cette\u2026","rel":"","context":"Similar post","block_context":{"text":"Similar post","link":""},"img":{"alt_text":"","src":"","width":0,"height":0},"classes":[]},{"id":23149,"url":"https:\/\/sakaba.mghosteur.com\/en\/product\/victorias-secret-eau-de-parfum\/","url_meta":{"origin":28396,"position":4},"title":"Victoria&#8217;s Secret Eau de Parfum","author":"admin","date":"October 26, 2022","format":false,"excerpt":"","rel":"","context":"Similar post","block_context":{"text":"Similar post","link":""},"img":{"alt_text":"","src":"","width":0,"height":0},"classes":[]},{"id":23442,"url":"https:\/\/sakaba.mghosteur.com\/en\/product\/victoria-secret-bombshell-seduction-eau-de-parfum\/","url_meta":{"origin":28396,"position":5},"title":"Victoria Secret Bombshell seduction Eau de Parfum","author":"admin","date":"October 27, 2022","format":false,"excerpt":"","rel":"","context":"Similar post","block_context":{"text":"Similar post","link":""},"img":{"alt_text":"","src":"","width":0,"height":0},"classes":[]}],"_links":{"self":[{"href":"https:\/\/sakaba.mghosteur.com\/en\/wp-json\/wp\/v2\/product\/28396","targetHints":{"allow":["GET"]}}],"collection":[{"href":"https:\/\/sakaba.mghosteur.com\/en\/wp-json\/wp\/v2\/product"}],"about":[{"href":"https:\/\/sakaba.mghosteur.com\/en\/wp-json\/wp\/v2\/types\/product"}],"replies":[{"embeddable":true,"href":"https:\/\/sakaba.mghosteur.com\/en\/wp-json\/wp\/v2\/comments?post=28396"}],"version-history":[{"count":0,"href":"https:\/\/sakaba.mghosteur.com\/en\/wp-json\/wp\/v2\/product\/28396\/revisions"}],"wp:attachment":[{"href":"https:\/\/sakaba.mghosteur.com\/en\/wp-json\/wp\/v2\/media?parent=28396"}],"wp:term":[{"taxonomy":"product_brand","embeddable":true,"href":"https:\/\/sakaba.mghosteur.com\/en\/wp-json\/wp\/v2\/product_brand?post=28396"},{"taxonomy":"product_cat","embeddable":true,"href":"https:\/\/sakaba.mghosteur.com\/en\/wp-json\/wp\/v2\/product_cat?post=28396"},{"taxonomy":"product_tag","embeddable":true,"href":"https:\/\/sakaba.mghosteur.com\/en\/wp-json\/wp\/v2\/product_tag?post=28396"}],"curies":[{"name":"wp","href":"https:\/\/api.w.org\/{rel}","templated":true}]}}