{"id":28402,"date":"2022-11-30T13:16:59","date_gmt":"2022-11-30T13:16:59","guid":{"rendered":"http:\/\/www.sakababeauty.com\/?post_type=product&#038;p=28402"},"modified":"2022-11-30T13:17:00","modified_gmt":"2022-11-30T13:17:00","slug":"chrome-azzaro-eau-de-toilette","status":"publish","type":"product","link":"https:\/\/sakaba.mghosteur.com\/en\/product\/chrome-azzaro-eau-de-toilette\/","title":{"rendered":"CHROME AZZARO EAU DE TOILETTE"},"content":{"rendered":"","protected":false},"excerpt":{"rendered":"","protected":false},"featured_media":0,"comment_status":"closed","ping_status":"closed","template":"","meta":[],"product_brand":[],"product_cat":[288,375,283],"product_tag":[],"class_list":{"0":"post-28402","1":"product","2":"type-product","3":"status-publish","5":"product_cat-aaf-homme","6":"product_cat-parfum-homme","7":"product_cat-aah-parfums","9":"first","10":"instock","11":"shipping-taxable","12":"product-type-simple"},"jetpack-related-posts":[{"id":28166,"url":"https:\/\/sakaba.mghosteur.com\/en\/product\/azzaro-the-most-wanted-eau-de-parfum-intense\/","url_meta":{"origin":28402,"position":0},"title":"AZZARO THE MOST WANTED EAU DE PARFUM INTENSE","author":"admin","date":"November 30, 2022","format":false,"excerpt":"","rel":"","context":"Similar post","block_context":{"text":"Similar post","link":""},"img":{"alt_text":"","src":"","width":0,"height":0},"classes":[]},{"id":28163,"url":"https:\/\/sakaba.mghosteur.com\/en\/product\/kenneth-cole-coffret-eau-de-toilette-spray\/","url_meta":{"origin":28402,"position":1},"title":"KENNETH COLE COFFRET EAU DE TOILETTE SPRAY","author":"admin","date":"November 30, 2022","format":false,"excerpt":"","rel":"","context":"Similar post","block_context":{"text":"Similar post","link":""},"img":{"alt_text":"","src":"","width":0,"height":0},"classes":[]},{"id":28393,"url":"https:\/\/sakaba.mghosteur.com\/en\/product\/vince-camuto-homme-coffret-eau-de-toilette-spray\/","url_meta":{"origin":28402,"position":2},"title":"VINCE CAMUTO HOMME COFFRET EAU DE TOILETTE SPRAY","author":"admin","date":"November 30, 2022","format":false,"excerpt":"","rel":"","context":"Similar post","block_context":{"text":"Similar post","link":""},"img":{"alt_text":"","src":"","width":0,"height":0},"classes":[]},{"id":28399,"url":"https:\/\/sakaba.mghosteur.com\/en\/product\/kenneth-cole-vintage-black-eau-de-toilette-spray\/","url_meta":{"origin":28402,"position":3},"title":"KENNETH COLE VINTAGE BLACK EAU DE TOILETTE SPRAY","author":"admin","date":"November 30, 2022","format":false,"excerpt":"","rel":"","context":"Similar post","block_context":{"text":"Similar post","link":""},"img":{"alt_text":"","src":"","width":0,"height":0},"classes":[]},{"id":28390,"url":"https:\/\/sakaba.mghosteur.com\/en\/product\/diesel-only-the-brave-coffret-eau-de-toilette-spray\/","url_meta":{"origin":28402,"position":4},"title":"DIESEL ONLY THE BRAVE COFFRET EAU DE TOILETTE SPRAY","author":"admin","date":"November 30, 2022","format":false,"excerpt":"","rel":"","context":"Similar post","block_context":{"text":"Similar post","link":""},"img":{"alt_text":"","src":"","width":0,"height":0},"classes":[]},{"id":31386,"url":"https:\/\/sakaba.mghosteur.com\/en\/product\/paula-choice-glucoside-foaming-cleanser\/","url_meta":{"origin":28402,"position":5},"title":"PAULA CHOICE GLUCOSIDE FOAMING CLEANSER","author":"admin","date":"May 10, 2024","format":false,"excerpt":"D\u00e9couvrez notre Nettoyant Moussant Visage Anti-\u00c2ge, un alli\u00e9 pr\u00e9cieux pour votre routine de soin quotidienne. Adapt\u00e9 aux peaux mixtes et grasses, ce nettoyant cible les pr\u00e9occupations telles que les imperfections, les signes de l'\u00e2ge et les points noirs. Sa formule efficace nettoie en profondeur sans dess\u00e9cher la peau, la laissant\u2026","rel":"","context":"Similar post","block_context":{"text":"Similar post","link":""},"img":{"alt_text":"","src":"","width":0,"height":0},"classes":[]}],"_links":{"self":[{"href":"https:\/\/sakaba.mghosteur.com\/en\/wp-json\/wp\/v2\/product\/28402","targetHints":{"allow":["GET"]}}],"collection":[{"href":"https:\/\/sakaba.mghosteur.com\/en\/wp-json\/wp\/v2\/product"}],"about":[{"href":"https:\/\/sakaba.mghosteur.com\/en\/wp-json\/wp\/v2\/types\/product"}],"replies":[{"embeddable":true,"href":"https:\/\/sakaba.mghosteur.com\/en\/wp-json\/wp\/v2\/comments?post=28402"}],"version-history":[{"count":0,"href":"https:\/\/sakaba.mghosteur.com\/en\/wp-json\/wp\/v2\/product\/28402\/revisions"}],"wp:attachment":[{"href":"https:\/\/sakaba.mghosteur.com\/en\/wp-json\/wp\/v2\/media?parent=28402"}],"wp:term":[{"taxonomy":"product_brand","embeddable":true,"href":"https:\/\/sakaba.mghosteur.com\/en\/wp-json\/wp\/v2\/product_brand?post=28402"},{"taxonomy":"product_cat","embeddable":true,"href":"https:\/\/sakaba.mghosteur.com\/en\/wp-json\/wp\/v2\/product_cat?post=28402"},{"taxonomy":"product_tag","embeddable":true,"href":"https:\/\/sakaba.mghosteur.com\/en\/wp-json\/wp\/v2\/product_tag?post=28402"}],"curies":[{"name":"wp","href":"https:\/\/api.w.org\/{rel}","templated":true}]}}