{"id":28805,"date":"2022-12-10T13:56:57","date_gmt":"2022-12-10T13:56:57","guid":{"rendered":"http:\/\/www.sakababeauty.com\/product\/inkey-list-20-niacinamide-serum\/"},"modified":"2024-08-15T02:24:18","modified_gmt":"2024-08-15T02:24:18","slug":"inkey-list-20-niacinamide-serum","status":"publish","type":"product","link":"https:\/\/sakaba.mghosteur.com\/en\/product\/inkey-list-20-niacinamide-serum\/","title":{"rendered":"The Inkey list 20% Niacinamide Serum"},"content":{"rendered":"<p>D\u00e9couvrez la solution id\u00e9ale pour r\u00e9guler l&#8217;exc\u00e8s de s\u00e9bum sur votre peau gr\u00e2ce au s\u00e9rum de la marque The Inkey List. Formul\u00e9 avec 20% de niacinamide, ce s\u00e9rum l\u00e9ger et non collant est votre alli\u00e9 pour am\u00e9liorer la texture de votre peau et r\u00e9duire l&#8217;apparence de vos pores dilat\u00e9s.<\/p>\n<p>Cr\u00e9\u00e9e en collaboration avec des dermatologues, cette formule innovante contient le pourcentage le plus \u00e9lev\u00e9 de niacinamide, un actif reconnu pour r\u00e9guler la production de s\u00e9bum tout au long de la journ\u00e9e. En compl\u00e9ment, le Zinc PCA cible l&#8217;accumulation de s\u00e9bum et le Squalane agit comme protecteur de la barri\u00e8re cutan\u00e9e pour une peau hydrat\u00e9e et \u00e9quilibr\u00e9e.<\/p>\n<p>Ce s\u00e9rum est facile \u00e0 int\u00e9grer dans votre routine de soins quotidiens, il suffit de l&#8217;appliquer sur votre visage propre et sec avant d&#8217;utiliser votre cr\u00e8me hydratante habituelle. Sa formule l\u00e9g\u00e8re p\u00e9n\u00e8tre rapidement dans la peau et ne laisse aucun r\u00e9sidu collant.<\/p>\n<p>Offrez \u00e0 votre peau l&#8217;\u00e9quilibre dont elle a besoin avec la solution d&#8217;exc\u00e8s d&#8217;huile de The Inkey List.<\/p>","protected":false},"excerpt":{"rendered":"<p>D\u00e9couvrez la solution id\u00e9ale pour r\u00e9guler l&#8217;exc\u00e8s de s\u00e9bum sur votre peau gr\u00e2ce au s\u00e9rum de la marque The Inkey List. Formul\u00e9 avec 20% de niacinamide, ce s\u00e9rum l\u00e9ger et non collant est votre alli\u00e9 pour am\u00e9liorer la texture de votre peau et r\u00e9duire l&#8217;apparence de vos pores dilat\u00e9s. Cr\u00e9\u00e9e en collaboration avec des dermatologues,<span class=\"read-more-faq\"><a href=\"https:\/\/sakaba.mghosteur.com\/en\/product\/inkey-list-20-niacinamide-serum\/\">Read More<\/a><\/span><\/p>","protected":false},"featured_media":0,"comment_status":"closed","ping_status":"closed","template":"","meta":[],"product_brand":[],"product_cat":[384,451,334],"product_tag":[],"class_list":{"0":"post-28805","1":"product","2":"type-product","3":"status-publish","5":"product_cat-peaux-grasses","6":"product_cat-aab-soin-du-visage","7":"product_cat-traitement-serum","9":"first","10":"instock","11":"shipping-taxable","12":"product-type-simple"},"jetpack-related-posts":[{"id":27441,"url":"https:\/\/sakaba.mghosteur.com\/en\/product\/the-inkey-niacinamide\/","url_meta":{"origin":28805,"position":0},"title":"THE INKEY NIACINAMIDE","author":"admin","date":"November 29, 2022","format":false,"excerpt":"Compos\u00e9 de 10 % de niacinamide et de 1 % d'acide hyaluronique, le s\u00e9rum \u00e0 la niacinamide de The INKEY List minimise l'apparence des pores et des imperfections. La vitamine B3 naturelle, la niacinamide, est connue pour sa capacit\u00e9 \u00e0 contr\u00f4ler l'apparence du s\u00e9bum et de la pigmentation, id\u00e9ale pour\u2026","rel":"","context":"Similar post","block_context":{"text":"Similar post","link":""},"img":{"alt_text":"","src":"","width":0,"height":0},"classes":[]},{"id":31642,"url":"https:\/\/sakaba.mghosteur.com\/en\/product\/the-inkey-niacinamide-serum\/","url_meta":{"origin":28805,"position":1},"title":"THE INKEY NIACINAMIDE SERUM","author":"admin","date":"May 10, 2024","format":false,"excerpt":"S\u00e9rum Niacinamide Un s\u00e9rum \u00e0 la niacinamide l\u00e9ger et puissant, parfait pour une int\u00e9gration ais\u00e9e dans votre routine de soins de la peau. Dot\u00e9 de 10 % de niacinamide, cette vitamine B3 d'origine naturelle est reconnue pour sa capacit\u00e9 \u00e0 r\u00e9duire efficacement l'exc\u00e8s de s\u00e9bum, les imperfections et les rougeurs.\u2026","rel":"","context":"Similar post","block_context":{"text":"Similar post","link":""},"img":{"alt_text":"","src":"","width":0,"height":0},"classes":[]},{"id":27358,"url":"https:\/\/sakaba.mghosteur.com\/en\/product\/the-inkey-list-omega-water-cream\/","url_meta":{"origin":28805,"position":2},"title":"THE INKEY LIST OMEGA WATER CREAM","author":"admin","date":"November 29, 2022","format":false,"excerpt":"La cr\u00e8me d'eau Om\u00e9ga de la marque The Inkey List est un hydratant l\u00e9ger et sans huile pour la peau. Sa formulation unique \u00e0 base d'eau et sans silicone aide \u00e0 maintenir une barri\u00e8re cutan\u00e9e saine pour une hydratation imm\u00e9diate et longue dur\u00e9e. Test\u00e9e dermatologiquement, elle contient un complexe d'acides\u2026","rel":"","context":"Similar post","block_context":{"text":"Similar post","link":""},"img":{"alt_text":"","src":"","width":0,"height":0},"classes":[]},{"id":29153,"url":"https:\/\/sakaba.mghosteur.com\/en\/product\/the-inkey-list-hyaluronic-acid-100-ml\/","url_meta":{"origin":28805,"position":3},"title":"THE INKEY LIST HYALURONIC ACID 100 ML","author":"admin","date":"March 15, 2023","format":false,"excerpt":"La solution contre l'acn\u00e9 de la marque The Inkey List est un nettoyant hydratant en profondeur sp\u00e9cialement formul\u00e9 pour une peau douce, lisse et saine. Ce produit a \u00e9t\u00e9 test\u00e9 dermatologiquement pour offrir une efficacit\u00e9 optimale contre l'acn\u00e9. La formule l\u00e9g\u00e8rement moussante du nettoyant est enrichie en acide hyaluronique pour\u2026","rel":"","context":"Similar post","block_context":{"text":"Similar post","link":""},"img":{"alt_text":"","src":"","width":0,"height":0},"classes":[]},{"id":31639,"url":"https:\/\/sakaba.mghosteur.com\/en\/product\/the-inkey-list-vitamin-c-face-serum\/","url_meta":{"origin":28805,"position":4},"title":"THE INKEY LIST VITAMIN C FACE SERUM","author":"admin","date":"May 10, 2024","format":false,"excerpt":"S\u00e9rum \u00e0 la vitamine C La vitamine C, puissant antioxydant multifonctionnel et ingr\u00e9dient \u00e9claircissant pour la peau, est \u00e0 l'honneur dans ce s\u00e9rum. Aidant \u00e0 combattre l\u2019apparence de l\u2019hyperpigmentation, du teint terne et des ridules, ce s\u00e9rum est un alli\u00e9 pr\u00e9cieux dans votre routine de soins. Formul\u00e9 avec 30 %\u2026","rel":"","context":"Similar post","block_context":{"text":"Similar post","link":""},"img":{"alt_text":"","src":"","width":0,"height":0},"classes":[]},{"id":27438,"url":"https:\/\/sakaba.mghosteur.com\/en\/product\/the-inkey-list-kaolin-face-mask\/","url_meta":{"origin":28805,"position":5},"title":"THE INKEY LIST KAOLIN FACE","author":"admin","date":"November 29, 2022","format":false,"excerpt":"Le masque \u00e0 l'argile de kaolin de la marque The Inkey List est un produit de soin de la peau de haute qualit\u00e9 qui offre une solution naturelle pour nettoyer et purifier votre peau en profondeur. En utilisant l'argile de kaolin, ce masque \u00e9limine les impuret\u00e9s et l'exc\u00e8s de s\u00e9bum\u2026","rel":"","context":"Similar post","block_context":{"text":"Similar post","link":""},"img":{"alt_text":"","src":"","width":0,"height":0},"classes":[]}],"_links":{"self":[{"href":"https:\/\/sakaba.mghosteur.com\/en\/wp-json\/wp\/v2\/product\/28805","targetHints":{"allow":["GET"]}}],"collection":[{"href":"https:\/\/sakaba.mghosteur.com\/en\/wp-json\/wp\/v2\/product"}],"about":[{"href":"https:\/\/sakaba.mghosteur.com\/en\/wp-json\/wp\/v2\/types\/product"}],"replies":[{"embeddable":true,"href":"https:\/\/sakaba.mghosteur.com\/en\/wp-json\/wp\/v2\/comments?post=28805"}],"version-history":[{"count":0,"href":"https:\/\/sakaba.mghosteur.com\/en\/wp-json\/wp\/v2\/product\/28805\/revisions"}],"wp:attachment":[{"href":"https:\/\/sakaba.mghosteur.com\/en\/wp-json\/wp\/v2\/media?parent=28805"}],"wp:term":[{"taxonomy":"product_brand","embeddable":true,"href":"https:\/\/sakaba.mghosteur.com\/en\/wp-json\/wp\/v2\/product_brand?post=28805"},{"taxonomy":"product_cat","embeddable":true,"href":"https:\/\/sakaba.mghosteur.com\/en\/wp-json\/wp\/v2\/product_cat?post=28805"},{"taxonomy":"product_tag","embeddable":true,"href":"https:\/\/sakaba.mghosteur.com\/en\/wp-json\/wp\/v2\/product_tag?post=28805"}],"curies":[{"name":"wp","href":"https:\/\/api.w.org\/{rel}","templated":true}]}}