{"id":28809,"date":"2022-12-12T11:13:25","date_gmt":"2022-12-12T11:13:25","guid":{"rendered":"http:\/\/www.sakababeauty.com\/?post_type=product&#038;p=28809"},"modified":"2023-03-10T12:11:38","modified_gmt":"2023-03-10T12:11:38","slug":"foaming-cleanser-bar","status":"publish","type":"product","link":"https:\/\/sakaba.mghosteur.com\/en\/product\/foaming-cleanser-bar\/","title":{"rendered":"FOAMING CLEANSER BAR"},"content":{"rendered":"<p>La barre nettoyante moussante CeraVe est la solution id\u00e9ale pour les peaux normales \u00e0 grasses. D\u00e9velopp\u00e9e avec des dermatologues, cette formule non com\u00e9dog\u00e8ne et sans savon nettoie efficacement la salet\u00e9 et l&#8217;exc\u00e8s de s\u00e9bum sans provoquer d&#8217;irritation ou de s\u00e9cheresse. Enrichie en argile de kaolin, niacinamide, acide hyaluronique et trois c\u00e9ramides essentiels, cette barre nettoyante douce absorbe l&#8217;exc\u00e8s de s\u00e9bum, hydrate la peau en profondeur et renforce sa barri\u00e8re protectrice. Sans parfum, paraben et dess\u00e9chant, elle laisse la peau fra\u00eeche, propre et douce, sans tiraillement ni s\u00e9cheresse. Utilisez-la tous les jours pour une peau saine et \u00e9quilibr\u00e9e.<\/p>","protected":false},"excerpt":{"rendered":"<p>La barre nettoyante moussante CeraVe est la solution id\u00e9ale pour les peaux normales \u00e0 grasses. D\u00e9velopp\u00e9e avec des dermatologues, cette formule non com\u00e9dog\u00e8ne et sans savon nettoie efficacement la salet\u00e9 et l&#8217;exc\u00e8s de s\u00e9bum sans provoquer d&#8217;irritation ou de s\u00e9cheresse. Enrichie en argile de kaolin, niacinamide, acide hyaluronique et trois c\u00e9ramides essentiels, cette barre nettoyante<span class=\"read-more-faq\"><a href=\"https:\/\/sakaba.mghosteur.com\/en\/product\/foaming-cleanser-bar\/\">Read More<\/a><\/span><\/p>","protected":false},"featured_media":0,"comment_status":"closed","ping_status":"closed","template":"","meta":[],"product_brand":[],"product_cat":[446],"product_tag":[],"class_list":{"0":"post-28809","1":"product","2":"type-product","3":"status-publish","5":"product_cat-nettoyant","7":"first","8":"instock","9":"shipping-taxable","10":"product-type-simple"},"jetpack-related-posts":[{"id":27346,"url":"https:\/\/sakaba.mghosteur.com\/en\/product\/good-molecules-hydrate-cleanse-bar\/","url_meta":{"origin":28809,"position":0},"title":"GOOD MOLECULES HYDRATE &#038; CLEANSE BAR","author":"admin","date":"November 29, 2022","format":false,"excerpt":"La barre hydratante et nettoyante de la marque Good Molecules est un pain nettoyant ultra doux sans savon qui nettoie et hydrate votre peau en m\u00eame temps. Cette barre nettoyante est formul\u00e9e avec un m\u00e9lange d'ingr\u00e9dients hydratants pour maintenir un \u00e9quilibre hydrique sain pour votre peau. Elle est id\u00e9ale pour\u2026","rel":"","context":"Similar post","block_context":{"text":"Similar post","link":""},"img":{"alt_text":"","src":"","width":0,"height":0},"classes":[]},{"id":24009,"url":"https:\/\/sakaba.mghosteur.com\/en\/product\/neutrogena-hydro-boost-hydrating-cleansing-gel\/","url_meta":{"origin":28809,"position":1},"title":"NEUTROGENA HYDRO BOOST HYDRATING CLEANSING GEL","author":"admin","date":"November 9, 2022","format":false,"excerpt":"D\u00e9couvrez le Gel Nettoyant et D\u00e9maquillant sans Huile de Neutrogena, le compagnon parfait pour une peau d'apparence saine et hydrat\u00e9e. Ce nettoyant pour le visage l\u00e9ger est formul\u00e9 avec de l'acide hyaluronique, offrant une hydratation en profondeur pour une peau douce et \u00e9clatante. Il \u00e9limine efficacement les impuret\u00e9s, l'exc\u00e8s de\u2026","rel":"","context":"Similar post","block_context":{"text":"Similar post","link":""},"img":{"alt_text":"","src":"","width":0,"height":0},"classes":[]},{"id":29485,"url":"https:\/\/sakaba.mghosteur.com\/en\/product\/cosrx-salicylic-acid-daily-gentle-cleanser\/","url_meta":{"origin":28809,"position":2},"title":"COSRX SALICYLIC ACID DAILY GENTLE CLEANSER","author":"admin","date":"April 6, 2023","format":false,"excerpt":"Le Nettoyant doux quotidien \u00e0 l'acide salicylique est un produit qui nettoie en douceur la peau sans la dess\u00e9cher. Il utilise de l'acide salicylique pour \u00e9liminer les impuret\u00e9s et l'exc\u00e8s de s\u00e9bum tout en luttant contre l'acn\u00e9 et les imperfections. Ce nettoyant laisse la peau douce et lisse sans sensation\u2026","rel":"","context":"Similar post","block_context":{"text":"Similar post","link":""},"img":{"alt_text":"","src":"","width":0,"height":0},"classes":[]},{"id":26346,"url":"https:\/\/sakaba.mghosteur.com\/en\/product\/paula-choice-oil-reducing-cleanser\/","url_meta":{"origin":28809,"position":3},"title":"PAULA CHOICE OIL REDUCING CLEANSER","author":"admin","date":"November 25, 2022","format":false,"excerpt":"Le Nettoyant r\u00e9ducteur de s\u00e9bum est un produit de nettoyage doux qui \u00e9limine efficacement le maquillage, l'exc\u00e8s de s\u00e9bum et les impuret\u00e9s de la peau. Sa formule concentr\u00e9e cr\u00e8me-mousse laisse la peau douce au toucher tout en \u00e9vitant de la dess\u00e9cher. Ce produit peut \u00eatre utilis\u00e9 comme premi\u00e8re \u00e9tape de\u2026","rel":"","context":"Similar post","block_context":{"text":"Similar post","link":""},"img":{"alt_text":"","src":"","width":0,"height":0},"classes":[]},{"id":24171,"url":"https:\/\/sakaba.mghosteur.com\/en\/product\/cerave-hydrating-cream-to-foam-cleanser\/","url_meta":{"origin":28809,"position":4},"title":"CERAVE HYDRATING CREAM TO FOAM CLEANSER 355ML","author":"admin","date":"November 9, 2022","format":false,"excerpt":"Le nettoyant cr\u00e8me-mousse hydratant de CeraVe est sp\u00e9cialement con\u00e7u pour les peaux normales \u00e0 s\u00e8ches. Ce nettoyant pour le visage est formul\u00e9 pour \u00e9liminer en douceur la salet\u00e9, le s\u00e9bum, le maquillage et la pollution sans enlever l'hydratation naturelle de la peau. Cette formule innovante commence comme une cr\u00e8me, puis\u2026","rel":"","context":"Similar post","block_context":{"text":"Similar post","link":""},"img":{"alt_text":"","src":"","width":0,"height":0},"classes":[]},{"id":23932,"url":"https:\/\/sakaba.mghosteur.com\/en\/product\/cerave-makeup-removing-cleanser-balm\/","url_meta":{"origin":28809,"position":5},"title":"CERAVE  MAKEUP REMOVING CLEANSER BALM","author":"admin","date":"November 9, 2022","format":false,"excerpt":"Le baume nettoyant d\u00e9maquillant CeraVe est le produit parfait pour tous les types de peau. Il est sans alcool, sans parfum, sans savon et sans paraben, ce qui en fait un choix id\u00e9al pour les peaux sensibles. Ce baume nettoyant est con\u00e7u pour \u00e9liminer efficacement le maquillage, la salet\u00e9 et\u2026","rel":"","context":"Similar post","block_context":{"text":"Similar post","link":""},"img":{"alt_text":"","src":"","width":0,"height":0},"classes":[]}],"_links":{"self":[{"href":"https:\/\/sakaba.mghosteur.com\/en\/wp-json\/wp\/v2\/product\/28809","targetHints":{"allow":["GET"]}}],"collection":[{"href":"https:\/\/sakaba.mghosteur.com\/en\/wp-json\/wp\/v2\/product"}],"about":[{"href":"https:\/\/sakaba.mghosteur.com\/en\/wp-json\/wp\/v2\/types\/product"}],"replies":[{"embeddable":true,"href":"https:\/\/sakaba.mghosteur.com\/en\/wp-json\/wp\/v2\/comments?post=28809"}],"version-history":[{"count":0,"href":"https:\/\/sakaba.mghosteur.com\/en\/wp-json\/wp\/v2\/product\/28809\/revisions"}],"wp:attachment":[{"href":"https:\/\/sakaba.mghosteur.com\/en\/wp-json\/wp\/v2\/media?parent=28809"}],"wp:term":[{"taxonomy":"product_brand","embeddable":true,"href":"https:\/\/sakaba.mghosteur.com\/en\/wp-json\/wp\/v2\/product_brand?post=28809"},{"taxonomy":"product_cat","embeddable":true,"href":"https:\/\/sakaba.mghosteur.com\/en\/wp-json\/wp\/v2\/product_cat?post=28809"},{"taxonomy":"product_tag","embeddable":true,"href":"https:\/\/sakaba.mghosteur.com\/en\/wp-json\/wp\/v2\/product_tag?post=28809"}],"curies":[{"name":"wp","href":"https:\/\/api.w.org\/{rel}","templated":true}]}}