{"id":28820,"date":"2022-12-13T10:58:44","date_gmt":"2022-12-13T10:58:44","guid":{"rendered":"http:\/\/www.sakababeauty.com\/?post_type=product&#038;p=28820"},"modified":"2023-05-02T18:33:43","modified_gmt":"2023-05-02T18:33:43","slug":"dr-bronners-heal-soul-18-in-1-hemp-citrus","status":"publish","type":"product","link":"https:\/\/sakaba.mghosteur.com\/en\/product\/dr-bronners-heal-soul-18-in-1-hemp-citrus\/","title":{"rendered":"Dr. Bronners Heal Soul 18 in 1 Hemp PURE-CASTILE LIQUID SOAP Citrus"},"content":{"rendered":"<p>D\u00e9couvrez notre savon liquide pur Castile Citrus de Dr. Bronners, un produit concentr\u00e9, biod\u00e9gradable, polyvalent et efficace. Ce savon est enrichi d&#8217;un m\u00e9lange rafra\u00eechissant d&#8217;huiles d&#8217;orange, de citron et de lime biologiques pour un parfum frais et lumineux. Nous utilisons des ingr\u00e9dients biologiques et certifi\u00e9s commerce \u00e9quitable, y compris de l&#8217;huile de chanvre biologique maintenant sourc\u00e9e aux \u00c9tats-Unis apr\u00e8s la l\u00e9galisation du chanvre. Le savon est conditionn\u00e9 dans une bouteille 100% recycl\u00e9e apr\u00e8s consommation, pour r\u00e9duire notre impact environnemental.<\/p>\n<p>Essayez notre savon liquide Castile pour 18 utilisations diff\u00e9rentes, allant du nettoyage du visage, du corps, des cheveux et de la vaisselle, \u00e0 la lessive, la vadrouille et m\u00eame pour les animaux de compagnie. Nettoyez votre corps et votre maison sans conservateurs synth\u00e9tiques, d\u00e9tergents ou agents moussants. Pour une utilisation optimale, nous vous recommandons de diluer le savon et vous pouvez trouver des recettes utiles pour les dilutions sur le site de Lisa Bronner.<\/p>\n<p>Offrez \u00e0 votre corps et votre maison un nettoyage tout-en-un avec notre savon liquide Castile Citrus de Dr. Bronners, maintenant disponible sur notre site e-commerce.<\/p>","protected":false},"excerpt":{"rendered":"<p>D\u00e9couvrez notre savon liquide pur Castile Citrus de Dr. Bronners, un produit concentr\u00e9, biod\u00e9gradable, polyvalent et efficace. Ce savon est enrichi d&#8217;un m\u00e9lange rafra\u00eechissant d&#8217;huiles d&#8217;orange, de citron et de lime biologiques pour un parfum frais et lumineux. Nous utilisons des ingr\u00e9dients biologiques et certifi\u00e9s commerce \u00e9quitable, y compris de l&#8217;huile de chanvre biologique maintenant<span class=\"read-more-faq\"><a href=\"https:\/\/sakaba.mghosteur.com\/en\/product\/dr-bronners-heal-soul-18-in-1-hemp-citrus\/\">Read More<\/a><\/span><\/p>","protected":false},"featured_media":0,"comment_status":"closed","ping_status":"closed","template":"","meta":[],"product_brand":[],"product_cat":[358,447],"product_tag":[],"class_list":{"0":"post-28820","1":"product","2":"type-product","3":"status-publish","5":"product_cat-bain-douche","6":"product_cat-aac-bain-et-corps","8":"first","9":"instock","10":"shipping-taxable","11":"product-type-variable"},"jetpack-related-posts":[{"id":30069,"url":"https:\/\/sakaba.mghosteur.com\/en\/product\/dr-bronners-pure-castile-liquid-soap-cherry-blossom\/","url_meta":{"origin":28820,"position":0},"title":"Dr. Bronners PURE-CASTILE LIQUID SOAP Cherry Blossom","author":"admin","date":"May 2, 2023","format":false,"excerpt":"Le savon liquide Cherry Blossom Pure-Castile de Dr. Bronner est un produit polyvalent et concentr\u00e9 avec un parfum subtil de cerisier et de fleurs de cerisier pour vous offrir une exp\u00e9rience agr\u00e9able et rafra\u00eechissante. Il est fabriqu\u00e9 avec des ingr\u00e9dients biologiques et certifi\u00e9s \u00e9quitables, notamment de l'huile de graines de\u2026","rel":"","context":"Similar post","block_context":{"text":"Similar post","link":""},"img":{"alt_text":"","src":"","width":0,"height":0},"classes":[]},{"id":30091,"url":"https:\/\/sakaba.mghosteur.com\/en\/product\/pure-castile-liquid-soap-green-tea\/","url_meta":{"origin":28820,"position":1},"title":"Dr. Bronners PURE-CASTILE LIQUID SOAP Green Tea","author":"admin","date":"May 3, 2023","format":false,"excerpt":"D\u00e9couvrez le savon liquide Pure-Castile Green Tea de la marque Dr. Bronner ! Frais et vivifiant, ce savon est d\u00e9licatement parfum\u00e9 pour faire ressortir l'ar\u00f4me propre du savon de Castille. Concentr\u00e9, biod\u00e9gradable, polyvalent et efficace, il est fabriqu\u00e9 avec des ingr\u00e9dients biologiques et certifi\u00e9s \u00e9quitables. L'huile de graines de chanvre\u2026","rel":"","context":"Similar post","block_context":{"text":"Similar post","link":""},"img":{"alt_text":"","src":"","width":0,"height":0},"classes":[]},{"id":30112,"url":"https:\/\/sakaba.mghosteur.com\/en\/product\/dr-bronners-savon-pure-castille-agrumes\/","url_meta":{"origin":28820,"position":2},"title":"Dr. Bronners SAVON PURE CASTILLE Agrumes","author":"admin","date":"May 3, 2023","format":false,"excerpt":"Odeur fra\u00eeche et lumineuse - un m\u00e9lange revigorant d'huiles biologiques d'orange, de citron et de citron vert\u00a0!\u00a0Notre pain de savon Citrus Pure-Castile est fabriqu\u00e9 avec des ingr\u00e9dients certifi\u00e9s issus du commerce \u00e9quitable et de l'huile de graines de chanvre biologique cultiv\u00e9e aux \u00c9tats-Unis pour une mousse douce et lisse qui\u2026","rel":"","context":"Similar post","block_context":{"text":"Similar post","link":""},"img":{"alt_text":"","src":"","width":0,"height":0},"classes":[]},{"id":25218,"url":"https:\/\/sakaba.mghosteur.com\/en\/product\/dr-bronners-heal-soul-18-in-1-hemp\/","url_meta":{"origin":28820,"position":3},"title":"Dr. Bronners Heal Soul 18 in 1 Hemp PURE-CASTILE LIQUID SOAP Baby Unscented","author":"admin","date":"November 14, 2022","format":false,"excerpt":"D\u00e9couvrez le savon liquide Pure-Castille de la marque Dr. Bronners, sp\u00e9cialement formul\u00e9 pour les peaux sensibles et les b\u00e9b\u00e9s. Ce savon ne contient aucun parfum ajout\u00e9 et est enrichi avec le double d'huile d'olive pour un nettoyage doux et efficace. Fabriqu\u00e9 avec des ingr\u00e9dients biologiques et \u00e9quitables, ce savon est\u2026","rel":"","context":"Similar post","block_context":{"text":"Similar post","link":""},"img":{"alt_text":"","src":"","width":0,"height":0},"classes":[]},{"id":30077,"url":"https:\/\/sakaba.mghosteur.com\/en\/product\/pure-castile-liquid-soap-lavender\/","url_meta":{"origin":28820,"position":4},"title":"PURE-CASTILE LIQUID SOAP Lavender","author":"admin","date":"May 3, 2023","format":false,"excerpt":"Le savon liquide PURE-CASTILE Lavande de Dr. Bronners est un choix id\u00e9al pour les amateurs de lavande. Son parfum chaud et apaisant vous enveloppe de confort et de d\u00e9tente. Ce savon liquide concentr\u00e9 est \u00e9galement biod\u00e9gradable, polyvalent et efficace pour de nombreuses t\u00e2ches de nettoyage. Il est fabriqu\u00e9 avec des\u2026","rel":"","context":"Similar post","block_context":{"text":"Similar post","link":""},"img":{"alt_text":"","src":"","width":0,"height":0},"classes":[]},{"id":30072,"url":"https:\/\/sakaba.mghosteur.com\/en\/product\/pure-castile-liquid-soap-peppermint\/","url_meta":{"origin":28820,"position":5},"title":"PURE-CASTILE LIQUID SOAP Peppermint","author":"admin","date":"May 2, 2023","format":false,"excerpt":"D\u00e9couvrez le savon liquide Pure-Castile \u00e0 la menthe poivr\u00e9e de la marque Dr. Bronners. Ce produit est l'un des plus populaires de la gamme, gr\u00e2ce \u00e0 son parfum rafra\u00eechissant et stimulant d'huile de menthe poivr\u00e9e biologique pure. Le savon est concentr\u00e9, biod\u00e9gradable et efficace, et peut \u00eatre utilis\u00e9 de multiples\u2026","rel":"","context":"Similar post","block_context":{"text":"Similar post","link":""},"img":{"alt_text":"","src":"","width":0,"height":0},"classes":[]}],"_links":{"self":[{"href":"https:\/\/sakaba.mghosteur.com\/en\/wp-json\/wp\/v2\/product\/28820","targetHints":{"allow":["GET"]}}],"collection":[{"href":"https:\/\/sakaba.mghosteur.com\/en\/wp-json\/wp\/v2\/product"}],"about":[{"href":"https:\/\/sakaba.mghosteur.com\/en\/wp-json\/wp\/v2\/types\/product"}],"replies":[{"embeddable":true,"href":"https:\/\/sakaba.mghosteur.com\/en\/wp-json\/wp\/v2\/comments?post=28820"}],"version-history":[{"count":0,"href":"https:\/\/sakaba.mghosteur.com\/en\/wp-json\/wp\/v2\/product\/28820\/revisions"}],"wp:attachment":[{"href":"https:\/\/sakaba.mghosteur.com\/en\/wp-json\/wp\/v2\/media?parent=28820"}],"wp:term":[{"taxonomy":"product_brand","embeddable":true,"href":"https:\/\/sakaba.mghosteur.com\/en\/wp-json\/wp\/v2\/product_brand?post=28820"},{"taxonomy":"product_cat","embeddable":true,"href":"https:\/\/sakaba.mghosteur.com\/en\/wp-json\/wp\/v2\/product_cat?post=28820"},{"taxonomy":"product_tag","embeddable":true,"href":"https:\/\/sakaba.mghosteur.com\/en\/wp-json\/wp\/v2\/product_tag?post=28820"}],"curies":[{"name":"wp","href":"https:\/\/api.w.org\/{rel}","templated":true}]}}