{"id":28856,"date":"2023-03-06T15:44:52","date_gmt":"2023-03-06T15:44:52","guid":{"rendered":"http:\/\/www.sakababeauty.com\/?post_type=product&#038;p=28856"},"modified":"2023-03-06T15:49:36","modified_gmt":"2023-03-06T15:49:36","slug":"glytone-kp-kit-body-therapy","status":"publish","type":"product","link":"https:\/\/sakaba.mghosteur.com\/en\/product\/glytone-kp-kit-body-therapy\/","title":{"rendered":"GLYTONE KP KIT BODY THERAPY"},"content":{"rendered":"<p>Obtenez une peau plus douce, plus \u00e9clatante et plus uniforme avec le kit Glytone Retexturize KP ! Ce traitement en deux \u00e9tapes pour la k\u00e9ratose pilaire est con\u00e7u pour renouveler la peau rugueuse et s\u00e8che tout en minimisant les bosses rouges disgracieuses.<\/p>\n<p>Les niveaux intenses d&#8217;acide glycolique &#8220;libre&#8221; dans la lotion pour le corps et le nettoyant aident \u00e0 lisser les bosses, r\u00e9duire l&#8217;apparence de la peau rugueuse et des plaques squameuses pour une peau plus lisse et plus uniforme.<\/p>\n<p>Utilisez le kit Glytone Body Retexturize KP pour une peau plus saine et plus belle. Il comprend une lotion pour le corps Glytone, un nettoyant pour le corps et un pouf de douche. Chaque produit est sp\u00e9cialement con\u00e7u pour nettoyer et adoucir tout le corps.<\/p>","protected":false},"excerpt":{"rendered":"<p>Obtenez une peau plus douce, plus \u00e9clatante et plus uniforme avec le kit Glytone Retexturize KP ! Ce traitement en deux \u00e9tapes pour la k\u00e9ratose pilaire est con\u00e7u pour renouveler la peau rugueuse et s\u00e8che tout en minimisant les bosses rouges disgracieuses. Les niveaux intenses d&#8217;acide glycolique &#8220;libre&#8221; dans la lotion pour le corps et<span class=\"read-more-faq\"><a href=\"https:\/\/sakaba.mghosteur.com\/en\/product\/glytone-kp-kit-body-therapy\/\">Read More<\/a><\/span><\/p>","protected":false},"featured_media":0,"comment_status":"closed","ping_status":"closed","template":"","meta":[],"product_brand":[],"product_cat":[286],"product_tag":[],"class_list":{"0":"post-28856","1":"product","2":"type-product","3":"status-publish","5":"product_cat-corps","7":"first","8":"instock","9":"shipping-taxable","10":"product-type-simple"},"jetpack-related-posts":[],"_links":{"self":[{"href":"https:\/\/sakaba.mghosteur.com\/en\/wp-json\/wp\/v2\/product\/28856","targetHints":{"allow":["GET"]}}],"collection":[{"href":"https:\/\/sakaba.mghosteur.com\/en\/wp-json\/wp\/v2\/product"}],"about":[{"href":"https:\/\/sakaba.mghosteur.com\/en\/wp-json\/wp\/v2\/types\/product"}],"replies":[{"embeddable":true,"href":"https:\/\/sakaba.mghosteur.com\/en\/wp-json\/wp\/v2\/comments?post=28856"}],"version-history":[{"count":0,"href":"https:\/\/sakaba.mghosteur.com\/en\/wp-json\/wp\/v2\/product\/28856\/revisions"}],"wp:attachment":[{"href":"https:\/\/sakaba.mghosteur.com\/en\/wp-json\/wp\/v2\/media?parent=28856"}],"wp:term":[{"taxonomy":"product_brand","embeddable":true,"href":"https:\/\/sakaba.mghosteur.com\/en\/wp-json\/wp\/v2\/product_brand?post=28856"},{"taxonomy":"product_cat","embeddable":true,"href":"https:\/\/sakaba.mghosteur.com\/en\/wp-json\/wp\/v2\/product_cat?post=28856"},{"taxonomy":"product_tag","embeddable":true,"href":"https:\/\/sakaba.mghosteur.com\/en\/wp-json\/wp\/v2\/product_tag?post=28856"}],"curies":[{"name":"wp","href":"https:\/\/api.w.org\/{rel}","templated":true}]}}