{"id":28864,"date":"2023-03-06T16:46:59","date_gmt":"2023-03-06T16:46:59","guid":{"rendered":"http:\/\/www.sakababeauty.com\/?post_type=product&#038;p=28864"},"modified":"2024-08-08T14:47:41","modified_gmt":"2024-08-08T14:47:41","slug":"hyper-even-for-brightening-dark-spot-and-discolora","status":"publish","type":"product","link":"https:\/\/sakaba.mghosteur.com\/en\/product\/hyper-even-for-brightening-dark-spot-and-discolora\/","title":{"rendered":"HYPER EVEN FOR BRIGHTENING DARK SPOT AND DISCOLORANTION"},"content":{"rendered":"<p>Dites adieu aux taches brunes tenaces et bonjour \u00e0 une peau uniforme et \u00e9clatante avec le s\u00e9rum Hyper Brightening \u00e0 la Vitamine C pour les Taches Sombres de HYPER EVEN. Cette formule intensive est con\u00e7ue pour combattre efficacement l&#8217;hyperpigmentation et les signes du vieillissement. Notre ingr\u00e9dient phare, la vitamine C (15%), associ\u00e9e \u00e0 la busserole, \u00e0 la r\u00e9glisse et \u00e0 l&#8217;acide kojique (1%), aide \u00e0 \u00e9liminer les taches sombres caus\u00e9es par l&#8217;acn\u00e9 et les dommages du soleil.<\/p>\n<p>Le curcuma et l&#8217;acide salicylique (moins de 1%), ingr\u00e9dients anti-inflammatoires, agissent en synergie pour pr\u00e9venir les futures \u00e9ruptions cutan\u00e9es et favoriser une gu\u00e9rison rapide. La texture l\u00e9g\u00e8re du s\u00e9rum est facilement absorb\u00e9e par la peau, la laissant douce, lisse et radieuse.<\/p>\n<p>Avec un nom et un emballage fra\u00eechement con\u00e7us, notre S\u00e9rum Hyper Brightening \u00e0 la Vitamine C pour les Taches Sombres est l&#8217;addition parfaite \u00e0 votre routine de soins de la peau. Utilisez-le une fois par jour le matin avant l&#8217;application d&#8217;une cr\u00e8me hydratante et n&#8217;oubliez pas d&#8217;appliquer une protection solaire avant de vous exposer au soleil.<\/p>\n<p>Obtenez une peau plus \u00e9clatante et uniforme d\u00e8s aujourd&#8217;hui avec le S\u00e9rum Hyper Brightening \u00e0 la Vitamine C pour les Taches Sombres de HYPER EVEN.<\/p>","protected":false},"excerpt":{"rendered":"<p>Dites adieu aux taches brunes tenaces et bonjour \u00e0 une peau uniforme et \u00e9clatante avec le s\u00e9rum Hyper Brightening \u00e0 la Vitamine C pour les Taches Sombres de HYPER EVEN. Cette formule intensive est con\u00e7ue pour combattre efficacement l&#8217;hyperpigmentation et les signes du vieillissement. Notre ingr\u00e9dient phare, la vitamine C (15%), associ\u00e9e \u00e0 la busserole,<span class=\"read-more-faq\"><a href=\"https:\/\/sakaba.mghosteur.com\/en\/product\/hyper-even-for-brightening-dark-spot-and-discolora\/\">Read More<\/a><\/span><\/p>","protected":false},"featured_media":0,"comment_status":"closed","ping_status":"closed","template":"","meta":[],"product_brand":[],"product_cat":[293,291,451,334],"product_tag":[],"class_list":{"0":"post-28864","1":"product","2":"type-product","3":"status-publish","5":"product_cat-anti-taches","6":"product_cat-eclaircissant","7":"product_cat-aab-soin-du-visage","8":"product_cat-traitement-serum","10":"first","11":"instock","12":"shipping-taxable","13":"product-type-simple"},"jetpack-related-posts":[{"id":28872,"url":"https:\/\/sakaba.mghosteur.com\/en\/product\/hyper-even-gentle-brightening-cleansing-gel\/","url_meta":{"origin":28864,"position":0},"title":"HYPER EVEN GENTLE BRIGHTENING CLEANSING GEL","author":"admin","date":"March 6, 2023","format":false,"excerpt":"Le nettoyant Hyper Even Gentle Brightening Cleansing Gel de la marque Hyper Even est le choix parfait pour ceux qui cherchent \u00e0 am\u00e9liorer l'apparence de leur peau terne et fatigu\u00e9e. Sa formule douce est con\u00e7ue pour r\u00e9guler la production de s\u00e9bum, r\u00e9duire les \u00e9ruptions cutan\u00e9es et d\u00e9sobstruer les pores, tout\u2026","rel":"","context":"Similar post","block_context":{"text":"Similar post","link":""},"img":{"alt_text":"","src":"","width":0,"height":0},"classes":[]},{"id":27035,"url":"https:\/\/sakaba.mghosteur.com\/en\/product\/hyper-clear-brightening-clearing-vitamin-c-serum\/","url_meta":{"origin":28864,"position":1},"title":"HYPER CLEAR BRIGHTENING CLEARING VITAMIN C SERUM","author":"admin","date":"November 28, 2022","format":false,"excerpt":"","rel":"","context":"Similar post","block_context":{"text":"Similar post","link":""},"img":{"alt_text":"","src":"","width":0,"height":0},"classes":[]},{"id":26999,"url":"https:\/\/sakaba.mghosteur.com\/en\/product\/hyper-even-fade-and-glow-aha-mask\/","url_meta":{"origin":28864,"position":2},"title":"HYPER EVEN FADE AND GLOW AHA MASK","author":"admin","date":"November 28, 2022","format":false,"excerpt":"Le masque AHA Fade and Glow de la marque Hyper Even est le soin ultime pour redonner de l'\u00e9clat \u00e0 votre peau. Il est compos\u00e9 d'un duo AHA puissant, l'acide glycolique (5%) et l'acide mand\u00e9lique (5%), qui \u00e9liminent les impuret\u00e9s et illuminent instantan\u00e9ment le teint terne. La niacinamide et la\u2026","rel":"","context":"Similar post","block_context":{"text":"Similar post","link":""},"img":{"alt_text":"","src":"","width":0,"height":0},"classes":[]},{"id":56129,"url":"https:\/\/sakaba.mghosteur.com\/en\/product\/advanced-clinicals-vitamin-c-brightening-serum\/","url_meta":{"origin":28864,"position":3},"title":"Advanced Clinicals Vitamin C Brightening Serum","author":"Sope DIA","date":"January 2, 2026","format":false,"excerpt":"S\u00c9RUM VISAGE \u00c0 LA VITAMINE C POUR UN TEINT \u00c9CLATANT \u2013 Ce s\u00e9rum \u00e0 la vitamine C contribue \u00e0 raviver l'\u00e9clat des peaux ternes et fatigu\u00e9es, pour un teint visiblement plus lumineux et \u00e9clatant. Formul\u00e9 par des chimistes cosm\u00e9tiques, il convient aux femmes et aux hommes souhaitant unifier leur teint\u2026","rel":"","context":"Similar post","block_context":{"text":"Similar post","link":""},"img":{"alt_text":"","src":"","width":0,"height":0},"classes":[]},{"id":27769,"url":"https:\/\/sakaba.mghosteur.com\/en\/product\/brightening-solution-coffret\/","url_meta":{"origin":28864,"position":4},"title":"BRIGHTENING SOLUTION COFFRET","author":"admin","date":"November 29, 2022","format":false,"excerpt":"Le coffret solution \u00e9claircissante Vinoperfect de Caudalie est un coffret de trois produits qui associe des produits \u00e9claircissants pour apporter un \u00e9clat radieux \u00e0 votre peau. Le kit est \u00e0 base de vinif\u00e9rine, un ingr\u00e9dient exclusif \u00e0 Caudalie qui poss\u00e8de un pouvoir \u00e9claircissant 62 fois sup\u00e9rieur \u00e0 celui de la\u2026","rel":"","context":"Similar post","block_context":{"text":"Similar post","link":""},"img":{"alt_text":"","src":"","width":0,"height":0},"classes":[]},{"id":29602,"url":"https:\/\/sakaba.mghosteur.com\/en\/product\/fenty-skin-watch-ya-tone-niacinamide-dard-spot-ser\/","url_meta":{"origin":28864,"position":5},"title":"FENTY SKIN WATCH YA TONE NIACINAMIDE DARD SPOT SER","author":"admin","date":"April 10, 2023","format":false,"excerpt":"D\u00e9couvrez le s\u00e9rum WATCH YA TONE NIACINAMIDE DARK SPOT de la marque FENTY, un traitement cibl\u00e9 pour une peau uniforme et lumineuse. Les taches sombres ne sont plus un probl\u00e8me avec ce cocktail concentr\u00e9 d'ingr\u00e9dients anti-taches. En seulement une semaine, vous verrez une am\u00e9lioration de l'apparence de votre peau, qui\u2026","rel":"","context":"Similar post","block_context":{"text":"Similar post","link":""},"img":{"alt_text":"","src":"","width":0,"height":0},"classes":[]}],"_links":{"self":[{"href":"https:\/\/sakaba.mghosteur.com\/en\/wp-json\/wp\/v2\/product\/28864","targetHints":{"allow":["GET"]}}],"collection":[{"href":"https:\/\/sakaba.mghosteur.com\/en\/wp-json\/wp\/v2\/product"}],"about":[{"href":"https:\/\/sakaba.mghosteur.com\/en\/wp-json\/wp\/v2\/types\/product"}],"replies":[{"embeddable":true,"href":"https:\/\/sakaba.mghosteur.com\/en\/wp-json\/wp\/v2\/comments?post=28864"}],"version-history":[{"count":0,"href":"https:\/\/sakaba.mghosteur.com\/en\/wp-json\/wp\/v2\/product\/28864\/revisions"}],"wp:attachment":[{"href":"https:\/\/sakaba.mghosteur.com\/en\/wp-json\/wp\/v2\/media?parent=28864"}],"wp:term":[{"taxonomy":"product_brand","embeddable":true,"href":"https:\/\/sakaba.mghosteur.com\/en\/wp-json\/wp\/v2\/product_brand?post=28864"},{"taxonomy":"product_cat","embeddable":true,"href":"https:\/\/sakaba.mghosteur.com\/en\/wp-json\/wp\/v2\/product_cat?post=28864"},{"taxonomy":"product_tag","embeddable":true,"href":"https:\/\/sakaba.mghosteur.com\/en\/wp-json\/wp\/v2\/product_tag?post=28864"}],"curies":[{"name":"wp","href":"https:\/\/api.w.org\/{rel}","templated":true}]}}