{"id":28887,"date":"2023-03-06T18:55:52","date_gmt":"2023-03-06T18:55:52","guid":{"rendered":"http:\/\/www.sakababeauty.com\/?post_type=product&#038;p=28887"},"modified":"2023-03-06T19:02:58","modified_gmt":"2023-03-06T19:02:58","slug":"la-roche-posay-lipikar-baume-ap-m","status":"publish","type":"product","link":"https:\/\/sakaba.mghosteur.com\/en\/product\/la-roche-posay-lipikar-baume-ap-m\/","title":{"rendered":"LA ROCHE POSAY LIPIKAR BAUME AP + M"},"content":{"rendered":"<p><span style=\"vertical-align: inherit;\"><span style=\"vertical-align: inherit;\">Le Lipikar Baume AP+M de La Roche-Posay est un produit de soin de la peau innovant qui a \u00e9t\u00e9 sp\u00e9cialement formul\u00e9 pour les b\u00e9b\u00e9s, les enfants et les adultes ayant la peau tr\u00e8s s\u00e8che et extr\u00eamement s\u00e8che. <\/span><span style=\"vertical-align: inherit;\">Ce baume r\u00e9\u00e9quilibre le microbiome cutan\u00e9, apaise imm\u00e9diatement la peau et r\u00e9duit les d\u00e9mangeaisons. <\/span><span style=\"vertical-align: inherit;\">Gr\u00e2ce \u00e0 son efficacit\u00e9 anti-rechute, il permet \u00e9galement d&#8217;augmenter l&#8217;espacement des crises.<\/span><\/span><\/p>\n<p><span style=\"vertical-align: inherit;\"><span style=\"vertical-align: inherit;\">Ce baume nourrit et restaure la barri\u00e8re cutan\u00e9e, tout en \u00e9tant facilement absorb\u00e9 par la peau pour une application quotidienne rapide et facile. <\/span><span style=\"vertical-align: inherit;\">Sa texture l\u00e9g\u00e8re et non grasse laisse un fini non collant.<\/span><\/span><\/p>\n<p><span style=\"vertical-align: inherit;\"><span style=\"vertical-align: inherit;\">Pour de meilleurs r\u00e9sultats, il est recommand\u00e9 d&#8217;appliquer le Lipikar Baume AP+M sur le visage et le corps une fois par jour. <\/span><span style=\"vertical-align: inherit;\">Pour soulager les \u00e9ruptions cutan\u00e9es, il est \u00e9galement conseill\u00e9 d&#8217;utiliser le Lipikar Surgras sous la douche.<\/span><\/span><\/p>\n<p><span style=\"vertical-align: inherit;\"><span style=\"vertical-align: inherit;\">La science derri\u00e8re le Lipikar Baume AP+M est bas\u00e9e sur la recherche de La Roche-Posay, qui a d\u00e9montr\u00e9 a que pour soulager durablement une peau sujette \u00e0 une s\u00e9cheresse s\u00e9v\u00e8re, il \u00e9tait important de r\u00e9\u00e9quilibrer son microbiome cutan\u00e9, qui est l&#8217;\u00e9cosyst\u00e8me vivant invisible de la peau. <\/span><span style=\"vertical-align: inherit;\">Ce baume contient de l&#8217;Aqua Posae pour r\u00e9\u00e9quilibrer le microbiome, du beurre de karit\u00e9 pour restaurer la peau et de la niacinamide pour apaiser et calmer la peau.<\/span><\/span><\/p>\n<p><span style=\"vertical-align: inherit;\"><span style=\"vertical-align: inherit;\">En r\u00e9sum\u00e9, le Lipikar Baume AP+M de La Roche-Posay est un produit de soin de la peau efficace et innovant, con\u00e7u pour les peaux tr\u00e8s s\u00e8ches et extr\u00eamement s\u00e8ches. <\/span><span style=\"vertical-align: inherit;\">Il nourrit, apaise et r\u00e9\u00e9quilibre le microbiome cutan\u00e9, tout en \u00e9tant absorb\u00e9 automatiquement par la peau pour une application quotidienne rapide et facile. <\/span><span style=\"vertical-align: inherit;\">Convient \u00e0 toute la famille.<\/span><\/span><\/p>","protected":false},"excerpt":{"rendered":"<p>Le Lipikar Baume AP+M de La Roche-Posay est un produit de soin de la peau innovant qui a \u00e9t\u00e9 sp\u00e9cialement formul\u00e9 pour les b\u00e9b\u00e9s, les enfants et les adultes ayant la peau tr\u00e8s s\u00e8che et extr\u00eamement s\u00e8che. Ce baume r\u00e9\u00e9quilibre le microbiome cutan\u00e9, apaise imm\u00e9diatement la peau et r\u00e9duit les d\u00e9mangeaisons. Gr\u00e2ce \u00e0 son efficacit\u00e9<span class=\"read-more-faq\"><a href=\"https:\/\/sakaba.mghosteur.com\/en\/product\/la-roche-posay-lipikar-baume-ap-m\/\">Read More<\/a><\/span><\/p>","protected":false},"featured_media":0,"comment_status":"closed","ping_status":"closed","template":"","meta":[],"product_brand":[],"product_cat":[286],"product_tag":[],"class_list":{"0":"post-28887","1":"product","2":"type-product","3":"status-publish","5":"product_cat-corps","7":"first","8":"instock","9":"shipping-taxable","10":"product-type-simple"},"jetpack-related-posts":[{"id":33293,"url":"https:\/\/sakaba.mghosteur.com\/en\/product\/la-roche-posay-lipikar-baume-ap-m-2\/","url_meta":{"origin":28887,"position":0},"title":"LA ROCHE POSAY LIPIKAR BAUME AP + M","author":"admin","date":"May 20, 2024","format":false,"excerpt":"","rel":"","context":"Similar post","block_context":{"text":"Similar post","link":""},"img":{"alt_text":"","src":"","width":0,"height":0},"classes":[]},{"id":24884,"url":"https:\/\/sakaba.mghosteur.com\/en\/product\/la-roche-posay-lipika-balm-ap\/","url_meta":{"origin":28887,"position":1},"title":"La Roche-Posay Lipika Balm AP+","author":"admin","date":"November 11, 2022","format":false,"excerpt":"D\u00e9couvrez Lipikar Balm AP+ Body Cream for Extra Dry Skin de La Roche-Posay, une cr\u00e8me hydratante sp\u00e9cialement con\u00e7ue pour nourrir en profondeur les peaux s\u00e8ches et sensibles. Cette cr\u00e8me pour le corps est enrichie en niacinamide et beurre de karit\u00e9 pour offrir une hydratation longue dur\u00e9e et apaiser les sympt\u00f4mes\u2026","rel":"","context":"Similar post","block_context":{"text":"Similar post","link":""},"img":{"alt_text":"","src":"","width":0,"height":0},"classes":[]},{"id":33283,"url":"https:\/\/sakaba.mghosteur.com\/en\/product\/la-roche-posay-cicaplast-baume-b5\/","url_meta":{"origin":28887,"position":2},"title":"LA ROCHE POSAY CICAPLAST BAUME B5+","author":"admin","date":"May 20, 2024","format":false,"excerpt":"","rel":"","context":"Similar post","block_context":{"text":"Similar post","link":""},"img":{"alt_text":"","src":"","width":0,"height":0},"classes":[]},{"id":23932,"url":"https:\/\/sakaba.mghosteur.com\/en\/product\/cerave-makeup-removing-cleanser-balm\/","url_meta":{"origin":28887,"position":3},"title":"CERAVE  MAKEUP REMOVING CLEANSER BALM","author":"admin","date":"November 9, 2022","format":false,"excerpt":"Le baume nettoyant d\u00e9maquillant CeraVe est le produit parfait pour tous les types de peau. Il est sans alcool, sans parfum, sans savon et sans paraben, ce qui en fait un choix id\u00e9al pour les peaux sensibles. Ce baume nettoyant est con\u00e7u pour \u00e9liminer efficacement le maquillage, la salet\u00e9 et\u2026","rel":"","context":"Similar post","block_context":{"text":"Similar post","link":""},"img":{"alt_text":"","src":"","width":0,"height":0},"classes":[]},{"id":31550,"url":"https:\/\/sakaba.mghosteur.com\/en\/product\/vaseline-lip-therapy-original\/","url_meta":{"origin":28887,"position":4},"title":"VASELINE LIP THERAPY ORIGINAL","author":"admin","date":"May 10, 2024","format":false,"excerpt":"Le baume \u00e0 l\u00e8vres Vaseline Lip Therapy Mini Original est un incontournable pour garder vos l\u00e8vres hydrat\u00e9es et en bonne sant\u00e9. Cliniquement prouv\u00e9 pour gu\u00e9rir les l\u00e8vres s\u00e8ches, sa formule non collante et douce fond d\u00e9licatement sur vos l\u00e8vres, procurant un soulagement durable. Pr\u00e9sent\u00e9 dans un emballage embl\u00e9matique, ce baume\u2026","rel":"","context":"Similar post","block_context":{"text":"Similar post","link":""},"img":{"alt_text":"","src":"","width":0,"height":0},"classes":[]},{"id":30300,"url":"https:\/\/sakaba.mghosteur.com\/en\/product\/beauty-of-joseon-radiance-cleansing-balm\/","url_meta":{"origin":28887,"position":5},"title":"BEAUTY OF JOSEON RADIANCE CLEANSING BALM","author":"admin","date":"May 8, 2023","format":false,"excerpt":"Description du produit : Baume Nettoyant \u00c9clat de la marque BEAUTY OF JOSEON Le Baume Nettoyant \u00c9clat est un produit nettoyant \u00e0 base d'huile de type baume qui fond doucement sur la peau pour \u00e9liminer en douceur le maquillage, l'exc\u00e8s de s\u00e9bum et les impuret\u00e9s. Sa texture baume solide est\u2026","rel":"","context":"Similar post","block_context":{"text":"Similar post","link":""},"img":{"alt_text":"","src":"","width":0,"height":0},"classes":[]}],"_links":{"self":[{"href":"https:\/\/sakaba.mghosteur.com\/en\/wp-json\/wp\/v2\/product\/28887","targetHints":{"allow":["GET"]}}],"collection":[{"href":"https:\/\/sakaba.mghosteur.com\/en\/wp-json\/wp\/v2\/product"}],"about":[{"href":"https:\/\/sakaba.mghosteur.com\/en\/wp-json\/wp\/v2\/types\/product"}],"replies":[{"embeddable":true,"href":"https:\/\/sakaba.mghosteur.com\/en\/wp-json\/wp\/v2\/comments?post=28887"}],"version-history":[{"count":0,"href":"https:\/\/sakaba.mghosteur.com\/en\/wp-json\/wp\/v2\/product\/28887\/revisions"}],"wp:attachment":[{"href":"https:\/\/sakaba.mghosteur.com\/en\/wp-json\/wp\/v2\/media?parent=28887"}],"wp:term":[{"taxonomy":"product_brand","embeddable":true,"href":"https:\/\/sakaba.mghosteur.com\/en\/wp-json\/wp\/v2\/product_brand?post=28887"},{"taxonomy":"product_cat","embeddable":true,"href":"https:\/\/sakaba.mghosteur.com\/en\/wp-json\/wp\/v2\/product_cat?post=28887"},{"taxonomy":"product_tag","embeddable":true,"href":"https:\/\/sakaba.mghosteur.com\/en\/wp-json\/wp\/v2\/product_tag?post=28887"}],"curies":[{"name":"wp","href":"https:\/\/api.w.org\/{rel}","templated":true}]}}