{"id":28898,"date":"2023-03-08T11:30:59","date_gmt":"2023-03-08T11:30:59","guid":{"rendered":"http:\/\/www.sakababeauty.com\/?post_type=product&#038;p=28898"},"modified":"2024-08-15T01:33:11","modified_gmt":"2024-08-15T01:33:11","slug":"the-ordinary-cleansers-squalane","status":"publish","type":"product","link":"https:\/\/sakaba.mghosteur.com\/en\/product\/the-ordinary-cleansers-squalane\/","title":{"rendered":"THE ORDINARY CLEANSER SQUALANE"},"content":{"rendered":"<p>Le nettoyant The Ordinary Cleanser Squalane est un nettoyant facial efficace qui \u00e9limine en douceur le maquillage et les impuret\u00e9s de la peau. La formule est con\u00e7ue pour soutenir la barri\u00e8re d&#8217;hydratation de la peau, assurant ainsi que votre peau reste hydrat\u00e9e pendant le processus de nettoyage. Les propri\u00e9t\u00e9s nettoyantes du produit reposent sur du squalane d&#8217;origine v\u00e9g\u00e9tale, un agent hydratant bien \u00e9tudi\u00e9, ainsi que sur des esters lipophiles qui dissolvent le maquillage tout en laissant votre peau douce et lisse. La formule non com\u00e9dog\u00e8ne et sans savon est suffisamment douce pour une utilisation quotidienne et convient \u00e0 tous les types de peau.<\/p>\n<p>Pour utiliser le produit, versez une petite quantit\u00e9 dans vos mains et frottez-les ensemble pour r\u00e9chauffer le produit et le transformer en huile. Massez l&#8217;huile doucement sur votre visage sec, puis rincez-la \u00e0 l&#8217;eau ti\u00e8de. En cas d&#8217;irritation, rincez le produit imm\u00e9diatement et cessez son utilisation. Utilisez uniquement comme indiqu\u00e9 sur une peau intacte, et il est recommand\u00e9 de faire un test de patch avant de l&#8217;utiliser. Gardez le produit hors de la port\u00e9e des enfants.<\/p>\n<p>Choisissez le nettoyant The Ordinary Cleanser Squalane pour une exp\u00e9rience de nettoyage douce et efficace qui laisse votre peau rafra\u00eechie et hydrat\u00e9e.<\/p>","protected":false},"excerpt":{"rendered":"<p>Le nettoyant The Ordinary Cleanser Squalane est un nettoyant facial efficace qui \u00e9limine en douceur le maquillage et les impuret\u00e9s de la peau. La formule est con\u00e7ue pour soutenir la barri\u00e8re d&#8217;hydratation de la peau, assurant ainsi que votre peau reste hydrat\u00e9e pendant le processus de nettoyage. Les propri\u00e9t\u00e9s nettoyantes du produit reposent sur du<span class=\"read-more-faq\"><a href=\"https:\/\/sakaba.mghosteur.com\/en\/product\/the-ordinary-cleansers-squalane\/\">Read More<\/a><\/span><\/p>","protected":false},"featured_media":0,"comment_status":"closed","ping_status":"closed","template":"","meta":[],"product_brand":[],"product_cat":[324,451],"product_tag":[],"class_list":{"0":"post-28898","1":"product","2":"type-product","3":"status-publish","5":"product_cat-demaquillant-nettoyant","6":"product_cat-aab-soin-du-visage","8":"first","9":"instock","10":"shipping-taxable","11":"product-type-simple"},"jetpack-related-posts":[{"id":31615,"url":"https:\/\/sakaba.mghosteur.com\/en\/product\/the-ordinary-squalane-cleanser-150-ml\/","url_meta":{"origin":28898,"position":0},"title":"The Ordinary Squalane Cleanser 150 ml","author":"admin","date":"May 10, 2024","format":false,"excerpt":"Le Squalane Cleanser est con\u00e7u pour d\u00e9barrasser la peau du maquillage et de la salet\u00e9 tout en soutenant sa barri\u00e8re d'hydratation. Enrichi en squalane d'origine v\u00e9g\u00e9tale, un hydratant reconnu, ainsi qu'en esters lipophiles, ce nettoyant laisse la peau lisse et douce tout en dissolvant le maquillage. Sa formule non com\u00e9dog\u00e8ne\u2026","rel":"","context":"Similar post","block_context":{"text":"Similar post","link":""},"img":{"alt_text":"","src":"","width":0,"height":0},"classes":[]},{"id":31654,"url":"https:\/\/sakaba.mghosteur.com\/en\/product\/the-ordinary-plant-derived-squalane-2\/","url_meta":{"origin":28898,"position":1},"title":"The Ordinary PLANT &#8211; DERIVED SQUALANE","author":"admin","date":"May 10, 2024","format":false,"excerpt":"Le squalane 100 % d'origine v\u00e9g\u00e9tale hydrate la peau tout en soutenant sa barri\u00e8re d'hydratation naturelle. Cet hydratant exceptionnel, pr\u00e9sent naturellement dans la peau, est d\u00e9riv\u00e9 \u00e0 100 % de la canne \u00e0 sucre, offrant ainsi une solution non com\u00e9dog\u00e8ne qui am\u00e9liore l'hydratation en surface. Cette formule de squalane 100\u2026","rel":"","context":"Similar post","block_context":{"text":"Similar post","link":""},"img":{"alt_text":"","src":"","width":0,"height":0},"classes":[]},{"id":27226,"url":"https:\/\/sakaba.mghosteur.com\/en\/product\/the-ordinary-coffret-the-balance-set\/","url_meta":{"origin":28898,"position":2},"title":"THE ORDINARY COFFRET THE BALANCE SET","author":"admin","date":"November 29, 2022","format":false,"excerpt":"L'ensemble d'\u00e9quilibre de The Ordinary est un coffret de produits de soin de la peau con\u00e7u pour clarifier et \u00e9quilibrer votre peau. Il comprend quatre produits cl\u00e9s qui travaillent en tandem pour am\u00e9liorer l'apparence et la texture de votre peau. Le nettoyant d\u00e9maquillant hydratant au squalane est un nettoyant doux\u2026","rel":"","context":"Similar post","block_context":{"text":"Similar post","link":""},"img":{"alt_text":"","src":"","width":0,"height":0},"classes":[]},{"id":27493,"url":"https:\/\/sakaba.mghosteur.com\/en\/product\/the-ordinary-100-plant-derived-squalane\/","url_meta":{"origin":28898,"position":3},"title":"The Ordinary 100% PLANT-DERIVED SQUALANE","author":"admin","date":"November 29, 2022","format":false,"excerpt":"Le squalane 100 % d'origine v\u00e9g\u00e9tale de la marque The Ordinary est un produit hydratant naturel pour la peau et les cheveux. Il contient du squalane d\u00e9riv\u00e9 de la canne \u00e0 sucre, qui est un hydratant naturel pr\u00e9sent dans la peau. Cette formule non com\u00e9dog\u00e8ne soutient la barri\u00e8re d'hydratation naturelle\u2026","rel":"","context":"Similar post","block_context":{"text":"Similar post","link":""},"img":{"alt_text":"","src":"","width":0,"height":0},"classes":[]},{"id":31648,"url":"https:\/\/sakaba.mghosteur.com\/en\/product\/the-ordinary-plant-derived-squalane\/","url_meta":{"origin":28898,"position":4},"title":"The Ordinary PLANT &#8211; DERIVED SQUALANE","author":"admin","date":"May 10, 2024","format":false,"excerpt":"Le squalane 100 % d'origine v\u00e9g\u00e9tale hydrate la peau tout en soutenant sa barri\u00e8re d'hydratation naturelle. Cet hydratant exceptionnellement efficace, naturellement pr\u00e9sent dans la peau, est d\u00e9riv\u00e9 de la canne \u00e0 sucre, offrant ainsi une solution non com\u00e9dog\u00e8ne pour une meilleure hydratation en surface. La formule de squalane 100 %\u2026","rel":"","context":"Similar post","block_context":{"text":"Similar post","link":""},"img":{"alt_text":"","src":"","width":0,"height":0},"classes":[]},{"id":23932,"url":"https:\/\/sakaba.mghosteur.com\/en\/product\/cerave-makeup-removing-cleanser-balm\/","url_meta":{"origin":28898,"position":5},"title":"CERAVE  MAKEUP REMOVING CLEANSER BALM","author":"admin","date":"November 9, 2022","format":false,"excerpt":"Le baume nettoyant d\u00e9maquillant CeraVe est le produit parfait pour tous les types de peau. Il est sans alcool, sans parfum, sans savon et sans paraben, ce qui en fait un choix id\u00e9al pour les peaux sensibles. Ce baume nettoyant est con\u00e7u pour \u00e9liminer efficacement le maquillage, la salet\u00e9 et\u2026","rel":"","context":"Similar post","block_context":{"text":"Similar post","link":""},"img":{"alt_text":"","src":"","width":0,"height":0},"classes":[]}],"_links":{"self":[{"href":"https:\/\/sakaba.mghosteur.com\/en\/wp-json\/wp\/v2\/product\/28898","targetHints":{"allow":["GET"]}}],"collection":[{"href":"https:\/\/sakaba.mghosteur.com\/en\/wp-json\/wp\/v2\/product"}],"about":[{"href":"https:\/\/sakaba.mghosteur.com\/en\/wp-json\/wp\/v2\/types\/product"}],"replies":[{"embeddable":true,"href":"https:\/\/sakaba.mghosteur.com\/en\/wp-json\/wp\/v2\/comments?post=28898"}],"version-history":[{"count":0,"href":"https:\/\/sakaba.mghosteur.com\/en\/wp-json\/wp\/v2\/product\/28898\/revisions"}],"wp:attachment":[{"href":"https:\/\/sakaba.mghosteur.com\/en\/wp-json\/wp\/v2\/media?parent=28898"}],"wp:term":[{"taxonomy":"product_brand","embeddable":true,"href":"https:\/\/sakaba.mghosteur.com\/en\/wp-json\/wp\/v2\/product_brand?post=28898"},{"taxonomy":"product_cat","embeddable":true,"href":"https:\/\/sakaba.mghosteur.com\/en\/wp-json\/wp\/v2\/product_cat?post=28898"},{"taxonomy":"product_tag","embeddable":true,"href":"https:\/\/sakaba.mghosteur.com\/en\/wp-json\/wp\/v2\/product_tag?post=28898"}],"curies":[{"name":"wp","href":"https:\/\/api.w.org\/{rel}","templated":true}]}}