{"id":28902,"date":"2023-03-08T11:49:39","date_gmt":"2023-03-08T11:49:39","guid":{"rendered":"http:\/\/www.sakababeauty.com\/?post_type=product&#038;p=28902"},"modified":"2024-08-15T01:38:30","modified_gmt":"2024-08-15T01:38:30","slug":"the-ordinary-natural-moisturizing-factors-ha","status":"publish","type":"product","link":"https:\/\/sakaba.mghosteur.com\/en\/product\/the-ordinary-natural-moisturizing-factors-ha\/","title":{"rendered":"THE ORDINARY NATURAL MOISTURIZING FACTORS +HA"},"content":{"rendered":"<p>Natural Moisturizing Factors + HA de la marque The Ordinary est un hydratant qui utilise une combinaison d&#8217;ingr\u00e9dients naturels pour soutenir la barri\u00e8re d&#8217;hydratation de votre peau. Cette cr\u00e8me utilise des acides amin\u00e9s, des acides gras, des triglyc\u00e9rides, de l&#8217;ur\u00e9e, des c\u00e9ramides, des phospholipides, de la glyc\u00e9rine, des saccharides, du sodium PCA et de l&#8217;acide hyaluronique pour prot\u00e9ger la couche externe de votre peau tout en la maintenant bien hydrat\u00e9e.<\/p>\n<p>En plus de fournir des effets imm\u00e9diats, cette cr\u00e8me am\u00e9liore \u00e9galement consid\u00e9rablement la fonction de barri\u00e8re cutan\u00e9e de votre peau avec une utilisation r\u00e9guli\u00e8re, ce qui la rend plus r\u00e9sistante aux agressions environnementales. Elle est formul\u00e9e pour \u00eatre l\u00e9g\u00e8re et non grasse, ce qui la rend id\u00e9ale pour une utilisation quotidienne.<\/p>\n<p>Pour utiliser Natural Moisturizing Factors + HA, appliquez simplement une petite quantit\u00e9 de cr\u00e8me sur votre visage et votre cou, en \u00e9vitant le contour des yeux. En cas d&#8217;irritation, rincez imm\u00e9diatement et cessez d&#8217;utiliser le produit. Il est recommand\u00e9 de tester le produit sur un petit patch de peau avant une utilisation plus \u00e9tendue. Gardez le produit hors de port\u00e9e des enfants.<\/p>\n<p>Avec Natural Moisturizing Factors + HA, vous pouvez avoir une peau bien hydrat\u00e9e et prot\u00e9g\u00e9e, tout en utilisant des ingr\u00e9dients naturels pour prendre soin de votre peau.<\/p>","protected":false},"excerpt":{"rendered":"<p>Natural Moisturizing Factors + HA de la marque The Ordinary est un hydratant qui utilise une combinaison d&#8217;ingr\u00e9dients naturels pour soutenir la barri\u00e8re d&#8217;hydratation de votre peau. Cette cr\u00e8me utilise des acides amin\u00e9s, des acides gras, des triglyc\u00e9rides, de l&#8217;ur\u00e9e, des c\u00e9ramides, des phospholipides, de la glyc\u00e9rine, des saccharides, du sodium PCA et de l&#8217;acide<span class=\"read-more-faq\"><a href=\"https:\/\/sakaba.mghosteur.com\/en\/product\/the-ordinary-natural-moisturizing-factors-ha\/\">Read More<\/a><\/span><\/p>","protected":false},"featured_media":0,"comment_status":"closed","ping_status":"closed","template":"","meta":[],"product_brand":[],"product_cat":[331,451],"product_tag":[],"class_list":{"0":"post-28902","1":"product","2":"type-product","3":"status-publish","5":"product_cat-hydratant-visage","6":"product_cat-aab-soin-du-visage","8":"first","9":"instock","10":"shipping-taxable","11":"product-type-simple"},"jetpack-related-posts":[],"_links":{"self":[{"href":"https:\/\/sakaba.mghosteur.com\/en\/wp-json\/wp\/v2\/product\/28902","targetHints":{"allow":["GET"]}}],"collection":[{"href":"https:\/\/sakaba.mghosteur.com\/en\/wp-json\/wp\/v2\/product"}],"about":[{"href":"https:\/\/sakaba.mghosteur.com\/en\/wp-json\/wp\/v2\/types\/product"}],"replies":[{"embeddable":true,"href":"https:\/\/sakaba.mghosteur.com\/en\/wp-json\/wp\/v2\/comments?post=28902"}],"version-history":[{"count":0,"href":"https:\/\/sakaba.mghosteur.com\/en\/wp-json\/wp\/v2\/product\/28902\/revisions"}],"wp:attachment":[{"href":"https:\/\/sakaba.mghosteur.com\/en\/wp-json\/wp\/v2\/media?parent=28902"}],"wp:term":[{"taxonomy":"product_brand","embeddable":true,"href":"https:\/\/sakaba.mghosteur.com\/en\/wp-json\/wp\/v2\/product_brand?post=28902"},{"taxonomy":"product_cat","embeddable":true,"href":"https:\/\/sakaba.mghosteur.com\/en\/wp-json\/wp\/v2\/product_cat?post=28902"},{"taxonomy":"product_tag","embeddable":true,"href":"https:\/\/sakaba.mghosteur.com\/en\/wp-json\/wp\/v2\/product_tag?post=28902"}],"curies":[{"name":"wp","href":"https:\/\/api.w.org\/{rel}","templated":true}]}}