{"id":28905,"date":"2023-03-08T11:53:25","date_gmt":"2023-03-08T11:53:25","guid":{"rendered":"http:\/\/www.sakababeauty.com\/?post_type=product&#038;p=28905"},"modified":"2024-09-01T02:24:53","modified_gmt":"2024-09-01T02:24:53","slug":"pycnogenol-5","status":"publish","type":"product","link":"https:\/\/sakaba.mghosteur.com\/en\/product\/pycnogenol-5\/","title":{"rendered":"The ordinary Pycnog\u00e9nol 5%"},"content":{"rendered":"<p>Le Pycnog\u00e9nol 5% de la marque The Ordinary est un s\u00e9rum \u00e0 la formule huileuse con\u00e7u pour prot\u00e9ger votre peau contre les effets n\u00e9fastes du stress oxydatif. Cette formule contient un extrait exclusif d&#8217;\u00e9corce de pin maritime fran\u00e7ais, qui donne \u00e0 ce s\u00e9rum une couleur rouge fonc\u00e9 en raison de sa haute teneur en antioxydants, notamment les procyanidines. Gr\u00e2ce \u00e0 ses propri\u00e9t\u00e9s antioxydantes, il aide \u00e0 \u00e9claircir votre peau et \u00e0 la prot\u00e9ger contre les agresseurs environnementaux.<\/p>\n<p>Ce s\u00e9rum contient \u00e9galement du Pycnogenol\u00ae, une marque d\u00e9pos\u00e9e de Horphag Research Ltd, qui est connue pour soutenir l&#8217;activit\u00e9 antioxydante de l&#8217;acide ascorbique. Cela fait de cette formule un compl\u00e9ment id\u00e9al aux r\u00e9gimes qui incorporent d\u00e9j\u00e0 de la vitamine C.<\/p>\n<p>Pour utiliser ce produit, appliquez quelques gouttes sur votre visage matin et soir. Vous pouvez \u00e9galement le m\u00e9langer avec d&#8217;autres produits pour am\u00e9liorer leur capacit\u00e9 antioxydante. Si vous ressentez une irritation, rincez imm\u00e9diatement votre visage, cessez l&#8217;utilisation et consultez un m\u00e9decin. Utilisez ce produit uniquement selon les instructions sur une peau intacte et testez-le sur une petite partie de votre peau avant de l&#8217;utiliser r\u00e9guli\u00e8rement. Enfin, veillez \u00e0 tenir ce produit hors de port\u00e9e des enfants.<\/p>","protected":false},"excerpt":{"rendered":"<p>Le Pycnog\u00e9nol 5% de la marque The Ordinary est un s\u00e9rum \u00e0 la formule huileuse con\u00e7u pour prot\u00e9ger votre peau contre les effets n\u00e9fastes du stress oxydatif. Cette formule contient un extrait exclusif d&#8217;\u00e9corce de pin maritime fran\u00e7ais, qui donne \u00e0 ce s\u00e9rum une couleur rouge fonc\u00e9 en raison de sa haute teneur en antioxydants,<span class=\"read-more-faq\"><a href=\"https:\/\/sakaba.mghosteur.com\/en\/product\/pycnogenol-5\/\">Read More<\/a><\/span><\/p>","protected":false},"featured_media":0,"comment_status":"closed","ping_status":"closed","template":"","meta":[],"product_brand":[],"product_cat":[291,451,334],"product_tag":[],"class_list":{"0":"post-28905","1":"product","2":"type-product","3":"status-publish","5":"product_cat-eclaircissant","6":"product_cat-aab-soin-du-visage","7":"product_cat-traitement-serum","9":"first","10":"instock","11":"shipping-taxable","12":"product-type-simple"},"jetpack-related-posts":[{"id":28241,"url":"https:\/\/sakaba.mghosteur.com\/en\/product\/the-ordinary-ascorbic-acid-8-alpha-arbutin-2\/","url_meta":{"origin":28905,"position":0},"title":"THE ORDINARY ASCORBIC ACID 8% ALPHA ARBUTIN 2%","author":"admin","date":"November 30, 2022","format":false,"excerpt":"Le s\u00e9rum Acide Ascorbique 8% + Alpha Arbutine 2% de la marque The Ordinary est un produit hautement efficace pour am\u00e9liorer la pigmentation et l'\u00e9clat de votre peau. Sa formule unique et sans eau combine deux agents \u00e9claircissants puissants : la vitamine C directe \u00e0 8% et l'alpha arbutine \u00e0\u2026","rel":"","context":"Similar post","block_context":{"text":"Similar post","link":""},"img":{"alt_text":"","src":"","width":0,"height":0},"classes":[]},{"id":27481,"url":"https:\/\/sakaba.mghosteur.com\/en\/product\/the-ordinary-ascorbyl-glucoside-solution-12\/","url_meta":{"origin":28905,"position":1},"title":"The Ordinary ASCORBYL GLUCOSIDE SOLUTION 12%","author":"admin","date":"November 29, 2022","format":false,"excerpt":"La Solution de Glucosides d'Ascorbyle 12% de la marque The Ordinary est un s\u00e9rum \u00e0 base d'eau qui offre une formule l\u00e9g\u00e8re et efficace pour aider \u00e0 r\u00e9duire les signes de vieillissement. Ce s\u00e9rum contient un d\u00e9riv\u00e9 hydrosoluble de vitamine C, l'ascorbyl glucoside, qui se transforme en vitamine C une\u2026","rel":"","context":"Similar post","block_context":{"text":"Similar post","link":""},"img":{"alt_text":"","src":"","width":0,"height":0},"classes":[]},{"id":27426,"url":"https:\/\/sakaba.mghosteur.com\/en\/product\/the-inkey-list-q10\/","url_meta":{"origin":28905,"position":2},"title":"THE INKEY LIST Q10","author":"admin","date":"November 29, 2022","format":false,"excerpt":"Le s\u00e9rum Q10 de la marque The Inkey List est un produit de soin essentiel pour prot\u00e9ger votre peau et combattre les signes du vieillissement. Gr\u00e2ce \u00e0 sa formule riche en antioxydants, ce s\u00e9rum aide \u00e0 prot\u00e9ger votre peau contre les agressions ext\u00e9rieures telles que la pollution et les rayons\u2026","rel":"","context":"Similar post","block_context":{"text":"Similar post","link":""},"img":{"alt_text":"","src":"","width":0,"height":0},"classes":[]},{"id":27490,"url":"https:\/\/sakaba.mghosteur.com\/en\/product\/the-ordinary-caffeine-solution-5egcg\/","url_meta":{"origin":28905,"position":3},"title":"The Ordinary CAFFEINE SOLUTION 5%+EGCG","author":"admin","date":"November 29, 2022","format":false,"excerpt":"La solution de caf\u00e9ine 5% + EGCG de la marque The Ordinary est le produit parfait pour les personnes souffrant de poches et de cernes sous les yeux. Gr\u00e2ce \u00e0 sa formule \u00e0 base d'eau, ce s\u00e9rum p\u00e9n\u00e8tre rapidement dans la peau et agit efficacement pour r\u00e9duire l'apparence des poches\u2026","rel":"","context":"Similar post","block_context":{"text":"Similar post","link":""},"img":{"alt_text":"","src":"","width":0,"height":0},"classes":[]},{"id":27471,"url":"https:\/\/sakaba.mghosteur.com\/en\/product\/the-ordinary-amino-acids-b5\/","url_meta":{"origin":28905,"position":4},"title":"The Ordinary Amino Acids + B5","author":"admin","date":"November 29, 2022","format":false,"excerpt":"Le s\u00e9rum Amino Acids + B5 de la marque The Ordinary est un produit ultra-fin qui aide votre peau \u00e0 maintenir sa barri\u00e8re d'hydratation naturelle. La formule de ce s\u00e9rum \u00e0 base d'eau contient une solution concentr\u00e9e \u00e0 17% (en poids) d'acides amin\u00e9s et de d\u00e9riv\u00e9s d'acides amin\u00e9s qui imitent\u2026","rel":"","context":"Similar post","block_context":{"text":"Similar post","link":""},"img":{"alt_text":"","src":"","width":0,"height":0},"classes":[]},{"id":27493,"url":"https:\/\/sakaba.mghosteur.com\/en\/product\/the-ordinary-100-plant-derived-squalane\/","url_meta":{"origin":28905,"position":5},"title":"The Ordinary 100% PLANT-DERIVED SQUALANE","author":"admin","date":"November 29, 2022","format":false,"excerpt":"Le squalane 100 % d'origine v\u00e9g\u00e9tale de la marque The Ordinary est un produit hydratant naturel pour la peau et les cheveux. Il contient du squalane d\u00e9riv\u00e9 de la canne \u00e0 sucre, qui est un hydratant naturel pr\u00e9sent dans la peau. Cette formule non com\u00e9dog\u00e8ne soutient la barri\u00e8re d'hydratation naturelle\u2026","rel":"","context":"Similar post","block_context":{"text":"Similar post","link":""},"img":{"alt_text":"","src":"","width":0,"height":0},"classes":[]}],"_links":{"self":[{"href":"https:\/\/sakaba.mghosteur.com\/en\/wp-json\/wp\/v2\/product\/28905","targetHints":{"allow":["GET"]}}],"collection":[{"href":"https:\/\/sakaba.mghosteur.com\/en\/wp-json\/wp\/v2\/product"}],"about":[{"href":"https:\/\/sakaba.mghosteur.com\/en\/wp-json\/wp\/v2\/types\/product"}],"replies":[{"embeddable":true,"href":"https:\/\/sakaba.mghosteur.com\/en\/wp-json\/wp\/v2\/comments?post=28905"}],"version-history":[{"count":0,"href":"https:\/\/sakaba.mghosteur.com\/en\/wp-json\/wp\/v2\/product\/28905\/revisions"}],"wp:attachment":[{"href":"https:\/\/sakaba.mghosteur.com\/en\/wp-json\/wp\/v2\/media?parent=28905"}],"wp:term":[{"taxonomy":"product_brand","embeddable":true,"href":"https:\/\/sakaba.mghosteur.com\/en\/wp-json\/wp\/v2\/product_brand?post=28905"},{"taxonomy":"product_cat","embeddable":true,"href":"https:\/\/sakaba.mghosteur.com\/en\/wp-json\/wp\/v2\/product_cat?post=28905"},{"taxonomy":"product_tag","embeddable":true,"href":"https:\/\/sakaba.mghosteur.com\/en\/wp-json\/wp\/v2\/product_tag?post=28905"}],"curies":[{"name":"wp","href":"https:\/\/api.w.org\/{rel}","templated":true}]}}