{"id":28919,"date":"2023-03-08T13:00:31","date_gmt":"2023-03-08T13:00:31","guid":{"rendered":"http:\/\/www.sakababeauty.com\/?post_type=product&#038;p=28919"},"modified":"2024-08-15T01:28:35","modified_gmt":"2024-08-15T01:28:35","slug":"the-ordinary-alpha-arbutin-2-ha","status":"publish","type":"product","link":"https:\/\/sakaba.mghosteur.com\/en\/product\/the-ordinary-alpha-arbutin-2-ha\/","title":{"rendered":"THE ORDINARY ALPHA ARBUTIN 2% + HA"},"content":{"rendered":"<p>Le s\u00e9rum Alpha Arbutine 2% + HA de The Ordinary est un produit de soin de la peau \u00e0 base d&#8217;eau, con\u00e7u pour am\u00e9liorer visiblement la pigmentation et cibler les probl\u00e8mes de teint irr\u00e9gulier. Ce produit contient une concentration \u00e9lev\u00e9e d&#8217;alpha arbutine purifi\u00e9e, un ingr\u00e9dient \u00e9claircissant bien connu, qui agit pour cibler les taches brunes et les imperfections de la peau. En outre, le s\u00e9rum est enrichi en acide hyaluronique, qui aide \u00e0 soutenir l&#8217;absorption du produit dans la peau.<\/p>\n<p>Le pH de cette formule a \u00e9t\u00e9 sp\u00e9cialement con\u00e7u pour minimiser la d\u00e9gradation de l&#8217;alpha arbutine en pr\u00e9sence d&#8217;eau, ce qui garantit l&#8217;efficacit\u00e9 optimale du produit. Bien que certains changements de couleur puissent survenir en raison de l&#8217;exposition au soleil ou \u00e0 une temp\u00e9rature \u00e9lev\u00e9e, les tests ont montr\u00e9 que l&#8217;efficacit\u00e9 et l&#8217;innocuit\u00e9 de l&#8217;ingr\u00e9dient actif restent stables.<\/p>\n<p>MODE D&#8217;EMPLOI :<\/p>\n<p>Pour utiliser le s\u00e9rum Alpha Arbutine 2% + HA, il suffit d&#8217;appliquer quelques gouttes sur le visage, matin et soir. Il est recommand\u00e9 d&#8217;utiliser une protection solaire pendant la journ\u00e9e, et en cas d&#8217;irritation, de rincer imm\u00e9diatement et de consulter un m\u00e9decin. Avant utilisation, il est conseill\u00e9 de tester le produit sur une petite zone de peau pour \u00e9viter les r\u00e9actions allergiques. Ce produit doit \u00eatre utilis\u00e9 uniquement selon les instructions sur une peau intacte et doit \u00eatre conserv\u00e9 hors de la port\u00e9e des enfants.<\/p>","protected":false},"excerpt":{"rendered":"<p>Le s\u00e9rum Alpha Arbutine 2% + HA de The Ordinary est un produit de soin de la peau \u00e0 base d&#8217;eau, con\u00e7u pour am\u00e9liorer visiblement la pigmentation et cibler les probl\u00e8mes de teint irr\u00e9gulier. Ce produit contient une concentration \u00e9lev\u00e9e d&#8217;alpha arbutine purifi\u00e9e, un ingr\u00e9dient \u00e9claircissant bien connu, qui agit pour cibler les taches brunes<span class=\"read-more-faq\"><a href=\"https:\/\/sakaba.mghosteur.com\/en\/product\/the-ordinary-alpha-arbutin-2-ha\/\">Read More<\/a><\/span><\/p>","protected":false},"featured_media":0,"comment_status":"closed","ping_status":"closed","template":"","meta":[],"product_brand":[],"product_cat":[291,451,334],"product_tag":[],"class_list":{"0":"post-28919","1":"product","2":"type-product","3":"status-publish","5":"product_cat-eclaircissant","6":"product_cat-aab-soin-du-visage","7":"product_cat-traitement-serum","9":"first","10":"instock","11":"shipping-taxable","12":"product-type-simple"},"jetpack-related-posts":[{"id":28241,"url":"https:\/\/sakaba.mghosteur.com\/en\/product\/the-ordinary-ascorbic-acid-8-alpha-arbutin-2\/","url_meta":{"origin":28919,"position":0},"title":"THE ORDINARY ASCORBIC ACID 8% ALPHA ARBUTIN 2%","author":"admin","date":"November 30, 2022","format":false,"excerpt":"Le s\u00e9rum Acide Ascorbique 8% + Alpha Arbutine 2% de la marque The Ordinary est un produit hautement efficace pour am\u00e9liorer la pigmentation et l'\u00e9clat de votre peau. Sa formule unique et sans eau combine deux agents \u00e9claircissants puissants : la vitamine C directe \u00e0 8% et l'alpha arbutine \u00e0\u2026","rel":"","context":"Similar post","block_context":{"text":"Similar post","link":""},"img":{"alt_text":"","src":"","width":0,"height":0},"classes":[]},{"id":27402,"url":"https:\/\/sakaba.mghosteur.com\/en\/product\/the-inkey-list-alpha-arbutin-2\/","url_meta":{"origin":28919,"position":1},"title":"THE INKEY LIST ALPHA ARBUTIN","author":"admin","date":"November 29, 2022","format":false,"excerpt":"Le s\u00e9rum Alpha Arbutine de la marque The Inkey List est un v\u00e9ritable concentr\u00e9 d'efficacit\u00e9 pour retrouver une peau \u00e9clatante et un teint uniforme. Avec sa formule concentr\u00e9e \u00e0 2% d'alpha arbutine, ce s\u00e9rum est sp\u00e9cialement con\u00e7u pour r\u00e9duire l'apparence de l'hyperpigmentation et des taches brunes sur la peau. Gr\u00e2ce\u2026","rel":"","context":"Similar post","block_context":{"text":"Similar post","link":""},"img":{"alt_text":"","src":"","width":0,"height":0},"classes":[]},{"id":56158,"url":"https:\/\/sakaba.mghosteur.com\/en\/product\/cosrx-the-alpha-arbutin-2-discoloration-care-serum\/","url_meta":{"origin":28919,"position":2},"title":"COSRX The Alpha Arbutin 2 Discoloration Care Serum","author":"Sope DIA","date":"January 2, 2026","format":false,"excerpt":"Le\u00a0COSRX The Alpha-Arbutin 2% Discoloration Care Serum\u00a0est votre nouveau secret pour une peau lisse et \u00e9clatante ! Ce s\u00e9rum puissant est enrichi de 2 % d'alpha-arbutine, un ingr\u00e9dient \u00e9prouv\u00e9 qui aide \u00e0 r\u00e9duire les taches pigmentaires et les d\u00e9colorations cutan\u00e9es. Il agit efficacement pour att\u00e9nuer les taches brunes, uniformiser le\u2026","rel":"","context":"Similar post","block_context":{"text":"Similar post","link":""},"img":{"alt_text":"","src":"","width":0,"height":0},"classes":[]},{"id":31367,"url":"https:\/\/sakaba.mghosteur.com\/en\/product\/beauty-of-joseon-glow-deep-serum-rice-alpha-arbutin\/","url_meta":{"origin":28919,"position":3},"title":"BEAUTY OF JOSEON GLOW DEEP SERUM RICE + ALPHA ARBUTIN","author":"admin","date":"May 10, 2024","format":false,"excerpt":"Glow Deep Serum : Rice + Alpha-Arbutin Description : Le S\u00e9rum Glow Deep : Rice + Alpha-Arbutin est sp\u00e9cialement formul\u00e9 pour les personnes souffrant de probl\u00e8mes de pigmentation et de teint irr\u00e9gulier. Enrichi avec 68 % d'eau de son de riz et 2 % d'alpha-arbutine, ce s\u00e9rum agit efficacement pour\u2026","rel":"","context":"Similar post","block_context":{"text":"Similar post","link":""},"img":{"alt_text":"","src":"","width":0,"height":0},"classes":[]},{"id":56147,"url":"https:\/\/sakaba.mghosteur.com\/en\/product\/beauty-of-joseon-glow-deep-serum-rice-alpha-arbutin-2\/","url_meta":{"origin":28919,"position":4},"title":"Beauty of Joseon Glow Deep Serum  Rice + Alpha-Arbutin","author":"Sope DIA","date":"January 2, 2026","format":false,"excerpt":"R\u00e9v\u00e9lation \u00e9clatante\u00a0: D\u00e9couvrez les secrets de beaut\u00e9 de Joseon avec le S\u00e9rum \u00c9clat Profond, un m\u00e9lange m\u00e9ticuleusement \u00e9labor\u00e9 \u00e0 base de riz et d\u2019alpha-arbutine pour un \u00e9clat incomparable. Att\u00e9nuez les taches brunes, les irr\u00e9gularit\u00e9s de pigmentation et les cicatrices d\u2019acn\u00e9 gr\u00e2ce \u00e0 une formule puissante enrichie en riz et en\u2026","rel":"","context":"Similar post","block_context":{"text":"Similar post","link":""},"img":{"alt_text":"","src":"","width":0,"height":0},"classes":[]},{"id":31816,"url":"https:\/\/sakaba.mghosteur.com\/en\/product\/anua-niacinamide-10-txa-4-dark-spot-30ml\/","url_meta":{"origin":28919,"position":5},"title":"ANUA NIACINAMIDE 10% +TXA 4% DARK SPOT 30ML","author":"admin","date":"May 10, 2024","format":false,"excerpt":"Anua Niacinamide 10% + TXA 4% Dark Spot 30ML est un s\u00e9rum qui contient 10% de niacinamide et 4% d'acide tranexamique pour aider \u00e0 r\u00e9duire la d\u00e9coloration et cibler les taches brunes tenaces et l'hyperpigmentation. Il contient \u00e9galement 2% d'arbutine pour aider \u00e0 corriger le teint irr\u00e9gulier en limitant la\u2026","rel":"","context":"Similar post","block_context":{"text":"Similar post","link":""},"img":{"alt_text":"","src":"","width":0,"height":0},"classes":[]}],"_links":{"self":[{"href":"https:\/\/sakaba.mghosteur.com\/en\/wp-json\/wp\/v2\/product\/28919","targetHints":{"allow":["GET"]}}],"collection":[{"href":"https:\/\/sakaba.mghosteur.com\/en\/wp-json\/wp\/v2\/product"}],"about":[{"href":"https:\/\/sakaba.mghosteur.com\/en\/wp-json\/wp\/v2\/types\/product"}],"replies":[{"embeddable":true,"href":"https:\/\/sakaba.mghosteur.com\/en\/wp-json\/wp\/v2\/comments?post=28919"}],"version-history":[{"count":0,"href":"https:\/\/sakaba.mghosteur.com\/en\/wp-json\/wp\/v2\/product\/28919\/revisions"}],"wp:attachment":[{"href":"https:\/\/sakaba.mghosteur.com\/en\/wp-json\/wp\/v2\/media?parent=28919"}],"wp:term":[{"taxonomy":"product_brand","embeddable":true,"href":"https:\/\/sakaba.mghosteur.com\/en\/wp-json\/wp\/v2\/product_brand?post=28919"},{"taxonomy":"product_cat","embeddable":true,"href":"https:\/\/sakaba.mghosteur.com\/en\/wp-json\/wp\/v2\/product_cat?post=28919"},{"taxonomy":"product_tag","embeddable":true,"href":"https:\/\/sakaba.mghosteur.com\/en\/wp-json\/wp\/v2\/product_tag?post=28919"}],"curies":[{"name":"wp","href":"https:\/\/api.w.org\/{rel}","templated":true}]}}