{"id":28972,"date":"2023-03-08T17:45:33","date_gmt":"2023-03-08T17:45:33","guid":{"rendered":"http:\/\/www.sakababeauty.com\/?post_type=product&#038;p=28972"},"modified":"2024-08-15T01:57:21","modified_gmt":"2024-08-15T01:57:21","slug":"the-ordinary-retinol-1-in-squalane-serum-water-free","status":"publish","type":"product","link":"https:\/\/sakaba.mghosteur.com\/en\/product\/the-ordinary-retinol-1-in-squalane-serum-water-free\/","title":{"rendered":"The Ordinary Retinol 1% In Squalane Serum &#8211; Water Free"},"content":{"rendered":"<p>Le R\u00e9tinol 1% dans Squalane de The Ordinary est un traitement efficace pour am\u00e9liorer l&#8217;apparence des ridules et des rides dynamiques, tout en unifiant la texture et le teint de la peau. Il contient 1% de r\u00e9tinol et du squalane pour maintenir une hydratation en surface. Il est recommand\u00e9 de commencer avec une concentration plus faible de r\u00e9tinol pour progresser lentement jusqu&#8217;\u00e0 1%. Les produits contenant des r\u00e9tino\u00efdes peuvent rendre la peau plus sensible aux rayons UV, il est donc recommand\u00e9 d&#8217;utiliser un \u00e9cran solaire et d&#8217;\u00e9viter d&#8217;utiliser d&#8217;autres produits contenant des r\u00e9tino\u00efdes en m\u00eame temps. Le R\u00e9tinol 1% dans Squalane n&#8217;est pas destin\u00e9 au traitement de l&#8217;acn\u00e9 et ne doit pas \u00eatre utilis\u00e9 pendant la grossesse ou l&#8217;allaitement. Il doit \u00eatre appliqu\u00e9 le soir en \u00e9vitant le contour des yeux, et la peau peut d\u00e9velopper une irritation, une rougeur et une desquamation au d\u00e9but de l&#8217;utilisation. Si une irritation appara\u00eet, il est recommand\u00e9 de cesser l&#8217;utilisation et de consulter un m\u00e9decin.<\/p>","protected":false},"excerpt":{"rendered":"<p>Le R\u00e9tinol 1% dans Squalane de The Ordinary est un traitement efficace pour am\u00e9liorer l&#8217;apparence des ridules et des rides dynamiques, tout en unifiant la texture et le teint de la peau. Il contient 1% de r\u00e9tinol et du squalane pour maintenir une hydratation en surface. Il est recommand\u00e9 de commencer avec une concentration plus<span class=\"read-more-faq\"><a href=\"https:\/\/sakaba.mghosteur.com\/en\/product\/the-ordinary-retinol-1-in-squalane-serum-water-free\/\">Read More<\/a><\/span><\/p>","protected":false},"featured_media":0,"comment_status":"closed","ping_status":"closed","template":"","meta":[],"product_brand":[],"product_cat":[1095,451,334],"product_tag":[],"class_list":{"0":"post-28972","1":"product","2":"type-product","3":"status-publish","5":"product_cat-anti-age","6":"product_cat-aab-soin-du-visage","7":"product_cat-traitement-serum","9":"first","10":"instock","11":"shipping-taxable","12":"product-type-simple"},"jetpack-related-posts":[{"id":27444,"url":"https:\/\/sakaba.mghosteur.com\/en\/product\/the-ordinary-retinol-0-5-in-squalane\/","url_meta":{"origin":28972,"position":0},"title":"THE ORDINARY RETINOL 0.5 % IN SQUALANE","author":"admin","date":"November 29, 2022","format":false,"excerpt":"R\u00e9tinol 0,5 % dans Squalane de la marque The Ordinary est une solution sans eau contenant 0,5 % de r\u00e9tinol, un ingr\u00e9dient reconnu pour am\u00e9liorer l'apparence des ridules et des ridules dynamiques r\u00e9sultant d'une perte de collag\u00e8ne et d'\u00e9lastine, tout en unifiant la texture et le teint de la peau.\u2026","rel":"","context":"Similar post","block_context":{"text":"Similar post","link":""},"img":{"alt_text":"","src":"","width":0,"height":0},"classes":[]},{"id":27453,"url":"https:\/\/sakaba.mghosteur.com\/en\/product\/the-ordinary-granactive-retinoid-2-emulsion\/","url_meta":{"origin":28972,"position":1},"title":"The ordinary GRANACTIVE RETINOID 2% EMULSION","author":"admin","date":"November 29, 2022","format":false,"excerpt":"La Granactive R\u00e9tino\u00efde 2% \u00c9mulsion de la marque The Ordinary est un s\u00e9rum cr\u00e9meux con\u00e7u pour cibler les signes visibles du vieillissement. Ce s\u00e9rum contient un actif r\u00e9tino\u00efde hautement avanc\u00e9, l'un des meilleurs ingr\u00e9dients pour la peau, qui am\u00e9liore l'apparence des ridules fines et dynamiques r\u00e9sultant d'une perte de collag\u00e8ne\u2026","rel":"","context":"Similar post","block_context":{"text":"Similar post","link":""},"img":{"alt_text":"","src":"","width":0,"height":0},"classes":[]},{"id":27493,"url":"https:\/\/sakaba.mghosteur.com\/en\/product\/the-ordinary-100-plant-derived-squalane\/","url_meta":{"origin":28972,"position":2},"title":"The Ordinary 100% PLANT-DERIVED SQUALANE","author":"admin","date":"November 29, 2022","format":false,"excerpt":"Le squalane 100 % d'origine v\u00e9g\u00e9tale de la marque The Ordinary est un produit hydratant naturel pour la peau et les cheveux. Il contient du squalane d\u00e9riv\u00e9 de la canne \u00e0 sucre, qui est un hydratant naturel pr\u00e9sent dans la peau. Cette formule non com\u00e9dog\u00e8ne soutient la barri\u00e8re d'hydratation naturelle\u2026","rel":"","context":"Similar post","block_context":{"text":"Similar post","link":""},"img":{"alt_text":"","src":"","width":0,"height":0},"classes":[]},{"id":28898,"url":"https:\/\/sakaba.mghosteur.com\/en\/product\/the-ordinary-cleansers-squalane\/","url_meta":{"origin":28972,"position":3},"title":"THE ORDINARY CLEANSER SQUALANE","author":"admin","date":"March 8, 2023","format":false,"excerpt":"Le nettoyant The Ordinary Cleanser Squalane est un nettoyant facial efficace qui \u00e9limine en douceur le maquillage et les impuret\u00e9s de la peau. La formule est con\u00e7ue pour soutenir la barri\u00e8re d'hydratation de la peau, assurant ainsi que votre peau reste hydrat\u00e9e pendant le processus de nettoyage. Les propri\u00e9t\u00e9s nettoyantes\u2026","rel":"","context":"Similar post","block_context":{"text":"Similar post","link":""},"img":{"alt_text":"","src":"","width":0,"height":0},"classes":[]},{"id":31654,"url":"https:\/\/sakaba.mghosteur.com\/en\/product\/the-ordinary-plant-derived-squalane-2\/","url_meta":{"origin":28972,"position":4},"title":"The Ordinary PLANT &#8211; DERIVED SQUALANE","author":"admin","date":"May 10, 2024","format":false,"excerpt":"Le squalane 100 % d'origine v\u00e9g\u00e9tale hydrate la peau tout en soutenant sa barri\u00e8re d'hydratation naturelle. Cet hydratant exceptionnel, pr\u00e9sent naturellement dans la peau, est d\u00e9riv\u00e9 \u00e0 100 % de la canne \u00e0 sucre, offrant ainsi une solution non com\u00e9dog\u00e8ne qui am\u00e9liore l'hydratation en surface. Cette formule de squalane 100\u2026","rel":"","context":"Similar post","block_context":{"text":"Similar post","link":""},"img":{"alt_text":"","src":"","width":0,"height":0},"classes":[]},{"id":27487,"url":"https:\/\/sakaba.mghosteur.com\/en\/product\/the-ordinary-salicylic-acid-2-anhydrous-solution-2\/","url_meta":{"origin":28972,"position":5},"title":"THE ORDINARY SALICYLIC ACID 2% ANHYDROUS SOLUTION","author":"admin","date":"November 29, 2022","format":false,"excerpt":"La solution anhydre d'acide salicylique \u00e0 2 % de la marque The Ordinary est une formule douce con\u00e7ue pour exfolier en douceur la peau, d\u00e9congestionner les pores, lisser les irr\u00e9gularit\u00e9s de texture et r\u00e9duire les rougeurs et le teint irr\u00e9gulier. Cette formule se distingue des autres offres d'acide salicylique gr\u00e2ce\u2026","rel":"","context":"Similar post","block_context":{"text":"Similar post","link":""},"img":{"alt_text":"","src":"","width":0,"height":0},"classes":[]}],"_links":{"self":[{"href":"https:\/\/sakaba.mghosteur.com\/en\/wp-json\/wp\/v2\/product\/28972","targetHints":{"allow":["GET"]}}],"collection":[{"href":"https:\/\/sakaba.mghosteur.com\/en\/wp-json\/wp\/v2\/product"}],"about":[{"href":"https:\/\/sakaba.mghosteur.com\/en\/wp-json\/wp\/v2\/types\/product"}],"replies":[{"embeddable":true,"href":"https:\/\/sakaba.mghosteur.com\/en\/wp-json\/wp\/v2\/comments?post=28972"}],"version-history":[{"count":0,"href":"https:\/\/sakaba.mghosteur.com\/en\/wp-json\/wp\/v2\/product\/28972\/revisions"}],"wp:attachment":[{"href":"https:\/\/sakaba.mghosteur.com\/en\/wp-json\/wp\/v2\/media?parent=28972"}],"wp:term":[{"taxonomy":"product_brand","embeddable":true,"href":"https:\/\/sakaba.mghosteur.com\/en\/wp-json\/wp\/v2\/product_brand?post=28972"},{"taxonomy":"product_cat","embeddable":true,"href":"https:\/\/sakaba.mghosteur.com\/en\/wp-json\/wp\/v2\/product_cat?post=28972"},{"taxonomy":"product_tag","embeddable":true,"href":"https:\/\/sakaba.mghosteur.com\/en\/wp-json\/wp\/v2\/product_tag?post=28972"}],"curies":[{"name":"wp","href":"https:\/\/api.w.org\/{rel}","templated":true}]}}