{"id":28981,"date":"2023-03-08T18:24:43","date_gmt":"2023-03-08T18:24:43","guid":{"rendered":"http:\/\/www.sakababeauty.com\/?post_type=product&#038;p=28981"},"modified":"2024-08-15T01:37:16","modified_gmt":"2024-08-15T01:37:16","slug":"the-ordinary-multi-peptide-eye-serum","status":"publish","type":"product","link":"https:\/\/sakaba.mghosteur.com\/en\/product\/the-ordinary-multi-peptide-eye-serum\/","title":{"rendered":"THE ORDINARY Multi-Peptide Eye Serum"},"content":{"rendered":"<div class=\"flex-1 overflow-hidden\">\n<div class=\"react-scroll-to-bottom--css-klqvp-79elbk h-full dark:bg-gray-800\">\n<div class=\"react-scroll-to-bottom--css-klqvp-1n7m0yu\">\n<div class=\"flex flex-col items-center text-sm dark:bg-gray-800\">\n<div class=\"w-full border-b border-black\/10 dark:border-gray-900\/50 text-gray-800 dark:text-gray-100 group bg-gray-50 dark:bg-[#444654]\">\n<div class=\"text-base gap-4 md:gap-6 m-auto md:max-w-2xl lg:max-w-2xl xl:max-w-3xl p-4 md:py-6 flex lg:px-0\">\n<div class=\"relative flex w-[calc(100%-50px)] flex-col gap-1 md:gap-3 lg:w-[calc(100%-115px)]\">\n<div class=\"flex flex-grow flex-col gap-3\">\n<div class=\"min-h-[20px] flex flex-col items-start gap-4 whitespace-pre-wrap\">\n<div class=\"markdown prose w-full break-words dark:prose-invert light\">\n<p>Le S\u00e9rum Yeux Multi-Peptides de la marque The Ordinary est une solution pour lutter contre les signes de vieillissement autour des yeux, gr\u00e2ce \u00e0 une formule \u00e0 base d&#8217;eau contenant plusieurs technologies peptidiques, de la niacinamide et de l&#8217;extrait d&#8217;\u00e9corce de fraxinus excelsior. Ce s\u00e9rum offre des r\u00e9sultats cliniques incroyables en r\u00e9duisant l&#8217;apparence des rides, des poches et des cernes sous les yeux, et en am\u00e9liorant la luminosit\u00e9 et la texture de la peau. Bien qu&#8217;il soit plus cher que la plupart des autres produits, cette formule est compos\u00e9e d&#8217;une forte concentration d&#8217;actifs n\u00e9cessaires pour traiter simultan\u00e9ment plusieurs probl\u00e8mes de la zone oculaire. L&#8217;application est facile et rapide, mais il est conseill\u00e9 de tester les patchs avant utilisation et de tenir le produit hors de port\u00e9e des enfants. Les marques commerciales appartiennent \u00e0 leurs propri\u00e9taires respectifs et ni DECIEM ni The Ordinary ne sont affili\u00e9s aux propri\u00e9taires des marques.<\/p>\n<\/div>\n<\/div>\n<\/div>\n<\/div>\n<\/div>\n<\/div>\n<\/div>\n<\/div>\n<\/div>\n<\/div>","protected":false},"excerpt":{"rendered":"<p>Le S\u00e9rum Yeux Multi-Peptides de la marque The Ordinary est une solution pour lutter contre les signes de vieillissement autour des yeux, gr\u00e2ce \u00e0 une formule \u00e0 base d&#8217;eau contenant plusieurs technologies peptidiques, de la niacinamide et de l&#8217;extrait d&#8217;\u00e9corce de fraxinus excelsior. Ce s\u00e9rum offre des r\u00e9sultats cliniques incroyables en r\u00e9duisant l&#8217;apparence des rides,<span class=\"read-more-faq\"><a href=\"https:\/\/sakaba.mghosteur.com\/en\/product\/the-ordinary-multi-peptide-eye-serum\/\">Read More<\/a><\/span><\/p>","protected":false},"featured_media":0,"comment_status":"closed","ping_status":"closed","template":"","meta":[],"product_brand":[],"product_cat":[451,334],"product_tag":[],"class_list":{"0":"post-28981","1":"product","2":"type-product","3":"status-publish","5":"product_cat-aab-soin-du-visage","6":"product_cat-traitement-serum","8":"first","9":"instock","10":"shipping-taxable","11":"product-type-simple"},"jetpack-related-posts":[{"id":31651,"url":"https:\/\/sakaba.mghosteur.com\/en\/product\/the-ordinary-multi-peptide-ha-serum\/","url_meta":{"origin":28981,"position":0},"title":"The Ordinary MULTI-PEPTIDE + HA SERUM","author":"admin","date":"May 10, 2024","format":false,"excerpt":"D\u00e9couvrez le S\u00e9rum Multi-Peptide + HA, anciennement connu sous le nom de \"Buffet\". Cette formule universelle r\u00e9unit une multitude de technologies pour sublimer votre peau et agir sur plusieurs signes de vieillissement simultan\u00e9ment. Enrichi de quatre technologies peptidiques \u00e9prouv\u00e9es, d'acides amin\u00e9s b\u00e9n\u00e9fiques pour la peau et de complexes d'acide hyaluronique\u2026","rel":"","context":"Similar post","block_context":{"text":"Similar post","link":""},"img":{"alt_text":"","src":"","width":0,"height":0},"classes":[]},{"id":24285,"url":"https:\/\/sakaba.mghosteur.com\/en\/product\/the-ordinary-hair-care-multi-peptide-serum\/","url_meta":{"origin":28981,"position":1},"title":"THE ORDINARY LASH AND BROW SERUM","author":"admin","date":"November 9, 2022","format":false,"excerpt":"Obtenez des cils et des sourcils plus \u00e9pais et plus sains avec le s\u00e9rum multi-peptide pour les cils et les sourcils de The Ordinary. Cette formule l\u00e9g\u00e8re et non grasse contient 11 ingr\u00e9dients actifs, dont quatre complexes peptidiques et une s\u00e9rie d'extraits naturels, pour aider \u00e0 nourrir et \u00e0 prot\u00e9ger\u2026","rel":"","context":"Similar post","block_context":{"text":"Similar post","link":""},"img":{"alt_text":"","src":"","width":0,"height":0},"classes":[]},{"id":27499,"url":"https:\/\/sakaba.mghosteur.com\/en\/product\/the-ordinary-buffet-copper-peptides-1-2\/","url_meta":{"origin":28981,"position":2},"title":"THE ORDINARY BUFFET + COPPER PEPTIDES 1%","author":"admin","date":"November 29, 2022","format":false,"excerpt":"Le \"Buffet\" + Peptides de Cuivre 1% de The Ordinary est un s\u00e9rum anti-\u00e2ge tout-en-un qui offre une solution compl\u00e8te pour les soins de la peau. Cette formule avanc\u00e9e utilise cinq technologies peptidiques bien \u00e9tudi\u00e9es, des acides amin\u00e9s respectueux de la peau et plusieurs acides hyaluroniques pour cibler plusieurs signes\u2026","rel":"","context":"Similar post","block_context":{"text":"Similar post","link":""},"img":{"alt_text":"","src":"","width":0,"height":0},"classes":[]},{"id":31403,"url":"https:\/\/sakaba.mghosteur.com\/en\/product\/paulas-choice-pro-collagen-multi-peptide-booster\/","url_meta":{"origin":28981,"position":3},"title":"PAULA&#8217;S CHOICE PRO-COLLAGEN MULTI-PEPTIDE BOOSTER","author":"admin","date":"May 10, 2024","format":false,"excerpt":"Pro-Collagen Multi-Peptide Booster Reconstruisez, renforcez et raffermissez votre peau en profondeur gr\u00e2ce \u00e0 six peptides pro-collag\u00e8ne. Ce booster offre un soutien multicouche pour des r\u00e9sultats imm\u00e9diats et durables. Le complexe peptidique de pointe agit en profondeur pour offrir un soutien multicouche, lissant visiblement les rides en seulement 15 minutes. Cliniquement\u2026","rel":"","context":"Similar post","block_context":{"text":"Similar post","link":""},"img":{"alt_text":"","src":"","width":0,"height":0},"classes":[]},{"id":27465,"url":"https:\/\/sakaba.mghosteur.com\/en\/product\/the-ordinary-argireline-solution-10\/","url_meta":{"origin":28981,"position":4},"title":"THE ORDINARY ARGIRELINE SOLUTION 10%","author":"admin","date":"November 29, 2022","format":false,"excerpt":"The Ordinary Argireline Solution 10% est un s\u00e9rum con\u00e7u pour r\u00e9duire l'apparence des rides et ridules. Il contient 10 % d'argireline, un peptide qui d\u00e9tend les muscles du visage et lisse la peau. Le s\u00e9rum est l\u00e9ger et glisse sans effort sur la peau. Il emp\u00eache \u00e9galement activement les contractions\u2026","rel":"","context":"Similar post","block_context":{"text":"Similar post","link":""},"img":{"alt_text":"","src":"","width":0,"height":0},"classes":[]},{"id":27823,"url":"https:\/\/sakaba.mghosteur.com\/en\/product\/estee-lauder-resilence-multi-effect-nignt-tri-peptide-face-and-neck-cream\/","url_meta":{"origin":28981,"position":5},"title":"Estee Lauder Resilence Multi-Effect Nignt tri-peptide face and Neck Cream","author":"admin","date":"November 29, 2022","format":false,"excerpt":"","rel":"","context":"Similar post","block_context":{"text":"Similar post","link":""},"img":{"alt_text":"","src":"","width":0,"height":0},"classes":[]}],"_links":{"self":[{"href":"https:\/\/sakaba.mghosteur.com\/en\/wp-json\/wp\/v2\/product\/28981","targetHints":{"allow":["GET"]}}],"collection":[{"href":"https:\/\/sakaba.mghosteur.com\/en\/wp-json\/wp\/v2\/product"}],"about":[{"href":"https:\/\/sakaba.mghosteur.com\/en\/wp-json\/wp\/v2\/types\/product"}],"replies":[{"embeddable":true,"href":"https:\/\/sakaba.mghosteur.com\/en\/wp-json\/wp\/v2\/comments?post=28981"}],"version-history":[{"count":0,"href":"https:\/\/sakaba.mghosteur.com\/en\/wp-json\/wp\/v2\/product\/28981\/revisions"}],"wp:attachment":[{"href":"https:\/\/sakaba.mghosteur.com\/en\/wp-json\/wp\/v2\/media?parent=28981"}],"wp:term":[{"taxonomy":"product_brand","embeddable":true,"href":"https:\/\/sakaba.mghosteur.com\/en\/wp-json\/wp\/v2\/product_brand?post=28981"},{"taxonomy":"product_cat","embeddable":true,"href":"https:\/\/sakaba.mghosteur.com\/en\/wp-json\/wp\/v2\/product_cat?post=28981"},{"taxonomy":"product_tag","embeddable":true,"href":"https:\/\/sakaba.mghosteur.com\/en\/wp-json\/wp\/v2\/product_tag?post=28981"}],"curies":[{"name":"wp","href":"https:\/\/api.w.org\/{rel}","templated":true}]}}