{"id":29005,"date":"2023-03-09T11:35:52","date_gmt":"2023-03-09T11:35:52","guid":{"rendered":"http:\/\/www.sakababeauty.com\/?post_type=product&#038;p=29005"},"modified":"2024-08-08T00:20:48","modified_gmt":"2024-08-08T00:20:48","slug":"1-hydrocortisone-anti-itch-cream","status":"publish","type":"product","link":"https:\/\/sakaba.mghosteur.com\/en\/product\/1-hydrocortisone-anti-itch-cream\/","title":{"rendered":"1% HYDROCORTISONE ANTI-ITCH CREAM"},"content":{"rendered":"<p>La cr\u00e8me anti-d\u00e9mangeaisons \u00e0 l&#8217;hydrocortisone de CeraVe est un traitement efficace pour soulager les d\u00e9mangeaisons caus\u00e9es par l&#8217;ecz\u00e9ma, les petites \u00e9ruptions cutan\u00e9es et les piq\u00fbres d&#8217;insectes mineures. Sa formule contient 1% d&#8217;hydrocortisone, la concentration maximale disponible sans ordonnance, ainsi que trois c\u00e9ramides essentiels pour aider \u00e0 restaurer la barri\u00e8re protectrice de la peau et pr\u00e9venir la perte d&#8217;humidit\u00e9. L&#8217;acide hyaluronique et la niacinamide apaisent \u00e9galement la peau s\u00e8che et squameuse en retenant l&#8217;hydratation naturelle de la peau.<\/p>\n<p>La cr\u00e8me anti-d\u00e9mangeaisons CeraVe Hydrocortisone a \u00e9t\u00e9 d\u00e9velopp\u00e9e avec des dermatologues pour offrir un soulagement maximal des d\u00e9mangeaisons. Elle convient aux adultes et aux enfants de plus de 2 ans, avec une utilisation recommand\u00e9e jusqu&#8217;\u00e0 3 \u00e0 4 fois par jour sur les zones touch\u00e9es. Cette cr\u00e8me sans parfum a \u00e9t\u00e9 reconnue par le sceau d&#8217;acceptation de la National Eczema Association\u2122, ce qui confirme son efficacit\u00e9 contre l&#8217;ecz\u00e9ma et les d\u00e9mangeaisons cutan\u00e9es. N&#8217;oubliez pas de consulter la liste des ingr\u00e9dients sur l&#8217;emballage pour vous assurer que le produit convient \u00e0 votre usage personnel.<\/p>","protected":false},"excerpt":{"rendered":"<p>La cr\u00e8me anti-d\u00e9mangeaisons \u00e0 l&#8217;hydrocortisone de CeraVe est un traitement efficace pour soulager les d\u00e9mangeaisons caus\u00e9es par l&#8217;ecz\u00e9ma, les petites \u00e9ruptions cutan\u00e9es et les piq\u00fbres d&#8217;insectes mineures. Sa formule contient 1% d&#8217;hydrocortisone, la concentration maximale disponible sans ordonnance, ainsi que trois c\u00e9ramides essentiels pour aider \u00e0 restaurer la barri\u00e8re protectrice de la peau et pr\u00e9venir<span class=\"read-more-faq\"><a href=\"https:\/\/sakaba.mghosteur.com\/en\/product\/1-hydrocortisone-anti-itch-cream\/\">Read More<\/a><\/span><\/p>","protected":false},"featured_media":0,"comment_status":"closed","ping_status":"closed","template":"","meta":[],"product_brand":[],"product_cat":[447,1061],"product_tag":[],"class_list":{"0":"post-29005","1":"product","2":"type-product","3":"status-publish","5":"product_cat-aac-bain-et-corps","6":"product_cat-lait-huile_corporelle","8":"first","9":"instock","10":"shipping-taxable","11":"product-type-simple"},"jetpack-related-posts":[],"_links":{"self":[{"href":"https:\/\/sakaba.mghosteur.com\/en\/wp-json\/wp\/v2\/product\/29005","targetHints":{"allow":["GET"]}}],"collection":[{"href":"https:\/\/sakaba.mghosteur.com\/en\/wp-json\/wp\/v2\/product"}],"about":[{"href":"https:\/\/sakaba.mghosteur.com\/en\/wp-json\/wp\/v2\/types\/product"}],"replies":[{"embeddable":true,"href":"https:\/\/sakaba.mghosteur.com\/en\/wp-json\/wp\/v2\/comments?post=29005"}],"version-history":[{"count":0,"href":"https:\/\/sakaba.mghosteur.com\/en\/wp-json\/wp\/v2\/product\/29005\/revisions"}],"wp:attachment":[{"href":"https:\/\/sakaba.mghosteur.com\/en\/wp-json\/wp\/v2\/media?parent=29005"}],"wp:term":[{"taxonomy":"product_brand","embeddable":true,"href":"https:\/\/sakaba.mghosteur.com\/en\/wp-json\/wp\/v2\/product_brand?post=29005"},{"taxonomy":"product_cat","embeddable":true,"href":"https:\/\/sakaba.mghosteur.com\/en\/wp-json\/wp\/v2\/product_cat?post=29005"},{"taxonomy":"product_tag","embeddable":true,"href":"https:\/\/sakaba.mghosteur.com\/en\/wp-json\/wp\/v2\/product_tag?post=29005"}],"curies":[{"name":"wp","href":"https:\/\/api.w.org\/{rel}","templated":true}]}}