{"id":29018,"date":"2023-03-09T13:46:57","date_gmt":"2023-03-09T13:46:57","guid":{"rendered":"http:\/\/www.sakababeauty.com\/?post_type=product&#038;p=29018"},"modified":"2023-03-09T13:53:16","modified_gmt":"2023-03-09T13:53:16","slug":"cerave-comforting-eye-makeup-remove","status":"publish","type":"product","link":"https:\/\/sakaba.mghosteur.com\/en\/product\/cerave-comforting-eye-makeup-remove\/","title":{"rendered":"CERAVE COMFORTING EYE MAKEUP REMOVE"},"content":{"rendered":"<p>Le d\u00e9maquillant yeux r\u00e9confortant de CeraVe est un choix id\u00e9al pour enlever en douceur votre maquillage des yeux tenace tout en prenant soin de votre peau d\u00e9licate. Sa formule bi-phase \u00e0 la texture douce et laiteuse \u00e9limine rapidement et facilement le maquillage, y compris le mascara imperm\u00e9able et le maquillage des yeux longue tenue, sans perturber votre barri\u00e8re cutan\u00e9e.<\/p>\n<p>Enrichi en acide hyaluronique et trois c\u00e9ramides essentiels, ce d\u00e9maquillant aide \u00e0 pr\u00e9server l&#8217;hydratation naturelle de votre peau et \u00e0 maintenir sa barri\u00e8re protectrice. Il est \u00e9galement test\u00e9 par des ophtalmologistes, test\u00e9 contre les allergies et convient \u00e0 tous les types de peau, y compris les porteurs de lentilles de contact.<\/p>\n<p>Pour l&#8217;utiliser, il suffit de bien agiter le flacon avant de saturer un coton et de le tenir sur l&#8217;\u0153il ferm\u00e9 pendant quelques secondes. Ensuite, essuyez doucement pour enlever le maquillage, et r\u00e9p\u00e9tez les \u00e9tapes si n\u00e9cessaire. \u00c9vitez tout contact direct avec les yeux et rincez abondamment avec de l&#8217;eau en cas de contact.<\/p>\n<p>Le d\u00e9maquillant yeux r\u00e9confortant de CeraVe est non com\u00e9dog\u00e8ne, sans paraben, sans colorant, sans parfum et sans alcool. Il a \u00e9t\u00e9 d\u00e9velopp\u00e9 avec des dermatologues pour r\u00e9pondre aux besoins de votre peau. Utilisez-le comme premi\u00e8re \u00e9tape de votre routine de soin CeraVe pour un nettoyage complet et efficace de votre peau d\u00e9licate des yeux.<\/p>","protected":false},"excerpt":{"rendered":"<p>Le d\u00e9maquillant yeux r\u00e9confortant de CeraVe est un choix id\u00e9al pour enlever en douceur votre maquillage des yeux tenace tout en prenant soin de votre peau d\u00e9licate. Sa formule bi-phase \u00e0 la texture douce et laiteuse \u00e9limine rapidement et facilement le maquillage, y compris le mascara imperm\u00e9able et le maquillage des yeux longue tenue, sans<span class=\"read-more-faq\"><a href=\"https:\/\/sakaba.mghosteur.com\/en\/product\/cerave-comforting-eye-makeup-remove\/\">Read More<\/a><\/span><\/p>","protected":false},"featured_media":0,"comment_status":"closed","ping_status":"closed","template":"","meta":[],"product_brand":[],"product_cat":[297],"product_tag":[],"class_list":{"0":"post-29018","1":"product","2":"type-product","3":"status-publish","5":"product_cat-yeux","7":"first","8":"instock","9":"shipping-taxable","10":"product-type-simple"},"jetpack-related-posts":[{"id":29063,"url":"https:\/\/sakaba.mghosteur.com\/en\/product\/hydrating-makeup-removing-plant-based-wipes\/","url_meta":{"origin":29018,"position":0},"title":"HYDRATING MAKEUP REMOVING PLANT BASED WIPES","author":"admin","date":"March 13, 2023","format":false,"excerpt":"Les lingettes d\u00e9maquillantes hydratantes \u00e0 base de plantes de CeraVe sont une solution efficace pour nettoyer la peau en \u00e9liminant le maquillage, la salet\u00e9 et l'huile. D\u00e9velopp\u00e9es avec des dermatologues, ces lingettes d\u00e9maquillantes sont douces mais efficaces pour enlever le mascara, m\u00eame s'il est imperm\u00e9able. Elles emprisonnent l'hydratation pour laisser\u2026","rel":"","context":"Similar post","block_context":{"text":"Similar post","link":""},"img":{"alt_text":"","src":"","width":0,"height":0},"classes":[]},{"id":23932,"url":"https:\/\/sakaba.mghosteur.com\/en\/product\/cerave-makeup-removing-cleanser-balm\/","url_meta":{"origin":29018,"position":1},"title":"CERAVE  MAKEUP REMOVING CLEANSER BALM","author":"admin","date":"November 9, 2022","format":false,"excerpt":"Le baume nettoyant d\u00e9maquillant CeraVe est le produit parfait pour tous les types de peau. Il est sans alcool, sans parfum, sans savon et sans paraben, ce qui en fait un choix id\u00e9al pour les peaux sensibles. Ce baume nettoyant est con\u00e7u pour \u00e9liminer efficacement le maquillage, la salet\u00e9 et\u2026","rel":"","context":"Similar post","block_context":{"text":"Similar post","link":""},"img":{"alt_text":"","src":"","width":0,"height":0},"classes":[]},{"id":32016,"url":"https:\/\/sakaba.mghosteur.com\/en\/product\/cerave-makeup-removing-cleanser-balm-2\/","url_meta":{"origin":29018,"position":2},"title":"CERAVE  MAKEUP REMOVING CLEANSER BALM","author":"admin","date":"May 13, 2024","format":false,"excerpt":"Les baumes nettoyants d\u00e9maquillants offrent le meilleur des deux mondes : l'efficacit\u00e9 nettoyante d'un baume, avec le confort et la commodit\u00e9 d'une cr\u00e8me nettoyante. Notre baume nettoyant d\u00e9maquillant aide \u00e0 \u00e9liminer efficacement le maquillage longue tenue, la salet\u00e9 et l'exc\u00e8s de s\u00e9bum (huile) de votre peau, pour un teint propre\u2026","rel":"","context":"Similar post","block_context":{"text":"Similar post","link":""},"img":{"alt_text":"","src":"","width":0,"height":0},"classes":[]},{"id":31980,"url":"https:\/\/sakaba.mghosteur.com\/en\/product\/cerave-comforting-eye-makeup-remove-2\/","url_meta":{"origin":29018,"position":3},"title":"CERAVE COMFORTING EYE MAKEUP REMOVER","author":"admin","date":"May 13, 2024","format":false,"excerpt":"Compl\u00e9tez votre routine de soins de la peau avec ce d\u00e9maquillant yeux r\u00e9confortant de CeraVe. L'acide hyaluronique et trois c\u00e9ramides essentiels hydratent durablement et nourrissent votre peau, laissant le contour des yeux doux et \u00e9clatant, tandis que la formule l\u00e9g\u00e8re \u00e9limine facilement le maquillage tenace sans laisser de r\u00e9sidus gras.","rel":"","context":"Similar post","block_context":{"text":"Similar post","link":""},"img":{"alt_text":"","src":"","width":0,"height":0},"classes":[]},{"id":24502,"url":"https:\/\/sakaba.mghosteur.com\/en\/product\/cerave-hydrating-micellar-water\/","url_meta":{"origin":29018,"position":4},"title":"CERAVE HYDRATING MICELLAR WATER","author":"admin","date":"November 10, 2022","format":false,"excerpt":"L'eau micellaire hydratante CeraVe est un nettoyant doux et efficace qui \u00e9limine le maquillage des yeux, l'exc\u00e8s de s\u00e9bum et la salet\u00e9 sans avoir besoin de rincer. Elle est enrichie en c\u00e9ramide et niacinamide pour hydrater et renforcer la barri\u00e8re cutan\u00e9e, convient \u00e0 tous les types de peau, m\u00eame les\u2026","rel":"","context":"Similar post","block_context":{"text":"Similar post","link":""},"img":{"alt_text":"","src":"","width":0,"height":0},"classes":[]},{"id":29084,"url":"https:\/\/sakaba.mghosteur.com\/en\/product\/cerave-makeup-removing-cleanser-cloths\/","url_meta":{"origin":29018,"position":5},"title":"CERAVE MAKEUP REMOVING CLEANSER CLOTHS","author":"admin","date":"March 13, 2023","format":false,"excerpt":"Les lingettes nettoyantes d\u00e9maquillantes CeraVe sont un choix pratique et efficace pour tous les types de peau. Elles sont particuli\u00e8rement utiles pour les personnes qui sont souvent en d\u00e9placement ou qui ont peu de temps pour leur routine de soins de la peau. Les lingettes sont douces pour la peau,\u2026","rel":"","context":"Similar post","block_context":{"text":"Similar post","link":""},"img":{"alt_text":"","src":"","width":0,"height":0},"classes":[]}],"_links":{"self":[{"href":"https:\/\/sakaba.mghosteur.com\/en\/wp-json\/wp\/v2\/product\/29018","targetHints":{"allow":["GET"]}}],"collection":[{"href":"https:\/\/sakaba.mghosteur.com\/en\/wp-json\/wp\/v2\/product"}],"about":[{"href":"https:\/\/sakaba.mghosteur.com\/en\/wp-json\/wp\/v2\/types\/product"}],"replies":[{"embeddable":true,"href":"https:\/\/sakaba.mghosteur.com\/en\/wp-json\/wp\/v2\/comments?post=29018"}],"version-history":[{"count":0,"href":"https:\/\/sakaba.mghosteur.com\/en\/wp-json\/wp\/v2\/product\/29018\/revisions"}],"wp:attachment":[{"href":"https:\/\/sakaba.mghosteur.com\/en\/wp-json\/wp\/v2\/media?parent=29018"}],"wp:term":[{"taxonomy":"product_brand","embeddable":true,"href":"https:\/\/sakaba.mghosteur.com\/en\/wp-json\/wp\/v2\/product_brand?post=29018"},{"taxonomy":"product_cat","embeddable":true,"href":"https:\/\/sakaba.mghosteur.com\/en\/wp-json\/wp\/v2\/product_cat?post=29018"},{"taxonomy":"product_tag","embeddable":true,"href":"https:\/\/sakaba.mghosteur.com\/en\/wp-json\/wp\/v2\/product_tag?post=29018"}],"curies":[{"name":"wp","href":"https:\/\/api.w.org\/{rel}","templated":true}]}}