{"id":29028,"date":"2023-03-10T11:36:43","date_gmt":"2023-03-10T11:36:43","guid":{"rendered":"http:\/\/www.sakababeauty.com\/?post_type=product&#038;p=29028"},"modified":"2023-03-10T11:46:10","modified_gmt":"2023-03-10T11:46:10","slug":"cerave-facial-moisturizing-cream-19-oz","status":"publish","type":"product","link":"https:\/\/sakaba.mghosteur.com\/en\/product\/cerave-facial-moisturizing-cream-19-oz\/","title":{"rendered":"Cerave Facial Moisturizing Cream 19 OZ"},"content":{"rendered":"<p>La cr\u00e8me hydratante restauratrice de barri\u00e8res CeraVe est sp\u00e9cialement con\u00e7ue pour les peaux s\u00e8ches \u00e0 tr\u00e8s s\u00e8ches du visage et du corps. Cette cr\u00e8me contient de l&#8217;acide hyaluronique et 3 c\u00e9ramides essentiels qui agissent ensemble pour hydrater la peau et restaurer sa barri\u00e8re naturelle.<\/p>\n<p>La technologie MVE encapsule les c\u00e9ramides pour assurer une diffusion efficace dans la barri\u00e8re cutan\u00e9e et une lib\u00e9ration lente dans le temps, soutenant votre barri\u00e8re cutan\u00e9e protectrice longtemps apr\u00e8s l&#8217;application. Cette cr\u00e8me hydratante riche et non grasse est rapidement absorb\u00e9e par la peau, offrant une hydratation constante tout au long de la journ\u00e9e et de la nuit gr\u00e2ce \u00e0 la technologie brevet\u00e9e MVE Delivery Technology.<\/p>\n<p>D\u00e9velopp\u00e9e avec des dermatologues, la cr\u00e8me hydratante CeraVe est sans parfum et convient aux peaux s\u00e8ches et tr\u00e8s s\u00e8ches. Utilisez-la quotidiennement pour am\u00e9liorer l&#8217;apparence et la sensation de votre peau et retrouver une peau hydrat\u00e9e et prot\u00e9g\u00e9e.<\/p>","protected":false},"excerpt":{"rendered":"<p>La cr\u00e8me hydratante restauratrice de barri\u00e8res CeraVe est sp\u00e9cialement con\u00e7ue pour les peaux s\u00e8ches \u00e0 tr\u00e8s s\u00e8ches du visage et du corps. Cette cr\u00e8me contient de l&#8217;acide hyaluronique et 3 c\u00e9ramides essentiels qui agissent ensemble pour hydrater la peau et restaurer sa barri\u00e8re naturelle. La technologie MVE encapsule les c\u00e9ramides pour assurer une diffusion efficace<span class=\"read-more-faq\"><a href=\"https:\/\/sakaba.mghosteur.com\/en\/product\/cerave-facial-moisturizing-cream-19-oz\/\">Read More<\/a><\/span><\/p>","protected":false},"featured_media":0,"comment_status":"closed","ping_status":"closed","template":"","meta":[],"product_brand":[],"product_cat":[331],"product_tag":[],"class_list":{"0":"post-29028","1":"product","2":"type-product","3":"status-publish","5":"product_cat-hydratant-visage","7":"first","8":"instock","9":"shipping-taxable","10":"product-type-simple"},"jetpack-related-posts":[],"_links":{"self":[{"href":"https:\/\/sakaba.mghosteur.com\/en\/wp-json\/wp\/v2\/product\/29028","targetHints":{"allow":["GET"]}}],"collection":[{"href":"https:\/\/sakaba.mghosteur.com\/en\/wp-json\/wp\/v2\/product"}],"about":[{"href":"https:\/\/sakaba.mghosteur.com\/en\/wp-json\/wp\/v2\/types\/product"}],"replies":[{"embeddable":true,"href":"https:\/\/sakaba.mghosteur.com\/en\/wp-json\/wp\/v2\/comments?post=29028"}],"version-history":[{"count":0,"href":"https:\/\/sakaba.mghosteur.com\/en\/wp-json\/wp\/v2\/product\/29028\/revisions"}],"wp:attachment":[{"href":"https:\/\/sakaba.mghosteur.com\/en\/wp-json\/wp\/v2\/media?parent=29028"}],"wp:term":[{"taxonomy":"product_brand","embeddable":true,"href":"https:\/\/sakaba.mghosteur.com\/en\/wp-json\/wp\/v2\/product_brand?post=29028"},{"taxonomy":"product_cat","embeddable":true,"href":"https:\/\/sakaba.mghosteur.com\/en\/wp-json\/wp\/v2\/product_cat?post=29028"},{"taxonomy":"product_tag","embeddable":true,"href":"https:\/\/sakaba.mghosteur.com\/en\/wp-json\/wp\/v2\/product_tag?post=29028"}],"curies":[{"name":"wp","href":"https:\/\/api.w.org\/{rel}","templated":true}]}}