{"id":29036,"date":"2023-03-10T12:46:50","date_gmt":"2023-03-10T12:46:50","guid":{"rendered":"http:\/\/www.sakababeauty.com\/?post_type=product&#038;p=29036"},"modified":"2024-08-07T11:04:20","modified_gmt":"2024-08-07T11:04:20","slug":"cerave-hydrating-sunscreen-broad-spectrum-spf30-fac","status":"publish","type":"product","link":"https:\/\/sakaba.mghosteur.com\/en\/product\/cerave-hydrating-sunscreen-broad-spectrum-spf30-fac\/","title":{"rendered":"CERAVE HYDRATING SUNSCREEN broad spectrum spf30 FAC"},"content":{"rendered":"<p>La Cr\u00e8me solaire hydratante \u00e0 large spectre FPS 30 pour le visage et le corps de la marque CeraVe est un produit de qualit\u00e9 sup\u00e9rieure con\u00e7u pour prot\u00e9ger votre peau contre les rayons nocifs du soleil. Cette formule hybride est adapt\u00e9e \u00e0 tous les types de peau, offrant une protection solaire efficace et une hydratation longue dur\u00e9e.<\/p>\n<p>Notre \u00e9cran solaire hybride utilise un m\u00e9lange unique de filtres solaires min\u00e9raux et chimiques pour offrir une protection \u00e0 large spectre contre les rayons UVA et UVB. Cette combinaison permet \u00e0 l&#8217;\u00e9cran solaire d&#8217;absorber et de refl\u00e9ter les rayons nocifs du soleil, r\u00e9duisant ainsi les risques de dommages cutan\u00e9s \u00e0 long terme.<\/p>\n<p>La formule l\u00e9g\u00e8re de l&#8217;\u00e9cran solaire hydratant Sheer est facilement absorb\u00e9e en quelques secondes et ne laisse aucun r\u00e9sidu gras ou collant sur la peau. Elle est sp\u00e9cialement formul\u00e9e pour ne pas boulocher et ne pas se transf\u00e9rer sur les v\u00eatements, offrant ainsi une protection solaire fiable sans compromettre votre confort ou votre style.<\/p>\n<p>L&#8217;\u00e9cran solaire hydratant transparent est \u00e9galement parfait pour une utilisation sous le maquillage, cr\u00e9ant une base uniforme pour une application facile et durable. Cette cr\u00e8me solaire est id\u00e9ale pour une utilisation quotidienne et pour les activit\u00e9s en plein air. Profitez du soleil sans compromettre votre peau gr\u00e2ce \u00e0 CeraVe Hydrating Sheer Sunscreen Broad Spectrum FPS 30.<\/p>","protected":false},"excerpt":{"rendered":"<p>La Cr\u00e8me solaire hydratante \u00e0 large spectre FPS 30 pour le visage et le corps de la marque CeraVe est un produit de qualit\u00e9 sup\u00e9rieure con\u00e7u pour prot\u00e9ger votre peau contre les rayons nocifs du soleil. Cette formule hybride est adapt\u00e9e \u00e0 tous les types de peau, offrant une protection solaire efficace et une hydratation<span class=\"read-more-faq\"><a href=\"https:\/\/sakaba.mghosteur.com\/en\/product\/cerave-hydrating-sunscreen-broad-spectrum-spf30-fac\/\">Read More<\/a><\/span><\/p>","protected":false},"featured_media":0,"comment_status":"closed","ping_status":"closed","template":"","meta":[],"product_brand":[],"product_cat":[1055,451],"product_tag":[],"class_list":{"0":"post-29036","1":"product","2":"type-product","3":"status-publish","5":"product_cat-protection-solaire-visage","6":"product_cat-aab-soin-du-visage","8":"first","9":"instock","10":"shipping-taxable","11":"product-type-simple"},"jetpack-related-posts":[{"id":32007,"url":"https:\/\/sakaba.mghosteur.com\/en\/product\/cerave-facial-moisturizing-lotion-am-60ml-3\/","url_meta":{"origin":29036,"position":0},"title":"CERAVE FACIAL MOISTURIZING LOTION AM 60ML","author":"admin","date":"May 13, 2024","format":false,"excerpt":"L'hydratant pour le visage CeraVe AM avec \u00e9cran solaire SPF 30 \u00e0 large spectre est un soin matinal multit\u00e2che qui fournit une hydratation continue tout au long de la journ\u00e9e tout en aidant \u00e0 absorber et \u00e0 refl\u00e9ter les rayons UVA et UVB nocifs du soleil et \u00e0 restaurer la\u2026","rel":"","context":"Similar post","block_context":{"text":"Similar post","link":""},"img":{"alt_text":"","src":"","width":0,"height":0},"classes":[]},{"id":31965,"url":"https:\/\/sakaba.mghosteur.com\/en\/product\/cerave-facial-moisturizing-lotion-am-89ml-spf-30\/","url_meta":{"origin":29036,"position":1},"title":"CERAVE FACIAL MOISTURIZING LOTION AM 89ML SPF 30","author":"admin","date":"May 13, 2024","format":false,"excerpt":"L'hydratant pour le visage CeraVe AM avec \u00e9cran solaire SPF 30 \u00e0 large spectre est un soin matinal multit\u00e2che qui fournit une hydratation continue tout au long de la journ\u00e9e tout en aidant \u00e0 absorber et \u00e0 refl\u00e9ter les rayons UVA et UVB nocifs du soleil et \u00e0 restaurer la\u2026","rel":"","context":"Similar post","block_context":{"text":"Similar post","link":""},"img":{"alt_text":"","src":"","width":0,"height":0},"classes":[]},{"id":29078,"url":"https:\/\/sakaba.mghosteur.com\/en\/product\/cerave-hydrating-sunscreen-broad-spectrum-30-body\/","url_meta":{"origin":29036,"position":2},"title":"CERAVE HYDRATING SUNSCREEN BROAD SPECTRUM 30 BODY","author":"admin","date":"March 13, 2023","format":false,"excerpt":"La cr\u00e8me solaire hydratante \u00e0 large spectre FPS 30 pour le visage et le corps de CeraVe est une cr\u00e8me solaire hybride min\u00e9rale\/chimique d\u00e9velopp\u00e9e avec des dermatologues pour offrir une protection efficace contre les rayons nocifs du soleil tout en hydratant la peau. Sa formule combine de l'oxyde de zinc\u2026","rel":"","context":"Similar post","block_context":{"text":"Similar post","link":""},"img":{"alt_text":"","src":"","width":0,"height":0},"classes":[]},{"id":29074,"url":"https:\/\/sakaba.mghosteur.com\/en\/product\/cerave-hydrating-sunscreen-50face-spf-50\/","url_meta":{"origin":29036,"position":3},"title":"CERAVE HYDRATING SUNSCREEN 50face spf 50","author":"admin","date":"March 13, 2023","format":false,"excerpt":"La Cr\u00e8me Solaire Hydratante Min\u00e9rale SPF 50 Lotion Visage de la marque CeraVe est la solution parfaite pour prot\u00e9ger votre peau du soleil tout en la nourrissant et l'hydratant en profondeur. Cette cr\u00e8me solaire min\u00e9rale douce mais efficace est sp\u00e9cialement con\u00e7ue pour le visage et offre une protection \u00e0 large\u2026","rel":"","context":"Similar post","block_context":{"text":"Similar post","link":""},"img":{"alt_text":"","src":"","width":0,"height":0},"classes":[]},{"id":24192,"url":"https:\/\/sakaba.mghosteur.com\/en\/product\/cerave-facial-moisturizing-lotion-am-60ml-2\/","url_meta":{"origin":29036,"position":4},"title":"CERAVE FACIAL MOISTURIZING LOTION AM 60ML","author":"admin","date":"November 9, 2022","format":false,"excerpt":"La lotion hydratante pour le visage CeraVe AM avec FPS 30 est une cr\u00e8me hydratante quotidienne essentielle qui aide \u00e0 prot\u00e9ger votre peau des rayons UVA et UVB nocifs, tout en restaurant votre barri\u00e8re cutan\u00e9e. Enrichi en acide hyaluronique, niacinamide et c\u00e9ramides, cette formule non com\u00e9dog\u00e8ne hydrate la peau en\u2026","rel":"","context":"Similar post","block_context":{"text":"Similar post","link":""},"img":{"alt_text":"","src":"","width":0,"height":0},"classes":[]},{"id":24574,"url":"https:\/\/sakaba.mghosteur.com\/en\/product\/aveeno-clear-complexion-sheer-daily-moisturizer\/","url_meta":{"origin":29036,"position":5},"title":"AVEENO CLEAR COMPLEXION SHEER DAILY MOISTURIZER","author":"admin","date":"November 10, 2022","format":false,"excerpt":"Hydratez la peau, unifiez le teint et aidez \u00e0 r\u00e9v\u00e9ler le v\u00e9ritable \u00e9clat de votre peau avec l'hydratant quotidien transparent Aveeno Clear Complexion avec \u00e9cran solaire SPF 30. Sp\u00e9cialement formul\u00e9e pour les peaux sujettes aux \u00e9ruptions cutan\u00e9es, cette lotion l\u00e9g\u00e8re pour le visage contient un complexe total de soja pour\u2026","rel":"","context":"Similar post","block_context":{"text":"Similar post","link":""},"img":{"alt_text":"","src":"","width":0,"height":0},"classes":[]}],"_links":{"self":[{"href":"https:\/\/sakaba.mghosteur.com\/en\/wp-json\/wp\/v2\/product\/29036","targetHints":{"allow":["GET"]}}],"collection":[{"href":"https:\/\/sakaba.mghosteur.com\/en\/wp-json\/wp\/v2\/product"}],"about":[{"href":"https:\/\/sakaba.mghosteur.com\/en\/wp-json\/wp\/v2\/types\/product"}],"replies":[{"embeddable":true,"href":"https:\/\/sakaba.mghosteur.com\/en\/wp-json\/wp\/v2\/comments?post=29036"}],"version-history":[{"count":0,"href":"https:\/\/sakaba.mghosteur.com\/en\/wp-json\/wp\/v2\/product\/29036\/revisions"}],"wp:attachment":[{"href":"https:\/\/sakaba.mghosteur.com\/en\/wp-json\/wp\/v2\/media?parent=29036"}],"wp:term":[{"taxonomy":"product_brand","embeddable":true,"href":"https:\/\/sakaba.mghosteur.com\/en\/wp-json\/wp\/v2\/product_brand?post=29036"},{"taxonomy":"product_cat","embeddable":true,"href":"https:\/\/sakaba.mghosteur.com\/en\/wp-json\/wp\/v2\/product_cat?post=29036"},{"taxonomy":"product_tag","embeddable":true,"href":"https:\/\/sakaba.mghosteur.com\/en\/wp-json\/wp\/v2\/product_tag?post=29036"}],"curies":[{"name":"wp","href":"https:\/\/api.w.org\/{rel}","templated":true}]}}