{"id":29056,"date":"2023-03-13T12:29:33","date_gmt":"2023-03-13T12:29:33","guid":{"rendered":"http:\/\/www.sakababeauty.com\/?post_type=product&#038;p=29056"},"modified":"2024-08-07T20:48:22","modified_gmt":"2024-08-07T20:48:22","slug":"cerave-hydrating-hyaluronic-acid-serum","status":"publish","type":"product","link":"https:\/\/sakaba.mghosteur.com\/en\/product\/cerave-hydrating-hyaluronic-acid-serum\/","title":{"rendered":"CERAVE HYDRATING HYALURONIC ACID SERUM"},"content":{"rendered":"<p>Le S\u00e9rum hydratant \u00e0 l&#8217;acide hyaluronique de CeraVe est un puissant hydratant contenant de l&#8217;acide hyaluronique, de la vitamine B5 et trois c\u00e9ramides essentiels qui aident \u00e0 restaurer la barri\u00e8re protectrice de votre peau et \u00e0 lui donner une hydratation intense jusqu&#8217;\u00e0 24 heures. La technologie brevet\u00e9e MVE assure une diffusion efficace des c\u00e9ramides dans la barri\u00e8re cutan\u00e9e et une lib\u00e9ration lente dans le temps, offrant une hydratation longue dur\u00e9e. Les r\u00e9sultats montrent que 90 % des consommateurs test\u00e9s ont d\u00e9clar\u00e9 une peau intens\u00e9ment hydrat\u00e9e et 98 % ont d\u00e9clar\u00e9 que leur peau \u00e9tait plus lisse apr\u00e8s seulement quatre semaines d&#8217;utilisation.<\/p>","protected":false},"excerpt":{"rendered":"<p>Le S\u00e9rum hydratant \u00e0 l&#8217;acide hyaluronique de CeraVe est un puissant hydratant contenant de l&#8217;acide hyaluronique, de la vitamine B5 et trois c\u00e9ramides essentiels qui aident \u00e0 restaurer la barri\u00e8re protectrice de votre peau et \u00e0 lui donner une hydratation intense jusqu&#8217;\u00e0 24 heures. La technologie brevet\u00e9e MVE assure une diffusion efficace des c\u00e9ramides dans<span class=\"read-more-faq\"><a href=\"https:\/\/sakaba.mghosteur.com\/en\/product\/cerave-hydrating-hyaluronic-acid-serum\/\">Read More<\/a><\/span><\/p>","protected":false},"featured_media":0,"comment_status":"closed","ping_status":"closed","template":"","meta":[],"product_brand":[],"product_cat":[388,451,334],"product_tag":[],"class_list":{"0":"post-29056","1":"product","2":"type-product","3":"status-publish","5":"product_cat-peaux-seches","6":"product_cat-aab-soin-du-visage","7":"product_cat-traitement-serum","9":"first","10":"instock","11":"shipping-taxable","12":"product-type-simple"},"jetpack-related-posts":[{"id":23905,"url":"https:\/\/sakaba.mghosteur.com\/en\/product\/cerave-skin-renewing-night-cream\/","url_meta":{"origin":29056,"position":0},"title":"CERAVE SKIN RENEWING NIGHT CREAM","author":"admin","date":"November 9, 2022","format":false,"excerpt":"La cr\u00e8me de nuit r\u00e9g\u00e9n\u00e9rante pour la peau CeraVe est un produit incontournable pour ceux qui recherchent une peau plus douce et rafra\u00eechie. Elle a \u00e9t\u00e9 d\u00e9velopp\u00e9e en collaboration avec des dermatologues pour aider \u00e0 restaurer la barri\u00e8re cutan\u00e9e pendant la nuit, lorsque la peau est la plus r\u00e9ceptive. Cette\u2026","rel":"","context":"Similar post","block_context":{"text":"Similar post","link":""},"img":{"alt_text":"","src":"","width":0,"height":0},"classes":[]},{"id":24173,"url":"https:\/\/sakaba.mghosteur.com\/en\/product\/cerave-hydrating-facial-cleanser-355-ml\/","url_meta":{"origin":29056,"position":1},"title":"CERAVE HYDRATING FACIAL CLEANSER 355 ML","author":"admin","date":"November 9, 2022","format":false,"excerpt":"Le nettoyant hydratant pour le visage CeraVe est le choix parfait pour une peau propre, hydrat\u00e9e et saine. Con\u00e7u avec des ingr\u00e9dients soigneusement s\u00e9lectionn\u00e9s, tels que les c\u00e9ramides et l'acide hyaluronique, ce nettoyant doux pour le visage est sp\u00e9cialement formul\u00e9 pour les peaux normales \u00e0 s\u00e8ches. Contrairement aux nettoyants classiques\u2026","rel":"","context":"Similar post","block_context":{"text":"Similar post","link":""},"img":{"alt_text":"","src":"","width":0,"height":0},"classes":[]},{"id":24192,"url":"https:\/\/sakaba.mghosteur.com\/en\/product\/cerave-facial-moisturizing-lotion-am-60ml-2\/","url_meta":{"origin":29056,"position":2},"title":"CERAVE FACIAL MOISTURIZING LOTION AM 60ML","author":"admin","date":"November 9, 2022","format":false,"excerpt":"La lotion hydratante pour le visage CeraVe AM avec FPS 30 est une cr\u00e8me hydratante quotidienne essentielle qui aide \u00e0 prot\u00e9ger votre peau des rayons UVA et UVB nocifs, tout en restaurant votre barri\u00e8re cutan\u00e9e. Enrichi en acide hyaluronique, niacinamide et c\u00e9ramides, cette formule non com\u00e9dog\u00e8ne hydrate la peau en\u2026","rel":"","context":"Similar post","block_context":{"text":"Similar post","link":""},"img":{"alt_text":"","src":"","width":0,"height":0},"classes":[]},{"id":23957,"url":"https:\/\/sakaba.mghosteur.com\/en\/product\/cerave-skin-renewing-retinol-serum\/","url_meta":{"origin":29056,"position":3},"title":"CERAVE SKIN RENEWING RETINOL SERUM","author":"admin","date":"November 9, 2022","format":false,"excerpt":"Le s\u00e9rum r\u00e9g\u00e9n\u00e9rant au r\u00e9tinol pour la peau douce de CeraVe est un excellent choix pour votre routine de soins anti-\u00e2ge. Ce s\u00e9rum est sp\u00e9cialement formul\u00e9 pour am\u00e9liorer l'apparence des ridules et des rides, de la texture et de l'\u00e9clat de votre peau. En utilisant ce s\u00e9rum, vous pourrez b\u00e9n\u00e9ficier\u2026","rel":"","context":"Similar post","block_context":{"text":"Similar post","link":""},"img":{"alt_text":"","src":"","width":0,"height":0},"classes":[]},{"id":23965,"url":"https:\/\/sakaba.mghosteur.com\/en\/product\/cerave-skin-renewing-vitamin-c-serum\/","url_meta":{"origin":29056,"position":4},"title":"CERAVE SKIN RENEWING VITAMIN C SERUM","author":"admin","date":"November 9, 2022","format":false,"excerpt":"Le s\u00e9rum \u00e0 la vitamine C r\u00e9g\u00e9n\u00e9rant pour la peau de CeraVe est un v\u00e9ritable alli\u00e9 pour votre peau. Enrichi en 10% de vitamine C pure, ce s\u00e9rum antioxydant \u00e9claircit visiblement le teint et am\u00e9liore l'apparence des ridules, des taches brunes et du teint irr\u00e9gulier. Formul\u00e9 avec trois c\u00e9ramides essentiels,\u2026","rel":"","context":"Similar post","block_context":{"text":"Similar post","link":""},"img":{"alt_text":"","src":"","width":0,"height":0},"classes":[]},{"id":29028,"url":"https:\/\/sakaba.mghosteur.com\/en\/product\/cerave-facial-moisturizing-cream-19-oz\/","url_meta":{"origin":29056,"position":5},"title":"Cerave Facial Moisturizing Cream 19 OZ","author":"admin","date":"March 10, 2023","format":false,"excerpt":"La cr\u00e8me hydratante restauratrice de barri\u00e8res CeraVe est sp\u00e9cialement con\u00e7ue pour les peaux s\u00e8ches \u00e0 tr\u00e8s s\u00e8ches du visage et du corps. Cette cr\u00e8me contient de l'acide hyaluronique et 3 c\u00e9ramides essentiels qui agissent ensemble pour hydrater la peau et restaurer sa barri\u00e8re naturelle. La technologie MVE encapsule les c\u00e9ramides\u2026","rel":"","context":"Similar post","block_context":{"text":"Similar post","link":""},"img":{"alt_text":"","src":"","width":0,"height":0},"classes":[]}],"_links":{"self":[{"href":"https:\/\/sakaba.mghosteur.com\/en\/wp-json\/wp\/v2\/product\/29056","targetHints":{"allow":["GET"]}}],"collection":[{"href":"https:\/\/sakaba.mghosteur.com\/en\/wp-json\/wp\/v2\/product"}],"about":[{"href":"https:\/\/sakaba.mghosteur.com\/en\/wp-json\/wp\/v2\/types\/product"}],"replies":[{"embeddable":true,"href":"https:\/\/sakaba.mghosteur.com\/en\/wp-json\/wp\/v2\/comments?post=29056"}],"version-history":[{"count":0,"href":"https:\/\/sakaba.mghosteur.com\/en\/wp-json\/wp\/v2\/product\/29056\/revisions"}],"wp:attachment":[{"href":"https:\/\/sakaba.mghosteur.com\/en\/wp-json\/wp\/v2\/media?parent=29056"}],"wp:term":[{"taxonomy":"product_brand","embeddable":true,"href":"https:\/\/sakaba.mghosteur.com\/en\/wp-json\/wp\/v2\/product_brand?post=29056"},{"taxonomy":"product_cat","embeddable":true,"href":"https:\/\/sakaba.mghosteur.com\/en\/wp-json\/wp\/v2\/product_cat?post=29056"},{"taxonomy":"product_tag","embeddable":true,"href":"https:\/\/sakaba.mghosteur.com\/en\/wp-json\/wp\/v2\/product_tag?post=29056"}],"curies":[{"name":"wp","href":"https:\/\/api.w.org\/{rel}","templated":true}]}}