{"id":29063,"date":"2023-03-13T12:59:17","date_gmt":"2023-03-13T12:59:17","guid":{"rendered":"http:\/\/www.sakababeauty.com\/?post_type=product&#038;p=29063"},"modified":"2023-03-13T12:59:17","modified_gmt":"2023-03-13T12:59:17","slug":"hydrating-makeup-removing-plant-based-wipes","status":"publish","type":"product","link":"https:\/\/sakaba.mghosteur.com\/en\/product\/hydrating-makeup-removing-plant-based-wipes\/","title":{"rendered":"HYDRATING MAKEUP REMOVING PLANT BASED WIPES"},"content":{"rendered":"<p>Les lingettes d\u00e9maquillantes hydratantes \u00e0 base de plantes de CeraVe sont une solution efficace pour nettoyer la peau en \u00e9liminant le maquillage, la salet\u00e9 et l&#8217;huile. D\u00e9velopp\u00e9es avec des dermatologues, ces lingettes d\u00e9maquillantes sont douces mais efficaces pour enlever le mascara, m\u00eame s&#8217;il est imperm\u00e9able. Elles emprisonnent l&#8217;hydratation pour laisser votre peau propre, hydrat\u00e9e et rafra\u00eechie sans sensation collante ou grasse.<\/p>\n<p>Formul\u00e9es avec de la glyc\u00e9rine et 3 c\u00e9ramides essentiels, ces lingettes d\u00e9maquillantes aident \u00e0 maintenir la barri\u00e8re protectrice d&#8217;hydratation de votre peau et sont non com\u00e9dog\u00e8nes, ce qui signifie qu&#8217;elles n&#8217;obstrueront pas vos pores. Elles sont \u00e9galement douces pour la peau, le contour des yeux et les cils. Ces lingettes d\u00e9maquillantes \u00e0 base de plantes sont biod\u00e9gradables dans un compost domestique et ont \u00e9t\u00e9 accept\u00e9es par la National Eczema Association.<\/p>\n<p>Les lingettes d\u00e9maquillantes hydratantes \u00e0 base de plantes de CeraVe sont une solution pratique pour nettoyer la peau en profondeur, la laissant propre et hydrat\u00e9e, tout en pr\u00e9servant sa barri\u00e8re protectrice naturelle.<\/p>","protected":false},"excerpt":{"rendered":"<p>Les lingettes d\u00e9maquillantes hydratantes \u00e0 base de plantes de CeraVe sont une solution efficace pour nettoyer la peau en \u00e9liminant le maquillage, la salet\u00e9 et l&#8217;huile. D\u00e9velopp\u00e9es avec des dermatologues, ces lingettes d\u00e9maquillantes sont douces mais efficaces pour enlever le mascara, m\u00eame s&#8217;il est imperm\u00e9able. Elles emprisonnent l&#8217;hydratation pour laisser votre peau propre, hydrat\u00e9e et<span class=\"read-more-faq\"><a href=\"https:\/\/sakaba.mghosteur.com\/en\/product\/hydrating-makeup-removing-plant-based-wipes\/\">Read More<\/a><\/span><\/p>","protected":false},"featured_media":0,"comment_status":"closed","ping_status":"closed","template":"","meta":[],"product_brand":[],"product_cat":[446],"product_tag":[],"class_list":{"0":"post-29063","1":"product","2":"type-product","3":"status-publish","5":"product_cat-nettoyant","7":"first","8":"instock","9":"shipping-taxable","10":"product-type-simple"},"jetpack-related-posts":[{"id":29084,"url":"https:\/\/sakaba.mghosteur.com\/en\/product\/cerave-makeup-removing-cleanser-cloths\/","url_meta":{"origin":29063,"position":0},"title":"CERAVE MAKEUP REMOVING CLEANSER CLOTHS","author":"admin","date":"March 13, 2023","format":false,"excerpt":"Les lingettes nettoyantes d\u00e9maquillantes CeraVe sont un choix pratique et efficace pour tous les types de peau. Elles sont particuli\u00e8rement utiles pour les personnes qui sont souvent en d\u00e9placement ou qui ont peu de temps pour leur routine de soins de la peau. Les lingettes sont douces pour la peau,\u2026","rel":"","context":"Similar post","block_context":{"text":"Similar post","link":""},"img":{"alt_text":"","src":"","width":0,"height":0},"classes":[]},{"id":33350,"url":"https:\/\/sakaba.mghosteur.com\/en\/product\/25-count-biore-charcoal-micellar-makeup-removing-cloths\/","url_meta":{"origin":29063,"position":1},"title":"25 Count Biore Charcoal Micellar Makeup Removing Cloths","author":"admin","date":"May 21, 2024","format":false,"excerpt":"Lingettes d\u00e9maquillantes au charbon Bior\u00e9, avec eau micellaire nettoyante, d\u00e9maquillantes et d\u00e9graissantes sans rin\u00e7age, pour peaux grasses, 25 unit\u00e9s","rel":"","context":"Similar post","block_context":{"text":"Similar post","link":""},"img":{"alt_text":"","src":"","width":0,"height":0},"classes":[]},{"id":34192,"url":"https:\/\/sakaba.mghosteur.com\/en\/product\/first-aid-beauty-facial-radiance-pads\/","url_meta":{"origin":29063,"position":2},"title":"FIRST AID BEAUTY FACIAL RADIANCE PADS","author":"admin","date":"May 27, 2024","format":false,"excerpt":"Les tampons \u00e9clat du visage First Aid Beauty sont des tampons pr\u00e9-imbib\u00e9s qui \u00e9claircissent, tonifient et exfolient la peau en une seule lingette. Ils sont con\u00e7us pour un usage quotidien et sont sans danger pour les peaux sensibles. Les tampons contiennent de l'acide glycolique, de l'acide lactique, de l'acide alpha-hydroxy\u2026","rel":"","context":"Similar post","block_context":{"text":"Similar post","link":""},"img":{"alt_text":"","src":"","width":0,"height":0},"classes":[]},{"id":30300,"url":"https:\/\/sakaba.mghosteur.com\/en\/product\/beauty-of-joseon-radiance-cleansing-balm\/","url_meta":{"origin":29063,"position":3},"title":"BEAUTY OF JOSEON RADIANCE CLEANSING BALM","author":"admin","date":"May 8, 2023","format":false,"excerpt":"Description du produit : Baume Nettoyant \u00c9clat de la marque BEAUTY OF JOSEON Le Baume Nettoyant \u00c9clat est un produit nettoyant \u00e0 base d'huile de type baume qui fond doucement sur la peau pour \u00e9liminer en douceur le maquillage, l'exc\u00e8s de s\u00e9bum et les impuret\u00e9s. Sa texture baume solide est\u2026","rel":"","context":"Similar post","block_context":{"text":"Similar post","link":""},"img":{"alt_text":"","src":"","width":0,"height":0},"classes":[]},{"id":30218,"url":"https:\/\/sakaba.mghosteur.com\/en\/product\/beauty-of-joseon-ginseng-cleansing\/","url_meta":{"origin":29063,"position":4},"title":"BEAUTY OF JOSEON &#8211; GINSENG CLEANSING","author":"admin","date":"May 4, 2023","format":false,"excerpt":"D\u00e9couvrez l'huile d\u00e9maquillante au ginseng de la marque Beauty of Joseon pour une exp\u00e9rience de nettoyage en profondeur de votre peau. Contrairement \u00e0 d'autres huiles nettoyantes disponibles sur le march\u00e9, notre formule contient de l'huile de Glycine Soja, une base l\u00e9g\u00e8re et efficace pour \u00e9liminer en douceur la salet\u00e9, le\u2026","rel":"","context":"Similar post","block_context":{"text":"Similar post","link":""},"img":{"alt_text":"","src":"","width":0,"height":0},"classes":[]},{"id":31351,"url":"https:\/\/sakaba.mghosteur.com\/en\/product\/beauty-of-joseon-ginseng-cleansing-oil\/","url_meta":{"origin":29063,"position":5},"title":"BEAUTY OF JOSEON &#8211; GINSENG CLEANSING OIL","author":"admin","date":"May 10, 2024","format":false,"excerpt":"Huile D\u00e9maquillante au Ginseng Description du produit : Chez Beauty of Joseon, le nettoyage est consid\u00e9r\u00e9 comme l'\u00e9tape primordiale des soins de la peau. En n\u00e9gliger l'importance peut entra\u00eener l'accumulation d'impuret\u00e9s cutan\u00e9es et de s\u00e9bum dans les pores, potentiellement susceptibles de causer une inflammation cutan\u00e9e. Notre huile d\u00e9maquillante \u00e9mulsionne et\u2026","rel":"","context":"Similar post","block_context":{"text":"Similar post","link":""},"img":{"alt_text":"","src":"","width":0,"height":0},"classes":[]}],"_links":{"self":[{"href":"https:\/\/sakaba.mghosteur.com\/en\/wp-json\/wp\/v2\/product\/29063","targetHints":{"allow":["GET"]}}],"collection":[{"href":"https:\/\/sakaba.mghosteur.com\/en\/wp-json\/wp\/v2\/product"}],"about":[{"href":"https:\/\/sakaba.mghosteur.com\/en\/wp-json\/wp\/v2\/types\/product"}],"replies":[{"embeddable":true,"href":"https:\/\/sakaba.mghosteur.com\/en\/wp-json\/wp\/v2\/comments?post=29063"}],"version-history":[{"count":0,"href":"https:\/\/sakaba.mghosteur.com\/en\/wp-json\/wp\/v2\/product\/29063\/revisions"}],"wp:attachment":[{"href":"https:\/\/sakaba.mghosteur.com\/en\/wp-json\/wp\/v2\/media?parent=29063"}],"wp:term":[{"taxonomy":"product_brand","embeddable":true,"href":"https:\/\/sakaba.mghosteur.com\/en\/wp-json\/wp\/v2\/product_brand?post=29063"},{"taxonomy":"product_cat","embeddable":true,"href":"https:\/\/sakaba.mghosteur.com\/en\/wp-json\/wp\/v2\/product_cat?post=29063"},{"taxonomy":"product_tag","embeddable":true,"href":"https:\/\/sakaba.mghosteur.com\/en\/wp-json\/wp\/v2\/product_tag?post=29063"}],"curies":[{"name":"wp","href":"https:\/\/api.w.org\/{rel}","templated":true}]}}