{"id":29070,"date":"2023-03-13T13:33:25","date_gmt":"2023-03-13T13:33:25","guid":{"rendered":"http:\/\/www.sakababeauty.com\/?post_type=product&#038;p=29070"},"modified":"2024-08-25T03:30:04","modified_gmt":"2024-08-25T03:30:04","slug":"hydrating-mineral-sunscreen-spf-30-face-sheer-tint","status":"publish","type":"product","link":"https:\/\/sakaba.mghosteur.com\/en\/product\/hydrating-mineral-sunscreen-spf-30-face-sheer-tint\/","title":{"rendered":"Hydrating Mineral Sunscreen SPF 30 Face Sheer Tint"},"content":{"rendered":"<p>Prot\u00e9gez votre peau, tout en obtenant un effet bonne mine sans aucun pl\u00e2tre blanc. CeraVe Hydrating Mineral Sunscreen Broad Spectrum SPF 30 Face Sheer Tint offre une protection UVA\/UVB avec du dioxyde de titane et de l&#8217;oxyde de zinc 100 % min\u00e9raux , formant une barri\u00e8re \u00e0 la surface de votre peau pour refl\u00e9ter les rayons du soleil. Non grasse et adapt\u00e9e aux peaux sensibles, notre cr\u00e8me solaire min\u00e9rale teint\u00e9e se fond parfaitement dans toutes les carnations. Comme pour tous les produits CeraVe, notre cr\u00e8me solaire faciale teint\u00e9e contient 3 c\u00e9ramides essentiels qui agissent ensemble pour emprisonner l&#8217;hydratation de la peau et aider \u00e0 restaurer la barri\u00e8re protectrice de votre peau. La technologie MVE encapsule des c\u00e9ramides pour assurer une diffusion efficace dans la barri\u00e8re cutan\u00e9e et une lib\u00e9ration lente dans le temps. Soutenir votre barri\u00e8re cutan\u00e9e protectrice, longtemps apr\u00e8s l&#8217;application. Contrairement \u00e0 de nombreux autres \u00e9crans solaires teint\u00e9s, le n\u00f4tre est formul\u00e9 avec de la niacinamide apaisante et de l&#8217;acide hyaluronique pour aider \u00e0 maintenir l&#8217;hydratation, tout en laissant un fini transparent et naturel qui se fond parfaitement avec votre peau.<\/p>","protected":false},"excerpt":{"rendered":"<p>Prot\u00e9gez votre peau, tout en obtenant un effet bonne mine sans aucun pl\u00e2tre blanc. CeraVe Hydrating Mineral Sunscreen Broad Spectrum SPF 30 Face Sheer Tint offre une protection UVA\/UVB avec du dioxyde de titane et de l&#8217;oxyde de zinc 100 % min\u00e9raux , formant une barri\u00e8re \u00e0 la surface de votre peau pour refl\u00e9ter les<span class=\"read-more-faq\"><a href=\"https:\/\/sakaba.mghosteur.com\/en\/product\/hydrating-mineral-sunscreen-spf-30-face-sheer-tint\/\">Read More<\/a><\/span><\/p>","protected":false},"featured_media":0,"comment_status":"closed","ping_status":"closed","template":"","meta":[],"product_brand":[],"product_cat":[1055,451],"product_tag":[],"class_list":{"0":"post-29070","1":"product","2":"type-product","3":"status-publish","5":"product_cat-protection-solaire-visage","6":"product_cat-aab-soin-du-visage","8":"first","9":"instock","10":"shipping-taxable","11":"product-type-simple"},"jetpack-related-posts":[{"id":29074,"url":"https:\/\/sakaba.mghosteur.com\/en\/product\/cerave-hydrating-sunscreen-50face-spf-50\/","url_meta":{"origin":29070,"position":0},"title":"CERAVE HYDRATING SUNSCREEN 50face spf 50","author":"admin","date":"March 13, 2023","format":false,"excerpt":"La Cr\u00e8me Solaire Hydratante Min\u00e9rale SPF 50 Lotion Visage de la marque CeraVe est la solution parfaite pour prot\u00e9ger votre peau du soleil tout en la nourrissant et l'hydratant en profondeur. Cette cr\u00e8me solaire min\u00e9rale douce mais efficace est sp\u00e9cialement con\u00e7ue pour le visage et offre une protection \u00e0 large\u2026","rel":"","context":"Similar post","block_context":{"text":"Similar post","link":""},"img":{"alt_text":"","src":"","width":0,"height":0},"classes":[]},{"id":29036,"url":"https:\/\/sakaba.mghosteur.com\/en\/product\/cerave-hydrating-sunscreen-broad-spectrum-spf30-fac\/","url_meta":{"origin":29070,"position":1},"title":"CERAVE HYDRATING SUNSCREEN broad spectrum spf30 FAC","author":"admin","date":"March 10, 2023","format":false,"excerpt":"La Cr\u00e8me solaire hydratante \u00e0 large spectre FPS 30 pour le visage et le corps de la marque CeraVe est un produit de qualit\u00e9 sup\u00e9rieure con\u00e7u pour prot\u00e9ger votre peau contre les rayons nocifs du soleil. Cette formule hybride est adapt\u00e9e \u00e0 tous les types de peau, offrant une protection\u2026","rel":"","context":"Similar post","block_context":{"text":"Similar post","link":""},"img":{"alt_text":"","src":"","width":0,"height":0},"classes":[]},{"id":31965,"url":"https:\/\/sakaba.mghosteur.com\/en\/product\/cerave-facial-moisturizing-lotion-am-89ml-spf-30\/","url_meta":{"origin":29070,"position":2},"title":"CERAVE FACIAL MOISTURIZING LOTION AM 89ML SPF 30","author":"admin","date":"May 13, 2024","format":false,"excerpt":"L'hydratant pour le visage CeraVe AM avec \u00e9cran solaire SPF 30 \u00e0 large spectre est un soin matinal multit\u00e2che qui fournit une hydratation continue tout au long de la journ\u00e9e tout en aidant \u00e0 absorber et \u00e0 refl\u00e9ter les rayons UVA et UVB nocifs du soleil et \u00e0 restaurer la\u2026","rel":"","context":"Similar post","block_context":{"text":"Similar post","link":""},"img":{"alt_text":"","src":"","width":0,"height":0},"classes":[]},{"id":32007,"url":"https:\/\/sakaba.mghosteur.com\/en\/product\/cerave-facial-moisturizing-lotion-am-60ml-3\/","url_meta":{"origin":29070,"position":3},"title":"CERAVE FACIAL MOISTURIZING LOTION AM 60ML","author":"admin","date":"May 13, 2024","format":false,"excerpt":"L'hydratant pour le visage CeraVe AM avec \u00e9cran solaire SPF 30 \u00e0 large spectre est un soin matinal multit\u00e2che qui fournit une hydratation continue tout au long de la journ\u00e9e tout en aidant \u00e0 absorber et \u00e0 refl\u00e9ter les rayons UVA et UVB nocifs du soleil et \u00e0 restaurer la\u2026","rel":"","context":"Similar post","block_context":{"text":"Similar post","link":""},"img":{"alt_text":"","src":"","width":0,"height":0},"classes":[]},{"id":30202,"url":"https:\/\/sakaba.mghosteur.com\/en\/product\/necessaire-the-sunscreen-lecran-solaire\/","url_meta":{"origin":29070,"position":4},"title":"NECESSAIRE THE SUNSCREEN L&#8217;ECRAN SOLAIRE","author":"admin","date":"May 4, 2023","format":false,"excerpt":"D\u00e9couvrez la Cr\u00e8me Solaire Min\u00e9rale SPF 30 Voyage de la marque NECESSAIRE, la solution id\u00e9ale pour prot\u00e9ger votre peau des rayons du soleil tout en prenant soin d'elle. Cette cr\u00e8me solaire 100% min\u00e9rale est infus\u00e9e d'actifs de soin tels que l'Acide Hyaluronique, la Niacinamide et le Panth\u00e9nol pour hydrater votre\u2026","rel":"","context":"Similar post","block_context":{"text":"Similar post","link":""},"img":{"alt_text":"","src":"","width":0,"height":0},"classes":[]},{"id":29078,"url":"https:\/\/sakaba.mghosteur.com\/en\/product\/cerave-hydrating-sunscreen-broad-spectrum-30-body\/","url_meta":{"origin":29070,"position":5},"title":"CERAVE HYDRATING SUNSCREEN BROAD SPECTRUM 30 BODY","author":"admin","date":"March 13, 2023","format":false,"excerpt":"La cr\u00e8me solaire hydratante \u00e0 large spectre FPS 30 pour le visage et le corps de CeraVe est une cr\u00e8me solaire hybride min\u00e9rale\/chimique d\u00e9velopp\u00e9e avec des dermatologues pour offrir une protection efficace contre les rayons nocifs du soleil tout en hydratant la peau. Sa formule combine de l'oxyde de zinc\u2026","rel":"","context":"Similar post","block_context":{"text":"Similar post","link":""},"img":{"alt_text":"","src":"","width":0,"height":0},"classes":[]}],"_links":{"self":[{"href":"https:\/\/sakaba.mghosteur.com\/en\/wp-json\/wp\/v2\/product\/29070","targetHints":{"allow":["GET"]}}],"collection":[{"href":"https:\/\/sakaba.mghosteur.com\/en\/wp-json\/wp\/v2\/product"}],"about":[{"href":"https:\/\/sakaba.mghosteur.com\/en\/wp-json\/wp\/v2\/types\/product"}],"replies":[{"embeddable":true,"href":"https:\/\/sakaba.mghosteur.com\/en\/wp-json\/wp\/v2\/comments?post=29070"}],"version-history":[{"count":0,"href":"https:\/\/sakaba.mghosteur.com\/en\/wp-json\/wp\/v2\/product\/29070\/revisions"}],"wp:attachment":[{"href":"https:\/\/sakaba.mghosteur.com\/en\/wp-json\/wp\/v2\/media?parent=29070"}],"wp:term":[{"taxonomy":"product_brand","embeddable":true,"href":"https:\/\/sakaba.mghosteur.com\/en\/wp-json\/wp\/v2\/product_brand?post=29070"},{"taxonomy":"product_cat","embeddable":true,"href":"https:\/\/sakaba.mghosteur.com\/en\/wp-json\/wp\/v2\/product_cat?post=29070"},{"taxonomy":"product_tag","embeddable":true,"href":"https:\/\/sakaba.mghosteur.com\/en\/wp-json\/wp\/v2\/product_tag?post=29070"}],"curies":[{"name":"wp","href":"https:\/\/api.w.org\/{rel}","templated":true}]}}