{"id":29074,"date":"2023-03-13T18:25:44","date_gmt":"2023-03-13T18:25:44","guid":{"rendered":"http:\/\/www.sakababeauty.com\/?post_type=product&#038;p=29074"},"modified":"2024-08-07T20:48:52","modified_gmt":"2024-08-07T20:48:52","slug":"cerave-hydrating-sunscreen-50face-spf-50","status":"publish","type":"product","link":"https:\/\/sakaba.mghosteur.com\/en\/product\/cerave-hydrating-sunscreen-50face-spf-50\/","title":{"rendered":"CERAVE HYDRATING SUNSCREEN 50face spf 50"},"content":{"rendered":"<p>La Cr\u00e8me Solaire Hydratante Min\u00e9rale SPF 50 Lotion Visage de la marque CeraVe est la solution parfaite pour prot\u00e9ger votre peau du soleil tout en la nourrissant et l&#8217;hydratant en profondeur. Cette cr\u00e8me solaire min\u00e9rale douce mais efficace est sp\u00e9cialement con\u00e7ue pour le visage et offre une protection \u00e0 large spectre SPF 50 contre les rayons UVA et UVB.<\/p>\n<p>Formul\u00e9e \u00e0 base de dioxyde de titane et d&#8217;oxyde de zinc, cette cr\u00e8me solaire min\u00e9rale est 100 % sans huile et cr\u00e9e une barri\u00e8re protectrice sur la surface de votre peau pour aider \u00e0 r\u00e9fl\u00e9chir les rayons du soleil sans irriter la peau sensible. La formule contient \u00e9galement trois c\u00e9ramides essentiels pour aider \u00e0 restaurer la barri\u00e8re cutan\u00e9e et fournir une hydratation longue dur\u00e9e, ainsi que du niacinamide pour apaiser votre peau.<\/p>\n<p>Recommand\u00e9e par la National Eczema Association et la Skin Cancer Foundation pour une utilisation quotidienne, cette cr\u00e8me solaire hydratante est id\u00e9ale pour tous les types de peau, y compris les peaux sensibles. Offrez \u00e0 votre peau la protection et l&#8217;hydratation dont elle a besoin avec la Cr\u00e8me Solaire Hydratante Min\u00e9rale SPF 50 Lotion Visage de CeraVe.<\/p>","protected":false},"excerpt":{"rendered":"<p>La Cr\u00e8me Solaire Hydratante Min\u00e9rale SPF 50 Lotion Visage de la marque CeraVe est la solution parfaite pour prot\u00e9ger votre peau du soleil tout en la nourrissant et l&#8217;hydratant en profondeur. Cette cr\u00e8me solaire min\u00e9rale douce mais efficace est sp\u00e9cialement con\u00e7ue pour le visage et offre une protection \u00e0 large spectre SPF 50 contre les<span class=\"read-more-faq\"><a href=\"https:\/\/sakaba.mghosteur.com\/en\/product\/cerave-hydrating-sunscreen-50face-spf-50\/\">Read More<\/a><\/span><\/p>","protected":false},"featured_media":0,"comment_status":"closed","ping_status":"closed","template":"","meta":[],"product_brand":[],"product_cat":[1055,451],"product_tag":[],"class_list":{"0":"post-29074","1":"product","2":"type-product","3":"status-publish","5":"product_cat-protection-solaire-visage","6":"product_cat-aab-soin-du-visage","8":"first","9":"instock","10":"shipping-taxable","11":"product-type-simple"},"jetpack-related-posts":[{"id":31965,"url":"https:\/\/sakaba.mghosteur.com\/en\/product\/cerave-facial-moisturizing-lotion-am-89ml-spf-30\/","url_meta":{"origin":29074,"position":0},"title":"CERAVE FACIAL MOISTURIZING LOTION AM 89ML SPF 30","author":"admin","date":"May 13, 2024","format":false,"excerpt":"L'hydratant pour le visage CeraVe AM avec \u00e9cran solaire SPF 30 \u00e0 large spectre est un soin matinal multit\u00e2che qui fournit une hydratation continue tout au long de la journ\u00e9e tout en aidant \u00e0 absorber et \u00e0 refl\u00e9ter les rayons UVA et UVB nocifs du soleil et \u00e0 restaurer la\u2026","rel":"","context":"Similar post","block_context":{"text":"Similar post","link":""},"img":{"alt_text":"","src":"","width":0,"height":0},"classes":[]},{"id":32007,"url":"https:\/\/sakaba.mghosteur.com\/en\/product\/cerave-facial-moisturizing-lotion-am-60ml-3\/","url_meta":{"origin":29074,"position":1},"title":"CERAVE FACIAL MOISTURIZING LOTION AM 60ML","author":"admin","date":"May 13, 2024","format":false,"excerpt":"L'hydratant pour le visage CeraVe AM avec \u00e9cran solaire SPF 30 \u00e0 large spectre est un soin matinal multit\u00e2che qui fournit une hydratation continue tout au long de la journ\u00e9e tout en aidant \u00e0 absorber et \u00e0 refl\u00e9ter les rayons UVA et UVB nocifs du soleil et \u00e0 restaurer la\u2026","rel":"","context":"Similar post","block_context":{"text":"Similar post","link":""},"img":{"alt_text":"","src":"","width":0,"height":0},"classes":[]},{"id":29070,"url":"https:\/\/sakaba.mghosteur.com\/en\/product\/hydrating-mineral-sunscreen-spf-30-face-sheer-tint\/","url_meta":{"origin":29074,"position":2},"title":"Hydrating Mineral Sunscreen SPF 30 Face Sheer Tint","author":"admin","date":"March 13, 2023","format":false,"excerpt":"Prot\u00e9gez votre peau, tout en obtenant un effet bonne mine sans aucun pl\u00e2tre blanc. CeraVe Hydrating Mineral Sunscreen Broad Spectrum SPF 30 Face Sheer Tint offre une protection UVA\/UVB avec du dioxyde de titane et de l'oxyde de zinc 100 % min\u00e9raux , formant une barri\u00e8re \u00e0 la surface de\u2026","rel":"","context":"Similar post","block_context":{"text":"Similar post","link":""},"img":{"alt_text":"","src":"","width":0,"height":0},"classes":[]},{"id":25358,"url":"https:\/\/sakaba.mghosteur.com\/en\/product\/pipette-mineral-sunscreen-broad-spectrum-spf-50\/","url_meta":{"origin":29074,"position":3},"title":"PIPETTE MINERAL SUNSCREEN BROAD SPECTRUM  SPF 50","author":"admin","date":"November 14, 2022","format":false,"excerpt":"Cr\u00e8me solaire pour b\u00e9b\u00e9 qui convient \u00e0 toute la famille, cette cr\u00e8me solaire min\u00e9rale FPS 50 \u00e0 m\u00e9langer prot\u00e8ge des rayons nocifs du soleil gr\u00e2ce \u00e0 de l'oxyde de zinc non nano 100 % min\u00e9ral. Cette cr\u00e8me solaire l\u00e9g\u00e8re et sans danger pour les b\u00e9b\u00e9s est fabriqu\u00e9e avec un squalane\u2026","rel":"","context":"Similar post","block_context":{"text":"Similar post","link":""},"img":{"alt_text":"","src":"","width":0,"height":0},"classes":[]},{"id":30202,"url":"https:\/\/sakaba.mghosteur.com\/en\/product\/necessaire-the-sunscreen-lecran-solaire\/","url_meta":{"origin":29074,"position":4},"title":"NECESSAIRE THE SUNSCREEN L&#8217;ECRAN SOLAIRE","author":"admin","date":"May 4, 2023","format":false,"excerpt":"D\u00e9couvrez la Cr\u00e8me Solaire Min\u00e9rale SPF 30 Voyage de la marque NECESSAIRE, la solution id\u00e9ale pour prot\u00e9ger votre peau des rayons du soleil tout en prenant soin d'elle. Cette cr\u00e8me solaire 100% min\u00e9rale est infus\u00e9e d'actifs de soin tels que l'Acide Hyaluronique, la Niacinamide et le Panth\u00e9nol pour hydrater votre\u2026","rel":"","context":"Similar post","block_context":{"text":"Similar post","link":""},"img":{"alt_text":"","src":"","width":0,"height":0},"classes":[]},{"id":29036,"url":"https:\/\/sakaba.mghosteur.com\/en\/product\/cerave-hydrating-sunscreen-broad-spectrum-spf30-fac\/","url_meta":{"origin":29074,"position":5},"title":"CERAVE HYDRATING SUNSCREEN broad spectrum spf30 FAC","author":"admin","date":"March 10, 2023","format":false,"excerpt":"La Cr\u00e8me solaire hydratante \u00e0 large spectre FPS 30 pour le visage et le corps de la marque CeraVe est un produit de qualit\u00e9 sup\u00e9rieure con\u00e7u pour prot\u00e9ger votre peau contre les rayons nocifs du soleil. Cette formule hybride est adapt\u00e9e \u00e0 tous les types de peau, offrant une protection\u2026","rel":"","context":"Similar post","block_context":{"text":"Similar post","link":""},"img":{"alt_text":"","src":"","width":0,"height":0},"classes":[]}],"_links":{"self":[{"href":"https:\/\/sakaba.mghosteur.com\/en\/wp-json\/wp\/v2\/product\/29074","targetHints":{"allow":["GET"]}}],"collection":[{"href":"https:\/\/sakaba.mghosteur.com\/en\/wp-json\/wp\/v2\/product"}],"about":[{"href":"https:\/\/sakaba.mghosteur.com\/en\/wp-json\/wp\/v2\/types\/product"}],"replies":[{"embeddable":true,"href":"https:\/\/sakaba.mghosteur.com\/en\/wp-json\/wp\/v2\/comments?post=29074"}],"version-history":[{"count":0,"href":"https:\/\/sakaba.mghosteur.com\/en\/wp-json\/wp\/v2\/product\/29074\/revisions"}],"wp:attachment":[{"href":"https:\/\/sakaba.mghosteur.com\/en\/wp-json\/wp\/v2\/media?parent=29074"}],"wp:term":[{"taxonomy":"product_brand","embeddable":true,"href":"https:\/\/sakaba.mghosteur.com\/en\/wp-json\/wp\/v2\/product_brand?post=29074"},{"taxonomy":"product_cat","embeddable":true,"href":"https:\/\/sakaba.mghosteur.com\/en\/wp-json\/wp\/v2\/product_cat?post=29074"},{"taxonomy":"product_tag","embeddable":true,"href":"https:\/\/sakaba.mghosteur.com\/en\/wp-json\/wp\/v2\/product_tag?post=29074"}],"curies":[{"name":"wp","href":"https:\/\/api.w.org\/{rel}","templated":true}]}}