{"id":29084,"date":"2023-03-13T18:57:23","date_gmt":"2023-03-13T18:57:23","guid":{"rendered":"http:\/\/www.sakababeauty.com\/?post_type=product&#038;p=29084"},"modified":"2024-08-07T20:49:51","modified_gmt":"2024-08-07T20:49:51","slug":"cerave-makeup-removing-cleanser-cloths","status":"publish","type":"product","link":"https:\/\/sakaba.mghosteur.com\/en\/product\/cerave-makeup-removing-cleanser-cloths\/","title":{"rendered":"CERAVE MAKEUP REMOVING CLEANSER CLOTHS"},"content":{"rendered":"<p>Les lingettes nettoyantes d\u00e9maquillantes CeraVe sont un choix pratique et efficace pour tous les types de peau. Elles sont particuli\u00e8rement utiles pour les personnes qui sont souvent en d\u00e9placement ou qui ont peu de temps pour leur routine de soins de la peau. Les lingettes sont douces pour la peau, mais suffisamment puissantes pour \u00e9liminer efficacement les impuret\u00e9s, la salet\u00e9 et le maquillage, m\u00eame les produits r\u00e9sistants \u00e0 l&#8217;eau. Les c\u00e9ramides et l&#8217;acide hyaluronique contenus dans les lingettes aident \u00e0 pr\u00e9server l&#8217;hydratation naturelle de la peau et \u00e0 restaurer sa barri\u00e8re protectrice.<\/p>\n<p>Les lingettes nettoyantes d\u00e9maquillantes CeraVe sont faciles \u00e0 utiliser, il suffit de retirer une lingette et de l&#8217;appliquer sur le visage. Elles sont parfaites pour une utilisation en voyage ou apr\u00e8s une journ\u00e9e bien remplie, lorsque vous avez besoin d&#8217;un nettoyage rapide et pratique de la peau. La formule sans parfum et non com\u00e9dog\u00e8ne des lingettes en fait un choix s\u00fbr pour tous les types de peau, m\u00eame les plus sensibles.<\/p>\n<p>En r\u00e9sum\u00e9, les lingettes nettoyantes d\u00e9maquillantes CeraVe sont un choix pratique et efficace pour tous les types de peau. Elles permettent de nettoyer la peau en profondeur, d&#8217;\u00e9liminer les impuret\u00e9s, la salet\u00e9 et le maquillage, tout en aidant \u00e0 pr\u00e9server l&#8217;hydratation naturelle de la peau et \u00e0 restaurer sa barri\u00e8re protectrice. Essayez-les d\u00e8s aujourd&#8217;hui pour une peau propre et fra\u00eeche en un instant, n&#8217;importe o\u00f9 et \u00e0 tout moment.<\/p>","protected":false},"excerpt":{"rendered":"<p>Les lingettes nettoyantes d\u00e9maquillantes CeraVe sont un choix pratique et efficace pour tous les types de peau. Elles sont particuli\u00e8rement utiles pour les personnes qui sont souvent en d\u00e9placement ou qui ont peu de temps pour leur routine de soins de la peau. Les lingettes sont douces pour la peau, mais suffisamment puissantes pour \u00e9liminer<span class=\"read-more-faq\"><a href=\"https:\/\/sakaba.mghosteur.com\/en\/product\/cerave-makeup-removing-cleanser-cloths\/\">Read More<\/a><\/span><\/p>","protected":false},"featured_media":0,"comment_status":"closed","ping_status":"closed","template":"","meta":[],"product_brand":[],"product_cat":[324,451],"product_tag":[],"class_list":{"0":"post-29084","1":"product","2":"type-product","3":"status-publish","5":"product_cat-demaquillant-nettoyant","6":"product_cat-aab-soin-du-visage","8":"first","9":"instock","10":"shipping-taxable","11":"product-type-simple"},"jetpack-related-posts":[{"id":29063,"url":"https:\/\/sakaba.mghosteur.com\/en\/product\/hydrating-makeup-removing-plant-based-wipes\/","url_meta":{"origin":29084,"position":0},"title":"HYDRATING MAKEUP REMOVING PLANT BASED WIPES","author":"admin","date":"March 13, 2023","format":false,"excerpt":"Les lingettes d\u00e9maquillantes hydratantes \u00e0 base de plantes de CeraVe sont une solution efficace pour nettoyer la peau en \u00e9liminant le maquillage, la salet\u00e9 et l'huile. D\u00e9velopp\u00e9es avec des dermatologues, ces lingettes d\u00e9maquillantes sont douces mais efficaces pour enlever le mascara, m\u00eame s'il est imperm\u00e9able. Elles emprisonnent l'hydratation pour laisser\u2026","rel":"","context":"Similar post","block_context":{"text":"Similar post","link":""},"img":{"alt_text":"","src":"","width":0,"height":0},"classes":[]},{"id":33350,"url":"https:\/\/sakaba.mghosteur.com\/en\/product\/25-count-biore-charcoal-micellar-makeup-removing-cloths\/","url_meta":{"origin":29084,"position":1},"title":"25 Count Biore Charcoal Micellar Makeup Removing Cloths","author":"admin","date":"May 21, 2024","format":false,"excerpt":"Lingettes d\u00e9maquillantes au charbon Bior\u00e9, avec eau micellaire nettoyante, d\u00e9maquillantes et d\u00e9graissantes sans rin\u00e7age, pour peaux grasses, 25 unit\u00e9s","rel":"","context":"Similar post","block_context":{"text":"Similar post","link":""},"img":{"alt_text":"","src":"","width":0,"height":0},"classes":[]},{"id":34192,"url":"https:\/\/sakaba.mghosteur.com\/en\/product\/first-aid-beauty-facial-radiance-pads\/","url_meta":{"origin":29084,"position":2},"title":"FIRST AID BEAUTY FACIAL RADIANCE PADS","author":"admin","date":"May 27, 2024","format":false,"excerpt":"Les tampons \u00e9clat du visage First Aid Beauty sont des tampons pr\u00e9-imbib\u00e9s qui \u00e9claircissent, tonifient et exfolient la peau en une seule lingette. Ils sont con\u00e7us pour un usage quotidien et sont sans danger pour les peaux sensibles. Les tampons contiennent de l'acide glycolique, de l'acide lactique, de l'acide alpha-hydroxy\u2026","rel":"","context":"Similar post","block_context":{"text":"Similar post","link":""},"img":{"alt_text":"","src":"","width":0,"height":0},"classes":[]},{"id":28370,"url":"https:\/\/sakaba.mghosteur.com\/en\/product\/pipette-baby-wipes-lingettes-bebes\/","url_meta":{"origin":29084,"position":3},"title":"PIPETTE BABY WIPES LINGETTES BEBES","author":"admin","date":"November 30, 2022","format":false,"excerpt":"","rel":"","context":"Similar post","block_context":{"text":"Similar post","link":""},"img":{"alt_text":"","src":"","width":0,"height":0},"classes":[]},{"id":32016,"url":"https:\/\/sakaba.mghosteur.com\/en\/product\/cerave-makeup-removing-cleanser-balm-2\/","url_meta":{"origin":29084,"position":4},"title":"CERAVE  MAKEUP REMOVING CLEANSER BALM","author":"admin","date":"May 13, 2024","format":false,"excerpt":"Les baumes nettoyants d\u00e9maquillants offrent le meilleur des deux mondes : l'efficacit\u00e9 nettoyante d'un baume, avec le confort et la commodit\u00e9 d'une cr\u00e8me nettoyante. Notre baume nettoyant d\u00e9maquillant aide \u00e0 \u00e9liminer efficacement le maquillage longue tenue, la salet\u00e9 et l'exc\u00e8s de s\u00e9bum (huile) de votre peau, pour un teint propre\u2026","rel":"","context":"Similar post","block_context":{"text":"Similar post","link":""},"img":{"alt_text":"","src":"","width":0,"height":0},"classes":[]},{"id":23932,"url":"https:\/\/sakaba.mghosteur.com\/en\/product\/cerave-makeup-removing-cleanser-balm\/","url_meta":{"origin":29084,"position":5},"title":"CERAVE  MAKEUP REMOVING CLEANSER BALM","author":"admin","date":"November 9, 2022","format":false,"excerpt":"Le baume nettoyant d\u00e9maquillant CeraVe est le produit parfait pour tous les types de peau. Il est sans alcool, sans parfum, sans savon et sans paraben, ce qui en fait un choix id\u00e9al pour les peaux sensibles. Ce baume nettoyant est con\u00e7u pour \u00e9liminer efficacement le maquillage, la salet\u00e9 et\u2026","rel":"","context":"Similar post","block_context":{"text":"Similar post","link":""},"img":{"alt_text":"","src":"","width":0,"height":0},"classes":[]}],"_links":{"self":[{"href":"https:\/\/sakaba.mghosteur.com\/en\/wp-json\/wp\/v2\/product\/29084","targetHints":{"allow":["GET"]}}],"collection":[{"href":"https:\/\/sakaba.mghosteur.com\/en\/wp-json\/wp\/v2\/product"}],"about":[{"href":"https:\/\/sakaba.mghosteur.com\/en\/wp-json\/wp\/v2\/types\/product"}],"replies":[{"embeddable":true,"href":"https:\/\/sakaba.mghosteur.com\/en\/wp-json\/wp\/v2\/comments?post=29084"}],"version-history":[{"count":0,"href":"https:\/\/sakaba.mghosteur.com\/en\/wp-json\/wp\/v2\/product\/29084\/revisions"}],"wp:attachment":[{"href":"https:\/\/sakaba.mghosteur.com\/en\/wp-json\/wp\/v2\/media?parent=29084"}],"wp:term":[{"taxonomy":"product_brand","embeddable":true,"href":"https:\/\/sakaba.mghosteur.com\/en\/wp-json\/wp\/v2\/product_brand?post=29084"},{"taxonomy":"product_cat","embeddable":true,"href":"https:\/\/sakaba.mghosteur.com\/en\/wp-json\/wp\/v2\/product_cat?post=29084"},{"taxonomy":"product_tag","embeddable":true,"href":"https:\/\/sakaba.mghosteur.com\/en\/wp-json\/wp\/v2\/product_tag?post=29084"}],"curies":[{"name":"wp","href":"https:\/\/api.w.org\/{rel}","templated":true}]}}