{"id":29088,"date":"2023-03-13T19:09:58","date_gmt":"2023-03-13T19:09:58","guid":{"rendered":"http:\/\/www.sakababeauty.com\/?post_type=product&#038;p=29088"},"modified":"2024-08-07T20:50:41","modified_gmt":"2024-08-07T20:50:41","slug":"cerave-moisturizing-cream-453g","status":"publish","type":"product","link":"https:\/\/sakaba.mghosteur.com\/en\/product\/cerave-moisturizing-cream-453g\/","title":{"rendered":"CERAVE MOISTURIZING CREAM 453G"},"content":{"rendered":"<p>La cr\u00e8me hydratante CeraVe est une solution id\u00e9ale pour les personnes souffrant de s\u00e9cheresse cutan\u00e9e et de d\u00e9mangeaisons. Gr\u00e2ce \u00e0 sa formule riche en acide hyaluronique et en c\u00e9ramides, elle aide \u00e0 hydrater la peau en profondeur et \u00e0 restaurer sa barri\u00e8re naturelle de protection.<\/p>\n<p>La cr\u00e8me contient trois c\u00e9ramides essentiels qui travaillent ensemble pour garder l&#8217;hydratation de la peau emprisonn\u00e9e et r\u00e9tablir la barri\u00e8re protectrice de votre peau. La technologie MVE encapsule les c\u00e9ramides pour une diffusion efficace dans la barri\u00e8re cutan\u00e9e et une lib\u00e9ration lente dans le temps, ce qui permet de soutenir la barri\u00e8re cutan\u00e9e protectrice longtemps apr\u00e8s l&#8217;application.<\/p>\n<p>D\u00e9velopp\u00e9e avec des dermatologues, cette cr\u00e8me hydratante CeraVe convient parfaitement aux peaux s\u00e8ches et tr\u00e8s s\u00e8ches du visage et du corps. Elle est riche, non grasse et \u00e0 absorption rapide, gr\u00e2ce \u00e0 la technologie brevet\u00e9e MVE Delivery Technology qui permet une diffusion constante d&#8217;ingr\u00e9dients hydratants tout au long de la journ\u00e9e et de la nuit.<\/p>\n<p>Sans parfum, la cr\u00e8me hydratante CeraVe est id\u00e9ale pour les personnes ayant une peau sensible ou r\u00e9active. Elle aide \u00e0 am\u00e9liorer l&#8217;apparence et la sensation de la peau s\u00e8che et d\u00e9mangeante, tout en laissant la peau douce, souple et hydrat\u00e9e.<\/p>","protected":false},"excerpt":{"rendered":"<p>La cr\u00e8me hydratante CeraVe est une solution id\u00e9ale pour les personnes souffrant de s\u00e9cheresse cutan\u00e9e et de d\u00e9mangeaisons. Gr\u00e2ce \u00e0 sa formule riche en acide hyaluronique et en c\u00e9ramides, elle aide \u00e0 hydrater la peau en profondeur et \u00e0 restaurer sa barri\u00e8re naturelle de protection. La cr\u00e8me contient trois c\u00e9ramides essentiels qui travaillent ensemble pour<span class=\"read-more-faq\"><a href=\"https:\/\/sakaba.mghosteur.com\/en\/product\/cerave-moisturizing-cream-453g\/\">Read More<\/a><\/span><\/p>","protected":false},"featured_media":0,"comment_status":"closed","ping_status":"closed","template":"","meta":[],"product_brand":[],"product_cat":[447,1061,388],"product_tag":[],"class_list":{"0":"post-29088","1":"product","2":"type-product","3":"status-publish","5":"product_cat-aac-bain-et-corps","6":"product_cat-lait-huile_corporelle","7":"product_cat-peaux-seches","9":"first","10":"instock","11":"shipping-taxable","12":"product-type-simple"},"jetpack-related-posts":[{"id":29028,"url":"https:\/\/sakaba.mghosteur.com\/en\/product\/cerave-facial-moisturizing-cream-19-oz\/","url_meta":{"origin":29088,"position":0},"title":"Cerave Facial Moisturizing Cream 19 OZ","author":"admin","date":"March 10, 2023","format":false,"excerpt":"La cr\u00e8me hydratante restauratrice de barri\u00e8res CeraVe est sp\u00e9cialement con\u00e7ue pour les peaux s\u00e8ches \u00e0 tr\u00e8s s\u00e8ches du visage et du corps. Cette cr\u00e8me contient de l'acide hyaluronique et 3 c\u00e9ramides essentiels qui agissent ensemble pour hydrater la peau et restaurer sa barri\u00e8re naturelle. La technologie MVE encapsule les c\u00e9ramides\u2026","rel":"","context":"Similar post","block_context":{"text":"Similar post","link":""},"img":{"alt_text":"","src":"","width":0,"height":0},"classes":[]},{"id":33721,"url":"https:\/\/sakaba.mghosteur.com\/en\/product\/cerave-hydrating-facial-cleancer-710ml\/","url_meta":{"origin":29088,"position":1},"title":"CERAVE HYDRATING FACIAL CLEANCER 710ML","author":"admin","date":"May 22, 2024","format":false,"excerpt":"Le nettoyant hydratant CeraVe a \u00e9t\u00e9 con\u00e7u pour nettoyer et rafra\u00eechir la peau sans la d\u00e9caper ni la laisser s\u00e8che et tendue. Il contient de l'acide hyaluronique pour hydrater la peau et 3 c\u00e9ramides essentiels qui agissent ensemble pour retenir l'hydratation de la peau et aider \u00e0 restaurer la barri\u00e8re\u2026","rel":"","context":"Similar post","block_context":{"text":"Similar post","link":""},"img":{"alt_text":"","src":"","width":0,"height":0},"classes":[]},{"id":24192,"url":"https:\/\/sakaba.mghosteur.com\/en\/product\/cerave-facial-moisturizing-lotion-am-60ml-2\/","url_meta":{"origin":29088,"position":2},"title":"CERAVE FACIAL MOISTURIZING LOTION AM 60ML","author":"admin","date":"November 9, 2022","format":false,"excerpt":"La lotion hydratante pour le visage CeraVe AM avec FPS 30 est une cr\u00e8me hydratante quotidienne essentielle qui aide \u00e0 prot\u00e9ger votre peau des rayons UVA et UVB nocifs, tout en restaurant votre barri\u00e8re cutan\u00e9e. Enrichi en acide hyaluronique, niacinamide et c\u00e9ramides, cette formule non com\u00e9dog\u00e8ne hydrate la peau en\u2026","rel":"","context":"Similar post","block_context":{"text":"Similar post","link":""},"img":{"alt_text":"","src":"","width":0,"height":0},"classes":[]},{"id":23897,"url":"https:\/\/sakaba.mghosteur.com\/en\/product\/cerave-itch-relief-moisturizing-lotion\/","url_meta":{"origin":29088,"position":3},"title":"CERAVE  ITCH RELIEF MOISTURIZING LOTION","author":"admin","date":"November 9, 2022","format":false,"excerpt":"La lotion hydratante anti-d\u00e9mangeaisons de la marque CeraVe est la solution id\u00e9ale pour soulager rapidement et efficacement les d\u00e9mangeaisons associ\u00e9es \u00e0 la peau s\u00e8che, les irritations cutan\u00e9es mineures, les piq\u00fbres d'insectes et les coups de soleil. Formul\u00e9e avec 1 % de chlorhydrate de pramoxine, cette lotion procure un soulagement temporaire,\u2026","rel":"","context":"Similar post","block_context":{"text":"Similar post","link":""},"img":{"alt_text":"","src":"","width":0,"height":0},"classes":[]},{"id":31957,"url":"https:\/\/sakaba.mghosteur.com\/en\/product\/cerave-facial-moisturizing-lotion-pm-89ml\/","url_meta":{"origin":29088,"position":4},"title":"CERAVE FACIAL MOISTURIZING LOTION PM 89ML","author":"admin","date":"May 13, 2024","format":false,"excerpt":"Quel que soit votre type de peau, m\u00eame si elle est grasse, votre peau a besoin d'hydratation 24 heures sur 24. Mais il peut aussi avoir besoin d'autres choses, comme des ingr\u00e9dients apaisants, une texture plus douce et une aide \u00e0 restaurer sa barri\u00e8re d'hydratation naturelle. L'int\u00e9gration d'une cr\u00e8me de\u2026","rel":"","context":"Similar post","block_context":{"text":"Similar post","link":""},"img":{"alt_text":"","src":"","width":0,"height":0},"classes":[]},{"id":32012,"url":"https:\/\/sakaba.mghosteur.com\/en\/product\/cerave-facial-moisturizing-lotion-pm-60ml\/","url_meta":{"origin":29088,"position":5},"title":"CERAVE FACIAL MOISTURIZING LOTION PM 60ML","author":"admin","date":"May 13, 2024","format":false,"excerpt":"Quel que soit votre type de peau, m\u00eame si elle est grasse, votre peau a besoin d'hydratation 24 heures sur 24. Mais il peut aussi avoir besoin d'autres choses, comme des ingr\u00e9dients apaisants, une texture plus douce et une aide \u00e0 restaurer sa barri\u00e8re d'hydratation naturelle. L'int\u00e9gration d'une cr\u00e8me de\u2026","rel":"","context":"Similar post","block_context":{"text":"Similar post","link":""},"img":{"alt_text":"","src":"","width":0,"height":0},"classes":[]}],"_links":{"self":[{"href":"https:\/\/sakaba.mghosteur.com\/en\/wp-json\/wp\/v2\/product\/29088","targetHints":{"allow":["GET"]}}],"collection":[{"href":"https:\/\/sakaba.mghosteur.com\/en\/wp-json\/wp\/v2\/product"}],"about":[{"href":"https:\/\/sakaba.mghosteur.com\/en\/wp-json\/wp\/v2\/types\/product"}],"replies":[{"embeddable":true,"href":"https:\/\/sakaba.mghosteur.com\/en\/wp-json\/wp\/v2\/comments?post=29088"}],"version-history":[{"count":0,"href":"https:\/\/sakaba.mghosteur.com\/en\/wp-json\/wp\/v2\/product\/29088\/revisions"}],"wp:attachment":[{"href":"https:\/\/sakaba.mghosteur.com\/en\/wp-json\/wp\/v2\/media?parent=29088"}],"wp:term":[{"taxonomy":"product_brand","embeddable":true,"href":"https:\/\/sakaba.mghosteur.com\/en\/wp-json\/wp\/v2\/product_brand?post=29088"},{"taxonomy":"product_cat","embeddable":true,"href":"https:\/\/sakaba.mghosteur.com\/en\/wp-json\/wp\/v2\/product_cat?post=29088"},{"taxonomy":"product_tag","embeddable":true,"href":"https:\/\/sakaba.mghosteur.com\/en\/wp-json\/wp\/v2\/product_tag?post=29088"}],"curies":[{"name":"wp","href":"https:\/\/api.w.org\/{rel}","templated":true}]}}