{"id":29139,"date":"2023-03-15T12:12:10","date_gmt":"2023-03-15T12:12:10","guid":{"rendered":"http:\/\/www.sakababeauty.com\/?post_type=product&#038;p=29139"},"modified":"2024-08-15T02:08:48","modified_gmt":"2024-08-15T02:08:48","slug":"the-inkey-list-coffret-winter-skin-101","status":"publish","type":"product","link":"https:\/\/sakaba.mghosteur.com\/en\/product\/the-inkey-list-coffret-winter-skin-101\/","title":{"rendered":"THE INKEY LIST COFFRET WINTER SKIN 101"},"content":{"rendered":"<p>L&#8217;ensemble INKEY List Winter Skin 101 de la marque THE INKEY LIST est la solution parfaite pour les peaux s\u00e8ches et hivernales qui ont besoin d&#8217;\u00eatre chouchout\u00e9es. Ce kit complet en 4 \u00e9tapes vous offre des produits en taille r\u00e9elle pour une peau renouvel\u00e9e et hydrat\u00e9e.<\/p>\n<p>Le Baume nettoyant \u00e0 l&#8217;avoine de 50 ml est un nettoyant riche qui \u00e9limine le maquillage et les impuret\u00e9s sans ass\u00e9cher la peau. Formul\u00e9 avec de l&#8217;huile de noyau d&#8217;avoine, ce nettoyant naturel hydrate et apaise la peau tout en r\u00e9duisant les rougeurs.<\/p>\n<p>L&#8217;Acide hyaluronique de 30 ml est un s\u00e9rum facilement absorb\u00e9 qui hydrate la peau en profondeur. Ce puissant ingr\u00e9dient non collant peut contenir jusqu&#8217;\u00e0 1000 fois son poids en eau, aidant \u00e0 combattre la peau s\u00e8che et r\u00e9duire l&#8217;apparence des ridules.<\/p>\n<p>Le S\u00e9rum au r\u00e9tinol de 30 ml est un s\u00e9rum anti-\u00e2ge d\u00e9riv\u00e9 de la vitamine A. Il aide \u00e0 cibler l&#8217;apparence des rides et ridules sans irriter la peau. Id\u00e9al pour tous les types de peau, il am\u00e9liore \u00e9galement la clart\u00e9 globale de la peau et le teint irr\u00e9gulier pour un teint plus lumineux et plus uniforme.<\/p>\n<p>La Cr\u00e8me pour les yeux \u00e0 la caf\u00e9ine de 15 ml est une cr\u00e8me hydratante et l\u00e9g\u00e8re pour les yeux qui aide \u00e0 r\u00e9duire instantan\u00e9ment l&#8217;apparence des poches, des cernes et des ridules sous les yeux. La caf\u00e9ine agit comme un diur\u00e9tique naturel et peut aider \u00e0 soulager la r\u00e9tention d&#8217;eau, tandis que le peptide Matrixyl 3000\u2122 r\u00e9duit l&#8217;apparence des ridules pour un regard plus jeune et plus frais.<\/p>\n<p>L&#8217;ensemble INKEY List Winter Skin 101 est exclusif \u00e0 LOOKFANTASTIC et vous offre une recette en 4 \u00e9tapes pour une peau renouvel\u00e9e et hydrat\u00e9e. Commandez d\u00e8s maintenant pour profiter de cette offre unique et retrouver une peau douce et \u00e9clatante !<\/p>","protected":false},"excerpt":{"rendered":"<p>L&#8217;ensemble INKEY List Winter Skin 101 de la marque THE INKEY LIST est la solution parfaite pour les peaux s\u00e8ches et hivernales qui ont besoin d&#8217;\u00eatre chouchout\u00e9es. Ce kit complet en 4 \u00e9tapes vous offre des produits en taille r\u00e9elle pour une peau renouvel\u00e9e et hydrat\u00e9e. Le Baume nettoyant \u00e0 l&#8217;avoine de 50 ml est<span class=\"read-more-faq\"><a href=\"https:\/\/sakaba.mghosteur.com\/en\/product\/the-inkey-list-coffret-winter-skin-101\/\">Read More<\/a><\/span><\/p>","protected":false},"featured_media":0,"comment_status":"closed","ping_status":"closed","template":"","meta":[],"product_brand":[],"product_cat":[1057,388,451,334],"product_tag":[],"class_list":{"0":"post-29139","1":"product","2":"type-product","3":"status-publish","5":"product_cat-coffret-soins-visage","6":"product_cat-peaux-seches","7":"product_cat-aab-soin-du-visage","8":"product_cat-traitement-serum","10":"first","11":"instock","12":"shipping-taxable","13":"product-type-simple"},"jetpack-related-posts":[{"id":29187,"url":"https:\/\/sakaba.mghosteur.com\/en\/product\/the-inkey-list-oat-cleansing-balm-150-ml\/","url_meta":{"origin":29139,"position":0},"title":"THE INKEY LIST OAT CLEANSING BALM 150 ML","author":"admin","date":"March 20, 2023","format":false,"excerpt":"Le baume d\u00e9maquillant \u00e0 l'avoine de la marque The Inkey List est un produit de nettoyage essentiel pour votre routine de soins de la peau. Ce baume nettoyant riche est con\u00e7u pour \u00e9liminer en douceur le maquillage et les impuret\u00e9s sans dess\u00e9cher la peau, la laissant hydrat\u00e9e et nourrie. Le\u2026","rel":"","context":"Similar post","block_context":{"text":"Similar post","link":""},"img":{"alt_text":"","src":"","width":0,"height":0},"classes":[]},{"id":29153,"url":"https:\/\/sakaba.mghosteur.com\/en\/product\/the-inkey-list-hyaluronic-acid-100-ml\/","url_meta":{"origin":29139,"position":1},"title":"THE INKEY LIST HYALURONIC ACID 100 ML","author":"admin","date":"March 15, 2023","format":false,"excerpt":"La solution contre l'acn\u00e9 de la marque The Inkey List est un nettoyant hydratant en profondeur sp\u00e9cialement formul\u00e9 pour une peau douce, lisse et saine. Ce produit a \u00e9t\u00e9 test\u00e9 dermatologiquement pour offrir une efficacit\u00e9 optimale contre l'acn\u00e9. La formule l\u00e9g\u00e8rement moussante du nettoyant est enrichie en acide hyaluronique pour\u2026","rel":"","context":"Similar post","block_context":{"text":"Similar post","link":""},"img":{"alt_text":"","src":"","width":0,"height":0},"classes":[]},{"id":27426,"url":"https:\/\/sakaba.mghosteur.com\/en\/product\/the-inkey-list-q10\/","url_meta":{"origin":29139,"position":2},"title":"THE INKEY LIST Q10","author":"admin","date":"November 29, 2022","format":false,"excerpt":"Le s\u00e9rum Q10 de la marque The Inkey List est un produit de soin essentiel pour prot\u00e9ger votre peau et combattre les signes du vieillissement. Gr\u00e2ce \u00e0 sa formule riche en antioxydants, ce s\u00e9rum aide \u00e0 prot\u00e9ger votre peau contre les agressions ext\u00e9rieures telles que la pollution et les rayons\u2026","rel":"","context":"Similar post","block_context":{"text":"Similar post","link":""},"img":{"alt_text":"","src":"","width":0,"height":0},"classes":[]},{"id":27435,"url":"https:\/\/sakaba.mghosteur.com\/en\/product\/the-inkey-list-collagen-booster\/","url_meta":{"origin":29139,"position":3},"title":"THE INKEY LIST COLLAGEN BOOSTER","author":"admin","date":"November 29, 2022","format":false,"excerpt":"Le Collagen Booster de The Inkey List est un must-have pour toute personne soucieuse de la sant\u00e9 de sa peau. Ce s\u00e9rum est con\u00e7u pour aider \u00e0 am\u00e9liorer la texture de la peau en stimulant la production naturelle de collag\u00e8ne, pour une apparence plus jeune et plus radieuse. Le peptide\u2026","rel":"","context":"Similar post","block_context":{"text":"Similar post","link":""},"img":{"alt_text":"","src":"","width":0,"height":0},"classes":[]},{"id":27402,"url":"https:\/\/sakaba.mghosteur.com\/en\/product\/the-inkey-list-alpha-arbutin-2\/","url_meta":{"origin":29139,"position":4},"title":"THE INKEY LIST ALPHA ARBUTIN","author":"admin","date":"November 29, 2022","format":false,"excerpt":"Le s\u00e9rum Alpha Arbutine de la marque The Inkey List est un v\u00e9ritable concentr\u00e9 d'efficacit\u00e9 pour retrouver une peau \u00e9clatante et un teint uniforme. Avec sa formule concentr\u00e9e \u00e0 2% d'alpha arbutine, ce s\u00e9rum est sp\u00e9cialement con\u00e7u pour r\u00e9duire l'apparence de l'hyperpigmentation et des taches brunes sur la peau. Gr\u00e2ce\u2026","rel":"","context":"Similar post","block_context":{"text":"Similar post","link":""},"img":{"alt_text":"","src":"","width":0,"height":0},"classes":[]},{"id":27438,"url":"https:\/\/sakaba.mghosteur.com\/en\/product\/the-inkey-list-kaolin-face-mask\/","url_meta":{"origin":29139,"position":5},"title":"THE INKEY LIST KAOLIN FACE","author":"admin","date":"November 29, 2022","format":false,"excerpt":"Le masque \u00e0 l'argile de kaolin de la marque The Inkey List est un produit de soin de la peau de haute qualit\u00e9 qui offre une solution naturelle pour nettoyer et purifier votre peau en profondeur. En utilisant l'argile de kaolin, ce masque \u00e9limine les impuret\u00e9s et l'exc\u00e8s de s\u00e9bum\u2026","rel":"","context":"Similar post","block_context":{"text":"Similar post","link":""},"img":{"alt_text":"","src":"","width":0,"height":0},"classes":[]}],"_links":{"self":[{"href":"https:\/\/sakaba.mghosteur.com\/en\/wp-json\/wp\/v2\/product\/29139","targetHints":{"allow":["GET"]}}],"collection":[{"href":"https:\/\/sakaba.mghosteur.com\/en\/wp-json\/wp\/v2\/product"}],"about":[{"href":"https:\/\/sakaba.mghosteur.com\/en\/wp-json\/wp\/v2\/types\/product"}],"replies":[{"embeddable":true,"href":"https:\/\/sakaba.mghosteur.com\/en\/wp-json\/wp\/v2\/comments?post=29139"}],"version-history":[{"count":0,"href":"https:\/\/sakaba.mghosteur.com\/en\/wp-json\/wp\/v2\/product\/29139\/revisions"}],"wp:attachment":[{"href":"https:\/\/sakaba.mghosteur.com\/en\/wp-json\/wp\/v2\/media?parent=29139"}],"wp:term":[{"taxonomy":"product_brand","embeddable":true,"href":"https:\/\/sakaba.mghosteur.com\/en\/wp-json\/wp\/v2\/product_brand?post=29139"},{"taxonomy":"product_cat","embeddable":true,"href":"https:\/\/sakaba.mghosteur.com\/en\/wp-json\/wp\/v2\/product_cat?post=29139"},{"taxonomy":"product_tag","embeddable":true,"href":"https:\/\/sakaba.mghosteur.com\/en\/wp-json\/wp\/v2\/product_tag?post=29139"}],"curies":[{"name":"wp","href":"https:\/\/api.w.org\/{rel}","templated":true}]}}