{"id":29144,"date":"2023-03-15T12:37:25","date_gmt":"2023-03-15T12:37:25","guid":{"rendered":"http:\/\/www.sakababeauty.com\/?post_type=product&#038;p=29144"},"modified":"2024-08-15T02:04:07","modified_gmt":"2024-08-15T02:04:07","slug":"the-inkey-list-1-retinol-serum","status":"publish","type":"product","link":"https:\/\/sakaba.mghosteur.com\/en\/product\/the-inkey-list-1-retinol-serum\/","title":{"rendered":"THE INKEY LIST 1% RETINOL SERUM"},"content":{"rendered":"<p>Le s\u00e9rum R\u00e9tinol de la marque The Inkey List est un choix parfait pour tous ceux qui cherchent \u00e0 lutter contre les signes du vieillissement tout en obtenant une peau plus lumineuse et plus uniforme. Enrichi en r\u00e9tinol \u00e0 lib\u00e9ration lente, un d\u00e9riv\u00e9 de la vitamine A, ce s\u00e9rum est con\u00e7u pour cibler l&#8217;apparence des rides et ridules tout en minimisant le risque d&#8217;irritation.<\/p>\n<p>Convient \u00e0 tous les types de peau, ce s\u00e9rum am\u00e9liore la clart\u00e9 globale de la peau et aide \u00e0 corriger le teint irr\u00e9gulier. Il est \u00e9galement formul\u00e9 pour une lib\u00e9ration prolong\u00e9e, ce qui signifie que les avantages sont progressifs et durables. Utilisez-le comme une introduction parfaite \u00e0 l&#8217;utilisation du s\u00e9rum au r\u00e9tinol \u00e0 lib\u00e9ration lente si vous commencez tout juste \u00e0 exp\u00e9rimenter les signes du vieillissement.<\/p>\n<p>En outre, The Inkey List s&#8217;engage \u00e0 am\u00e9liorer la durabilit\u00e9 de ses formulations et a remplac\u00e9 la source non durable de palme dans sa formule pr\u00e9c\u00e9dente de s\u00e9rum de r\u00e9tinol. Tout avis publi\u00e9 avant juillet 2022 peut donc faire r\u00e9f\u00e9rence \u00e0 la formulation pr\u00e9c\u00e9dente. Avec le s\u00e9rum R\u00e9tinol de The Inkey List, vous pouvez obtenir une peau plus jeune et plus lumineuse tout en soutenant des pratiques durables.<\/p>","protected":false},"excerpt":{"rendered":"<p>Le s\u00e9rum R\u00e9tinol de la marque The Inkey List est un choix parfait pour tous ceux qui cherchent \u00e0 lutter contre les signes du vieillissement tout en obtenant une peau plus lumineuse et plus uniforme. Enrichi en r\u00e9tinol \u00e0 lib\u00e9ration lente, un d\u00e9riv\u00e9 de la vitamine A, ce s\u00e9rum est con\u00e7u pour cibler l&#8217;apparence des<span class=\"read-more-faq\"><a href=\"https:\/\/sakaba.mghosteur.com\/en\/product\/the-inkey-list-1-retinol-serum\/\">Read More<\/a><\/span><\/p>","protected":false},"featured_media":0,"comment_status":"closed","ping_status":"closed","template":"","meta":[],"product_brand":[],"product_cat":[1095,451,334],"product_tag":[],"class_list":{"0":"post-29144","1":"product","2":"type-product","3":"status-publish","5":"product_cat-anti-age","6":"product_cat-aab-soin-du-visage","7":"product_cat-traitement-serum","9":"first","10":"instock","11":"shipping-taxable","12":"product-type-simple"},"jetpack-related-posts":[{"id":31645,"url":"https:\/\/sakaba.mghosteur.com\/en\/product\/the-inkey-retinol-eye-cream-2\/","url_meta":{"origin":29144,"position":0},"title":"THE INKEY RETINOL EYE CREAM","author":"admin","date":"May 10, 2024","format":false,"excerpt":"Une cr\u00e8me contour des yeux de nuit con\u00e7ue pour cibler les ridules, formul\u00e9e sp\u00e9cifiquement pour r\u00e9duire l'apparence des rides tout en offrant un soutien suppl\u00e9mentaire \u00e0 la peau la plus fragile. Cette cr\u00e8me pour les yeux au r\u00e9tinol a \u00e9t\u00e9 \u00e9labor\u00e9e avec des d\u00e9riv\u00e9s de vitamine A \u00e0 lib\u00e9ration lente,\u2026","rel":"","context":"Similar post","block_context":{"text":"Similar post","link":""},"img":{"alt_text":"","src":"","width":0,"height":0},"classes":[]},{"id":27433,"url":"https:\/\/sakaba.mghosteur.com\/en\/product\/the-inkey-retinol-eye-cream\/","url_meta":{"origin":29144,"position":1},"title":"THE INKEY RETINOL  EYE CREAM","author":"admin","date":"November 29, 2022","format":false,"excerpt":"La cr\u00e8me pour les yeux au r\u00e9tinol Inkey List est une cr\u00e8me pour les yeux v\u00e9g\u00e9talienne qui utilise un r\u00e9tino\u00efde \u00e0 lib\u00e9ration lente pour lutter contre les rides sans provoquer d'irritation. Elle contient 3 % de compos\u00e9 de r\u00e9tinol stabilis\u00e9 VitaleaseTM, une formule \u00e0 lib\u00e9ration lente qui aide \u00e0 \u00e9viter\u2026","rel":"","context":"Similar post","block_context":{"text":"Similar post","link":""},"img":{"alt_text":"","src":"","width":0,"height":0},"classes":[]},{"id":31639,"url":"https:\/\/sakaba.mghosteur.com\/en\/product\/the-inkey-list-vitamin-c-face-serum\/","url_meta":{"origin":29144,"position":2},"title":"THE INKEY LIST VITAMIN C FACE SERUM","author":"admin","date":"May 10, 2024","format":false,"excerpt":"S\u00e9rum \u00e0 la vitamine C La vitamine C, puissant antioxydant multifonctionnel et ingr\u00e9dient \u00e9claircissant pour la peau, est \u00e0 l'honneur dans ce s\u00e9rum. Aidant \u00e0 combattre l\u2019apparence de l\u2019hyperpigmentation, du teint terne et des ridules, ce s\u00e9rum est un alli\u00e9 pr\u00e9cieux dans votre routine de soins. Formul\u00e9 avec 30 %\u2026","rel":"","context":"Similar post","block_context":{"text":"Similar post","link":""},"img":{"alt_text":"","src":"","width":0,"height":0},"classes":[]},{"id":23957,"url":"https:\/\/sakaba.mghosteur.com\/en\/product\/cerave-skin-renewing-retinol-serum\/","url_meta":{"origin":29144,"position":3},"title":"CERAVE SKIN RENEWING RETINOL SERUM","author":"admin","date":"November 9, 2022","format":false,"excerpt":"Le s\u00e9rum r\u00e9g\u00e9n\u00e9rant au r\u00e9tinol pour la peau douce de CeraVe est un excellent choix pour votre routine de soins anti-\u00e2ge. Ce s\u00e9rum est sp\u00e9cialement formul\u00e9 pour am\u00e9liorer l'apparence des ridules et des rides, de la texture et de l'\u00e9clat de votre peau. En utilisant ce s\u00e9rum, vous pourrez b\u00e9n\u00e9ficier\u2026","rel":"","context":"Similar post","block_context":{"text":"Similar post","link":""},"img":{"alt_text":"","src":"","width":0,"height":0},"classes":[]},{"id":27426,"url":"https:\/\/sakaba.mghosteur.com\/en\/product\/the-inkey-list-q10\/","url_meta":{"origin":29144,"position":4},"title":"THE INKEY LIST Q10","author":"admin","date":"November 29, 2022","format":false,"excerpt":"Le s\u00e9rum Q10 de la marque The Inkey List est un produit de soin essentiel pour prot\u00e9ger votre peau et combattre les signes du vieillissement. Gr\u00e2ce \u00e0 sa formule riche en antioxydants, ce s\u00e9rum aide \u00e0 prot\u00e9ger votre peau contre les agressions ext\u00e9rieures telles que la pollution et les rayons\u2026","rel":"","context":"Similar post","block_context":{"text":"Similar post","link":""},"img":{"alt_text":"","src":"","width":0,"height":0},"classes":[]},{"id":27402,"url":"https:\/\/sakaba.mghosteur.com\/en\/product\/the-inkey-list-alpha-arbutin-2\/","url_meta":{"origin":29144,"position":5},"title":"THE INKEY LIST ALPHA ARBUTIN","author":"admin","date":"November 29, 2022","format":false,"excerpt":"Le s\u00e9rum Alpha Arbutine de la marque The Inkey List est un v\u00e9ritable concentr\u00e9 d'efficacit\u00e9 pour retrouver une peau \u00e9clatante et un teint uniforme. Avec sa formule concentr\u00e9e \u00e0 2% d'alpha arbutine, ce s\u00e9rum est sp\u00e9cialement con\u00e7u pour r\u00e9duire l'apparence de l'hyperpigmentation et des taches brunes sur la peau. Gr\u00e2ce\u2026","rel":"","context":"Similar post","block_context":{"text":"Similar post","link":""},"img":{"alt_text":"","src":"","width":0,"height":0},"classes":[]}],"_links":{"self":[{"href":"https:\/\/sakaba.mghosteur.com\/en\/wp-json\/wp\/v2\/product\/29144","targetHints":{"allow":["GET"]}}],"collection":[{"href":"https:\/\/sakaba.mghosteur.com\/en\/wp-json\/wp\/v2\/product"}],"about":[{"href":"https:\/\/sakaba.mghosteur.com\/en\/wp-json\/wp\/v2\/types\/product"}],"replies":[{"embeddable":true,"href":"https:\/\/sakaba.mghosteur.com\/en\/wp-json\/wp\/v2\/comments?post=29144"}],"version-history":[{"count":0,"href":"https:\/\/sakaba.mghosteur.com\/en\/wp-json\/wp\/v2\/product\/29144\/revisions"}],"wp:attachment":[{"href":"https:\/\/sakaba.mghosteur.com\/en\/wp-json\/wp\/v2\/media?parent=29144"}],"wp:term":[{"taxonomy":"product_brand","embeddable":true,"href":"https:\/\/sakaba.mghosteur.com\/en\/wp-json\/wp\/v2\/product_brand?post=29144"},{"taxonomy":"product_cat","embeddable":true,"href":"https:\/\/sakaba.mghosteur.com\/en\/wp-json\/wp\/v2\/product_cat?post=29144"},{"taxonomy":"product_tag","embeddable":true,"href":"https:\/\/sakaba.mghosteur.com\/en\/wp-json\/wp\/v2\/product_tag?post=29144"}],"curies":[{"name":"wp","href":"https:\/\/api.w.org\/{rel}","templated":true}]}}