{"id":29149,"date":"2023-03-15T13:07:09","date_gmt":"2023-03-15T13:07:09","guid":{"rendered":"http:\/\/www.sakababeauty.com\/?post_type=product&#038;p=29149"},"modified":"2024-08-15T02:04:43","modified_gmt":"2024-08-15T02:04:43","slug":"the-inkey-list-5-benzoyl-peroxide-cleanser","status":"publish","type":"product","link":"https:\/\/sakaba.mghosteur.com\/en\/product\/the-inkey-list-5-benzoyl-peroxide-cleanser\/","title":{"rendered":"THE INKEY LIST 5% BENZOYL PEROXIDE CLEANSER"},"content":{"rendered":"<p>Dites adieu \u00e0 l&#8217;acn\u00e9 r\u00e9guli\u00e8re ou persistante gr\u00e2ce \u00e0 la solution contre l&#8217;acn\u00e9 de The Inkey List. Cette formule unique, cr\u00e9\u00e9e en partenariat avec des dermatologues, contient 5% de peroxyde de benzoyle pour aider \u00e0 \u00e9liminer les boutons irrit\u00e9s et les points blancs disgracieux.<\/p>\n<p>La solution contre l&#8217;acn\u00e9 de The Inkey List ne se contente pas de traiter les sympt\u00f4mes de l&#8217;acn\u00e9, elle aide \u00e9galement \u00e0 pr\u00e9venir les futures \u00e9ruptions cutan\u00e9es. Gr\u00e2ce \u00e0 la pr\u00e9sence de glyc\u00e9rine et d&#8217;acide hyaluronique dans sa formule, elle combat les effets dess\u00e9chants du peroxyde de benzoyle en attirant l&#8217;eau dans la peau et en emprisonnant l&#8217;hydratation.<\/p>\n<p>Cette solution l\u00e9g\u00e8re et facilement absorb\u00e9e p\u00e9n\u00e8tre rapidement dans la peau, laissant une sensation de fra\u00eecheur et de propret\u00e9. Elle convient \u00e0 tous les types de peau et peut \u00eatre utilis\u00e9e comme traitement cibl\u00e9 ou comme soin pr\u00e9ventif quotidien.<\/p>\n<p>Offrez \u00e0 votre peau une solution efficace contre l&#8217;acn\u00e9 avec la solution contre l&#8217;acn\u00e9 de The Inkey List.<\/p>","protected":false},"excerpt":{"rendered":"<p>Dites adieu \u00e0 l&#8217;acn\u00e9 r\u00e9guli\u00e8re ou persistante gr\u00e2ce \u00e0 la solution contre l&#8217;acn\u00e9 de The Inkey List. Cette formule unique, cr\u00e9\u00e9e en partenariat avec des dermatologues, contient 5% de peroxyde de benzoyle pour aider \u00e0 \u00e9liminer les boutons irrit\u00e9s et les points blancs disgracieux. La solution contre l&#8217;acn\u00e9 de The Inkey List ne se contente<span class=\"read-more-faq\"><a href=\"https:\/\/sakaba.mghosteur.com\/en\/product\/the-inkey-list-5-benzoyl-peroxide-cleanser\/\">Read More<\/a><\/span><\/p>","protected":false},"featured_media":0,"comment_status":"closed","ping_status":"closed","template":"","meta":[],"product_brand":[],"product_cat":[294,324,451],"product_tag":[],"class_list":{"0":"post-29149","1":"product","2":"type-product","3":"status-publish","5":"product_cat-acne","6":"product_cat-demaquillant-nettoyant","7":"product_cat-aab-soin-du-visage","9":"first","10":"instock","11":"shipping-taxable","12":"product-type-simple"},"jetpack-related-posts":[],"_links":{"self":[{"href":"https:\/\/sakaba.mghosteur.com\/en\/wp-json\/wp\/v2\/product\/29149","targetHints":{"allow":["GET"]}}],"collection":[{"href":"https:\/\/sakaba.mghosteur.com\/en\/wp-json\/wp\/v2\/product"}],"about":[{"href":"https:\/\/sakaba.mghosteur.com\/en\/wp-json\/wp\/v2\/types\/product"}],"replies":[{"embeddable":true,"href":"https:\/\/sakaba.mghosteur.com\/en\/wp-json\/wp\/v2\/comments?post=29149"}],"version-history":[{"count":0,"href":"https:\/\/sakaba.mghosteur.com\/en\/wp-json\/wp\/v2\/product\/29149\/revisions"}],"wp:attachment":[{"href":"https:\/\/sakaba.mghosteur.com\/en\/wp-json\/wp\/v2\/media?parent=29149"}],"wp:term":[{"taxonomy":"product_brand","embeddable":true,"href":"https:\/\/sakaba.mghosteur.com\/en\/wp-json\/wp\/v2\/product_brand?post=29149"},{"taxonomy":"product_cat","embeddable":true,"href":"https:\/\/sakaba.mghosteur.com\/en\/wp-json\/wp\/v2\/product_cat?post=29149"},{"taxonomy":"product_tag","embeddable":true,"href":"https:\/\/sakaba.mghosteur.com\/en\/wp-json\/wp\/v2\/product_tag?post=29149"}],"curies":[{"name":"wp","href":"https:\/\/api.w.org\/{rel}","templated":true}]}}